{"id":3376,"date":"2021-04-23T14:12:58","date_gmt":"2021-04-23T12:12:58","guid":{"rendered":"https:\/\/simracing.si\/?post_type=product&#038;p=3376"},"modified":"2021-04-23T14:12:59","modified_gmt":"2021-04-23T12:12:59","slug":"sparco-r600-sedez-blago-rdec-siv","status":"publish","type":"product","link":"https:\/\/simracing.si\/sl_si\/izdelek\/sparco-r600-sedez-blago-rdec-siv\/","title":{"rendered":"SPARCO R600 sede\u017e blago- rde\u010d \u0161iv"},"content":{"rendered":"","protected":false},"excerpt":{"rendered":"","protected":false},"featured_media":3377,"comment_status":"open","ping_status":"closed","template":"","meta":[],"yoast_head":"<!-- This site is optimized with the Yoast SEO plugin v16.3 - https:\/\/yoast.com\/wordpress\/plugins\/seo\/ -->\n<title>SPARCO R600 sede\u017e blago- rde\u010d \u0161iv -<\/title>\n<meta name=\"robots\" content=\"index, follow, max-snippet:-1, max-image-preview:large, max-video-preview:-1\" \/>\n<link rel=\"canonical\" href=\"https:\/\/simracing.si\/sl_si\/izdelek\/sparco-r600-sedez-blago-rdec-siv\/\" \/>\n<meta property=\"og:locale\" content=\"sl_SI\" \/>\n<meta property=\"og:type\" content=\"article\" \/>\n<meta property=\"og:title\" content=\"SPARCO R600 sede\u017e blago- rde\u010d \u0161iv -\" \/>\n<meta property=\"og:url\" content=\"https:\/\/simracing.si\/sl_si\/izdelek\/sparco-r600-sedez-blago-rdec-siv\/\" \/>\n<meta property=\"article:modified_time\" content=\"2021-04-23T12:12:59+00:00\" \/>\n<meta property=\"og:image\" content=\"https:\/\/simracing.si\/wp-content\/uploads\/2021\/04\/f8b10e03-c3d7-4ab8-875c-db81fcdb4a4e_1.7a93da5113e27d8b01d141ffed006698.jpeg\" \/>\n\t<meta property=\"og:image:width\" content=\"250\" \/>\n\t<meta property=\"og:image:height\" content=\"321\" \/>\n<meta name=\"twitter:card\" content=\"summary_large_image\" \/>\n<script type=\"application\/ld+json\" class=\"yoast-schema-graph\">{\"@context\":\"https:\/\/schema.org\",\"@graph\":[{\"@type\":\"WebSite\",\"@id\":\"https:\/\/simracing.si\/#website\",\"url\":\"https:\/\/simracing.si\/\",\"name\":\"\",\"description\":\"\",\"potentialAction\":[{\"@type\":\"SearchAction\",\"target\":\"https:\/\/simracing.si\/?s={search_term_string}\",\"query-input\":\"required name=search_term_string\"}],\"inLanguage\":\"sl-SI\"},{\"@type\":\"ImageObject\",\"@id\":\"https:\/\/simracing.si\/sl_si\/izdelek\/sparco-r600-sedez-blago-rdec-siv\/#primaryimage\",\"inLanguage\":\"sl-SI\",\"url\":\"https:\/\/simracing.si\/wp-content\/uploads\/2021\/04\/f8b10e03-c3d7-4ab8-875c-db81fcdb4a4e_1.7a93da5113e27d8b01d141ffed006698.jpeg\",\"contentUrl\":\"https:\/\/simracing.si\/wp-content\/uploads\/2021\/04\/f8b10e03-c3d7-4ab8-875c-db81fcdb4a4e_1.7a93da5113e27d8b01d141ffed006698.jpeg\",\"width\":250,\"height\":321},{\"@type\":\"WebPage\",\"@id\":\"https:\/\/simracing.si\/sl_si\/izdelek\/sparco-r600-sedez-blago-rdec-siv\/#webpage\",\"url\":\"https:\/\/simracing.si\/sl_si\/izdelek\/sparco-r600-sedez-blago-rdec-siv\/\",\"name\":\"SPARCO R600 sede\\u017e blago- rde\\u010d \\u0161iv -\",\"isPartOf\":{\"@id\":\"https:\/\/simracing.si\/#website\"},\"primaryImageOfPage\":{\"@id\":\"https:\/\/simracing.si\/sl_si\/izdelek\/sparco-r600-sedez-blago-rdec-siv\/#primaryimage\"},\"datePublished\":\"2021-04-23T12:12:58+00:00\",\"dateModified\":\"2021-04-23T12:12:59+00:00\",\"breadcrumb\":{\"@id\":\"https:\/\/simracing.si\/sl_si\/izdelek\/sparco-r600-sedez-blago-rdec-siv\/#breadcrumb\"},\"inLanguage\":\"sl-SI\",\"potentialAction\":[{\"@type\":\"ReadAction\",\"target\":[\"https:\/\/simracing.si\/sl_si\/izdelek\/sparco-r600-sedez-blago-rdec-siv\/\"]}]},{\"@type\":\"BreadcrumbList\",\"@id\":\"https:\/\/simracing.si\/sl_si\/izdelek\/sparco-r600-sedez-blago-rdec-siv\/#breadcrumb\",\"itemListElement\":[{\"@type\":\"ListItem\",\"position\":1,\"item\":{\"@type\":\"WebPage\",\"@id\":\"https:\/\/simracing.si\/\",\"url\":\"https:\/\/simracing.si\/\",\"name\":\"Home\"}},{\"@type\":\"ListItem\",\"position\":2,\"item\":{\"@type\":\"WebPage\",\"@id\":\"https:\/\/simracing.si\/home\/product-category\/\",\"url\":\"https:\/\/simracing.si\/home\/product-category\/\",\"name\":\"Izdelki\"}},{\"@type\":\"ListItem\",\"position\":3,\"item\":{\"@id\":\"https:\/\/simracing.si\/sl_si\/izdelek\/sparco-r600-sedez-blago-rdec-siv\/#webpage\"}}]}]}<\/script>\n<!-- \/ Yoast SEO plugin. -->","_links":{"self":[{"href":"https:\/\/simracing.si\/sl_si\/wp-json\/wp\/v2\/product\/3376"}],"collection":[{"href":"https:\/\/simracing.si\/sl_si\/wp-json\/wp\/v2\/product"}],"about":[{"href":"https:\/\/simracing.si\/sl_si\/wp-json\/wp\/v2\/types\/product"}],"replies":[{"embeddable":true,"href":"https:\/\/simracing.si\/sl_si\/wp-json\/wp\/v2\/comments?post=3376"}],"version-history":[{"count":1,"href":"https:\/\/simracing.si\/sl_si\/wp-json\/wp\/v2\/product\/3376\/revisions"}],"predecessor-version":[{"id":3378,"href":"https:\/\/simracing.si\/sl_si\/wp-json\/wp\/v2\/product\/3376\/revisions\/3378"}],"wp:featuredmedia":[{"embeddable":true,"href":"https:\/\/simracing.si\/sl_si\/wp-json\/wp\/v2\/media\/3377"}],"wp:attachment":[{"href":"https:\/\/simracing.si\/sl_si\/wp-json\/wp\/v2\/media?parent=3376"}],"curies":[{"name":"wp","href":"https:\/\/api.w.org\/{rel}","templated":true}]}}