{"id":3331,"date":"2021-04-23T13:38:19","date_gmt":"2021-04-23T11:38:19","guid":{"rendered":"https:\/\/simracing.si\/?post_type=product&#038;p=3331"},"modified":"2021-04-23T13:41:16","modified_gmt":"2021-04-23T11:41:16","slug":"sparco-circuit-qrt-gaming-sedez","status":"publish","type":"product","link":"https:\/\/simracing.si\/sl_si\/izdelek\/sparco-circuit-qrt-gaming-sedez\/","title":{"rendered":"SPARCO CIRCUIT QRT GAMING sede\u017e"},"content":{"rendered":"<p>CIRCUIT QRT GAMING, izpeljan iz rally\/tekmovalnih sede\u017eev in je izklju\u010dno zasnovan za SIM RACING uporabo. Izdelan je iz lahkih steklenih vlaken in tehnologije QRT. Na voljo v dveh velikostih (CIRCUIT I in CIRCUIT II), ima sede\u017e integrirano zasnovo sistema DTC in nedrse\u010do tkanino za zadr\u017eevanje ramen; sede\u017e in blazina sta razdeljena na 2 dela.<\/p>\n<p><strong>OPOZORILO: sede\u017e ni odobren s strani FIA in ga ni mogo\u010de namestiti na avtomobile. Namestite\/upraobaite ga lahko izklju\u010dno za GAMING SIMULATORJE !<\/strong><\/p>\n","protected":false},"excerpt":{"rendered":"<p>CIRCUIT QRT GAMING, izpeljan iz rally\/tekmovalnih sede\u017eev in je izklju\u010dno zasnovan za SIM RACING uporabo. Izdelan je iz lahkih steklenih vlaken in tehnologije QRT. Na voljo v dveh velikostih (CIRCUIT I in CIRCUIT II), ima sede\u017e integrirano zasnovo sistema DTC in nedrse\u010do tkanino za zadr\u017eevanje ramen; sede\u017e in blazina sta razdeljena na 2 dela. OPOZORILO: [&hellip;]<\/p>\n","protected":false},"featured_media":3332,"comment_status":"open","ping_status":"closed","template":"","meta":[],"yoast_head":"<!-- This site is optimized with the Yoast SEO plugin v16.3 - https:\/\/yoast.com\/wordpress\/plugins\/seo\/ -->\n<title>SPARCO CIRCUIT QRT GAMING sede\u017e -<\/title>\n<meta name=\"robots\" content=\"index, follow, max-snippet:-1, max-image-preview:large, max-video-preview:-1\" \/>\n<link rel=\"canonical\" href=\"https:\/\/simracing.si\/sl_si\/product\/sparco-circuit-qrt-gaming-sedez\/\" \/>\n<meta property=\"og:locale\" content=\"sl_SI\" \/>\n<meta property=\"og:type\" content=\"article\" \/>\n<meta property=\"og:title\" content=\"SPARCO CIRCUIT QRT GAMING sede\u017e -\" \/>\n<meta property=\"og:description\" content=\"CIRCUIT QRT GAMING, izpeljan iz rally\/tekmovalnih sede\u017eev in je izklju\u010dno zasnovan za SIM RACING uporabo. Izdelan je iz lahkih steklenih vlaken in tehnologije QRT. Na voljo v dveh velikostih (CIRCUIT I in CIRCUIT II), ima sede\u017e integrirano zasnovo sistema DTC in nedrse\u010do tkanino za zadr\u017eevanje ramen; sede\u017e in blazina sta razdeljena na 2 dela. OPOZORILO: [&hellip;]\" \/>\n<meta property=\"og:url\" content=\"https:\/\/simracing.si\/sl_si\/product\/sparco-circuit-qrt-gaming-sedez\/\" \/>\n<meta property=\"article:modified_time\" content=\"2021-04-23T11:41:16+00:00\" \/>\n<meta property=\"og:image\" content=\"https:\/\/simracing.si\/wp-content\/uploads\/2021\/04\/sparco-circuit-qrt-gaming-sedez.png\" \/>\n\t<meta property=\"og:image:width\" content=\"250\" \/>\n\t<meta property=\"og:image:height\" content=\"250\" \/>\n<meta name=\"twitter:card\" content=\"summary_large_image\" \/>\n<script type=\"application\/ld+json\" class=\"yoast-schema-graph\">{\"@context\":\"https:\/\/schema.org\",\"@graph\":[{\"@type\":\"WebSite\",\"@id\":\"https:\/\/simracing.si\/#website\",\"url\":\"https:\/\/simracing.si\/\",\"name\":\"\",\"description\":\"\",\"potentialAction\":[{\"@type\":\"SearchAction\",\"target\":\"https:\/\/simracing.si\/?s={search_term_string}\",\"query-input\":\"required name=search_term_string\"}],\"inLanguage\":\"sl-SI\"},{\"@type\":\"ImageObject\",\"@id\":\"https:\/\/simracing.si\/en_us\/product\/sparco-circuit-qrt-gaming-sedez\/#primaryimage\",\"inLanguage\":\"sl-SI\",\"url\":\"https:\/\/simracing.si\/wp-content\/uploads\/2021\/04\/sparco-circuit-qrt-gaming-sedez.png\",\"contentUrl\":\"https:\/\/simracing.si\/wp-content\/uploads\/2021\/04\/sparco-circuit-qrt-gaming-sedez.png\",\"width\":250,\"height\":250},{\"@type\":\"WebPage\",\"@id\":\"https:\/\/simracing.si\/en_us\/product\/sparco-circuit-qrt-gaming-sedez\/#webpage\",\"url\":\"https:\/\/simracing.si\/en_us\/product\/sparco-circuit-qrt-gaming-sedez\/\",\"name\":\"SPARCO CIRCUIT QRT GAMING sede\\u017e -\",\"isPartOf\":{\"@id\":\"https:\/\/simracing.si\/#website\"},\"primaryImageOfPage\":{\"@id\":\"https:\/\/simracing.si\/en_us\/product\/sparco-circuit-qrt-gaming-sedez\/#primaryimage\"},\"datePublished\":\"2021-04-23T11:38:19+00:00\",\"dateModified\":\"2021-04-23T11:41:16+00:00\",\"breadcrumb\":{\"@id\":\"https:\/\/simracing.si\/en_us\/product\/sparco-circuit-qrt-gaming-sedez\/#breadcrumb\"},\"inLanguage\":\"sl-SI\",\"potentialAction\":[{\"@type\":\"ReadAction\",\"target\":[\"https:\/\/simracing.si\/en_us\/product\/sparco-circuit-qrt-gaming-sedez\/\"]}]},{\"@type\":\"BreadcrumbList\",\"@id\":\"https:\/\/simracing.si\/en_us\/product\/sparco-circuit-qrt-gaming-sedez\/#breadcrumb\",\"itemListElement\":[{\"@type\":\"ListItem\",\"position\":1,\"item\":{\"@type\":\"WebPage\",\"@id\":\"https:\/\/simracing.si\/\",\"url\":\"https:\/\/simracing.si\/\",\"name\":\"Home\"}},{\"@type\":\"ListItem\",\"position\":2,\"item\":{\"@type\":\"WebPage\",\"@id\":\"https:\/\/simracing.si\/home\/product-category\/\",\"url\":\"https:\/\/simracing.si\/home\/product-category\/\",\"name\":\"Izdelki\"}},{\"@type\":\"ListItem\",\"position\":3,\"item\":{\"@id\":\"https:\/\/simracing.si\/en_us\/product\/sparco-circuit-qrt-gaming-sedez\/#webpage\"}}]}]}<\/script>\n<!-- \/ Yoast SEO plugin. -->","_links":{"self":[{"href":"https:\/\/simracing.si\/sl_si\/wp-json\/wp\/v2\/product\/3331"}],"collection":[{"href":"https:\/\/simracing.si\/sl_si\/wp-json\/wp\/v2\/product"}],"about":[{"href":"https:\/\/simracing.si\/sl_si\/wp-json\/wp\/v2\/types\/product"}],"replies":[{"embeddable":true,"href":"https:\/\/simracing.si\/sl_si\/wp-json\/wp\/v2\/comments?post=3331"}],"version-history":[{"count":1,"href":"https:\/\/simracing.si\/sl_si\/wp-json\/wp\/v2\/product\/3331\/revisions"}],"predecessor-version":[{"id":3333,"href":"https:\/\/simracing.si\/sl_si\/wp-json\/wp\/v2\/product\/3331\/revisions\/3333"}],"wp:featuredmedia":[{"embeddable":true,"href":"https:\/\/simracing.si\/sl_si\/wp-json\/wp\/v2\/media\/3332"}],"wp:attachment":[{"href":"https:\/\/simracing.si\/sl_si\/wp-json\/wp\/v2\/media?parent=3331"}],"curies":[{"name":"wp","href":"https:\/\/api.w.org\/{rel}","templated":true}]}}