{"id":2655,"date":"2021-03-09T12:10:19","date_gmt":"2021-03-09T10:10:19","guid":{"rendered":"https:\/\/simracing.si\/?post_type=product&#038;p=2655"},"modified":"2021-06-07T14:47:41","modified_gmt":"2021-06-07T12:47:41","slug":"screws-washers-m6x16-lcd-plasma-tv-screen-vesa-mounting","status":"publish","type":"product","link":"https:\/\/simracing.si\/sl_si\/izdelek\/screws-washers-m6x16-lcd-plasma-tv-screen-vesa-mounting\/","title":{"rendered":"Vijaki &amp; podlo\u017eke M6x16 LCD &amp; Plasma TV Screen VESA"},"content":{"rendered":"<p>Pakiranje s 4 navojnimi vijaki iz nerjave\u010dega jekla z glavo M6 x 16 mm s podlo\u017ekami za 1 zaslon.<\/p>\n<p>Vijaki imajo premer 6 mm in dol\u017eina navojnega dela je 16 mm.<\/p>\n<p>Ti vijaki so primerni za pritrditev srednje velikih (32\u201d do 50\u201d) ravnih ra\u010dunalni\u0161kih monitorjev, LCD zaslonov z luknjo premera 4 mm na vgradne nosilce, zdru\u017eljive z VESA.<\/p>\n<p>Izmerite \u010dez pritrdilno luknjo na zadnji strani zaslona in ne luknjo v nosilcu, da zagotovite, da so to ustrezni vijaki, ki jih potrebujete. Preverite tudi, ali je dol\u017eina navoja zadostna, \u010de upo\u0161tevate debelino stenskega nosilca in globino monta\u017ene luknje na zaslonu.<\/p>\n<p>Upo\u0161tevajte, da ti vijaki morda ne ustrezajo vsem vrstam zaslonov. Nadaljnje informacije lahko najdete v spletu ali v priro\u010dniku, ki ste ga dobili z zaslonom. \u010ce ste v dvomih glede ustreznosti teh vijakov, vas prosimo, da vpra\u0161ate in po svojih najbolj\u0161ih mo\u010deh vam bomo pomagali.<\/p>\n","protected":false},"excerpt":{"rendered":"<p>Pakiranje s 4 navojnimi vijaki iz nerjave\u010dega jekla z glavo M6 x 16 mm s podlo\u017ekami za 1 zaslon. Vijaki imajo premer 6 mm in dol\u017eina navojnega dela je 16 mm. Ti vijaki so primerni za pritrditev srednje velikih (32\u201d do 50\u201d) ravnih ra\u010dunalni\u0161kih monitorjev, LCD zaslonov z luknjo premera 4 mm na vgradne nosilce, [&hellip;]<\/p>\n","protected":false},"featured_media":2656,"comment_status":"open","ping_status":"closed","template":"","meta":[],"yoast_head":"<!-- This site is optimized with the Yoast SEO plugin v16.3 - https:\/\/yoast.com\/wordpress\/plugins\/seo\/ -->\n<title>Vijaki &amp; podlo\u017eke M6x16 LCD &amp; Plasma TV Screen VESA -<\/title>\n<meta name=\"robots\" content=\"index, follow, max-snippet:-1, max-image-preview:large, max-video-preview:-1\" \/>\n<link rel=\"canonical\" href=\"https:\/\/simracing.si\/sl_si\/izdelek\/screws-washers-m6x16-lcd-plasma-tv-screen-vesa-mounting\/\" \/>\n<meta property=\"og:locale\" content=\"sl_SI\" \/>\n<meta property=\"og:type\" content=\"article\" \/>\n<meta property=\"og:title\" content=\"Vijaki &amp; podlo\u017eke M6x16 LCD &amp; Plasma TV Screen VESA -\" \/>\n<meta property=\"og:description\" content=\"Pakiranje s 4 navojnimi vijaki iz nerjave\u010dega jekla z glavo M6 x 16 mm s podlo\u017ekami za 1 zaslon. Vijaki imajo premer 6 mm in dol\u017eina navojnega dela je 16 mm. Ti vijaki so primerni za pritrditev srednje velikih (32\u201d do 50\u201d) ravnih ra\u010dunalni\u0161kih monitorjev, LCD zaslonov z luknjo premera 4 mm na vgradne nosilce, [&hellip;]\" \/>\n<meta property=\"og:url\" content=\"https:\/\/simracing.si\/sl_si\/izdelek\/screws-washers-m6x16-lcd-plasma-tv-screen-vesa-mounting\/\" \/>\n<meta property=\"article:modified_time\" content=\"2021-06-07T12:47:41+00:00\" \/>\n<meta property=\"og:image\" content=\"https:\/\/simracing.si\/wp-content\/uploads\/2021\/03\/Screws_kit_M6_936x936-936x936-1.jpg\" \/>\n\t<meta property=\"og:image:width\" content=\"936\" \/>\n\t<meta property=\"og:image:height\" content=\"936\" \/>\n<meta name=\"twitter:card\" content=\"summary_large_image\" \/>\n<meta name=\"twitter:label1\" content=\"Est. reading time\">\n\t<meta name=\"twitter:data1\" content=\"1 minuta\">\n<script type=\"application\/ld+json\" class=\"yoast-schema-graph\">{\"@context\":\"https:\/\/schema.org\",\"@graph\":[{\"@type\":\"WebSite\",\"@id\":\"https:\/\/simracing.si\/#website\",\"url\":\"https:\/\/simracing.si\/\",\"name\":\"\",\"description\":\"\",\"potentialAction\":[{\"@type\":\"SearchAction\",\"target\":\"https:\/\/simracing.si\/?s={search_term_string}\",\"query-input\":\"required name=search_term_string\"}],\"inLanguage\":\"sl-SI\"},{\"@type\":\"ImageObject\",\"@id\":\"https:\/\/simracing.si\/izdelek\/screws-washers-m6x16-lcd-plasma-tv-screen-vesa-mounting\/#primaryimage\",\"inLanguage\":\"sl-SI\",\"url\":\"https:\/\/simracing.si\/wp-content\/uploads\/2021\/03\/Screws_kit_M6_936x936-936x936-1.jpg\",\"contentUrl\":\"https:\/\/simracing.si\/wp-content\/uploads\/2021\/03\/Screws_kit_M6_936x936-936x936-1.jpg\",\"width\":936,\"height\":936},{\"@type\":\"WebPage\",\"@id\":\"https:\/\/simracing.si\/izdelek\/screws-washers-m6x16-lcd-plasma-tv-screen-vesa-mounting\/#webpage\",\"url\":\"https:\/\/simracing.si\/izdelek\/screws-washers-m6x16-lcd-plasma-tv-screen-vesa-mounting\/\",\"name\":\"Vijaki &amp; podlo\\u017eke M6x16 LCD &amp; Plasma TV Screen VESA -\",\"isPartOf\":{\"@id\":\"https:\/\/simracing.si\/#website\"},\"primaryImageOfPage\":{\"@id\":\"https:\/\/simracing.si\/izdelek\/screws-washers-m6x16-lcd-plasma-tv-screen-vesa-mounting\/#primaryimage\"},\"datePublished\":\"2021-03-09T10:10:19+00:00\",\"dateModified\":\"2021-06-07T12:47:41+00:00\",\"breadcrumb\":{\"@id\":\"https:\/\/simracing.si\/izdelek\/screws-washers-m6x16-lcd-plasma-tv-screen-vesa-mounting\/#breadcrumb\"},\"inLanguage\":\"sl-SI\",\"potentialAction\":[{\"@type\":\"ReadAction\",\"target\":[\"https:\/\/simracing.si\/izdelek\/screws-washers-m6x16-lcd-plasma-tv-screen-vesa-mounting\/\"]}]},{\"@type\":\"BreadcrumbList\",\"@id\":\"https:\/\/simracing.si\/izdelek\/screws-washers-m6x16-lcd-plasma-tv-screen-vesa-mounting\/#breadcrumb\",\"itemListElement\":[{\"@type\":\"ListItem\",\"position\":1,\"item\":{\"@type\":\"WebPage\",\"@id\":\"https:\/\/simracing.si\/\",\"url\":\"https:\/\/simracing.si\/\",\"name\":\"Home\"}},{\"@type\":\"ListItem\",\"position\":2,\"item\":{\"@type\":\"WebPage\",\"@id\":\"https:\/\/simracing.si\/home\/product-category\/\",\"url\":\"https:\/\/simracing.si\/home\/product-category\/\",\"name\":\"Izdelki\"}},{\"@type\":\"ListItem\",\"position\":3,\"item\":{\"@id\":\"https:\/\/simracing.si\/izdelek\/screws-washers-m6x16-lcd-plasma-tv-screen-vesa-mounting\/#webpage\"}}]}]}<\/script>\n<!-- \/ Yoast SEO plugin. -->","_links":{"self":[{"href":"https:\/\/simracing.si\/sl_si\/wp-json\/wp\/v2\/product\/2655"}],"collection":[{"href":"https:\/\/simracing.si\/sl_si\/wp-json\/wp\/v2\/product"}],"about":[{"href":"https:\/\/simracing.si\/sl_si\/wp-json\/wp\/v2\/types\/product"}],"replies":[{"embeddable":true,"href":"https:\/\/simracing.si\/sl_si\/wp-json\/wp\/v2\/comments?post=2655"}],"version-history":[{"count":2,"href":"https:\/\/simracing.si\/sl_si\/wp-json\/wp\/v2\/product\/2655\/revisions"}],"predecessor-version":[{"id":3913,"href":"https:\/\/simracing.si\/sl_si\/wp-json\/wp\/v2\/product\/2655\/revisions\/3913"}],"wp:featuredmedia":[{"embeddable":true,"href":"https:\/\/simracing.si\/sl_si\/wp-json\/wp\/v2\/media\/2656"}],"wp:attachment":[{"href":"https:\/\/simracing.si\/sl_si\/wp-json\/wp\/v2\/media?parent=2655"}],"curies":[{"name":"wp","href":"https:\/\/api.w.org\/{rel}","templated":true}]}}