{"id":2645,"date":"2021-03-09T12:07:07","date_gmt":"2021-03-09T10:07:07","guid":{"rendered":"https:\/\/simracing.si\/?post_type=product&#038;p=2645"},"modified":"2024-10-28T15:20:21","modified_gmt":"2024-10-28T13:20:21","slug":"vesa-support-for-ultrawide-curved-monitor-for-rs-stand-t3l-v2","status":"publish","type":"product","link":"https:\/\/simracing.si\/sl_si\/izdelek\/vesa-support-for-ultrawide-curved-monitor-for-rs-stand-t3l-v2\/","title":{"rendered":"VESA nosilec za ultra\u0161irok ukrivljen monitor za stojalo for RS STAND T3L V2"},"content":{"rendered":"<ul>\n<li>Na voljo je v \u010drni, beli ali srebrni mat barvi v prahu.<\/li>\n<li>Izdelano iz lasersko rezanega ogljikovega jekla.<\/li>\n<li>Primeren za monitorje od 24\u201d do 29 &#8220;<\/li>\n<li>Nosilec Vesa do 75&#215;75 in 100&#215;100 (prilo\u017eeni vijaki M4)<\/li>\n<li>V celoti nastavljiv, vklju\u010dno s kotom, nagibom, vi\u0161ino monitorja in vsak nosilec VESA lahko lo\u010deno nastavite kot in vi\u0161ino.<\/li>\n<li>Te\u017eka in trdna konstrukcija, ki omogo\u010da namestitev do 3 x 29-pal\u010dnih monitorjev in ohrani popolno stabilnost.<\/li>\n<li>100% izdelano v EU: zasnovano in izdelano v Evropi.<\/li>\n<li>OPOZORILO: ta nosilec je dodatna oprema za stojalo RS T3L V2<\/li>\n<\/ul>\n","protected":false},"excerpt":{"rendered":"<p>Na voljo je v \u010drni, beli ali srebrni mat barvi v prahu. Izdelano iz lasersko rezanega ogljikovega jekla. Primeren za monitorje od 24\u201d do 29 &#8220; Nosilec Vesa do 75&#215;75 in 100&#215;100 (prilo\u017eeni vijaki M4) V celoti nastavljiv, vklju\u010dno s kotom, nagibom, vi\u0161ino monitorja in vsak nosilec VESA lahko lo\u010deno nastavite kot in vi\u0161ino. Te\u017eka [&hellip;]<\/p>\n","protected":false},"featured_media":2646,"comment_status":"open","ping_status":"closed","template":"","meta":[],"yoast_head":"<!-- This site is optimized with the Yoast SEO plugin v16.3 - https:\/\/yoast.com\/wordpress\/plugins\/seo\/ -->\n<title>VESA nosilec za ultra\u0161irok ukrivljen monitor za stojalo for RS STAND T3L V2 -<\/title>\n<meta name=\"robots\" content=\"index, follow, max-snippet:-1, max-image-preview:large, max-video-preview:-1\" \/>\n<link rel=\"canonical\" href=\"https:\/\/simracing.si\/sl_si\/izdelek\/vesa-support-for-ultrawide-curved-monitor-for-rs-stand-t3l-v2\/\" \/>\n<meta property=\"og:locale\" content=\"sl_SI\" \/>\n<meta property=\"og:type\" content=\"article\" \/>\n<meta property=\"og:title\" content=\"VESA nosilec za ultra\u0161irok ukrivljen monitor za stojalo for RS STAND T3L V2 -\" \/>\n<meta property=\"og:description\" content=\"Na voljo je v \u010drni, beli ali srebrni mat barvi v prahu. Izdelano iz lasersko rezanega ogljikovega jekla. Primeren za monitorje od 24\u201d do 29 &#8220; Nosilec Vesa do 75&#215;75 in 100&#215;100 (prilo\u017eeni vijaki M4) V celoti nastavljiv, vklju\u010dno s kotom, nagibom, vi\u0161ino monitorja in vsak nosilec VESA lahko lo\u010deno nastavite kot in vi\u0161ino. Te\u017eka [&hellip;]\" \/>\n<meta property=\"og:url\" content=\"https:\/\/simracing.si\/sl_si\/izdelek\/vesa-support-for-ultrawide-curved-monitor-for-rs-stand-t3l-v2\/\" \/>\n<meta property=\"article:modified_time\" content=\"2024-10-28T13:20:21+00:00\" \/>\n<meta property=\"og:image\" content=\"https:\/\/simracing.si\/wp-content\/uploads\/2021\/03\/rs-stand-t3lm-monitor-vesa-upgrade-black-02-936x936-1.jpg\" \/>\n\t<meta property=\"og:image:width\" content=\"936\" \/>\n\t<meta property=\"og:image:height\" content=\"936\" \/>\n<meta name=\"twitter:card\" content=\"summary_large_image\" \/>\n<meta name=\"twitter:label1\" content=\"Est. reading time\">\n\t<meta name=\"twitter:data1\" content=\"1 minuta\">\n<script type=\"application\/ld+json\" class=\"yoast-schema-graph\">{\"@context\":\"https:\/\/schema.org\",\"@graph\":[{\"@type\":\"WebSite\",\"@id\":\"https:\/\/simracing.si\/#website\",\"url\":\"https:\/\/simracing.si\/\",\"name\":\"\",\"description\":\"\",\"potentialAction\":[{\"@type\":\"SearchAction\",\"target\":\"https:\/\/simracing.si\/?s={search_term_string}\",\"query-input\":\"required name=search_term_string\"}],\"inLanguage\":\"sl-SI\"},{\"@type\":\"ImageObject\",\"@id\":\"https:\/\/simracing.si\/izdelek\/vesa-support-for-ultrawide-curved-monitor-for-rs-stand-t3l-v2\/#primaryimage\",\"inLanguage\":\"sl-SI\",\"url\":\"https:\/\/simracing.si\/wp-content\/uploads\/2021\/03\/rs-stand-t3lm-monitor-vesa-upgrade-black-02-936x936-1.jpg\",\"contentUrl\":\"https:\/\/simracing.si\/wp-content\/uploads\/2021\/03\/rs-stand-t3lm-monitor-vesa-upgrade-black-02-936x936-1.jpg\",\"width\":936,\"height\":936},{\"@type\":\"WebPage\",\"@id\":\"https:\/\/simracing.si\/izdelek\/vesa-support-for-ultrawide-curved-monitor-for-rs-stand-t3l-v2\/#webpage\",\"url\":\"https:\/\/simracing.si\/izdelek\/vesa-support-for-ultrawide-curved-monitor-for-rs-stand-t3l-v2\/\",\"name\":\"VESA nosilec za ultra\\u0161irok ukrivljen monitor za stojalo for RS STAND T3L V2 -\",\"isPartOf\":{\"@id\":\"https:\/\/simracing.si\/#website\"},\"primaryImageOfPage\":{\"@id\":\"https:\/\/simracing.si\/izdelek\/vesa-support-for-ultrawide-curved-monitor-for-rs-stand-t3l-v2\/#primaryimage\"},\"datePublished\":\"2021-03-09T10:07:07+00:00\",\"dateModified\":\"2024-10-28T13:20:21+00:00\",\"breadcrumb\":{\"@id\":\"https:\/\/simracing.si\/izdelek\/vesa-support-for-ultrawide-curved-monitor-for-rs-stand-t3l-v2\/#breadcrumb\"},\"inLanguage\":\"sl-SI\",\"potentialAction\":[{\"@type\":\"ReadAction\",\"target\":[\"https:\/\/simracing.si\/izdelek\/vesa-support-for-ultrawide-curved-monitor-for-rs-stand-t3l-v2\/\"]}]},{\"@type\":\"BreadcrumbList\",\"@id\":\"https:\/\/simracing.si\/izdelek\/vesa-support-for-ultrawide-curved-monitor-for-rs-stand-t3l-v2\/#breadcrumb\",\"itemListElement\":[{\"@type\":\"ListItem\",\"position\":1,\"item\":{\"@type\":\"WebPage\",\"@id\":\"https:\/\/simracing.si\/\",\"url\":\"https:\/\/simracing.si\/\",\"name\":\"Home\"}},{\"@type\":\"ListItem\",\"position\":2,\"item\":{\"@type\":\"WebPage\",\"@id\":\"https:\/\/simracing.si\/home\/product-category\/\",\"url\":\"https:\/\/simracing.si\/home\/product-category\/\",\"name\":\"Izdelki\"}},{\"@type\":\"ListItem\",\"position\":3,\"item\":{\"@id\":\"https:\/\/simracing.si\/izdelek\/vesa-support-for-ultrawide-curved-monitor-for-rs-stand-t3l-v2\/#webpage\"}}]}]}<\/script>\n<!-- \/ Yoast SEO plugin. -->","_links":{"self":[{"href":"https:\/\/simracing.si\/sl_si\/wp-json\/wp\/v2\/product\/2645"}],"collection":[{"href":"https:\/\/simracing.si\/sl_si\/wp-json\/wp\/v2\/product"}],"about":[{"href":"https:\/\/simracing.si\/sl_si\/wp-json\/wp\/v2\/types\/product"}],"replies":[{"embeddable":true,"href":"https:\/\/simracing.si\/sl_si\/wp-json\/wp\/v2\/comments?post=2645"}],"version-history":[{"count":4,"href":"https:\/\/simracing.si\/sl_si\/wp-json\/wp\/v2\/product\/2645\/revisions"}],"predecessor-version":[{"id":3910,"href":"https:\/\/simracing.si\/sl_si\/wp-json\/wp\/v2\/product\/2645\/revisions\/3910"}],"wp:featuredmedia":[{"embeddable":true,"href":"https:\/\/simracing.si\/sl_si\/wp-json\/wp\/v2\/media\/2646"}],"wp:attachment":[{"href":"https:\/\/simracing.si\/sl_si\/wp-json\/wp\/v2\/media?parent=2645"}],"curies":[{"name":"wp","href":"https:\/\/api.w.org\/{rel}","templated":true}]}}