{"id":2633,"date":"2021-03-09T12:02:10","date_gmt":"2021-03-09T10:02:10","guid":{"rendered":"https:\/\/simracing.si\/?post_type=product&#038;p=2633"},"modified":"2021-06-07T13:38:10","modified_gmt":"2021-06-07T11:38:10","slug":"rs-stand-t3xl-white-v2-tv-stand-for-up-to-3x47inch","status":"publish","type":"product","link":"https:\/\/simracing.si\/sl_si\/izdelek\/rs-stand-t3xl-white-v2-tv-stand-for-up-to-3x47inch\/","title":{"rendered":"Stojalo za monitorje RS STAND T3XL V2 &#8211; belo (do 3x47inch)"},"content":{"rendered":"<p>Njegova zasnova omogo\u010da uporabniku, da postavi monitor tik ob volan in daje popolno vidljivost za dirke! RS STAND T3XL V2 je popoln dodatek za simulatorje RS1, S1, N1 ali RS Formula V2 in poskrbi, da bodo va\u0161e vozne izku\u0161nje popolne<\/p>\n<p><strong>Specifikacije:<\/strong><\/p>\n<ul>\n<li>Stabilna in toga konstrukcija.<\/li>\n<li>Popolnoma nastavljiv v katero koli smer (novo pri V2, natan\u010dnej\u0161a in enostavnej\u0161a nastavitev nagiba, kota, vi\u0161ine in poravnave).<\/li>\n<li>Dimenzije podlage (najve\u010d): \u0160 \/ G \/ V 2700 mm. x 900 mm. x 1100-1350 mm.<\/li>\n<li>Na voljo so vsi vijaki in orodja za pritrditev zaslonov.<\/li>\n<li>V celoti nastavljiv, vklju\u010dno z kotom, nagibom in vi\u0161ino zaslonov.<\/li>\n<li>Te\u017eka in trdna konstrukcija, ki omogo\u010da postavitev do 3 x 47 pal\u010dnih televizorjev in ohranjanje popolne stabilnosti.<\/li>\n<li>Podpora Vesa 200x200mm do 600x400mm (vijaki M6 in M8)<\/li>\n<li>100% izdelano v EU: zasnovano in izdelano v Evropi.<\/li>\n<li>Podpora za ultra\u0161iroke ukrivljene zaslone z dodatkom<\/li>\n<li>Dimenzije embala\u017ee:D \/ \u0160 \/ V 109 x 62 x37 cm<\/li>\n<li>Bruto te\u017ea: 65 kg<\/li>\n<\/ul>\n","protected":false},"excerpt":{"rendered":"<p>Njegova zasnova omogo\u010da uporabniku, da postavi monitor tik ob volan in daje popolno vidljivost za dirke! RS STAND T3XL V2 je popoln dodatek za simulatorje RS1, S1, N1 ali RS Formula V2 in poskrbi, da bodo va\u0161e vozne izku\u0161nje popolne Specifikacije: Stabilna in toga konstrukcija. Popolnoma nastavljiv v katero koli smer (novo pri V2, natan\u010dnej\u0161a [&hellip;]<\/p>\n","protected":false},"featured_media":2634,"comment_status":"open","ping_status":"closed","template":"","meta":[],"yoast_head":"<!-- This site is optimized with the Yoast SEO plugin v16.3 - https:\/\/yoast.com\/wordpress\/plugins\/seo\/ -->\n<title>Stojalo za monitorje RS STAND T3XL V2 - belo (do 3x47inch) -<\/title>\n<meta name=\"robots\" content=\"index, follow, max-snippet:-1, max-image-preview:large, max-video-preview:-1\" \/>\n<link rel=\"canonical\" href=\"https:\/\/simracing.si\/sl_si\/izdelek\/rs-stand-t3xl-white-v2-tv-stand-for-up-to-3x47inch\/\" \/>\n<meta property=\"og:locale\" content=\"sl_SI\" \/>\n<meta property=\"og:type\" content=\"article\" \/>\n<meta property=\"og:title\" content=\"Stojalo za monitorje RS STAND T3XL V2 - belo (do 3x47inch) -\" \/>\n<meta property=\"og:description\" content=\"Njegova zasnova omogo\u010da uporabniku, da postavi monitor tik ob volan in daje popolno vidljivost za dirke! RS STAND T3XL V2 je popoln dodatek za simulatorje RS1, S1, N1 ali RS Formula V2 in poskrbi, da bodo va\u0161e vozne izku\u0161nje popolne Specifikacije: Stabilna in toga konstrukcija. Popolnoma nastavljiv v katero koli smer (novo pri V2, natan\u010dnej\u0161a [&hellip;]\" \/>\n<meta property=\"og:url\" content=\"https:\/\/simracing.si\/sl_si\/izdelek\/rs-stand-t3xl-white-v2-tv-stand-for-up-to-3x47inch\/\" \/>\n<meta property=\"article:modified_time\" content=\"2021-06-07T11:38:10+00:00\" \/>\n<meta property=\"og:image\" content=\"https:\/\/simracing.si\/wp-content\/uploads\/2021\/03\/rseat-rs-stand-t3xl-v2-white-002-936x936-1.jpg\" \/>\n\t<meta property=\"og:image:width\" content=\"936\" \/>\n\t<meta property=\"og:image:height\" content=\"936\" \/>\n<meta name=\"twitter:card\" content=\"summary_large_image\" \/>\n<meta name=\"twitter:label1\" content=\"Est. reading time\">\n\t<meta name=\"twitter:data1\" content=\"1 minuta\">\n<script type=\"application\/ld+json\" class=\"yoast-schema-graph\">{\"@context\":\"https:\/\/schema.org\",\"@graph\":[{\"@type\":\"WebSite\",\"@id\":\"https:\/\/simracing.si\/#website\",\"url\":\"https:\/\/simracing.si\/\",\"name\":\"\",\"description\":\"\",\"potentialAction\":[{\"@type\":\"SearchAction\",\"target\":\"https:\/\/simracing.si\/?s={search_term_string}\",\"query-input\":\"required name=search_term_string\"}],\"inLanguage\":\"sl-SI\"},{\"@type\":\"ImageObject\",\"@id\":\"https:\/\/simracing.si\/izdelek\/rs-stand-t3xl-white-v2-tv-stand-for-up-to-3x47inch\/#primaryimage\",\"inLanguage\":\"sl-SI\",\"url\":\"https:\/\/simracing.si\/wp-content\/uploads\/2021\/03\/rseat-rs-stand-t3xl-v2-white-002-936x936-1.jpg\",\"contentUrl\":\"https:\/\/simracing.si\/wp-content\/uploads\/2021\/03\/rseat-rs-stand-t3xl-v2-white-002-936x936-1.jpg\",\"width\":936,\"height\":936},{\"@type\":\"WebPage\",\"@id\":\"https:\/\/simracing.si\/izdelek\/rs-stand-t3xl-white-v2-tv-stand-for-up-to-3x47inch\/#webpage\",\"url\":\"https:\/\/simracing.si\/izdelek\/rs-stand-t3xl-white-v2-tv-stand-for-up-to-3x47inch\/\",\"name\":\"Stojalo za monitorje RS STAND T3XL V2 - belo (do 3x47inch) -\",\"isPartOf\":{\"@id\":\"https:\/\/simracing.si\/#website\"},\"primaryImageOfPage\":{\"@id\":\"https:\/\/simracing.si\/izdelek\/rs-stand-t3xl-white-v2-tv-stand-for-up-to-3x47inch\/#primaryimage\"},\"datePublished\":\"2021-03-09T10:02:10+00:00\",\"dateModified\":\"2021-06-07T11:38:10+00:00\",\"breadcrumb\":{\"@id\":\"https:\/\/simracing.si\/izdelek\/rs-stand-t3xl-white-v2-tv-stand-for-up-to-3x47inch\/#breadcrumb\"},\"inLanguage\":\"sl-SI\",\"potentialAction\":[{\"@type\":\"ReadAction\",\"target\":[\"https:\/\/simracing.si\/izdelek\/rs-stand-t3xl-white-v2-tv-stand-for-up-to-3x47inch\/\"]}]},{\"@type\":\"BreadcrumbList\",\"@id\":\"https:\/\/simracing.si\/izdelek\/rs-stand-t3xl-white-v2-tv-stand-for-up-to-3x47inch\/#breadcrumb\",\"itemListElement\":[{\"@type\":\"ListItem\",\"position\":1,\"item\":{\"@type\":\"WebPage\",\"@id\":\"https:\/\/simracing.si\/\",\"url\":\"https:\/\/simracing.si\/\",\"name\":\"Home\"}},{\"@type\":\"ListItem\",\"position\":2,\"item\":{\"@type\":\"WebPage\",\"@id\":\"https:\/\/simracing.si\/home\/product-category\/\",\"url\":\"https:\/\/simracing.si\/home\/product-category\/\",\"name\":\"Izdelki\"}},{\"@type\":\"ListItem\",\"position\":3,\"item\":{\"@id\":\"https:\/\/simracing.si\/izdelek\/rs-stand-t3xl-white-v2-tv-stand-for-up-to-3x47inch\/#webpage\"}}]}]}<\/script>\n<!-- \/ Yoast SEO plugin. -->","_links":{"self":[{"href":"https:\/\/simracing.si\/sl_si\/wp-json\/wp\/v2\/product\/2633"}],"collection":[{"href":"https:\/\/simracing.si\/sl_si\/wp-json\/wp\/v2\/product"}],"about":[{"href":"https:\/\/simracing.si\/sl_si\/wp-json\/wp\/v2\/types\/product"}],"replies":[{"embeddable":true,"href":"https:\/\/simracing.si\/sl_si\/wp-json\/wp\/v2\/comments?post=2633"}],"version-history":[{"count":3,"href":"https:\/\/simracing.si\/sl_si\/wp-json\/wp\/v2\/product\/2633\/revisions"}],"predecessor-version":[{"id":3901,"href":"https:\/\/simracing.si\/sl_si\/wp-json\/wp\/v2\/product\/2633\/revisions\/3901"}],"wp:featuredmedia":[{"embeddable":true,"href":"https:\/\/simracing.si\/sl_si\/wp-json\/wp\/v2\/media\/2634"}],"wp:attachment":[{"href":"https:\/\/simracing.si\/sl_si\/wp-json\/wp\/v2\/media?parent=2633"}],"curies":[{"name":"wp","href":"https:\/\/api.w.org\/{rel}","templated":true}]}}