{"id":2614,"date":"2021-03-09T11:44:23","date_gmt":"2021-03-09T09:44:23","guid":{"rendered":"https:\/\/simracing.si\/?post_type=product&#038;p=2614"},"modified":"2021-06-07T13:23:27","modified_gmt":"2021-06-07T11:23:27","slug":"rs-stand-s3-white-v2-tv-stand-for-up-to-65-inch","status":"publish","type":"product","link":"https:\/\/simracing.si\/sl_si\/izdelek\/rs-stand-s3-white-v2-tv-stand-for-up-to-65-inch\/","title":{"rendered":"Stojalo za moitor RS STAND S3  V2 &#8211; belo (do 65inch)"},"content":{"rendered":"<p>Njegova zasnova omogo\u010da uporabniku, da postavi monitor tik ob volan in daje popolno vidljivost za dirke! RS STAND S3 V2 je popoln dodatek za simulatorje RS1, S1, N1 ali RS Formula V2 in poskrbi, da bodo va\u0161e vozne izku\u0161nje popolne<\/p>\n<p><strong>Specifikacije:<\/strong><\/p>\n<ul>\n<li>Dimenzije podlage: \u0160 \/ G \/ V 1350 mm. x 685 mm. x (1000-1250 mm.)<\/li>\n<li>Na voljo so vsi vijaki in orodja za pritrditev zaslonov.<\/li>\n<li>V celoti nastavljiv, vklju\u010dno s kotom, nagibom, vi\u0161ino monitorja<\/li>\n<li>Vsakemu VESA modulu lahko lo\u010deno nastavite kot in vi\u0161ino.<\/li>\n<li>Te\u017eka in trdna konstrukcija, ki omogo\u010da do 65-pal\u010dno televizijo in ostane popolnoma stabilna.<\/li>\n<li>Podpora Vesa 200x200mm do 600x400mm (vijaki M6 in M8)<\/li>\n<li>Uporabljeni zelo kakovostni materiali.<\/li>\n<li>Popolnoma zdru\u017eljiv z RS1, S1, N1 in RS Formula V2<\/li>\n<li>100% izdelano v EU: zasnovano in izdelano v Evropi.<\/li>\n<li>Podpora za ultra\u0161iroke ukrivljene zaslone z dodatkom VESA<\/li>\n<li>Dimenzije embala\u017ee: D \/ \u0160 \/ V 115cm x 65cm x 30cm<\/li>\n<li>Bruto te\u017ea 30kg<\/li>\n<\/ul>\n","protected":false},"excerpt":{"rendered":"<p>Njegova zasnova omogo\u010da uporabniku, da postavi monitor tik ob volan in daje popolno vidljivost za dirke! RS STAND S3 V2 je popoln dodatek za simulatorje RS1, S1, N1 ali RS Formula V2 in poskrbi, da bodo va\u0161e vozne izku\u0161nje popolne Specifikacije: Dimenzije podlage: \u0160 \/ G \/ V 1350 mm. x 685 mm. x (1000-1250 [&hellip;]<\/p>\n","protected":false},"featured_media":2615,"comment_status":"open","ping_status":"closed","template":"","meta":[],"yoast_head":"<!-- This site is optimized with the Yoast SEO plugin v16.3 - https:\/\/yoast.com\/wordpress\/plugins\/seo\/ -->\n<title>Stojalo za moitor RS STAND S3 V2 - belo (do 65inch) -<\/title>\n<meta name=\"robots\" content=\"index, follow, max-snippet:-1, max-image-preview:large, max-video-preview:-1\" \/>\n<link rel=\"canonical\" href=\"https:\/\/simracing.si\/sl_si\/izdelek\/rs-stand-s3-white-v2-tv-stand-for-up-to-65-inch\/\" \/>\n<meta property=\"og:locale\" content=\"sl_SI\" \/>\n<meta property=\"og:type\" content=\"article\" \/>\n<meta property=\"og:title\" content=\"Stojalo za moitor RS STAND S3 V2 - belo (do 65inch) -\" \/>\n<meta property=\"og:description\" content=\"Njegova zasnova omogo\u010da uporabniku, da postavi monitor tik ob volan in daje popolno vidljivost za dirke! RS STAND S3 V2 je popoln dodatek za simulatorje RS1, S1, N1 ali RS Formula V2 in poskrbi, da bodo va\u0161e vozne izku\u0161nje popolne Specifikacije: Dimenzije podlage: \u0160 \/ G \/ V 1350 mm. x 685 mm. x (1000-1250 [&hellip;]\" \/>\n<meta property=\"og:url\" content=\"https:\/\/simracing.si\/sl_si\/izdelek\/rs-stand-s3-white-v2-tv-stand-for-up-to-65-inch\/\" \/>\n<meta property=\"article:modified_time\" content=\"2021-06-07T11:23:27+00:00\" \/>\n<meta property=\"og:image\" content=\"https:\/\/simracing.si\/wp-content\/uploads\/2021\/03\/rseat-tv-stand-s3-v2-white-01-936x936-1.jpg\" \/>\n\t<meta property=\"og:image:width\" content=\"936\" \/>\n\t<meta property=\"og:image:height\" content=\"936\" \/>\n<meta name=\"twitter:card\" content=\"summary_large_image\" \/>\n<meta name=\"twitter:label1\" content=\"Est. reading time\">\n\t<meta name=\"twitter:data1\" content=\"1 minuta\">\n<script type=\"application\/ld+json\" class=\"yoast-schema-graph\">{\"@context\":\"https:\/\/schema.org\",\"@graph\":[{\"@type\":\"WebSite\",\"@id\":\"https:\/\/simracing.si\/#website\",\"url\":\"https:\/\/simracing.si\/\",\"name\":\"\",\"description\":\"\",\"potentialAction\":[{\"@type\":\"SearchAction\",\"target\":\"https:\/\/simracing.si\/?s={search_term_string}\",\"query-input\":\"required name=search_term_string\"}],\"inLanguage\":\"sl-SI\"},{\"@type\":\"ImageObject\",\"@id\":\"https:\/\/simracing.si\/izdelek\/rs-stand-s3-white-v2-tv-stand-for-up-to-65-inch\/#primaryimage\",\"inLanguage\":\"sl-SI\",\"url\":\"https:\/\/simracing.si\/wp-content\/uploads\/2021\/03\/rseat-tv-stand-s3-v2-white-01-936x936-1.jpg\",\"contentUrl\":\"https:\/\/simracing.si\/wp-content\/uploads\/2021\/03\/rseat-tv-stand-s3-v2-white-01-936x936-1.jpg\",\"width\":936,\"height\":936},{\"@type\":\"WebPage\",\"@id\":\"https:\/\/simracing.si\/izdelek\/rs-stand-s3-white-v2-tv-stand-for-up-to-65-inch\/#webpage\",\"url\":\"https:\/\/simracing.si\/izdelek\/rs-stand-s3-white-v2-tv-stand-for-up-to-65-inch\/\",\"name\":\"Stojalo za moitor RS STAND S3 V2 - belo (do 65inch) -\",\"isPartOf\":{\"@id\":\"https:\/\/simracing.si\/#website\"},\"primaryImageOfPage\":{\"@id\":\"https:\/\/simracing.si\/izdelek\/rs-stand-s3-white-v2-tv-stand-for-up-to-65-inch\/#primaryimage\"},\"datePublished\":\"2021-03-09T09:44:23+00:00\",\"dateModified\":\"2021-06-07T11:23:27+00:00\",\"breadcrumb\":{\"@id\":\"https:\/\/simracing.si\/izdelek\/rs-stand-s3-white-v2-tv-stand-for-up-to-65-inch\/#breadcrumb\"},\"inLanguage\":\"sl-SI\",\"potentialAction\":[{\"@type\":\"ReadAction\",\"target\":[\"https:\/\/simracing.si\/izdelek\/rs-stand-s3-white-v2-tv-stand-for-up-to-65-inch\/\"]}]},{\"@type\":\"BreadcrumbList\",\"@id\":\"https:\/\/simracing.si\/izdelek\/rs-stand-s3-white-v2-tv-stand-for-up-to-65-inch\/#breadcrumb\",\"itemListElement\":[{\"@type\":\"ListItem\",\"position\":1,\"item\":{\"@type\":\"WebPage\",\"@id\":\"https:\/\/simracing.si\/\",\"url\":\"https:\/\/simracing.si\/\",\"name\":\"Home\"}},{\"@type\":\"ListItem\",\"position\":2,\"item\":{\"@type\":\"WebPage\",\"@id\":\"https:\/\/simracing.si\/home\/product-category\/\",\"url\":\"https:\/\/simracing.si\/home\/product-category\/\",\"name\":\"Izdelki\"}},{\"@type\":\"ListItem\",\"position\":3,\"item\":{\"@id\":\"https:\/\/simracing.si\/izdelek\/rs-stand-s3-white-v2-tv-stand-for-up-to-65-inch\/#webpage\"}}]}]}<\/script>\n<!-- \/ Yoast SEO plugin. -->","_links":{"self":[{"href":"https:\/\/simracing.si\/sl_si\/wp-json\/wp\/v2\/product\/2614"}],"collection":[{"href":"https:\/\/simracing.si\/sl_si\/wp-json\/wp\/v2\/product"}],"about":[{"href":"https:\/\/simracing.si\/sl_si\/wp-json\/wp\/v2\/types\/product"}],"replies":[{"embeddable":true,"href":"https:\/\/simracing.si\/sl_si\/wp-json\/wp\/v2\/comments?post=2614"}],"version-history":[{"count":3,"href":"https:\/\/simracing.si\/sl_si\/wp-json\/wp\/v2\/product\/2614\/revisions"}],"predecessor-version":[{"id":3891,"href":"https:\/\/simracing.si\/sl_si\/wp-json\/wp\/v2\/product\/2614\/revisions\/3891"}],"wp:featuredmedia":[{"embeddable":true,"href":"https:\/\/simracing.si\/sl_si\/wp-json\/wp\/v2\/media\/2615"}],"wp:attachment":[{"href":"https:\/\/simracing.si\/sl_si\/wp-json\/wp\/v2\/media?parent=2614"}],"curies":[{"name":"wp","href":"https:\/\/api.w.org\/{rel}","templated":true}]}}