{"id":2031,"date":"2020-04-30T18:28:56","date_gmt":"2020-04-30T17:28:56","guid":{"rendered":"https:\/\/simracing.si\/product\/igralni-stol-playseat-evolution-pro-alcantara\/"},"modified":"2020-05-03T12:03:12","modified_gmt":"2020-05-03T11:03:12","slug":"igralni-stol-playseat-evolution-pro-alcantara","status":"publish","type":"product","link":"https:\/\/simracing.si\/sl_si\/izdelek\/igralni-stol-playseat-evolution-pro-alcantara\/","title":{"rendered":"IGRALNI STOL PLAYSEAT EVOLUTION PRO ALCANTARA"},"content":{"rendered":"<p><span style=\"color: rgb(80, 80, 80); font-family: Roboto, Arial, Helvetica, sans-serif; font-size: 12px; background-color: rgb(236, 236, 236);\">Ob\u010dutite evolucijo! Sedite in zmagujte v Playseat\u00ae Evolution PRO!<\/span><br style=\"margin: 0px; padding: 0px; color: rgb(80, 80, 80); font-family: Roboto, Arial, Helvetica, sans-serif; font-size: 12px; background-color: rgb(236, 236, 236);\"><br style=\"margin: 0px; padding: 0px; color: rgb(80, 80, 80); font-family: Roboto, Arial, Helvetica, sans-serif; font-size: 12px; background-color: rgb(236, 236, 236);\"><span style=\"color: rgb(80, 80, 80); font-family: Roboto, Arial, Helvetica, sans-serif; font-size: 12px; background-color: rgb(236, 236, 236);\">Stoli Playseat\u00ae uporabljajo profesionalni vozniki, kot je Takuma Sato, da simulirajo dirke in se nau\u010dijo vo\u017enje na novih dirkali\u0161\u010dih. To je PRO izvedba priljubljenega modela Playseat\u00ae Evolution Alcantara! Zasnova je bila izbolj\u0161ana za \u0161e bolj realisti\u010den videz in ob\u010dutek! Sedite in vozite hitreje in udobneje v Playseat\u00ae Evolution Alcantara PRO! Ko tekmujete s tem Playseat\u00ae stolom, se po\u010dutite kot v pravem dirkalnem avtomobilu, zahvaljujo\u010d pristni obliki in visokokakovostni Alcantara preobleki, ki je alternativa mehki ko\u017ei, ki se uporablja v resni\u010dnih dirkalnih avtomobilih! Playseat\u00ae Evolution Alcantara PRO je zelo udoben, stabilen in prilagodljiv, da bi zagotovil najbolj zabavno tekmovalno izku\u0161njo doma! Lahko ga uporabljajo odrasli in otroci, tako da lahko vsi va\u0161i prijatelji in dru\u017einski \u010dlani u\u017eivajo v tem stolu.<\/span><br style=\"margin: 0px; padding: 0px; color: rgb(80, 80, 80); font-family: Roboto, Arial, Helvetica, sans-serif; font-size: 12px; background-color: rgb(236, 236, 236);\"><br style=\"margin: 0px; padding: 0px; color: rgb(80, 80, 80); font-family: Roboto, Arial, Helvetica, sans-serif; font-size: 12px; background-color: rgb(236, 236, 236);\"><span style=\"color: rgb(80, 80, 80); font-family: Roboto, Arial, Helvetica, sans-serif; font-size: 12px; background-color: rgb(236, 236, 236);\">Zaradi svoje edinstvene zlo\u017eljive zasnove uporablja malo prostora, ko ni v uporabi. Najpomembnej\u0161e lastnosti: Narejen po vzoru sede\u017eev v resni\u010dnih dirkalnih avtomobilih Patentiran zlo\u017eljiv sistem za enostaven transport in shranjevanje, kadar ni v uporabi Vrhunska kakovost izdelave, stabilnost in udobje Visokokakovostna \u010drna prevleka Alcantara Trpe\u017een, popolnoma prilagodljiv okvir s \u010drno prevleko Zdru\u017eljiv z vsemi volani in pedali na trgu, vklju\u010dno z Logitech, Thrustmaster in Fanatec Primerno za PlayStation 2, PlayStation 3, PlayStation 4, Xbox, Xbox 360, Xbox One, Wii, Wii U, PC in Mac Enostavna monta\u017ea 1 leto garancije<\/span><br style=\"margin: 0px; padding: 0px; color: rgb(80, 80, 80); font-family: Roboto, Arial, Helvetica, sans-serif; font-size: 12px; background-color: rgb(236, 236, 236);\"><br style=\"margin: 0px; padding: 0px; color: rgb(80, 80, 80); font-family: Roboto, Arial, Helvetica, sans-serif; font-size: 12px; background-color: rgb(236, 236, 236);\"><span style=\"color: rgb(80, 80, 80); font-family: Roboto, Arial, Helvetica, sans-serif; font-size: 12px; background-color: rgb(236, 236, 236);\">Specifikacije:<\/span><br style=\"margin: 0px; padding: 0px; color: rgb(80, 80, 80); font-family: Roboto, Arial, Helvetica, sans-serif; font-size: 12px; background-color: rgb(236, 236, 236);\"><span style=\"color: rgb(80, 80, 80); font-family: Roboto, Arial, Helvetica, sans-serif; font-size: 12px; background-color: rgb(236, 236, 236);\">Priporo\u010dena vi\u0161ina voznika: najmanj 120 cm, najve\u010d 220 cm<\/span><br style=\"margin: 0px; padding: 0px; color: rgb(80, 80, 80); font-family: Roboto, Arial, Helvetica, sans-serif; font-size: 12px; background-color: rgb(236, 236, 236);\"><span style=\"color: rgb(80, 80, 80); font-family: Roboto, Arial, Helvetica, sans-serif; font-size: 12px; background-color: rgb(236, 236, 236);\">Priporo\u010dena te\u017ea voznika: najmanj 20 kg, najve\u010d 122 kg<\/span><br style=\"margin: 0px; padding: 0px; color: rgb(80, 80, 80); font-family: Roboto, Arial, Helvetica, sans-serif; font-size: 12px; background-color: rgb(236, 236, 236);\"><span style=\"color: rgb(80, 80, 80); font-family: Roboto, Arial, Helvetica, sans-serif; font-size: 12px; background-color: rgb(236, 236, 236);\">Mere (Dx\u0160xV): 130x50x98 cm<\/span><br style=\"margin: 0px; padding: 0px; color: rgb(80, 80, 80); font-family: Roboto, Arial, Helvetica, sans-serif; font-size: 12px; background-color: rgb(236, 236, 236);\"><span style=\"color: rgb(80, 80, 80); font-family: Roboto, Arial, Helvetica, sans-serif; font-size: 12px; background-color: rgb(236, 236, 236);\">Vi\u0161ina naslonjala: 78 cm<\/span><br style=\"margin: 0px; padding: 0px; color: rgb(80, 80, 80); font-family: Roboto, Arial, Helvetica, sans-serif; font-size: 12px; background-color: rgb(236, 236, 236);\"><span style=\"color: rgb(80, 80, 80); font-family: Roboto, Arial, Helvetica, sans-serif; font-size: 12px; background-color: rgb(236, 236, 236);\">Vi\u0161ina sede\u017ea: 24 cm<\/span><br style=\"margin: 0px; padding: 0px; color: rgb(80, 80, 80); font-family: Roboto, Arial, Helvetica, sans-serif; font-size: 12px; background-color: rgb(236, 236, 236);\"><span style=\"color: rgb(80, 80, 80); font-family: Roboto, Arial, Helvetica, sans-serif; font-size: 12px; background-color: rgb(236, 236, 236);\">\u0160irina sede\u017ea: 48 cm<\/span><br style=\"margin: 0px; padding: 0px; color: rgb(80, 80, 80); font-family: Roboto, Arial, Helvetica, sans-serif; font-size: 12px; background-color: rgb(236, 236, 236);\"><span style=\"color: rgb(80, 80, 80); font-family: Roboto, Arial, Helvetica, sans-serif; font-size: 12px; background-color: rgb(236, 236, 236);\">Globina sede\u017ea: 46,5-50 cm<\/span><br style=\"margin: 0px; padding: 0px; color: rgb(80, 80, 80); font-family: Roboto, Arial, Helvetica, sans-serif; font-size: 12px; background-color: rgb(236, 236, 236);\"><span style=\"color: rgb(80, 80, 80); font-family: Roboto, Arial, Helvetica, sans-serif; font-size: 12px; background-color: rgb(236, 236, 236);\">Neto te\u017ea: 19,8 kg<\/span><br style=\"margin: 0px; padding: 0px; color: rgb(80, 80, 80); font-family: Roboto, Arial, Helvetica, sans-serif; font-size: 12px; background-color: rgb(236, 236, 236);\"><span style=\"color: rgb(80, 80, 80); font-family: Roboto, Arial, Helvetica, sans-serif; font-size: 12px; background-color: rgb(236, 236, 236);\">Embala\u017ea: Mere (Dx\u0160xV): 60x50x40 cm<\/span><br style=\"margin: 0px; padding: 0px; color: rgb(80, 80, 80); font-family: Roboto, Arial, Helvetica, sans-serif; font-size: 12px; background-color: rgb(236, 236, 236);\"><span style=\"color: rgb(80, 80, 80); font-family: Roboto, Arial, Helvetica, sans-serif; font-size: 12px; background-color: rgb(236, 236, 236);\">Bruto te\u017ea: 24 kg<\/span><br style=\"margin: 0px; padding: 0px; color: rgb(80, 80, 80); font-family: Roboto, Arial, Helvetica, sans-serif; font-size: 12px; background-color: rgb(236, 236, 236);\"><span style=\"color: rgb(80, 80, 80); font-family: Roboto, Arial, Helvetica, sans-serif; font-size: 12px; background-color: rgb(236, 236, 236);\">Priro\u010dnik in garancijska izjava sta prilo\u017eena<\/span><\/p>\n","protected":false},"excerpt":{"rendered":"<p>IGRALNI STOL PLAYSEAT EVOLUTION PRO ALCANTARA<\/p>\n","protected":false},"featured_media":2210,"comment_status":"closed","ping_status":"open","template":"","meta":[],"yoast_head":"<!-- This site is optimized with the Yoast SEO plugin v16.3 - https:\/\/yoast.com\/wordpress\/plugins\/seo\/ -->\n<title>IGRALNI STOL PLAYSEAT EVOLUTION PRO ALCANTARA -<\/title>\n<meta name=\"robots\" content=\"index, follow, max-snippet:-1, max-image-preview:large, max-video-preview:-1\" \/>\n<link rel=\"canonical\" href=\"http:\/\/simracing.si\/sl_si\/izdelek\/igralni-stol-playseat-evolution-pro-alcantara\/\" \/>\n<meta property=\"og:locale\" content=\"sl_SI\" \/>\n<meta property=\"og:type\" content=\"article\" \/>\n<meta property=\"og:title\" content=\"IGRALNI STOL PLAYSEAT EVOLUTION PRO ALCANTARA -\" \/>\n<meta property=\"og:description\" content=\"IGRALNI STOL PLAYSEAT EVOLUTION PRO ALCANTARA\" \/>\n<meta property=\"og:url\" content=\"http:\/\/simracing.si\/sl_si\/izdelek\/igralni-stol-playseat-evolution-pro-alcantara\/\" \/>\n<meta property=\"article:modified_time\" content=\"2020-05-03T11:03:12+00:00\" \/>\n<meta property=\"og:image\" content=\"https:\/\/simracing.si\/wp-content\/uploads\/2020\/04\/playseat-evo-alcantara-pro.jpg\" \/>\n\t<meta property=\"og:image:width\" content=\"1100\" \/>\n\t<meta property=\"og:image:height\" content=\"1000\" \/>\n<meta name=\"twitter:card\" content=\"summary_large_image\" \/>\n<meta name=\"twitter:label1\" content=\"Est. reading time\">\n\t<meta name=\"twitter:data1\" content=\"1 minuta\">\n<script type=\"application\/ld+json\" class=\"yoast-schema-graph\">{\"@context\":\"https:\/\/schema.org\",\"@graph\":[{\"@type\":\"WebSite\",\"@id\":\"https:\/\/simracing.si\/#website\",\"url\":\"https:\/\/simracing.si\/\",\"name\":\"\",\"description\":\"\",\"potentialAction\":[{\"@type\":\"SearchAction\",\"target\":\"https:\/\/simracing.si\/?s={search_term_string}\",\"query-input\":\"required name=search_term_string\"}],\"inLanguage\":\"sl-SI\"},{\"@type\":\"ImageObject\",\"@id\":\"http:\/\/simracing.si\/sl_si\/izdelek\/igralni-stol-playseat-evolution-pro-alcantara\/#primaryimage\",\"inLanguage\":\"sl-SI\",\"url\":\"https:\/\/simracing.si\/wp-content\/uploads\/2020\/04\/playseat-evo-alcantara-pro.jpg\",\"contentUrl\":\"https:\/\/simracing.si\/wp-content\/uploads\/2020\/04\/playseat-evo-alcantara-pro.jpg\",\"width\":1100,\"height\":1000},{\"@type\":\"WebPage\",\"@id\":\"http:\/\/simracing.si\/sl_si\/izdelek\/igralni-stol-playseat-evolution-pro-alcantara\/#webpage\",\"url\":\"http:\/\/simracing.si\/sl_si\/izdelek\/igralni-stol-playseat-evolution-pro-alcantara\/\",\"name\":\"IGRALNI STOL PLAYSEAT EVOLUTION PRO ALCANTARA -\",\"isPartOf\":{\"@id\":\"https:\/\/simracing.si\/#website\"},\"primaryImageOfPage\":{\"@id\":\"http:\/\/simracing.si\/sl_si\/izdelek\/igralni-stol-playseat-evolution-pro-alcantara\/#primaryimage\"},\"datePublished\":\"2020-04-30T17:28:56+00:00\",\"dateModified\":\"2020-05-03T11:03:12+00:00\",\"breadcrumb\":{\"@id\":\"http:\/\/simracing.si\/sl_si\/izdelek\/igralni-stol-playseat-evolution-pro-alcantara\/#breadcrumb\"},\"inLanguage\":\"sl-SI\",\"potentialAction\":[{\"@type\":\"ReadAction\",\"target\":[\"http:\/\/simracing.si\/sl_si\/izdelek\/igralni-stol-playseat-evolution-pro-alcantara\/\"]}]},{\"@type\":\"BreadcrumbList\",\"@id\":\"http:\/\/simracing.si\/sl_si\/izdelek\/igralni-stol-playseat-evolution-pro-alcantara\/#breadcrumb\",\"itemListElement\":[{\"@type\":\"ListItem\",\"position\":1,\"item\":{\"@type\":\"WebPage\",\"@id\":\"https:\/\/simracing.si\/\",\"url\":\"https:\/\/simracing.si\/\",\"name\":\"Home\"}},{\"@type\":\"ListItem\",\"position\":2,\"item\":{\"@type\":\"WebPage\",\"@id\":\"https:\/\/simracing.si\/home\/product-category\/\",\"url\":\"https:\/\/simracing.si\/home\/product-category\/\",\"name\":\"Izdelki\"}},{\"@type\":\"ListItem\",\"position\":3,\"item\":{\"@id\":\"http:\/\/simracing.si\/sl_si\/izdelek\/igralni-stol-playseat-evolution-pro-alcantara\/#webpage\"}}]}]}<\/script>\n<!-- \/ Yoast SEO plugin. -->","_links":{"self":[{"href":"https:\/\/simracing.si\/sl_si\/wp-json\/wp\/v2\/product\/2031"}],"collection":[{"href":"https:\/\/simracing.si\/sl_si\/wp-json\/wp\/v2\/product"}],"about":[{"href":"https:\/\/simracing.si\/sl_si\/wp-json\/wp\/v2\/types\/product"}],"replies":[{"embeddable":true,"href":"https:\/\/simracing.si\/sl_si\/wp-json\/wp\/v2\/comments?post=2031"}],"version-history":[{"count":0,"href":"https:\/\/simracing.si\/sl_si\/wp-json\/wp\/v2\/product\/2031\/revisions"}],"wp:featuredmedia":[{"embeddable":true,"href":"https:\/\/simracing.si\/sl_si\/wp-json\/wp\/v2\/media\/2210"}],"wp:attachment":[{"href":"https:\/\/simracing.si\/sl_si\/wp-json\/wp\/v2\/media?parent=2031"}],"curies":[{"name":"wp","href":"https:\/\/api.w.org\/{rel}","templated":true}]}}