{"id":1969,"date":"2020-04-30T18:28:13","date_gmt":"2020-04-30T17:28:13","guid":{"rendered":"https:\/\/simracing.si\/product\/thrustmaster-16000m-fcs-hotas\/"},"modified":"2023-06-28T09:52:56","modified_gmt":"2023-06-28T07:52:56","slug":"thrustmaster-16000m-fcs-hotas","status":"publish","type":"product","link":"https:\/\/simracing.si\/sl_si\/izdelek\/thrustmaster-16000m-fcs-hotas\/","title":{"rendered":"Thrustmaster 16000M FCS Hotas PC"},"content":{"rendered":"<div class=\"title\">Opis<\/div>\n<p>THRUSTMASTER T.16000M FCS HOTAS JOYSTICK PC je bil zasnovan za napredne letalce, ki i\u0161\u010dejo celovite, realisti\u010dne kontrole kot alternativo uporabi mi\u0161ke in tipkovnice. T.16000M FCS HOTAS JOYSTICK PC je sestavljen iz letalske palice T.16000M FCS (Flight Control System) in du\u0161ilke TWCS (Thrustmaster Weapon Control System). Zahvaljujo\u010d svoji zasnovi in ergonomiji, T.16000M FSC HOTAS omogo\u010da igralcem ve\u010d prepoznavnih lastnosti, ki jim omogo\u010dajo, da med letom postanejo u\u010dinkovitej\u0161i in natan\u010dnej\u0161i. Ta izbolj\u0161ani dostop do nadzora letenja se izka\u017ee za \u0161e bistvenej\u0161ega, ko so igralci popolnoma potopljeni v izjemno izku\u0161njo letenja, ki jo ponujajo igre, zdru\u017eljive z VR. T.16000M FCS HOTAS je najbolj naraven in intuitiven na\u010din, da sedite v pilotski kabini z rokami na ro\u010dici za plin in krmilno palico.<\/p>\n<p>Zna\u010dilnosti<\/p>\n<ul>\n<li><span id=\"pastemarkerend81884\"><\/span>Servomotor brez krta\u010dk industrijskega razreda<\/li>\n<li>Dvojni jermen, optimiziran mehanizem brez trenja<\/li>\n<li>Gladko in brezhibno delovanje &#8211; super tih sistem<\/li>\n<li>Visoko natan\u010dna dirkalna osnova<\/li>\n<li>Kot vrtenja nastavljiv do 900 \u00b0<\/li>\n<\/ul>\n<div class=\"product-feature-block\" style=\"margin: 0px 10px 18px 0px; padding: 0px; font-size: 11px; font-family: Arial, Helvetica, sans-serif; position: relative; width: 445px; float: left; color: #000000;\">\n<div style=\"margin: 0px; padding: 0px; position: relative; float: left; width: 330px;\">\n<p style=\"margin: 8px 0px; padding: 0px; position: relative; color: #545454;\">\n<\/div>\n<\/div>\n","protected":false},"excerpt":{"rendered":"<p>Thrustmaster 16000M FCS Hotas<\/p>\n","protected":false},"featured_media":4189,"comment_status":"closed","ping_status":"closed","template":"","meta":[],"yoast_head":"<!-- This site is optimized with the Yoast SEO plugin v16.3 - https:\/\/yoast.com\/wordpress\/plugins\/seo\/ -->\n<title>Thrustmaster 16000M FCS Hotas PC -<\/title>\n<meta name=\"robots\" content=\"index, follow, max-snippet:-1, max-image-preview:large, max-video-preview:-1\" \/>\n<link rel=\"canonical\" href=\"https:\/\/simracing.si\/sl_si\/izdelek\/thrustmaster-16000m-fcs-hotas\/\" \/>\n<meta property=\"og:locale\" content=\"sl_SI\" \/>\n<meta property=\"og:type\" content=\"article\" \/>\n<meta property=\"og:title\" content=\"Thrustmaster 16000M FCS Hotas PC -\" \/>\n<meta property=\"og:description\" content=\"Thrustmaster 16000M FCS Hotas\" \/>\n<meta property=\"og:url\" content=\"https:\/\/simracing.si\/sl_si\/izdelek\/thrustmaster-16000m-fcs-hotas\/\" \/>\n<meta property=\"article:modified_time\" content=\"2023-06-28T07:52:56+00:00\" \/>\n<meta property=\"og:image\" content=\"https:\/\/simracing.si\/wp-content\/uploads\/2020\/04\/th-hotas-pc-enojen.jpeg\" \/>\n\t<meta property=\"og:image:width\" content=\"550\" \/>\n\t<meta property=\"og:image:height\" content=\"376\" \/>\n<meta name=\"twitter:card\" content=\"summary_large_image\" \/>\n<meta name=\"twitter:label1\" content=\"Est. reading time\">\n\t<meta name=\"twitter:data1\" content=\"1 minuta\">\n<script type=\"application\/ld+json\" class=\"yoast-schema-graph\">{\"@context\":\"https:\/\/schema.org\",\"@graph\":[{\"@type\":\"WebSite\",\"@id\":\"https:\/\/simracing.si\/#website\",\"url\":\"https:\/\/simracing.si\/\",\"name\":\"\",\"description\":\"\",\"potentialAction\":[{\"@type\":\"SearchAction\",\"target\":\"https:\/\/simracing.si\/?s={search_term_string}\",\"query-input\":\"required name=search_term_string\"}],\"inLanguage\":\"sl-SI\"},{\"@type\":\"ImageObject\",\"@id\":\"https:\/\/simracing.si\/izdelek\/thrustmaster-16000m-fcs-hotas\/#primaryimage\",\"inLanguage\":\"sl-SI\",\"url\":\"https:\/\/simracing.si\/wp-content\/uploads\/2020\/04\/th-hotas-pc-enojen.jpeg\",\"contentUrl\":\"https:\/\/simracing.si\/wp-content\/uploads\/2020\/04\/th-hotas-pc-enojen.jpeg\",\"width\":550,\"height\":376},{\"@type\":\"WebPage\",\"@id\":\"https:\/\/simracing.si\/izdelek\/thrustmaster-16000m-fcs-hotas\/#webpage\",\"url\":\"https:\/\/simracing.si\/izdelek\/thrustmaster-16000m-fcs-hotas\/\",\"name\":\"Thrustmaster 16000M FCS Hotas PC -\",\"isPartOf\":{\"@id\":\"https:\/\/simracing.si\/#website\"},\"primaryImageOfPage\":{\"@id\":\"https:\/\/simracing.si\/izdelek\/thrustmaster-16000m-fcs-hotas\/#primaryimage\"},\"datePublished\":\"2020-04-30T17:28:13+00:00\",\"dateModified\":\"2023-06-28T07:52:56+00:00\",\"breadcrumb\":{\"@id\":\"https:\/\/simracing.si\/izdelek\/thrustmaster-16000m-fcs-hotas\/#breadcrumb\"},\"inLanguage\":\"sl-SI\",\"potentialAction\":[{\"@type\":\"ReadAction\",\"target\":[\"https:\/\/simracing.si\/izdelek\/thrustmaster-16000m-fcs-hotas\/\"]}]},{\"@type\":\"BreadcrumbList\",\"@id\":\"https:\/\/simracing.si\/izdelek\/thrustmaster-16000m-fcs-hotas\/#breadcrumb\",\"itemListElement\":[{\"@type\":\"ListItem\",\"position\":1,\"item\":{\"@type\":\"WebPage\",\"@id\":\"https:\/\/simracing.si\/\",\"url\":\"https:\/\/simracing.si\/\",\"name\":\"Home\"}},{\"@type\":\"ListItem\",\"position\":2,\"item\":{\"@type\":\"WebPage\",\"@id\":\"https:\/\/simracing.si\/home\/product-category\/\",\"url\":\"https:\/\/simracing.si\/home\/product-category\/\",\"name\":\"Izdelki\"}},{\"@type\":\"ListItem\",\"position\":3,\"item\":{\"@id\":\"https:\/\/simracing.si\/izdelek\/thrustmaster-16000m-fcs-hotas\/#webpage\"}}]}]}<\/script>\n<!-- \/ Yoast SEO plugin. -->","_links":{"self":[{"href":"https:\/\/simracing.si\/sl_si\/wp-json\/wp\/v2\/product\/1969"}],"collection":[{"href":"https:\/\/simracing.si\/sl_si\/wp-json\/wp\/v2\/product"}],"about":[{"href":"https:\/\/simracing.si\/sl_si\/wp-json\/wp\/v2\/types\/product"}],"replies":[{"embeddable":true,"href":"https:\/\/simracing.si\/sl_si\/wp-json\/wp\/v2\/comments?post=1969"}],"version-history":[{"count":3,"href":"https:\/\/simracing.si\/sl_si\/wp-json\/wp\/v2\/product\/1969\/revisions"}],"predecessor-version":[{"id":4224,"href":"https:\/\/simracing.si\/sl_si\/wp-json\/wp\/v2\/product\/1969\/revisions\/4224"}],"wp:featuredmedia":[{"embeddable":true,"href":"https:\/\/simracing.si\/sl_si\/wp-json\/wp\/v2\/media\/4189"}],"wp:attachment":[{"href":"https:\/\/simracing.si\/sl_si\/wp-json\/wp\/v2\/media?parent=1969"}],"curies":[{"name":"wp","href":"https:\/\/api.w.org\/{rel}","templated":true}]}}