{"id":1957,"date":"2020-04-30T18:28:13","date_gmt":"2020-04-30T17:28:13","guid":{"rendered":"https:\/\/simracing.si\/product\/logitech-g25-volan-brez-menjalnika-rabljen\/"},"modified":"2020-05-19T16:00:48","modified_gmt":"2020-05-19T14:00:48","slug":"logitech-g25-volan-brez-menjalnika-rabljen","status":"publish","type":"product","link":"https:\/\/simracing.si\/sl_si\/izdelek\/logitech-g25-volan-brez-menjalnika-rabljen\/","title":{"rendered":"Logitech g25 volan brez menjalnika rabljen"},"content":{"rendered":"<p>Prodaja se G25 volan<\/p>\n<p>Volan, stopalke, polnilec, <strong>BREZ MENJALNIKA<\/strong><\/p>\n<p>Na volani <strong>ni mehanizma <\/strong>za pri\u010dvr\u0161\u010devanje volana, 2x vijaka+ plastika NI na volanu!<\/p>\n<p>&nbsp;<\/p>\n<p><strong>Garancija 1 mese\u010dna<\/strong><\/p>\n<p>&nbsp;<\/p>\n<p>Original slika!<\/p>\n","protected":false},"excerpt":{"rendered":"<p>Logitech g25 volan brez menjalnika rabljen<\/p>\n","protected":false},"featured_media":2136,"comment_status":"closed","ping_status":"closed","template":"","meta":[],"yoast_head":"<!-- This site is optimized with the Yoast SEO plugin v16.3 - https:\/\/yoast.com\/wordpress\/plugins\/seo\/ -->\n<title>Logitech g25 volan brez menjalnika rabljen -<\/title>\n<meta name=\"robots\" content=\"index, follow, max-snippet:-1, max-image-preview:large, max-video-preview:-1\" \/>\n<link rel=\"canonical\" href=\"https:\/\/simracing.si\/sl_si\/product\/logitech-g25-volan-brez-menjalnika-rabljen\/\" \/>\n<meta property=\"og:locale\" content=\"sl_SI\" \/>\n<meta property=\"og:type\" content=\"article\" \/>\n<meta property=\"og:title\" content=\"Logitech g25 volan brez menjalnika rabljen -\" \/>\n<meta property=\"og:description\" content=\"Logitech g25 volan brez menjalnika rabljen\" \/>\n<meta property=\"og:url\" content=\"https:\/\/simracing.si\/sl_si\/product\/logitech-g25-volan-brez-menjalnika-rabljen\/\" \/>\n<meta property=\"article:modified_time\" content=\"2020-05-19T14:00:48+00:00\" \/>\n<meta property=\"og:image\" content=\"https:\/\/simracing.si\/wp-content\/uploads\/2020\/04\/fukiju.jpg\" \/>\n\t<meta property=\"og:image:width\" content=\"960\" \/>\n\t<meta property=\"og:image:height\" content=\"540\" \/>\n<meta name=\"twitter:card\" content=\"summary_large_image\" \/>\n<script type=\"application\/ld+json\" class=\"yoast-schema-graph\">{\"@context\":\"https:\/\/schema.org\",\"@graph\":[{\"@type\":\"WebSite\",\"@id\":\"https:\/\/simracing.si\/#website\",\"url\":\"https:\/\/simracing.si\/\",\"name\":\"\",\"description\":\"\",\"potentialAction\":[{\"@type\":\"SearchAction\",\"target\":\"https:\/\/simracing.si\/?s={search_term_string}\",\"query-input\":\"required name=search_term_string\"}],\"inLanguage\":\"sl-SI\"},{\"@type\":\"ImageObject\",\"@id\":\"https:\/\/simracing.si\/en_us\/product\/logitech-g25-volan-brez-menjalnika-rabljen\/#primaryimage\",\"inLanguage\":\"sl-SI\",\"url\":\"https:\/\/simracing.si\/wp-content\/uploads\/2020\/04\/fukiju.jpg\",\"contentUrl\":\"https:\/\/simracing.si\/wp-content\/uploads\/2020\/04\/fukiju.jpg\",\"width\":960,\"height\":540},{\"@type\":\"WebPage\",\"@id\":\"https:\/\/simracing.si\/en_us\/product\/logitech-g25-volan-brez-menjalnika-rabljen\/#webpage\",\"url\":\"https:\/\/simracing.si\/en_us\/product\/logitech-g25-volan-brez-menjalnika-rabljen\/\",\"name\":\"Logitech g25 volan brez menjalnika rabljen -\",\"isPartOf\":{\"@id\":\"https:\/\/simracing.si\/#website\"},\"primaryImageOfPage\":{\"@id\":\"https:\/\/simracing.si\/en_us\/product\/logitech-g25-volan-brez-menjalnika-rabljen\/#primaryimage\"},\"datePublished\":\"2020-04-30T17:28:13+00:00\",\"dateModified\":\"2020-05-19T14:00:48+00:00\",\"breadcrumb\":{\"@id\":\"https:\/\/simracing.si\/en_us\/product\/logitech-g25-volan-brez-menjalnika-rabljen\/#breadcrumb\"},\"inLanguage\":\"sl-SI\",\"potentialAction\":[{\"@type\":\"ReadAction\",\"target\":[\"https:\/\/simracing.si\/en_us\/product\/logitech-g25-volan-brez-menjalnika-rabljen\/\"]}]},{\"@type\":\"BreadcrumbList\",\"@id\":\"https:\/\/simracing.si\/en_us\/product\/logitech-g25-volan-brez-menjalnika-rabljen\/#breadcrumb\",\"itemListElement\":[{\"@type\":\"ListItem\",\"position\":1,\"item\":{\"@type\":\"WebPage\",\"@id\":\"https:\/\/simracing.si\/\",\"url\":\"https:\/\/simracing.si\/\",\"name\":\"Home\"}},{\"@type\":\"ListItem\",\"position\":2,\"item\":{\"@type\":\"WebPage\",\"@id\":\"https:\/\/simracing.si\/home\/product-category\/\",\"url\":\"https:\/\/simracing.si\/home\/product-category\/\",\"name\":\"Izdelki\"}},{\"@type\":\"ListItem\",\"position\":3,\"item\":{\"@id\":\"https:\/\/simracing.si\/en_us\/product\/logitech-g25-volan-brez-menjalnika-rabljen\/#webpage\"}}]}]}<\/script>\n<!-- \/ Yoast SEO plugin. -->","_links":{"self":[{"href":"https:\/\/simracing.si\/sl_si\/wp-json\/wp\/v2\/product\/1957"}],"collection":[{"href":"https:\/\/simracing.si\/sl_si\/wp-json\/wp\/v2\/product"}],"about":[{"href":"https:\/\/simracing.si\/sl_si\/wp-json\/wp\/v2\/types\/product"}],"replies":[{"embeddable":true,"href":"https:\/\/simracing.si\/sl_si\/wp-json\/wp\/v2\/comments?post=1957"}],"version-history":[{"count":1,"href":"https:\/\/simracing.si\/sl_si\/wp-json\/wp\/v2\/product\/1957\/revisions"}],"predecessor-version":[{"id":2424,"href":"https:\/\/simracing.si\/sl_si\/wp-json\/wp\/v2\/product\/1957\/revisions\/2424"}],"wp:featuredmedia":[{"embeddable":true,"href":"https:\/\/simracing.si\/sl_si\/wp-json\/wp\/v2\/media\/2136"}],"wp:attachment":[{"href":"https:\/\/simracing.si\/sl_si\/wp-json\/wp\/v2\/media?parent=1957"}],"curies":[{"name":"wp","href":"https:\/\/api.w.org\/{rel}","templated":true}]}}