{"id":1948,"date":"2020-04-30T18:28:02","date_gmt":"2020-04-30T17:28:02","guid":{"rendered":"https:\/\/simracing.si\/product\/volan-hori-officially-licensed-ps4-racing-wheel-pedals-ps4\/"},"modified":"2020-04-30T18:42:10","modified_gmt":"2020-04-30T17:42:10","slug":"volan-hori-officially-licensed-ps4-racing-wheel-pedals-ps4","status":"publish","type":"product","link":"https:\/\/simracing.si\/sl_si\/izdelek\/volan-hori-officially-licensed-ps4-racing-wheel-pedals-ps4\/","title":{"rendered":"Volan HORI Officially Licensed PS4 Racing Wheel &#038; Pedals PS4"},"content":{"rendered":"<p>24 mese\u010dna garancija, pla\u010dilo po predr\u010dunu ali 10% avansa, ali celotnega zneska!<\/p>\n<p><span style=\"color: rgb(64, 64, 64); font-family: 'Droid Sans', sans-serif; font-size: 18px; line-height: 27px;\">This Hori developed and manufactured racing wheel is grade-A material for the PS4. This officially licensed Sony Computer Entertainment America model works right out of the box for the PS3 and PS4. This wheel mimics the controls of the PS4 controller, so you can a have a bit of ridiculous fun and use it with non-racing games. For gearhead gamers, the vibration feedback, rubber wheel grips, super stable foot pedals and programmable buttons should ultimately do the trick. One of the best features for this PlayStation racing wheel is its special Steering Mode, which offers a top of the line feel for any racer you play.<\/span><\/p>\n<p><iframe width=\"560\" height=\"315\" src=\"https:\/\/www.youtube.com\/embed\/IQdN4OnIptY\" frameborder=\"0\" allowfullscreen><\/iframe><\/p>\n","protected":false},"excerpt":{"rendered":"<p>Volan HORI Officially Licensed PS4 Racing Wheel &#038; Pedals PS4<\/p>\n","protected":false},"featured_media":2127,"comment_status":"closed","ping_status":"closed","template":"","meta":[],"yoast_head":"<!-- This site is optimized with the Yoast SEO plugin v16.3 - https:\/\/yoast.com\/wordpress\/plugins\/seo\/ -->\n<title>Volan HORI Officially Licensed PS4 Racing Wheel &amp; Pedals PS4 -<\/title>\n<meta name=\"robots\" content=\"index, follow, max-snippet:-1, max-image-preview:large, max-video-preview:-1\" \/>\n<link rel=\"canonical\" href=\"https:\/\/simracing.si\/sl_si\/izdelek\/volan-hori-officially-licensed-ps4-racing-wheel-pedals-ps4\/\" \/>\n<meta property=\"og:locale\" content=\"sl_SI\" \/>\n<meta property=\"og:type\" content=\"article\" \/>\n<meta property=\"og:title\" content=\"Volan HORI Officially Licensed PS4 Racing Wheel &amp; Pedals PS4 -\" \/>\n<meta property=\"og:description\" content=\"Volan HORI Officially Licensed PS4 Racing Wheel &amp; Pedals PS4\" \/>\n<meta property=\"og:url\" content=\"https:\/\/simracing.si\/sl_si\/izdelek\/volan-hori-officially-licensed-ps4-racing-wheel-pedals-ps4\/\" \/>\n<meta property=\"article:modified_time\" content=\"2020-04-30T17:42:10+00:00\" \/>\n<meta property=\"og:image\" content=\"https:\/\/simracing.si\/wp-content\/uploads\/2020\/04\/horivolan1.jpg\" \/>\n\t<meta property=\"og:image:width\" content=\"640\" \/>\n\t<meta property=\"og:image:height\" content=\"326\" \/>\n<meta name=\"twitter:card\" content=\"summary_large_image\" \/>\n<meta name=\"twitter:label1\" content=\"Est. reading time\">\n\t<meta name=\"twitter:data1\" content=\"1 minuta\">\n<script type=\"application\/ld+json\" class=\"yoast-schema-graph\">{\"@context\":\"https:\/\/schema.org\",\"@graph\":[{\"@type\":\"WebSite\",\"@id\":\"https:\/\/simracing.si\/#website\",\"url\":\"https:\/\/simracing.si\/\",\"name\":\"\",\"description\":\"\",\"potentialAction\":[{\"@type\":\"SearchAction\",\"target\":\"https:\/\/simracing.si\/?s={search_term_string}\",\"query-input\":\"required name=search_term_string\"}],\"inLanguage\":\"sl-SI\"},{\"@type\":\"ImageObject\",\"@id\":\"https:\/\/simracing.si\/sl_si\/izdelek\/volan-hori-officially-licensed-ps4-racing-wheel-pedals-ps4\/#primaryimage\",\"inLanguage\":\"sl-SI\",\"url\":\"https:\/\/simracing.si\/wp-content\/uploads\/2020\/04\/horivolan1.jpg\",\"contentUrl\":\"https:\/\/simracing.si\/wp-content\/uploads\/2020\/04\/horivolan1.jpg\",\"width\":640,\"height\":326},{\"@type\":\"WebPage\",\"@id\":\"https:\/\/simracing.si\/sl_si\/izdelek\/volan-hori-officially-licensed-ps4-racing-wheel-pedals-ps4\/#webpage\",\"url\":\"https:\/\/simracing.si\/sl_si\/izdelek\/volan-hori-officially-licensed-ps4-racing-wheel-pedals-ps4\/\",\"name\":\"Volan HORI Officially Licensed PS4 Racing Wheel & Pedals PS4 -\",\"isPartOf\":{\"@id\":\"https:\/\/simracing.si\/#website\"},\"primaryImageOfPage\":{\"@id\":\"https:\/\/simracing.si\/sl_si\/izdelek\/volan-hori-officially-licensed-ps4-racing-wheel-pedals-ps4\/#primaryimage\"},\"datePublished\":\"2020-04-30T17:28:02+00:00\",\"dateModified\":\"2020-04-30T17:42:10+00:00\",\"breadcrumb\":{\"@id\":\"https:\/\/simracing.si\/sl_si\/izdelek\/volan-hori-officially-licensed-ps4-racing-wheel-pedals-ps4\/#breadcrumb\"},\"inLanguage\":\"sl-SI\",\"potentialAction\":[{\"@type\":\"ReadAction\",\"target\":[\"https:\/\/simracing.si\/sl_si\/izdelek\/volan-hori-officially-licensed-ps4-racing-wheel-pedals-ps4\/\"]}]},{\"@type\":\"BreadcrumbList\",\"@id\":\"https:\/\/simracing.si\/sl_si\/izdelek\/volan-hori-officially-licensed-ps4-racing-wheel-pedals-ps4\/#breadcrumb\",\"itemListElement\":[{\"@type\":\"ListItem\",\"position\":1,\"item\":{\"@type\":\"WebPage\",\"@id\":\"https:\/\/simracing.si\/\",\"url\":\"https:\/\/simracing.si\/\",\"name\":\"Home\"}},{\"@type\":\"ListItem\",\"position\":2,\"item\":{\"@type\":\"WebPage\",\"@id\":\"https:\/\/simracing.si\/home\/product-category\/\",\"url\":\"https:\/\/simracing.si\/home\/product-category\/\",\"name\":\"Izdelki\"}},{\"@type\":\"ListItem\",\"position\":3,\"item\":{\"@id\":\"https:\/\/simracing.si\/sl_si\/izdelek\/volan-hori-officially-licensed-ps4-racing-wheel-pedals-ps4\/#webpage\"}}]}]}<\/script>\n<!-- \/ Yoast SEO plugin. -->","_links":{"self":[{"href":"https:\/\/simracing.si\/sl_si\/wp-json\/wp\/v2\/product\/1948"}],"collection":[{"href":"https:\/\/simracing.si\/sl_si\/wp-json\/wp\/v2\/product"}],"about":[{"href":"https:\/\/simracing.si\/sl_si\/wp-json\/wp\/v2\/types\/product"}],"replies":[{"embeddable":true,"href":"https:\/\/simracing.si\/sl_si\/wp-json\/wp\/v2\/comments?post=1948"}],"version-history":[{"count":0,"href":"https:\/\/simracing.si\/sl_si\/wp-json\/wp\/v2\/product\/1948\/revisions"}],"wp:featuredmedia":[{"embeddable":true,"href":"https:\/\/simracing.si\/sl_si\/wp-json\/wp\/v2\/media\/2127"}],"wp:attachment":[{"href":"https:\/\/simracing.si\/sl_si\/wp-json\/wp\/v2\/media?parent=1948"}],"curies":[{"name":"wp","href":"https:\/\/api.w.org\/{rel}","templated":true}]}}