{"id":1941,"date":"2020-04-30T18:28:02","date_gmt":"2020-04-30T17:28:02","guid":{"rendered":"https:\/\/simracing.si\/product\/volan-thrustmaster-t300-rs-racing-wheel-ps4-ps3-rabljen\/"},"modified":"2020-05-19T15:53:07","modified_gmt":"2020-05-19T13:53:07","slug":"volan-thrustmaster-t300-rs-racing-wheel-ps4-ps3-rabljen","status":"publish","type":"product","link":"https:\/\/simracing.si\/sl_si\/izdelek\/volan-thrustmaster-t300-rs-racing-wheel-ps4-ps3-rabljen\/","title":{"rendered":"VOLAN THRUSTMASTER T300 RS RACING WHEEL PS4 PS3 Rabljen"},"content":{"rendered":"<p>Prodaja se kot nov volan T 300 odli\u010den volan za vse prave dirka\u0161ke igre ali simulacije, odli\u010dn delovanje na PS3, PS4 in PC sistemih, uradni volan za PS4 konzolo, odli\u010den za F1 2015, PROJECT CARS, WRC 5 , DRIVE CLUB ..itd<\/p>\n<p>&nbsp;<\/p>\n<p><strong>Rabljen max do 30h, \u0161e 12 mese\u010dna garancija!<\/strong><\/p>\n<p>&nbsp;<\/p>\n<p><strong>Mo\u017ena menjava za vse igralne konzole kot so PS2,PS3,XBOX 360, X1, PS4 PSP, VITA, WII, WII-U, na\u0161e ali va\u0161e dopla\u010dilo!<\/strong><\/p>\n<p>&nbsp;<\/p>\n<p>&nbsp;<\/p>\n<p style=\"margin: 20px 0px 0px; font-size: 12px; padding: 0px; border: 0px; outline: 0px; vertical-align: top; line-height: normal; color: rgb(153, 153, 153); font-family: Arial, Arial, Helvetica, sans-serif; background: rgb(245, 245, 245);\"><span style=\"margin: 0px; padding: 0px; border: 0px; outline: 0px; vertical-align: baseline; color: rgb(0, 0, 0); background: transparent;\"><strong style=\"margin: 0px; padding: 0px; border: 0px; outline: 0px; vertical-align: top; background: transparent;\">The very latest technologies available<\/strong><\/span><\/p>\n<p><span style=\"margin: 0px; padding: 0px; border: 0px; outline: 0px; vertical-align: baseline; color: rgb(0, 0, 0); background: transparent;\">Thrustmaster accompanies virtual racers through their learning curve in terms of experience with the T300 RS, as this simulator lets gamers really take the plunge into the world of racing, and hone their driving skills for better performance. To achieve this, under the hood there\u2019s nothing less than a genuine brushless industrial Force Feedback motor (with frictionless action), combined with a new 1080\u00b0 dual-belt system to deliver super-smooth and quiet Force Feedback with incredibly responsive, realistic Force effects. Thrustmaster\u2019s development teams have added precision to the motor\u2019s impressive capabilities by incorporating H.E.A.R.T HallEffect AccuRate Technology\u00ae, featuring a contactless magnetic sensor: this provides 16-bit resolution, for 65,536 values on the wheel\u2019s steering. The T300 RS also features an internal memory, upgradable firmware so that users will always have access to the latest improvements via the wheel\u2019s PC compatibility, and a PS4\/PS3 sliding switch on its base for optimal compatibility with both systems.<\/span><\/p>\n<p style=\"margin: 20px 0px 0px; font-size: 12px; padding: 0px; border: 0px; outline: 0px; vertical-align: top; line-height: normal; color: rgb(153, 153, 153); font-family: Arial, Arial, Helvetica, sans-serif; background: rgb(245, 245, 245);\">&nbsp;<\/p>\n<p style=\"margin: 20px 0px 0px; font-size: 12px; padding: 0px; border: 0px; outline: 0px; vertical-align: top; line-height: normal; color: rgb(153, 153, 153); font-family: Arial, Arial, Helvetica, sans-serif; background: rgb(245, 245, 245);\"><span style=\"margin: 0px; padding: 0px; border: 0px; outline: 0px; vertical-align: baseline; color: rgb(0, 0, 0); background: transparent;\"><strong style=\"margin: 0px; padding: 0px; border: 0px; outline: 0px; vertical-align: top; background: transparent;\">Detachable wheel, adjustable pedal set and modular product ecosystem<\/strong><\/span><\/p>\n<p style=\"margin: 20px 0px 0px; font-size: 12px; padding: 0px; border: 0px; outline: 0px; vertical-align: top; line-height: normal; color: rgb(153, 153, 153); font-family: Arial, Arial, Helvetica, sans-serif; background: rgb(245, 245, 245);\">\n<span style=\"margin: 0px; padding: 0px; border: 0px; outline: 0px; vertical-align: baseline; color: rgb(0, 0, 0); background: transparent;\">The T300 RS includes a detachable wheel, featuring the Thrustmaster Quick Release system: the wheel measures 28 cm \/ 11 inches in diameter, with brushed metal central spokes. Its official PS4 buttons (PS, SHARE, OPTIONS) let users access the system\u2019s new social functions at any time. The T300 RS weighs in at approximately 1.2 kg \/ 2.6 lbs, for ultra-realistic inertia and Force Feedback. The wheel\u2019s entire circumference features reinforced textured rubber cladding, for the ultimate in comfort. 2 large sequential paddle shifters are attached to the wheel: they\u2019re 13 cm \/ 5 inches in height for easy access, and 100% metal. The wheel\u2019s angle of rotation can be adjusted from 270\u00b0 to 1080\u00b0, depending on the type of vehicle being driven in the game! What\u2019s more, the wheel is interchangable with other Thrustmaster wheels (the Ferrari F1 Wheel Add-on*, Ferrari GTE Wheel Add-on* and T500 RS* GT Wheel). The T300 RS\u2019s pedal set features metal pedals with a long range of travel, which are fully adjustable in both height and spacing \u2013 with 6 different possible positions per pedal. The brake pedal even features progressive resistance.<\/span><\/p>\n<p style=\"margin: 20px 0px 0px; font-size: 12px; padding: 0px; border: 0px; outline: 0px; vertical-align: top; line-height: normal; color: rgb(153, 153, 153); font-family: Arial, Arial, Helvetica, sans-serif; background: rgb(245, 245, 245);\">\n<span style=\"margin: 0px; padding: 0px; border: 0px; outline: 0px; vertical-align: baseline; color: rgb(0, 0, 0); background: transparent;\">The T300 RS is also compatible with the Base Fixed Paddle Shifters kit* (allowing users to install stationary paddle shifters on the wheel\u2019s base), Thrustmaster\u2019s 3-pedal pedal sets (T3PA* and T500 RS*), and the TH8A* and TH8RS* shifters.<\/span><\/p>\n<p><iframe width=\"560\" height=\"315\" src=\"https:\/\/www.youtube.com\/embed\/SUI_XNyEfrs\" frameborder=\"0\" allowfullscreen><\/iframe><\/p>\n<p><iframe width=\"560\" height=\"315\" src=\"https:\/\/www.youtube.com\/embed\/XQPWsvO1EPA\" frameborder=\"0\" allowfullscreen><\/iframe><\/p>\n<p><iframe width=\"560\" height=\"315\" src=\"https:\/\/www.youtube.com\/embed\/FVhYJtXIuFY\" frameborder=\"0\" allowfullscreen><\/iframe><\/p>\n","protected":false},"excerpt":{"rendered":"<p>THRUSTMASTER T300 RS RACING WHEEL PS4 PS3 Rabljen<\/p>\n","protected":false},"featured_media":2109,"comment_status":"closed","ping_status":"closed","template":"","meta":[],"yoast_head":"<!-- This site is optimized with the Yoast SEO plugin v16.3 - https:\/\/yoast.com\/wordpress\/plugins\/seo\/ -->\n<title>VOLAN THRUSTMASTER T300 RS RACING WHEEL PS4 PS3 Rabljen -<\/title>\n<meta name=\"robots\" content=\"index, follow, max-snippet:-1, max-image-preview:large, max-video-preview:-1\" \/>\n<link rel=\"canonical\" href=\"http:\/\/simracing.si\/sl_si\/product\/volan-thrustmaster-t300-rs-racing-wheel-ps4-ps3-rabljen\/\" \/>\n<meta property=\"og:locale\" content=\"sl_SI\" \/>\n<meta property=\"og:type\" content=\"article\" \/>\n<meta property=\"og:title\" content=\"VOLAN THRUSTMASTER T300 RS RACING WHEEL PS4 PS3 Rabljen -\" \/>\n<meta property=\"og:description\" content=\"THRUSTMASTER T300 RS RACING WHEEL PS4 PS3 Rabljen\" \/>\n<meta property=\"og:url\" content=\"http:\/\/simracing.si\/sl_si\/product\/volan-thrustmaster-t300-rs-racing-wheel-ps4-ps3-rabljen\/\" \/>\n<meta property=\"article:modified_time\" content=\"2020-05-19T13:53:07+00:00\" \/>\n<meta property=\"og:image\" content=\"https:\/\/simracing.si\/wp-content\/uploads\/2020\/04\/ht1.jpg\" \/>\n\t<meta property=\"og:image:width\" content=\"600\" \/>\n\t<meta property=\"og:image:height\" content=\"600\" \/>\n<meta name=\"twitter:card\" content=\"summary_large_image\" \/>\n<meta name=\"twitter:label1\" content=\"Est. reading time\">\n\t<meta name=\"twitter:data1\" content=\"2 minuti\">\n<script type=\"application\/ld+json\" class=\"yoast-schema-graph\">{\"@context\":\"https:\/\/schema.org\",\"@graph\":[{\"@type\":\"WebSite\",\"@id\":\"https:\/\/simracing.si\/#website\",\"url\":\"https:\/\/simracing.si\/\",\"name\":\"\",\"description\":\"\",\"potentialAction\":[{\"@type\":\"SearchAction\",\"target\":\"https:\/\/simracing.si\/?s={search_term_string}\",\"query-input\":\"required name=search_term_string\"}],\"inLanguage\":\"sl-SI\"},{\"@type\":\"ImageObject\",\"@id\":\"http:\/\/simracing.si\/en_us\/product\/volan-thrustmaster-t300-rs-racing-wheel-ps4-ps3-rabljen\/#primaryimage\",\"inLanguage\":\"sl-SI\",\"url\":\"https:\/\/simracing.si\/wp-content\/uploads\/2020\/04\/ht1.jpg\",\"contentUrl\":\"https:\/\/simracing.si\/wp-content\/uploads\/2020\/04\/ht1.jpg\",\"width\":600,\"height\":600},{\"@type\":\"WebPage\",\"@id\":\"http:\/\/simracing.si\/en_us\/product\/volan-thrustmaster-t300-rs-racing-wheel-ps4-ps3-rabljen\/#webpage\",\"url\":\"http:\/\/simracing.si\/en_us\/product\/volan-thrustmaster-t300-rs-racing-wheel-ps4-ps3-rabljen\/\",\"name\":\"VOLAN THRUSTMASTER T300 RS RACING WHEEL PS4 PS3 Rabljen -\",\"isPartOf\":{\"@id\":\"https:\/\/simracing.si\/#website\"},\"primaryImageOfPage\":{\"@id\":\"http:\/\/simracing.si\/en_us\/product\/volan-thrustmaster-t300-rs-racing-wheel-ps4-ps3-rabljen\/#primaryimage\"},\"datePublished\":\"2020-04-30T17:28:02+00:00\",\"dateModified\":\"2020-05-19T13:53:07+00:00\",\"breadcrumb\":{\"@id\":\"http:\/\/simracing.si\/en_us\/product\/volan-thrustmaster-t300-rs-racing-wheel-ps4-ps3-rabljen\/#breadcrumb\"},\"inLanguage\":\"sl-SI\",\"potentialAction\":[{\"@type\":\"ReadAction\",\"target\":[\"http:\/\/simracing.si\/en_us\/product\/volan-thrustmaster-t300-rs-racing-wheel-ps4-ps3-rabljen\/\"]}]},{\"@type\":\"BreadcrumbList\",\"@id\":\"http:\/\/simracing.si\/en_us\/product\/volan-thrustmaster-t300-rs-racing-wheel-ps4-ps3-rabljen\/#breadcrumb\",\"itemListElement\":[{\"@type\":\"ListItem\",\"position\":1,\"item\":{\"@type\":\"WebPage\",\"@id\":\"https:\/\/simracing.si\/\",\"url\":\"https:\/\/simracing.si\/\",\"name\":\"Home\"}},{\"@type\":\"ListItem\",\"position\":2,\"item\":{\"@type\":\"WebPage\",\"@id\":\"https:\/\/simracing.si\/home\/product-category\/\",\"url\":\"https:\/\/simracing.si\/home\/product-category\/\",\"name\":\"Izdelki\"}},{\"@type\":\"ListItem\",\"position\":3,\"item\":{\"@id\":\"http:\/\/simracing.si\/en_us\/product\/volan-thrustmaster-t300-rs-racing-wheel-ps4-ps3-rabljen\/#webpage\"}}]}]}<\/script>\n<!-- \/ Yoast SEO plugin. -->","_links":{"self":[{"href":"https:\/\/simracing.si\/sl_si\/wp-json\/wp\/v2\/product\/1941"}],"collection":[{"href":"https:\/\/simracing.si\/sl_si\/wp-json\/wp\/v2\/product"}],"about":[{"href":"https:\/\/simracing.si\/sl_si\/wp-json\/wp\/v2\/types\/product"}],"replies":[{"embeddable":true,"href":"https:\/\/simracing.si\/sl_si\/wp-json\/wp\/v2\/comments?post=1941"}],"version-history":[{"count":1,"href":"https:\/\/simracing.si\/sl_si\/wp-json\/wp\/v2\/product\/1941\/revisions"}],"predecessor-version":[{"id":2416,"href":"https:\/\/simracing.si\/sl_si\/wp-json\/wp\/v2\/product\/1941\/revisions\/2416"}],"wp:featuredmedia":[{"embeddable":true,"href":"https:\/\/simracing.si\/sl_si\/wp-json\/wp\/v2\/media\/2109"}],"wp:attachment":[{"href":"https:\/\/simracing.si\/sl_si\/wp-json\/wp\/v2\/media?parent=1941"}],"curies":[{"name":"wp","href":"https:\/\/api.w.org\/{rel}","templated":true}]}}