{"id":1939,"date":"2020-04-30T18:28:02","date_gmt":"2020-04-30T17:28:02","guid":{"rendered":"https:\/\/simracing.si\/product\/rs1-rseat-dirkalni-sedezi-razlicne-barve\/"},"modified":"2020-05-03T16:51:10","modified_gmt":"2020-05-03T15:51:10","slug":"rs1-rseat-dirkalni-sedezi-razlicne-barve","status":"publish","type":"product","link":"https:\/\/simracing.si\/sl_si\/izdelek\/rs1-rseat-dirkalni-sedezi-razlicne-barve\/","title":{"rendered":"RS1 rseat dirkalni sede\u017ei, razli\u010dne barve"},"content":{"rendered":"<p><strong>Vsi razli\u010dni modeli sede\u017eev, pla\u010dilo na na\u0161 TRR ra\u010dun celotnega zneska, ali 10% avansa, rok dobave 3 do 14 dni.<\/strong><\/p>\n<p>&nbsp;<\/p>\n<p><strong>Vrhunski dirkalni sede\u017e, za prave sim igralce, veliko mo\u017enosti nastavljanja sede\u017ea, 24 mese\u010dna garancija!<\/strong><\/p>\n<p>&nbsp;<\/p>\n<p style=\"margin: 9px 0px; padding: 0px; border: 0px; outline: 0px; color: rgb(129, 129, 129); font-family: Arial, Helvetica, sans-serif; line-height: 18px;\">RS1 is a new generation simulator build in modular desing. You will be able to upgrade and build your RS1 simulator all the way down from Basic rig up to Full motion. The key features are: RS1 Basic comes with Shifter mount and Seat Sliders included. Accessories: Buttkicker Mount, Tablet\/Buttonbox mount, Keyboard and Mouse tray, Speakers Mount (Logitech\u00ae Z906 Support) Full motion System with 3 and 4 Actuators, triple stands for up to 3\u00d747 inch tv\u2019s. For full technical details visit our official website &#8211;&nbsp;<a href=\"http:\/\/www.rseat.net\/rs1\/\" style=\"margin: 0px; padding: 0px; border: 0px; outline: 0px;\" target=\"_blank\" rel=\"noopener noreferrer\">click here<\/a><\/p>\n<p><img alt=\"\" src=\"https:\/\/www.rseat-europe.com\/image\/data\/rs1-basic\/rs1-bk-bk\/rseat-rs1-black-black-01.jpg\" style=\"margin: 0px; padding: 0px; border: 0px; outline: 0px; max-width: 100%;\" \/><\/p>\n<h4 style=\"margin: 1px 0px 10px; padding: 10px 0px; border: 0px; outline: 0px; font-size: 18px; font-family: 'Open Sans'; line-height: 18px; color: rgb(17, 17, 17); background-image: url(https:\/\/www.rseat-europe.com\/catalog\/view\/theme\/megastore\/images\/border.png); background-attachment: initial; background-size: initial; background-origin: initial; background-clip: initial; background-position: 0% 100%; background-repeat: repeat-x;\">Support<\/h4>\n<p style=\"margin: 9px 0px; padding: 0px; border: 0px; outline: 0px; font-size: 12px; color: rgb(129, 129, 129); font-family: Arial, Helvetica, sans-serif; line-height: 18px;\"><img alt=\"\" src=\"https:\/\/www.rseat-europe.com\/image\/data\/logo-support-2015.jpg\" style=\"margin: 0px; padding: 0px; border: 0px; outline: 0px; max-width: 300px;\" \/><\/p>\n<h4 style=\"margin: 1px 0px 10px; padding: 10px 0px; border: 0px; outline: 0px; font-size: 18px; font-family: 'Open Sans'; line-height: 18px; color: rgb(17, 17, 17); background-image: url(https:\/\/www.rseat-europe.com\/catalog\/view\/theme\/megastore\/images\/border.png); background-attachment: initial; background-size: initial; background-origin: initial; background-clip: initial; background-position: 0% 100%; background-repeat: repeat-x;\">Available Upgrades<\/h4>\n<ul style=\"margin: 0px 0px 0px 18px; padding-right: 0px; padding-left: 0px; border: 0px; outline: 0px; color: rgb(129, 129, 129); font-family: Arial, Helvetica, sans-serif; line-height: 18px;\">\n<li style=\"margin: 0px; padding: 0px; border: 0px; outline: 0px;\">1. Buttkicker mounting kit. Support Buttkicker \u2122 Gamer 2, Pearl \u2122 THMP1, ButtKicker \u2122 Simulation Kit..<\/li>\n<li style=\"margin: 0px; padding: 0px; border: 0px; outline: 0px;\">2. Tablet and Buttonbox mounting kit. All way adjustable including tilt and angle.<\/li>\n<li style=\"margin: 0px; padding: 0px; border: 0px; outline: 0px;\">3. Keyboard and mouse tray. All way adjustable including angle, tilt and height.<\/li>\n<li style=\"margin: 0px; padding: 0px; border: 0px; outline: 0px;\">4. Speakers Mounting kit. Logitech Z906 Supported and more..<\/li>\n<li style=\"margin: 0px; padding: 0px; border: 0px; outline: 0px;\">5. Shifter Upgrade kit. Support Fanatec Clubsport Shifter, Thrustmaster HOTAS Warthog\u2122 Throttle and Stick.<\/li>\n<li style=\"margin: 0px; padding: 0px; border: 0px; outline: 0px;\">Additional upgrades include D-BOX Motion, TV\/monitor stands for up to 3x47inch tv&#8217;s.<\/li>\n<\/ul>\n<p style=\"margin: 9px 0px; padding: 0px; border: 0px; outline: 0px; font-size: 12px; color: rgb(129, 129, 129); font-family: Arial, Helvetica, sans-serif; line-height: 18px;\"><img alt=\"\" src=\"https:\/\/www.rseat-europe.com\/image\/data\/rs1-accessories\/rs1-addons-black-black.jpg\" style=\"margin: 0px; padding: 0px; border: 0px; outline: 0px; max-width: 100%;\" \/><\/p>\n<h4 style=\"margin: 1px 0px 10px; padding: 10px 0px; border: 0px; outline: 0px; font-size: 18px; font-family: 'Open Sans'; line-height: 18px; color: rgb(17, 17, 17); background-image: url(https:\/\/www.rseat-europe.com\/catalog\/view\/theme\/megastore\/images\/border.png); background-attachment: initial; background-size: initial; background-origin: initial; background-clip: initial; background-position: 0% 100%; background-repeat: repeat-x;\">Specification<\/h4>\n<ul style=\"margin: 0px 0px 0px 18px; padding-right: 0px; padding-left: 0px; border: 0px; outline: 0px; color: rgb(129, 129, 129); font-family: Arial, Helvetica, sans-serif; line-height: 18px;\">\n<li style=\"margin: 0px; padding: 0px; border: 0px; outline: 0px;\">Support PC, PS3, XBOX<\/li>\n<li style=\"margin: 0px; padding: 0px; border: 0px; outline: 0px;\">Seating position Rally\/GT<\/li>\n<li style=\"margin: 0px; padding: 0px; border: 0px; outline: 0px;\">Footprint dimensions: L\/W\/H 1300-1480 mm. x 688 mm. x 1100 mm. (51.2\u201d \u2013 58.27\u201d) x 27.1\u201d x 43.3\u201d<\/li>\n<li style=\"margin: 0px; padding: 0px; border: 0px; outline: 0px;\">Wheels -Thrustmaster T500RS, T300RS, TX Racing Wheel Ferrari 458 Italia Edition,&nbsp; \u2013 Fanatec Porsche GT2\/GT3, CSR and CSR Elite, Clubsport Wheel, Logitech G27\/G25<\/li>\n<li style=\"margin: 0px; padding: 0px; border: 0px; outline: 0px;\">Pedals \u2013 Thrustmaster T500RS, T300RS, T3PA ADD-ON \u2013 Fanatec clubsport V1, V2, CSR Pedals, CSR Elite Pedals \u2013 Logitech G27\/G25, and more..<\/li>\n<li style=\"margin: 0px; padding: 0px; border: 0px; outline: 0px;\">Shifters \u2013 Thrustmaster TH8RS, Fanatec CSR Shifter, Fanatec ClubSport Shifters (need RS1 Shifter Addon Kit), DSD Shifter, Logitech G25\/G27 and more..<\/li>\n<li style=\"margin: 0px; padding: 0px; border: 0px; outline: 0px;\">Buttkicker \u2122 Gamer 2, Pearl \u2122 THMP1, ButtKicker \u2122 Simulation Kit, and more.. (need Buttkicker upgrade kit. See below)<\/li>\n<li style=\"margin: 0px; padding: 0px; border: 0px; outline: 0px;\">All tools and screws to attach your wheel, shifter and pedals are provided.<\/li>\n<li style=\"margin: 0px; padding: 0px; border: 0px; outline: 0px;\">Logitech\u00ae Z906 5.1 Sound system (need Speakers upgrade kit. See below)<\/li>\n<li style=\"margin: 0px; padding: 0px; border: 0px; outline: 0px;\"><strong style=\"margin: 0px; padding: 0px; border: 0px; outline: 0px;\">D-BOX \u2122 motion Ready &#8211; kit 3250i, 4250i&nbsp;<\/strong>(need upgrade kit. See below)<\/li>\n<li style=\"margin: 0px; padding: 0px; border: 0px; outline: 0px;\"><strong style=\"margin: 0px; padding: 0px; border: 0px; outline: 0px;\">Tablet\/Buttonbox support&nbsp;<\/strong>(need upgrade kit. See below)<\/li>\n<li style=\"margin: 0px; padding: 0px; border: 0px; outline: 0px;\"><strong style=\"margin: 0px; padding: 0px; border: 0px; outline: 0px;\">2 year Warranty<\/strong>&nbsp;on all Rseat Manufactured components including chassis and seat&nbsp;<\/li>\n<li style=\"margin: 0px; padding: 0px; border: 0px; outline: 0px;\"><strong style=\"margin: 0px; padding: 0px; border: 0px; outline: 0px;\">Made in EU<\/strong>.<\/li>\n<\/ul>\n<h4 style=\"margin: 1px 0px 10px; padding: 10px 0px; border: 0px; outline: 0px; font-size: 18px; font-family: 'Open Sans'; line-height: 18px; color: rgb(17, 17, 17); background-image: url(https:\/\/www.rseat-europe.com\/catalog\/view\/theme\/megastore\/images\/border.png); background-attachment: initial; background-size: initial; background-origin: initial; background-clip: initial; background-position: 0% 100%; background-repeat: repeat-x;\">The Seat<\/h4>\n<ul style=\"margin: 0px 0px 0px 18px; padding-right: 0px; padding-left: 0px; border: 0px; outline: 0px; color: rgb(129, 129, 129); font-family: Arial, Helvetica, sans-serif; line-height: 18px;\">\n<li style=\"margin: 0px; padding: 0px; border: 0px; outline: 0px;\">Seat shell made of composite materials and finished in gloss black.<\/li>\n<li style=\"margin: 0px; padding: 0px; border: 0px; outline: 0px;\">Leather comes in 3 color options (White, Black and Red)<\/li>\n<li style=\"margin: 0px; padding: 0px; border: 0px; outline: 0px;\">RS1 Allow to recline the entire seat \u00b14\u00b0<\/li>\n<li style=\"margin: 0px; padding: 0px; border: 0px; outline: 0px;\">Seat sliders allow to adjust it front-backwards \u00b190mm (3.54inch)<\/li>\n<li style=\"margin: 0px; padding: 0px; border: 0px; outline: 0px;\">Highly wear resistant suitable for game race centers.<\/li>\n<\/ul>\n<h4 style=\"margin: 1px 0px 10px; padding: 10px 0px; border: 0px; outline: 0px; font-size: 18px; font-family: 'Open Sans'; line-height: 18px; color: rgb(17, 17, 17); background-image: url(https:\/\/www.rseat-europe.com\/catalog\/view\/theme\/megastore\/images\/border.png); background-attachment: initial; background-size: initial; background-origin: initial; background-clip: initial; background-position: 0% 100%; background-repeat: repeat-x;\">Chassis<\/h4>\n<ul style=\"margin: 0px 0px 0px 18px; padding-right: 0px; padding-left: 0px; border: 0px; outline: 0px; color: rgb(129, 129, 129); font-family: Arial, Helvetica, sans-serif; line-height: 18px;\">\n<li style=\"margin: 0px; padding: 0px; border: 0px; outline: 0px;\">Made of Laser cut carbon steel and cnc bended round tubes.<\/li>\n<li style=\"margin: 0px; padding: 0px; border: 0px; outline: 0px;\">Comes in two color options (Black matte or White matte powder coat paint).<\/li>\n<li style=\"margin: 0px; padding: 0px; border: 0px; outline: 0px;\">Frame step on the ground by 4 adjustable legs (37mm diameter each).<\/li>\n<li style=\"margin: 0px; padding: 0px; border: 0px; outline: 0px;\">Total height (with the seat): 1100 mm (43.3\u201d)<\/li>\n<li style=\"margin: 0px; padding: 0px; border: 0px; outline: 0px;\">Total width: Rear: 688 mm (27.1\u201d)<\/li>\n<li style=\"margin: 0px; padding: 0px; border: 0px; outline: 0px;\">Lenght: 1300 \u2013 1480 mm. (51.2\u201d \u2013 58.27\u201d)<\/li>\n<li style=\"margin: 0px; padding: 0px; border: 0px; outline: 0px;\">Pedal plate width 350 mm. (13.78\u201d)<\/li>\n<li style=\"margin: 0px; padding: 0px; border: 0px; outline: 0px;\">Pedal plate adjust from full flat up to 60\u00b0<\/li>\n<li style=\"margin: 0px; padding: 0px; border: 0px; outline: 0px;\">Whell mounting plate allow to adjust height of the wheel \u00b18 cm (3.15\u201d)<\/li>\n<li style=\"margin: 0px; padding: 0px; border: 0px; outline: 0px;\">Slide pedals front-backwards \u00b190mm (3.54inch)<\/li>\n<li style=\"margin: 0px; padding: 0px; border: 0px; outline: 0px;\">Net weight: 42 kg (92.6 lbs)<\/li>\n<li style=\"margin: 0px; padding: 0px; border: 0px; outline: 0px;\">Gross weight 50 kg (110.2 lbs) The RS1 with the packaging.<\/li>\n<li style=\"margin: 0px; padding: 0px; border: 0px; outline: 0px;\">Box dimensions L\/W\/H 118cm x 67cm x 62cm (46.45\u201d x 26.38\u201d x 24.41\u201d)\n<p>\n\t<img alt=\"\" src=\"https:\/\/www.rseat-europe.com\/image\/data\/rs1-basic\/rs1-dimensions-2015\/rseat-rs1-adjustment-all.jpg\" style=\"margin: 0px; padding: 0px; border: 0px; outline: 0px; max-width: 100%;\" \/><br \/>\n\t&nbsp;<\/li>\n<\/ul>\n<h4 style=\"margin: 1px 0px 10px; padding: 10px 0px; border: 0px; outline: 0px; font-size: 18px; font-family: 'Open Sans'; line-height: 18px; color: rgb(17, 17, 17); background-image: url(https:\/\/www.rseat-europe.com\/catalog\/view\/theme\/megastore\/images\/border.png); background-attachment: initial; background-size: initial; background-origin: initial; background-clip: initial; background-position: 0% 100%; background-repeat: repeat-x;\">Hardware<\/h4>\n<ul style=\"margin: 0px 0px 0px 18px; padding-right: 0px; padding-left: 0px; border: 0px; outline: 0px; color: rgb(129, 129, 129); font-family: Arial, Helvetica, sans-serif; line-height: 18px;\">\n<li style=\"margin: 0px; padding: 0px; border: 0px; outline: 0px;\">All tools and screws to attach your Wheel, pedals and shifter are provided.<\/li>\n<li style=\"margin: 0px; padding: 0px; border: 0px; outline: 0px;\">Detailed assembly instructions.<\/li>\n<\/ul>\n<p style=\"margin: 9px 0px; padding: 0px; border: 0px; outline: 0px; font-size: 12px; color: rgb(129, 129, 129); font-family: Arial, Helvetica, sans-serif; line-height: 18px;\">\n<img alt=\"\" src=\"https:\/\/www.rseat-europe.com\/image\/data\/rs1-basic\/rs1-bk-bk\/rseat-rs1-black-black-packaging.jpg\" style=\"margin: 0px; padding: 0px; border: 0px; outline: 0px; max-width: 100%;\" \/><\/p>\n<h4 style=\"margin: 1px 0px 10px; padding: 10px 0px; border: 0px; outline: 0px; font-size: 18px; font-family: 'Open Sans'; line-height: 18px; color: rgb(17, 17, 17); background-image: url(https:\/\/www.rseat-europe.com\/catalog\/view\/theme\/megastore\/images\/border.png); background-attachment: initial; background-size: initial; background-origin: initial; background-clip: initial; background-position: 0% 100%; background-repeat: repeat-x;\">RS1 Black \/ Black with RS STAND T3XL V2<\/h4>\n<p style=\"margin: 9px 0px; padding: 0px; border: 0px; outline: 0px; font-size: 12px; color: rgb(129, 129, 129); font-family: Arial, Helvetica, sans-serif; line-height: 18px;\">\n<strong style=\"margin: 0px; padding: 0px; border: 0px; outline: 0px; color: rgb(51, 51, 51);\"><img alt=\"\" src=\"https:\/\/www.rseat-europe.com\/image\/data\/rs1-basic\/rs1-bk-bk\/rseat-rs1-black-black-bg-01.jpg\" style=\"margin: 0px; padding: 0px; border: 0px; outline: 0px; max-width: 100%;\" \/><\/strong><\/p>\n<p style=\"margin: 9px 0px; padding: 0px; border: 0px; outline: 0px; font-size: 12px; color: rgb(129, 129, 129); font-family: Arial, Helvetica, sans-serif; line-height: 18px;\"><strong style=\"margin: 0px; padding: 0px; border: 0px; outline: 0px;\">&nbsp;<\/strong><\/p>\n<h4 style=\"margin: 1px 0px 10px; padding: 10px 0px; border: 0px; outline: 0px; font-size: 18px; font-family: 'Open Sans'; line-height: 18px; color: rgb(17, 17, 17); background-image: url(https:\/\/www.rseat-europe.com\/catalog\/view\/theme\/megastore\/images\/border.png); background-attachment: initial; background-size: initial; background-origin: initial; background-clip: initial; background-position: 0% 100%; background-repeat: repeat-x;\"><strong style=\"margin: 0px; padding: 0px; border: 0px; outline: 0px;\">RS1 Dimensions<\/strong><\/h4>\n<p style=\"margin: 9px 0px; padding: 0px; border: 0px; outline: 0px; font-size: 12px; color: rgb(129, 129, 129); font-family: Arial, Helvetica, sans-serif; line-height: 18px;\"><strong style=\"margin: 0px; padding: 0px; border: 0px; outline: 0px;\">RS1 Footprint dimensions with our single and triple stands. Recommended space needed to fit the RS1 depending on the configuration..<\/strong><\/p>\n<ul style=\"margin: 0px 0px 0px 18px; padding-right: 0px; padding-left: 0px; border: 0px; outline: 0px; color: rgb(129, 129, 129); font-family: Arial, Helvetica, sans-serif; line-height: 18px;\">\n<li style=\"margin: 0px; padding: 0px; border: 0px; outline: 0px;\"><strong style=\"margin: 0px; padding: 0px; border: 0px; outline: 0px;\"><strong style=\"margin: 0px; padding: 0px; border: 0px; outline: 0px;\">1.<\/strong>&nbsp;RS1 + all accessories + RS STAND T3XL for up to 3&#215;47 inch TV&#8217;s &#8211; L1=(Min=1900mm\/74.8inch, Max=3000mm\/118inch) L2=(Min=1500mm\/59inch)<\/strong><\/li>\n<li style=\"margin: 0px; padding: 0px; border: 0px; outline: 0px;\"><strong style=\"margin: 0px; padding: 0px; border: 0px; outline: 0px;\"><strong style=\"margin: 0px; padding: 0px; border: 0px; outline: 0px;\">2.<\/strong>&nbsp;RS1 + all accessories + RS STAND T3L for up to 3&#215;32 inch TV&#8217;s &#8211; L1=(Min=1600mm\/63inch, Max=2100mm\/82.7inch) L2=(Min=1500mm\/59inch)<\/strong><\/li>\n<li style=\"margin: 0px; padding: 0px; border: 0px; outline: 0px;\"><strong style=\"margin: 0px; padding: 0px; border: 0px; outline: 0px;\"><strong style=\"margin: 0px; padding: 0px; border: 0px; outline: 0px;\">3.<\/strong>&nbsp;RS1 + all accessories + RS STAND S3 for up to 1x65inch TV &#8211; L1=1600mm\/63inch L2=(Min=1500mm\/59inch)<\/strong><\/li>\n<li style=\"margin: 0px; padding: 0px; border: 0px; outline: 0px;\"><strong style=\"margin: 0px; padding: 0px; border: 0px; outline: 0px;\"><strong style=\"margin: 0px; padding: 0px; border: 0px; outline: 0px;\">4.<\/strong>&nbsp;RS1 + all accessories L1=688 mm. (27.1inch) L2= 1300-1480 mm. (51.2inch \u2013 58.27inch)<\/strong><\/li>\n<\/ul>\n<h4 style=\"margin: 1px 0px 10px; padding: 10px 0px; border: 0px; outline: 0px; font-size: 18px; font-family: 'Open Sans'; line-height: 18px; color: rgb(17, 17, 17); background-image: url(https:\/\/www.rseat-europe.com\/catalog\/view\/theme\/megastore\/images\/border.png); background-attachment: initial; background-size: initial; background-origin: initial; background-clip: initial; background-position: 0% 100%; background-repeat: repeat-x;\">\n<strong style=\"margin: 0px; padding: 0px; border: 0px; outline: 0px;\"><img alt=\"\" src=\"https:\/\/www.rseat-europe.com\/image\/data\/rs1-basic\/dimensions-rseat-rs1.jpg\" style=\"margin: 0px; padding: 0px; border: 0px; outline: 0px; max-width: 100%;\" \/><\/p>\n<p>\n24\u00d77 Support<\/strong><\/h4>\n<ul style=\"margin: 0px 0px 0px 18px; padding-right: 0px; padding-left: 0px; border: 0px; outline: 0px; color: rgb(129, 129, 129); font-family: Arial, Helvetica, sans-serif; line-height: 18px;\">\n<li style=\"margin: 0px; padding: 0px; border: 0px; outline: 0px;\"><strong style=\"margin: 0px; padding: 0px; border: 0px; outline: 0px;\">We provide 24\u00d77 on site support through ticket or live-chat.<\/strong><\/li>\n<li style=\"margin: 0px; padding: 0px; border: 0px; outline: 0px;\"><strong style=\"margin: 0px; padding: 0px; border: 0px; outline: 0px;\">Distributor network allow to have full support in your area.<\/strong><\/li>\n<\/ul>\n<h4 style=\"margin: 1px 0px 10px; padding: 10px 0px; border: 0px; outline: 0px; font-size: 18px; font-family: 'Open Sans'; line-height: 18px; color: rgb(255, 0, 0); background-image: url(https:\/\/www.rseat-europe.com\/catalog\/view\/theme\/megastore\/images\/border.png); background-attachment: initial; background-size: initial; background-origin: initial; background-clip: initial; background-position: 0% 100%; background-repeat: repeat-x;\"><strong style=\"margin: 0px; padding: 0px; border: 0px; outline: 0px;\">Warranty<\/strong><\/h4>\n<p><iframe allowfullscreen=\"\" frameborder=\"0\" height=\"315\" src=\"https:\/\/www.youtube.com\/embed\/WvAuwmKTTOs\" width=\"560\"><\/iframe><iframe allowfullscreen=\"\" frameborder=\"0\" height=\"315\" src=\"https:\/\/www.youtube.com\/embed\/bSqLVDStd2A\" width=\"560\"><\/iframe><iframe allowfullscreen=\"\" frameborder=\"0\" height=\"315\" src=\"https:\/\/www.youtube.com\/embed\/VutQVYoy7vw\" width=\"560\"><\/iframe><iframe allowfullscreen=\"\" frameborder=\"0\" height=\"315\" src=\"https:\/\/www.youtube.com\/embed\/EMA4d4bcayc\" width=\"560\"><\/iframe><iframe allowfullscreen=\"\" frameborder=\"0\" height=\"315\" src=\"https:\/\/www.youtube.com\/embed\/h9khbWoiAeA\" width=\"560\"><\/iframe><\/p>\n","protected":false},"excerpt":{"rendered":"<p>RS1 rseat dirkalni sede\u017ei, razli\u010dne barve<\/p>\n","protected":false},"featured_media":2121,"comment_status":"closed","ping_status":"open","template":"","meta":[],"yoast_head":"<!-- This site is optimized with the Yoast SEO plugin v16.3 - https:\/\/yoast.com\/wordpress\/plugins\/seo\/ -->\n<title>RS1 rseat dirkalni sede\u017ei, razli\u010dne barve -<\/title>\n<meta name=\"robots\" content=\"index, follow, max-snippet:-1, max-image-preview:large, max-video-preview:-1\" \/>\n<link rel=\"canonical\" href=\"https:\/\/simracing.si\/sl_si\/izdelek\/rs1-rseat-dirkalni-sedezi-razlicne-barve\/\" \/>\n<meta property=\"og:locale\" content=\"sl_SI\" \/>\n<meta property=\"og:type\" content=\"article\" \/>\n<meta property=\"og:title\" content=\"RS1 rseat dirkalni sede\u017ei, razli\u010dne barve -\" \/>\n<meta property=\"og:description\" content=\"RS1 rseat dirkalni sede\u017ei, razli\u010dne barve\" \/>\n<meta property=\"og:url\" content=\"https:\/\/simracing.si\/sl_si\/izdelek\/rs1-rseat-dirkalni-sedezi-razlicne-barve\/\" \/>\n<meta property=\"article:modified_time\" content=\"2020-05-03T15:51:10+00:00\" \/>\n<meta property=\"og:image\" content=\"https:\/\/simracing.si\/wp-content\/uploads\/2020\/04\/rseat-rs1-assetto-corsa-01-936x936-1.jpg\" \/>\n\t<meta property=\"og:image:width\" content=\"936\" \/>\n\t<meta property=\"og:image:height\" content=\"936\" \/>\n<meta name=\"twitter:card\" content=\"summary_large_image\" \/>\n<meta name=\"twitter:label1\" content=\"Est. reading time\">\n\t<meta name=\"twitter:data1\" content=\"3 minute\">\n<script type=\"application\/ld+json\" class=\"yoast-schema-graph\">{\"@context\":\"https:\/\/schema.org\",\"@graph\":[{\"@type\":\"WebSite\",\"@id\":\"https:\/\/simracing.si\/#website\",\"url\":\"https:\/\/simracing.si\/\",\"name\":\"\",\"description\":\"\",\"potentialAction\":[{\"@type\":\"SearchAction\",\"target\":\"https:\/\/simracing.si\/?s={search_term_string}\",\"query-input\":\"required name=search_term_string\"}],\"inLanguage\":\"sl-SI\"},{\"@type\":\"ImageObject\",\"@id\":\"https:\/\/simracing.si\/sl_si\/izdelek\/rs1-rseat-dirkalni-sedezi-razlicne-barve\/#primaryimage\",\"inLanguage\":\"sl-SI\",\"url\":\"https:\/\/simracing.si\/wp-content\/uploads\/2020\/04\/rseat-rs1-assetto-corsa-01-936x936-1.jpg\",\"contentUrl\":\"https:\/\/simracing.si\/wp-content\/uploads\/2020\/04\/rseat-rs1-assetto-corsa-01-936x936-1.jpg\",\"width\":936,\"height\":936},{\"@type\":\"WebPage\",\"@id\":\"https:\/\/simracing.si\/sl_si\/izdelek\/rs1-rseat-dirkalni-sedezi-razlicne-barve\/#webpage\",\"url\":\"https:\/\/simracing.si\/sl_si\/izdelek\/rs1-rseat-dirkalni-sedezi-razlicne-barve\/\",\"name\":\"RS1 rseat dirkalni sede\\u017ei, razli\\u010dne barve -\",\"isPartOf\":{\"@id\":\"https:\/\/simracing.si\/#website\"},\"primaryImageOfPage\":{\"@id\":\"https:\/\/simracing.si\/sl_si\/izdelek\/rs1-rseat-dirkalni-sedezi-razlicne-barve\/#primaryimage\"},\"datePublished\":\"2020-04-30T17:28:02+00:00\",\"dateModified\":\"2020-05-03T15:51:10+00:00\",\"breadcrumb\":{\"@id\":\"https:\/\/simracing.si\/sl_si\/izdelek\/rs1-rseat-dirkalni-sedezi-razlicne-barve\/#breadcrumb\"},\"inLanguage\":\"sl-SI\",\"potentialAction\":[{\"@type\":\"ReadAction\",\"target\":[\"https:\/\/simracing.si\/sl_si\/izdelek\/rs1-rseat-dirkalni-sedezi-razlicne-barve\/\"]}]},{\"@type\":\"BreadcrumbList\",\"@id\":\"https:\/\/simracing.si\/sl_si\/izdelek\/rs1-rseat-dirkalni-sedezi-razlicne-barve\/#breadcrumb\",\"itemListElement\":[{\"@type\":\"ListItem\",\"position\":1,\"item\":{\"@type\":\"WebPage\",\"@id\":\"https:\/\/simracing.si\/\",\"url\":\"https:\/\/simracing.si\/\",\"name\":\"Home\"}},{\"@type\":\"ListItem\",\"position\":2,\"item\":{\"@type\":\"WebPage\",\"@id\":\"https:\/\/simracing.si\/home\/product-category\/\",\"url\":\"https:\/\/simracing.si\/home\/product-category\/\",\"name\":\"Izdelki\"}},{\"@type\":\"ListItem\",\"position\":3,\"item\":{\"@id\":\"https:\/\/simracing.si\/sl_si\/izdelek\/rs1-rseat-dirkalni-sedezi-razlicne-barve\/#webpage\"}}]}]}<\/script>\n<!-- \/ Yoast SEO plugin. -->","_links":{"self":[{"href":"https:\/\/simracing.si\/sl_si\/wp-json\/wp\/v2\/product\/1939"}],"collection":[{"href":"https:\/\/simracing.si\/sl_si\/wp-json\/wp\/v2\/product"}],"about":[{"href":"https:\/\/simracing.si\/sl_si\/wp-json\/wp\/v2\/types\/product"}],"replies":[{"embeddable":true,"href":"https:\/\/simracing.si\/sl_si\/wp-json\/wp\/v2\/comments?post=1939"}],"version-history":[{"count":0,"href":"https:\/\/simracing.si\/sl_si\/wp-json\/wp\/v2\/product\/1939\/revisions"}],"wp:featuredmedia":[{"embeddable":true,"href":"https:\/\/simracing.si\/sl_si\/wp-json\/wp\/v2\/media\/2121"}],"wp:attachment":[{"href":"https:\/\/simracing.si\/sl_si\/wp-json\/wp\/v2\/media?parent=1939"}],"curies":[{"name":"wp","href":"https:\/\/api.w.org\/{rel}","templated":true}]}}