{"id":1938,"date":"2020-04-30T18:28:02","date_gmt":"2020-04-30T16:28:02","guid":{"rendered":"https:\/\/simracing.si\/product\/thrustmaster-ferrari-458-italia-pc-in-xbox-360\/"},"modified":"2022-01-26T16:27:54","modified_gmt":"2022-01-26T14:27:54","slug":"thrustmaster-ferrari-458-italia-pc-in-xbox-360","status":"publish","type":"product","link":"https:\/\/simracing.si\/sl_si\/izdelek\/thrustmaster-ferrari-458-italia-pc-in-xbox-360\/","title":{"rendered":"Thrustmaster Ferrari 458 Italia PC in Xbox 360"},"content":{"rendered":"<p>&nbsp;<\/p>\n<p><strong style=\"line-height: 1.6em\">Odli\u010den zavolan za odli\u010dno ceno, &nbsp;za xbox 360 in Forzo Motorsport ali PC osebni ra\u010dunalnik. odli\u010dno ceno,&nbsp;<\/strong><\/p>\n<p>&nbsp;<\/p>\n<p><strong>24 mese\u010dna garancija<\/strong><\/p>\n<p>&nbsp;<\/p>\n<ul class=\"a-vertical a-spacing-none\" style=\"margin-top: 0px;margin-right: 0px;margin-left: 18px;padding-right: 0px;padding-left: 0px;font-family: Arial, sans-serif;line-height: 19px;margin-bottom: 0px !important\">\n<li style=\"margin: 0px\"><span class=\"a-list-item\">The world&#8217;s first wheel with official licenses from Ferrari\u00ae and Microsoft Xbox 360\u00ae<\/span><\/li>\n<li style=\"margin: 0px\"><span class=\"a-list-item\">Replica of the wheel on the latest Ferrari 458 Italia, star vehicle of Forza Motorsport\u00ae 4!<\/span><\/li>\n<li style=\"margin: 0px\"><span class=\"a-list-item\">11&#8243; XXL size (7\/10ths of the original) with rubber texture cladding for optimal handling on Xbox 360\u00ae.<\/span><\/li>\n<li style=\"margin: 0px\"><span class=\"a-list-item\">Wheel-mounted sequential gearbox: 2 Ferrari GT-style metal paddle shifters.<\/span><\/li>\n<li style=\"margin: 0px\"><span class=\"a-list-item\">Pedal set featuring pedals with long range of travel, plus realistic resistance and angle<\/span><\/li>\n<\/ul>\n<p style=\"margin: 0px\"><span class=\"a-list-item\">\u200b<\/span><img src=\"http:\/\/brain.pan.e-merchant.com\/6\/9\/11544896\/l_11544896_001.jpg\" \/><\/p>\n","protected":false},"excerpt":{"rendered":"<p>Thrustmaster Ferrari 458 Italia PC in Xbox 360<\/p>\n","protected":false},"featured_media":2120,"comment_status":"closed","ping_status":"closed","template":"","meta":[],"yoast_head":"<!-- This site is optimized with the Yoast SEO plugin v16.3 - https:\/\/yoast.com\/wordpress\/plugins\/seo\/ -->\n<title>Thrustmaster Ferrari 458 Italia PC in Xbox 360 -<\/title>\n<meta name=\"robots\" content=\"index, follow, max-snippet:-1, max-image-preview:large, max-video-preview:-1\" \/>\n<link rel=\"canonical\" href=\"https:\/\/simracing.si\/sl_si\/izdelek\/thrustmaster-ferrari-458-italia-pc-in-xbox-360\/\" \/>\n<meta property=\"og:locale\" content=\"sl_SI\" \/>\n<meta property=\"og:type\" content=\"article\" \/>\n<meta property=\"og:title\" content=\"Thrustmaster Ferrari 458 Italia PC in Xbox 360 -\" \/>\n<meta property=\"og:description\" content=\"Thrustmaster Ferrari 458 Italia PC in Xbox 360\" \/>\n<meta property=\"og:url\" content=\"https:\/\/simracing.si\/sl_si\/izdelek\/thrustmaster-ferrari-458-italia-pc-in-xbox-360\/\" \/>\n<meta property=\"article:modified_time\" content=\"2022-01-26T14:27:54+00:00\" \/>\n<meta property=\"og:image\" content=\"https:\/\/simracing.si\/wp-content\/uploads\/2020\/04\/thg1.jpg\" \/>\n\t<meta property=\"og:image:width\" content=\"783\" \/>\n\t<meta property=\"og:image:height\" content=\"555\" \/>\n<meta name=\"twitter:card\" content=\"summary_large_image\" \/>\n<script type=\"application\/ld+json\" class=\"yoast-schema-graph\">{\"@context\":\"https:\/\/schema.org\",\"@graph\":[{\"@type\":\"WebSite\",\"@id\":\"https:\/\/simracing.si\/#website\",\"url\":\"https:\/\/simracing.si\/\",\"name\":\"\",\"description\":\"\",\"potentialAction\":[{\"@type\":\"SearchAction\",\"target\":\"https:\/\/simracing.si\/?s={search_term_string}\",\"query-input\":\"required name=search_term_string\"}],\"inLanguage\":\"sl-SI\"},{\"@type\":\"ImageObject\",\"@id\":\"https:\/\/simracing.si\/izdelek\/thrustmaster-ferrari-458-italia-pc-in-xbox-360\/#primaryimage\",\"inLanguage\":\"sl-SI\",\"url\":\"https:\/\/simracing.si\/wp-content\/uploads\/2020\/04\/thg1.jpg\",\"contentUrl\":\"https:\/\/simracing.si\/wp-content\/uploads\/2020\/04\/thg1.jpg\",\"width\":783,\"height\":555},{\"@type\":\"WebPage\",\"@id\":\"https:\/\/simracing.si\/izdelek\/thrustmaster-ferrari-458-italia-pc-in-xbox-360\/#webpage\",\"url\":\"https:\/\/simracing.si\/izdelek\/thrustmaster-ferrari-458-italia-pc-in-xbox-360\/\",\"name\":\"Thrustmaster Ferrari 458 Italia PC in Xbox 360 -\",\"isPartOf\":{\"@id\":\"https:\/\/simracing.si\/#website\"},\"primaryImageOfPage\":{\"@id\":\"https:\/\/simracing.si\/izdelek\/thrustmaster-ferrari-458-italia-pc-in-xbox-360\/#primaryimage\"},\"datePublished\":\"2020-04-30T16:28:02+00:00\",\"dateModified\":\"2022-01-26T14:27:54+00:00\",\"breadcrumb\":{\"@id\":\"https:\/\/simracing.si\/izdelek\/thrustmaster-ferrari-458-italia-pc-in-xbox-360\/#breadcrumb\"},\"inLanguage\":\"sl-SI\",\"potentialAction\":[{\"@type\":\"ReadAction\",\"target\":[\"https:\/\/simracing.si\/izdelek\/thrustmaster-ferrari-458-italia-pc-in-xbox-360\/\"]}]},{\"@type\":\"BreadcrumbList\",\"@id\":\"https:\/\/simracing.si\/izdelek\/thrustmaster-ferrari-458-italia-pc-in-xbox-360\/#breadcrumb\",\"itemListElement\":[{\"@type\":\"ListItem\",\"position\":1,\"item\":{\"@type\":\"WebPage\",\"@id\":\"https:\/\/simracing.si\/\",\"url\":\"https:\/\/simracing.si\/\",\"name\":\"Home\"}},{\"@type\":\"ListItem\",\"position\":2,\"item\":{\"@type\":\"WebPage\",\"@id\":\"https:\/\/simracing.si\/home\/product-category\/\",\"url\":\"https:\/\/simracing.si\/home\/product-category\/\",\"name\":\"Izdelki\"}},{\"@type\":\"ListItem\",\"position\":3,\"item\":{\"@id\":\"https:\/\/simracing.si\/izdelek\/thrustmaster-ferrari-458-italia-pc-in-xbox-360\/#webpage\"}}]}]}<\/script>\n<!-- \/ Yoast SEO plugin. -->","_links":{"self":[{"href":"https:\/\/simracing.si\/sl_si\/wp-json\/wp\/v2\/product\/1938"}],"collection":[{"href":"https:\/\/simracing.si\/sl_si\/wp-json\/wp\/v2\/product"}],"about":[{"href":"https:\/\/simracing.si\/sl_si\/wp-json\/wp\/v2\/types\/product"}],"replies":[{"embeddable":true,"href":"https:\/\/simracing.si\/sl_si\/wp-json\/wp\/v2\/comments?post=1938"}],"version-history":[{"count":2,"href":"https:\/\/simracing.si\/sl_si\/wp-json\/wp\/v2\/product\/1938\/revisions"}],"predecessor-version":[{"id":4007,"href":"https:\/\/simracing.si\/sl_si\/wp-json\/wp\/v2\/product\/1938\/revisions\/4007"}],"wp:featuredmedia":[{"embeddable":true,"href":"https:\/\/simracing.si\/sl_si\/wp-json\/wp\/v2\/media\/2120"}],"wp:attachment":[{"href":"https:\/\/simracing.si\/sl_si\/wp-json\/wp\/v2\/media?parent=1938"}],"curies":[{"name":"wp","href":"https:\/\/api.w.org\/{rel}","templated":true}]}}