{"id":1930,"date":"2020-04-30T18:27:52","date_gmt":"2020-04-30T17:27:52","guid":{"rendered":"https:\/\/simracing.si\/product\/raceroom-game-seat-rr3033-home-black-edition-dirkalni-sedez\/"},"modified":"2020-05-03T16:53:02","modified_gmt":"2020-05-03T15:53:02","slug":"raceroom-game-seat-rr3033-home-black-edition-dirkalni-sedez","status":"publish","type":"product","link":"https:\/\/simracing.si\/sl_si\/izdelek\/raceroom-game-seat-rr3033-home-black-edition-dirkalni-sedez\/","title":{"rendered":"RaceRoom Game Seat RR3033 Home  BLACK EDITION Dirkalni sede\u017e"},"content":{"rendered":"<p style=\"margin-top: 0px; margin-bottom: 20px; color: rgb(0, 0, 0); font-family: Arial, Helvetica, sans-serif; font-size: 12px; line-height: 18px;\">Igralni&nbsp;sede\u017e za PC, Playstation \/ PS2 \/ PS3 \/ PS4, X-Box 360, XBOX One, in za vse volane:<\/p>\n<p style=\"margin-top: 0px; margin-bottom: 20px; color: rgb(0, 0, 0); font-family: Arial, Helvetica, sans-serif; font-size: 12px; line-height: 18px;\">Logitech, Master Trust, FANATEC \u2022 Robusten kovinski okvir \u2022 Racing sede\u017e RR33 nastavljiva naslonjala-pomik sede\u017ea, naklon sede\u017ea in \u0161e ve\u010d, &nbsp;\u2022 GRP nosilec za volanom in pedali individualno \u2022 dodatno nadgradljiv.<\/p>\n<p style=\"margin-top: 0px; margin-bottom: 20px; color: rgb(0, 0, 0); font-family: Arial, Helvetica, sans-serif; font-size: 12px; line-height: 18px;\">&nbsp;<\/p>\n<p style=\"margin-top: 0px; margin-bottom: 20px; color: rgb(0, 0, 0); font-family: Arial, Helvetica, sans-serif; font-size: 12px; line-height: 18px;\"><strong>Dirkalni sede\u017e je primeren le za prave SIM dirka\u010de, sede\u017e je odli\u010dne kvalitete, odli\u010dnih pozicij sedenja, udoben in pravtako zelo \u0161portni povdarek dirkalnega sede\u017ea, kateri vam pri\u010dara odli\u010dne ob\u010dutke igranja ali dirkanja.<\/strong><\/p>\n<p style=\"margin-top: 0px; margin-bottom: 20px; color: rgb(0, 0, 0); font-family: Arial, Helvetica, sans-serif; font-size: 12px; line-height: 18px;\">&nbsp;<\/p>\n<p style=\"margin-top: 0px; margin-bottom: 20px; color: rgb(0, 0, 0); font-family: Arial, Helvetica, sans-serif; font-size: 12px; line-height: 18px;\"><strong>Primerene za vse razli\u010dne volane, FANATEC, LOGITECH, THRUSTMASTER itd oz za vse:<\/strong><\/p>\n<p style=\"margin-top: 0px; margin-bottom: 20px; color: rgb(0, 0, 0); font-family: Arial, Helvetica, sans-serif; font-size: 12px; line-height: 18px;\"><strong><span style=\"font-family: Ubuntu, sans-serif; line-height: 16.7999992370605px;\">&nbsp;Logitech G25 &amp; G27, Thrustmaster TX Racing Wheel Ferrari 458 Italia Edition &amp; T500RS, Fanatec Cubsport Wheel Base EU &amp; Porsche 911 GT2 Wheel EU &amp; Forza MotorsportCSR Wheel EU &amp; Porsche 911 GT3 RS V2 Wheel EU<\/span><\/strong><\/p>\n<p style=\"margin-top: 0px; margin-bottom: 20px; color: rgb(0, 0, 0); font-family: Arial, Helvetica, sans-serif; font-size: 12px; line-height: 18px;\">&nbsp;<\/p>\n<p style=\"margin-top: 0px; margin-bottom: 20px; color: rgb(0, 0, 0); font-family: Arial, Helvetica, sans-serif; font-size: 12px; line-height: 18px;\"><strong>12 mese\u010dna garancija<\/strong><\/p>\n","protected":false},"excerpt":{"rendered":"<p>RaceRoom Game Seat RR3033 Home  BLACK EDITION Dirkalni sede\u017e<\/p>\n","protected":false},"featured_media":2112,"comment_status":"closed","ping_status":"closed","template":"","meta":[],"yoast_head":"<!-- This site is optimized with the Yoast SEO plugin v16.3 - https:\/\/yoast.com\/wordpress\/plugins\/seo\/ -->\n<title>RaceRoom Game Seat RR3033 Home BLACK EDITION Dirkalni sede\u017e -<\/title>\n<meta name=\"robots\" content=\"index, follow, max-snippet:-1, max-image-preview:large, max-video-preview:-1\" \/>\n<link rel=\"canonical\" href=\"http:\/\/simracing.si\/sl_si\/product\/raceroom-game-seat-rr3033-home-black-edition-dirkalni-sedez\/\" \/>\n<meta property=\"og:locale\" content=\"sl_SI\" \/>\n<meta property=\"og:type\" content=\"article\" \/>\n<meta property=\"og:title\" content=\"RaceRoom Game Seat RR3033 Home BLACK EDITION Dirkalni sede\u017e -\" \/>\n<meta property=\"og:description\" content=\"RaceRoom Game Seat RR3033 Home BLACK EDITION Dirkalni sede\u017e\" \/>\n<meta property=\"og:url\" content=\"http:\/\/simracing.si\/sl_si\/product\/raceroom-game-seat-rr3033-home-black-edition-dirkalni-sedez\/\" \/>\n<meta property=\"article:modified_time\" content=\"2020-05-03T15:53:02+00:00\" \/>\n<meta property=\"og:image\" content=\"https:\/\/simracing.si\/wp-content\/uploads\/2020\/04\/n5.jpg\" \/>\n\t<meta property=\"og:image:width\" content=\"720\" \/>\n\t<meta property=\"og:image:height\" content=\"518\" \/>\n<meta name=\"twitter:card\" content=\"summary_large_image\" \/>\n<meta name=\"twitter:label1\" content=\"Est. reading time\">\n\t<meta name=\"twitter:data1\" content=\"1 minuta\">\n<script type=\"application\/ld+json\" class=\"yoast-schema-graph\">{\"@context\":\"https:\/\/schema.org\",\"@graph\":[{\"@type\":\"WebSite\",\"@id\":\"https:\/\/simracing.si\/#website\",\"url\":\"https:\/\/simracing.si\/\",\"name\":\"\",\"description\":\"\",\"potentialAction\":[{\"@type\":\"SearchAction\",\"target\":\"https:\/\/simracing.si\/?s={search_term_string}\",\"query-input\":\"required name=search_term_string\"}],\"inLanguage\":\"sl-SI\"},{\"@type\":\"ImageObject\",\"@id\":\"http:\/\/simracing.si\/en_us\/product\/raceroom-game-seat-rr3033-home-black-edition-dirkalni-sedez\/#primaryimage\",\"inLanguage\":\"sl-SI\",\"url\":\"https:\/\/simracing.si\/wp-content\/uploads\/2020\/04\/n5.jpg\",\"contentUrl\":\"https:\/\/simracing.si\/wp-content\/uploads\/2020\/04\/n5.jpg\",\"width\":720,\"height\":518},{\"@type\":\"WebPage\",\"@id\":\"http:\/\/simracing.si\/en_us\/product\/raceroom-game-seat-rr3033-home-black-edition-dirkalni-sedez\/#webpage\",\"url\":\"http:\/\/simracing.si\/en_us\/product\/raceroom-game-seat-rr3033-home-black-edition-dirkalni-sedez\/\",\"name\":\"RaceRoom Game Seat RR3033 Home BLACK EDITION Dirkalni sede\\u017e -\",\"isPartOf\":{\"@id\":\"https:\/\/simracing.si\/#website\"},\"primaryImageOfPage\":{\"@id\":\"http:\/\/simracing.si\/en_us\/product\/raceroom-game-seat-rr3033-home-black-edition-dirkalni-sedez\/#primaryimage\"},\"datePublished\":\"2020-04-30T17:27:52+00:00\",\"dateModified\":\"2020-05-03T15:53:02+00:00\",\"breadcrumb\":{\"@id\":\"http:\/\/simracing.si\/en_us\/product\/raceroom-game-seat-rr3033-home-black-edition-dirkalni-sedez\/#breadcrumb\"},\"inLanguage\":\"sl-SI\",\"potentialAction\":[{\"@type\":\"ReadAction\",\"target\":[\"http:\/\/simracing.si\/en_us\/product\/raceroom-game-seat-rr3033-home-black-edition-dirkalni-sedez\/\"]}]},{\"@type\":\"BreadcrumbList\",\"@id\":\"http:\/\/simracing.si\/en_us\/product\/raceroom-game-seat-rr3033-home-black-edition-dirkalni-sedez\/#breadcrumb\",\"itemListElement\":[{\"@type\":\"ListItem\",\"position\":1,\"item\":{\"@type\":\"WebPage\",\"@id\":\"https:\/\/simracing.si\/\",\"url\":\"https:\/\/simracing.si\/\",\"name\":\"Home\"}},{\"@type\":\"ListItem\",\"position\":2,\"item\":{\"@type\":\"WebPage\",\"@id\":\"https:\/\/simracing.si\/home\/product-category\/\",\"url\":\"https:\/\/simracing.si\/home\/product-category\/\",\"name\":\"Izdelki\"}},{\"@type\":\"ListItem\",\"position\":3,\"item\":{\"@id\":\"http:\/\/simracing.si\/en_us\/product\/raceroom-game-seat-rr3033-home-black-edition-dirkalni-sedez\/#webpage\"}}]}]}<\/script>\n<!-- \/ Yoast SEO plugin. -->","_links":{"self":[{"href":"https:\/\/simracing.si\/sl_si\/wp-json\/wp\/v2\/product\/1930"}],"collection":[{"href":"https:\/\/simracing.si\/sl_si\/wp-json\/wp\/v2\/product"}],"about":[{"href":"https:\/\/simracing.si\/sl_si\/wp-json\/wp\/v2\/types\/product"}],"replies":[{"embeddable":true,"href":"https:\/\/simracing.si\/sl_si\/wp-json\/wp\/v2\/comments?post=1930"}],"version-history":[{"count":0,"href":"https:\/\/simracing.si\/sl_si\/wp-json\/wp\/v2\/product\/1930\/revisions"}],"wp:featuredmedia":[{"embeddable":true,"href":"https:\/\/simracing.si\/sl_si\/wp-json\/wp\/v2\/media\/2112"}],"wp:attachment":[{"href":"https:\/\/simracing.si\/sl_si\/wp-json\/wp\/v2\/media?parent=1930"}],"curies":[{"name":"wp","href":"https:\/\/api.w.org\/{rel}","templated":true}]}}