{"id":1924,"date":"2020-04-30T18:27:52","date_gmt":"2020-04-30T16:27:52","guid":{"rendered":"https:\/\/simracing.si\/product\/thrustmaster-th8a-add-on-shifter-menjalnik-za-th-volane\/"},"modified":"2023-06-27T10:57:38","modified_gmt":"2023-06-27T08:57:38","slug":"thrustmaster-th8a-add-on-shifter-menjalnik-za-th-volane","status":"publish","type":"product","link":"https:\/\/simracing.si\/sl_si\/izdelek\/thrustmaster-th8a-add-on-shifter-menjalnik-za-th-volane\/","title":{"rendered":"Thrustmaster TH8A ADD-ON Shifter, menjalnik za TH Volane"},"content":{"rendered":"<p><strong>Zagotovo skorajda najbolj\u0161i cenovno dostopen menjalnik za Thrustmaster volane, menjalnik je sekven\u010dni ali navadni, sekven\u010dni plus minus pretikanje, navadni 7 stopenjski in vzratna pestava+delovanje na sklopko, menjalnik je tudi nastavljiv po trdoti, 90% material aluminij, ter poliester, odli\u010dna pritrditev menjalnika, na razli\u010dne debeline miz ali sim sede\u017eev itd.<\/strong><\/p>\n<p>&nbsp;<\/p>\n<p><strong>24 mese\u010dna garancija<\/strong><\/p>\n<p>Primeren za vse razli\u010dne konzole PS3-PS4-XBOX-ONE in osebne PC ra\u010dunalnike, USB povezava.<\/p>\n<p>&nbsp;<\/p>\n<p><strong style=\"margin: 0px; padding: 0px; border: 0px; vertical-align: top; font-size: 12px; line-height: normal; font-family: Arial, Arial, Helvetica, sans-serif;\"><span style=\"margin: 0px; padding: 0px; border: 0px; vertical-align: baseline; font-weight: normal; background: transparent;\"><span style=\"margin: 0px; padding: 0px; border: 0px; vertical-align: baseline; text-decoration: underline; background: transparent;\">REALISTIC AND AUTHENTIC<\/span>\u00a0<\/span><\/strong><br style=\"font-family: Arial, Arial, Helvetica, sans-serif; font-size: 12px; line-height: normal;\" \/><span style=\"margin: 0px; padding: 0px; border: 0px; vertical-align: baseline; font-size: 12px; line-height: normal; font-family: Arial, Arial, Helvetica, sans-serif;\">&#8211; 13 cm tall gear stick with knob\u00a0<\/span><br style=\"font-family: Arial, Arial, Helvetica, sans-serif; font-size: 12px; line-height: normal;\" \/><span style=\"margin: 0px; padding: 0px; border: 0px; vertical-align: baseline; font-size: 12px; line-height: normal; font-family: Arial, Arial, Helvetica, sans-serif;\">&#8211; Faithful tactile\u00a0<\/span><br style=\"font-family: Arial, Arial, Helvetica, sans-serif; font-size: 12px; line-height: normal;\" \/><span style=\"margin: 0px; padding: 0px; border: 0px; vertical-align: baseline; font-size: 12px; line-height: normal; font-family: Arial, Arial, Helvetica, sans-serif;\">&#8211; Removable button\u00a0<\/span><br style=\"font-family: Arial, Arial, Helvetica, sans-serif; font-size: 12px; line-height: normal;\" \/><span style=\"margin: 0px; padding: 0px; border: 0px; vertical-align: baseline; font-size: 12px; line-height: normal; font-family: Arial, Arial, Helvetica, sans-serif;\">&#8211; Compatible with genuine universal gear knobs\u00a0<\/span><br style=\"font-family: Arial, Arial, Helvetica, sans-serif; font-size: 12px; line-height: normal;\" \/><span style=\"margin: 0px; padding: 0px; border: 0px; vertical-align: baseline; font-size: 12px; line-height: normal; font-family: Arial, Arial, Helvetica, sans-serif;\">(Cartuning for sale in shops)\u00a0<\/span><br style=\"font-family: Arial, Arial, Helvetica, sans-serif; font-size: 12px; line-height: normal;\" \/><span style=\"margin: 0px; padding: 0px; border: 0px; vertical-align: baseline; font-size: 12px; line-height: normal; font-family: Arial, Arial, Helvetica, sans-serif;\">&#8211; 2nd shift plates included: H-pattern (7 +1) and sequential (+ \/ -)\u00a0<\/span><br style=\"font-family: Arial, Arial, Helvetica, sans-serif; font-size: 12px; line-height: normal;\" \/><span style=\"margin: 0px; padding: 0px; border: 0px; vertical-align: baseline; font-size: 12px; line-height: normal; font-family: Arial, Arial, Helvetica, sans-serif;\">\u00a0<\/span><br style=\"font-family: Arial, Arial, Helvetica, sans-serif; font-size: 12px; line-height: normal;\" \/><strong style=\"margin: 0px; padding: 0px; border: 0px; vertical-align: top; font-size: 12px; line-height: normal; font-family: Arial, Arial, Helvetica, sans-serif;\"><span style=\"margin: 0px; padding: 0px; border: 0px; vertical-align: baseline; font-weight: normal; text-decoration: underline; background: transparent;\"><span style=\"margin: 0px; padding: 0px; border: 0px; vertical-align: baseline; background: transparent;\">ROBUST AND ACCURATE\u00a0<\/span><\/span><\/strong><br style=\"font-family: Arial, Arial, Helvetica, sans-serif; font-size: 12px; line-height: normal;\" \/><span style=\"margin: 0px; padding: 0px; border: 0px; vertical-align: baseline; font-size: 12px; line-height: normal; font-family: Arial, Arial, Helvetica, sans-serif;\">&#8211; 100% metal shaft\u00a0<\/span><br style=\"font-family: Arial, Arial, Helvetica, sans-serif; font-size: 12px; line-height: normal;\" \/><span style=\"margin: 0px; padding: 0px; border: 0px; vertical-align: baseline; font-size: 12px; line-height: normal; font-family: Arial, Arial, Helvetica, sans-serif;\">&#8211; 100% metal gear\u00a0<\/span><br style=\"font-family: Arial, Arial, Helvetica, sans-serif; font-size: 12px; line-height: normal;\" \/><span style=\"margin: 0px; padding: 0px; border: 0px; vertical-align: baseline; font-size: 12px; line-height: normal; font-family: Arial, Arial, Helvetica, sans-serif;\">&#8211; 100% metal clip system\u00a0<\/span><br style=\"font-family: Arial, Arial, Helvetica, sans-serif; font-size: 12px; line-height: normal;\" \/><span style=\"margin: 0px; padding: 0px; border: 0px; vertical-align: baseline; font-size: 12px; line-height: normal; font-family: Arial, Arial, Helvetica, sans-serif;\">&#8211; H.E.A.R.T Hall Effect AccuRate Technology \u2122\u00a0<\/span><br style=\"font-family: Arial, Arial, Helvetica, sans-serif; font-size: 12px; line-height: normal;\" \/><span style=\"margin: 0px; padding: 0px; border: 0px; vertical-align: baseline; font-size: 12px; line-height: normal; font-family: Arial, Arial, Helvetica, sans-serif;\">\u00a0\u00a0 &#8211; Accuracy that will never wear out (contactless magnetic sensor)\u00a0<\/span><br style=\"font-family: Arial, Arial, Helvetica, sans-serif; font-size: 12px; line-height: normal;\" \/><span style=\"margin: 0px; padding: 0px; border: 0px; vertical-align: baseline; font-size: 12px; line-height: normal; font-family: Arial, Arial, Helvetica, sans-serif;\">\u00a0\u00a0 &#8211; No Tact switch and no potentiometer (and an unlimited product lifespan)\u00a0<\/span><br style=\"font-family: Arial, Arial, Helvetica, sans-serif; font-size: 12px; line-height: normal;\" \/><span style=\"margin: 0px; padding: 0px; border: 0px; vertical-align: baseline; font-size: 12px; line-height: normal; font-family: Arial, Arial, Helvetica, sans-serif;\">\u00a0<\/span><br style=\"font-family: Arial, Arial, Helvetica, sans-serif; font-size: 12px; line-height: normal;\" \/><strong style=\"margin: 0px; padding: 0px; border: 0px; vertical-align: top; font-size: 12px; line-height: normal; font-family: Arial, Arial, Helvetica, sans-serif;\"><span style=\"margin: 0px; padding: 0px; border: 0px; vertical-align: baseline; font-weight: normal; background: transparent;\"><span style=\"margin: 0px; padding: 0px; border: 0px; vertical-align: baseline; text-decoration: underline; background: transparent;\">FLEXIBLE AND COMFORTABLE<\/span>\u00a0<\/span><\/strong><br style=\"font-family: Arial, Arial, Helvetica, sans-serif; font-size: 12px; line-height: normal;\" \/><span style=\"margin: 0px; padding: 0px; border: 0px; vertical-align: baseline; font-size: 12px; line-height: normal; font-family: Arial, Arial, Helvetica, sans-serif;\">&#8211; Firmware is to update and internal memory with adjustable gear-shift movements\u00a0<\/span><br style=\"font-family: Arial, Arial, Helvetica, sans-serif; font-size: 12px; line-height: normal;\" \/><span style=\"margin: 0px; padding: 0px; border: 0px; vertical-align: baseline; font-size: 12px; line-height: normal; font-family: Arial, Arial, Helvetica, sans-serif;\">(software can be downloaded to a PC)\u00a0<\/span><br style=\"font-family: Arial, Arial, Helvetica, sans-serif; font-size: 12px; line-height: normal;\" \/><span style=\"margin: 0px; padding: 0px; border: 0px; vertical-align: baseline; font-size: 12px; line-height: normal; font-family: Arial, Arial, Helvetica, sans-serif;\">&#8211; Resistance to change is to adjust\u00a0<\/span><br style=\"font-family: Arial, Arial, Helvetica, sans-serif; font-size: 12px; line-height: normal;\" \/><span style=\"margin: 0px; padding: 0px; border: 0px; vertical-align: baseline; font-size: 12px; line-height: normal; font-family: Arial, Arial, Helvetica, sans-serif;\">&#8211; Position and angle shift plates 360 may be adjusted\u00a0<\/span><br style=\"font-family: Arial, Arial, Helvetica, sans-serif; font-size: 12px; line-height: normal;\" \/><span style=\"margin: 0px; padding: 0px; border: 0px; vertical-align: baseline; font-size: 12px; line-height: normal; font-family: Arial, Arial, Helvetica, sans-serif;\">&#8211; Position and angle of 360 \u00b0 clamping system can be adjusted\u00a0<\/span><br style=\"font-family: Arial, Arial, Helvetica, sans-serif; font-size: 12px; line-height: normal;\" \/><span style=\"margin: 0px; padding: 0px; border: 0px; vertical-align: baseline; font-size: 12px; line-height: normal; font-family: Arial, Arial, Helvetica, sans-serif;\">&#8211; Optimized clamping system for each surface\u00a0<\/span><br style=\"font-family: Arial, Arial, Helvetica, sans-serif; font-size: 12px; line-height: normal;\" \/><span style=\"margin: 0px; padding: 0px; border: 0px; vertical-align: baseline; font-size: 12px; line-height: normal; font-family: Arial, Arial, Helvetica, sans-serif;\">\u00a0\u00a0\u00a0 &#8211; Tables or shelves from 1 to 55 mm thick\u00a0<\/span><br style=\"font-family: Arial, Arial, Helvetica, sans-serif; font-size: 12px; line-height: normal;\" \/><span style=\"margin: 0px; padding: 0px; border: 0px; vertical-align: baseline; font-size: 12px; line-height: normal; font-family: Arial, Arial, Helvetica, sans-serif;\">\u00a0\u00a0\u00a0 &#8211; Cockpits (built threads + removable clamping system)\u00a0<\/span><br style=\"font-family: Arial, Arial, Helvetica, sans-serif; font-size: 12px; line-height: normal;\" \/><span style=\"margin: 0px; padding: 0px; border: 0px; vertical-align: baseline; font-size: 12px; line-height: normal; font-family: Arial, Arial, Helvetica, sans-serif;\">\u00a0<\/span><br style=\"font-family: Arial, Arial, Helvetica, sans-serif; font-size: 12px; line-height: normal;\" \/><strong style=\"margin: 0px; padding: 0px; border: 0px; vertical-align: top; font-size: 12px; line-height: normal; font-family: Arial, Arial, Helvetica, sans-serif;\"><span style=\"margin: 0px; padding: 0px; border: 0px; vertical-align: baseline; font-weight: normal; background: transparent;\"><span style=\"margin: 0px; padding: 0px; border: 0px; vertical-align: baseline; text-decoration: underline; background: transparent;\">VERSATILITY<\/span>\u00a0<\/span><\/strong><br style=\"font-family: Arial, Arial, Helvetica, sans-serif; font-size: 12px; line-height: normal;\" \/><span style=\"margin: 0px; padding: 0px; border: 0px; vertical-align: baseline; font-size: 12px; line-height: normal; font-family: Arial, Arial, Helvetica, sans-serif;\">&#8211; Unique design (*) enables two different driving styles\u00a0<\/span><br style=\"font-family: Arial, Arial, Helvetica, sans-serif; font-size: 12px; line-height: normal;\" \/><span style=\"margin: 0px; padding: 0px; border: 0px; vertical-align: baseline; font-size: 12px; line-height: normal; font-family: Arial, Arial, Helvetica, sans-serif;\">\u00a0\u00a0 &#8211; H-pattern (7 +1)\u00a0<\/span><br style=\"font-family: Arial, Arial, Helvetica, sans-serif; font-size: 12px; line-height: normal;\" \/><span style=\"margin: 0px; padding: 0px; border: 0px; vertical-align: baseline; font-size: 12px; line-height: normal; font-family: Arial, Arial, Helvetica, sans-serif;\">\u00a0\u00a0 &#8211; Sequential (+ \/ -)\u00a0<\/span><br style=\"font-family: Arial, Arial, Helvetica, sans-serif; font-size: 12px; line-height: normal;\" \/><span style=\"margin: 0px; padding: 0px; border: 0px; vertical-align: baseline; font-size: 12px; line-height: normal; font-family: Arial, Arial, Helvetica, sans-serif;\">&#8211; USB and \/ or DIN connectors\u00a0<\/span><br style=\"font-family: Arial, Arial, Helvetica, sans-serif; font-size: 12px; line-height: normal;\" \/><span style=\"margin: 0px; padding: 0px; border: 0px; vertical-align: baseline; font-size: 12px; line-height: normal; font-family: Arial, Arial, Helvetica, sans-serif;\">\u00a0\u00a0 &#8211; On the PC: compatible with all racing wheels on the market\u00a0<\/span><br style=\"font-family: Arial, Arial, Helvetica, sans-serif; font-size: 12px; line-height: normal;\" \/><span style=\"margin: 0px; padding: 0px; border: 0px; vertical-align: baseline; font-size: 12px; line-height: normal; font-family: Arial, Arial, Helvetica, sans-serif;\">\u00a0\u00a0 &#8211; On the PS3 \u2122 and PS4 \u2122: compatible with T500RS Ferrari F1 Wheel Integral T500, T300 and T300RS Ferrari GTE racing wheels\u00a0<\/span><br style=\"font-family: Arial, Arial, Helvetica, sans-serif; font-size: 12px; line-height: normal;\" \/><span style=\"margin: 0px; padding: 0px; border: 0px; vertical-align: baseline; font-size: 12px; line-height: normal; font-family: Arial, Arial, Helvetica, sans-serif;\">\u00a0 &#8211; On the Xbox One: compatible with the TX Racing Wheel\u00a0<\/span><br style=\"font-family: Arial, Arial, Helvetica, sans-serif; font-size: 12px; line-height: normal;\" \/><span style=\"margin: 0px; padding: 0px; border: 0px; vertical-align: baseline; font-size: 12px; line-height: normal; font-family: Arial, Arial, Helvetica, sans-serif;\">\u00a0<\/span><br style=\"font-family: Arial, Arial, Helvetica, sans-serif; font-size: 12px; line-height: normal;\" \/><span style=\"margin: 0px; padding: 0px; border: 0px; vertical-align: baseline; font-size: 12px; line-height: normal; font-family: Arial, Arial, Helvetica, sans-serif;\">* Patent pending\u00a0<\/span><br style=\"font-family: Arial, Arial, Helvetica, sans-serif; font-size: 12px; line-height: normal;\" \/><span style=\"margin: 0px; padding: 0px; border: 0px; vertical-align: baseline; font-size: 12px; line-height: normal; font-family: Arial, Arial, Helvetica, sans-serif;\">Compatible ** on the PC with all games that support MULTI-USB and gearboxes\u00a0<\/span><br style=\"font-family: Arial, Arial, Helvetica, sans-serif; font-size: 12px; line-height: normal;\" \/><span style=\"margin: 0px; padding: 0px; border: 0px; vertical-align: baseline; font-size: 12px; line-height: normal; font-family: Arial, Arial, Helvetica, sans-serif;\">Compatible ** on the PlayStation \u00ae 3 and PlayStation \u00ae with four games in the list http:\/\/ts.thrustmaster.com\/\u00a0<\/span><br style=\"font-family: Arial, Arial, Helvetica, sans-serif; font-size: 12px; line-height: normal;\" \/><span style=\"margin: 0px; padding: 0px; border: 0px; vertical-align: baseline; font-size: 12px; line-height: normal; font-family: Arial, Arial, Helvetica, sans-serif;\">Compatible ** One on Xbox with games in the list http:\/\/ts.thrustmaster.com\/<\/span><\/p>\n<p>&nbsp;<\/p>\n<p>&nbsp;<\/p>\n","protected":false},"excerpt":{"rendered":"<p>Thrustmaster TH8A ADD-ON Shifter, menjalnik za TH Volane<\/p>\n","protected":false},"featured_media":2106,"comment_status":"closed","ping_status":"closed","template":"","meta":[],"yoast_head":"<!-- This site is optimized with the Yoast SEO plugin v16.3 - https:\/\/yoast.com\/wordpress\/plugins\/seo\/ -->\n<title>Thrustmaster TH8A ADD-ON Shifter, menjalnik za TH Volane -<\/title>\n<meta name=\"robots\" content=\"index, follow, max-snippet:-1, max-image-preview:large, max-video-preview:-1\" \/>\n<link rel=\"canonical\" href=\"https:\/\/simracing.si\/sl_si\/izdelek\/thrustmaster-th8a-add-on-shifter-menjalnik-za-th-volane\/\" \/>\n<meta property=\"og:locale\" content=\"sl_SI\" \/>\n<meta property=\"og:type\" content=\"article\" \/>\n<meta property=\"og:title\" content=\"Thrustmaster TH8A ADD-ON Shifter, menjalnik za TH Volane -\" \/>\n<meta property=\"og:description\" content=\"Thrustmaster TH8A ADD-ON Shifter, menjalnik za TH Volane\" \/>\n<meta property=\"og:url\" content=\"https:\/\/simracing.si\/sl_si\/izdelek\/thrustmaster-th8a-add-on-shifter-menjalnik-za-th-volane\/\" \/>\n<meta property=\"article:modified_time\" content=\"2023-06-27T08:57:38+00:00\" \/>\n<meta property=\"og:image\" content=\"https:\/\/simracing.si\/wp-content\/uploads\/2020\/04\/m1.jpg\" \/>\n\t<meta property=\"og:image:width\" content=\"600\" \/>\n\t<meta property=\"og:image:height\" content=\"600\" \/>\n<meta name=\"twitter:card\" content=\"summary_large_image\" \/>\n<meta name=\"twitter:label1\" content=\"Est. reading time\">\n\t<meta name=\"twitter:data1\" content=\"2 minuti\">\n<script type=\"application\/ld+json\" class=\"yoast-schema-graph\">{\"@context\":\"https:\/\/schema.org\",\"@graph\":[{\"@type\":\"WebSite\",\"@id\":\"https:\/\/simracing.si\/#website\",\"url\":\"https:\/\/simracing.si\/\",\"name\":\"\",\"description\":\"\",\"potentialAction\":[{\"@type\":\"SearchAction\",\"target\":\"https:\/\/simracing.si\/?s={search_term_string}\",\"query-input\":\"required name=search_term_string\"}],\"inLanguage\":\"sl-SI\"},{\"@type\":\"ImageObject\",\"@id\":\"https:\/\/simracing.si\/izdelek\/thrustmaster-th8a-add-on-shifter-menjalnik-za-th-volane\/#primaryimage\",\"inLanguage\":\"sl-SI\",\"url\":\"https:\/\/simracing.si\/wp-content\/uploads\/2020\/04\/m1.jpg\",\"contentUrl\":\"https:\/\/simracing.si\/wp-content\/uploads\/2020\/04\/m1.jpg\",\"width\":600,\"height\":600},{\"@type\":\"WebPage\",\"@id\":\"https:\/\/simracing.si\/izdelek\/thrustmaster-th8a-add-on-shifter-menjalnik-za-th-volane\/#webpage\",\"url\":\"https:\/\/simracing.si\/izdelek\/thrustmaster-th8a-add-on-shifter-menjalnik-za-th-volane\/\",\"name\":\"Thrustmaster TH8A ADD-ON Shifter, menjalnik za TH Volane -\",\"isPartOf\":{\"@id\":\"https:\/\/simracing.si\/#website\"},\"primaryImageOfPage\":{\"@id\":\"https:\/\/simracing.si\/izdelek\/thrustmaster-th8a-add-on-shifter-menjalnik-za-th-volane\/#primaryimage\"},\"datePublished\":\"2020-04-30T16:27:52+00:00\",\"dateModified\":\"2023-06-27T08:57:38+00:00\",\"breadcrumb\":{\"@id\":\"https:\/\/simracing.si\/izdelek\/thrustmaster-th8a-add-on-shifter-menjalnik-za-th-volane\/#breadcrumb\"},\"inLanguage\":\"sl-SI\",\"potentialAction\":[{\"@type\":\"ReadAction\",\"target\":[\"https:\/\/simracing.si\/izdelek\/thrustmaster-th8a-add-on-shifter-menjalnik-za-th-volane\/\"]}]},{\"@type\":\"BreadcrumbList\",\"@id\":\"https:\/\/simracing.si\/izdelek\/thrustmaster-th8a-add-on-shifter-menjalnik-za-th-volane\/#breadcrumb\",\"itemListElement\":[{\"@type\":\"ListItem\",\"position\":1,\"item\":{\"@type\":\"WebPage\",\"@id\":\"https:\/\/simracing.si\/\",\"url\":\"https:\/\/simracing.si\/\",\"name\":\"Home\"}},{\"@type\":\"ListItem\",\"position\":2,\"item\":{\"@type\":\"WebPage\",\"@id\":\"https:\/\/simracing.si\/home\/product-category\/\",\"url\":\"https:\/\/simracing.si\/home\/product-category\/\",\"name\":\"Izdelki\"}},{\"@type\":\"ListItem\",\"position\":3,\"item\":{\"@id\":\"https:\/\/simracing.si\/izdelek\/thrustmaster-th8a-add-on-shifter-menjalnik-za-th-volane\/#webpage\"}}]}]}<\/script>\n<!-- \/ Yoast SEO plugin. -->","_links":{"self":[{"href":"https:\/\/simracing.si\/sl_si\/wp-json\/wp\/v2\/product\/1924"}],"collection":[{"href":"https:\/\/simracing.si\/sl_si\/wp-json\/wp\/v2\/product"}],"about":[{"href":"https:\/\/simracing.si\/sl_si\/wp-json\/wp\/v2\/types\/product"}],"replies":[{"embeddable":true,"href":"https:\/\/simracing.si\/sl_si\/wp-json\/wp\/v2\/comments?post=1924"}],"version-history":[{"count":2,"href":"https:\/\/simracing.si\/sl_si\/wp-json\/wp\/v2\/product\/1924\/revisions"}],"predecessor-version":[{"id":4177,"href":"https:\/\/simracing.si\/sl_si\/wp-json\/wp\/v2\/product\/1924\/revisions\/4177"}],"wp:featuredmedia":[{"embeddable":true,"href":"https:\/\/simracing.si\/sl_si\/wp-json\/wp\/v2\/media\/2106"}],"wp:attachment":[{"href":"https:\/\/simracing.si\/sl_si\/wp-json\/wp\/v2\/media?parent=1924"}],"curies":[{"name":"wp","href":"https:\/\/api.w.org\/{rel}","templated":true}]}}