{"id":1919,"date":"2020-04-30T18:27:52","date_gmt":"2020-04-30T17:27:52","guid":{"rendered":"https:\/\/simracing.si\/product\/thrustmaster-t500-rs-wheel-gran-turismo-5-6-volan-2\/"},"modified":"2020-05-19T16:03:11","modified_gmt":"2020-05-19T14:03:11","slug":"thrustmaster-t500-rs-wheel-gran-turismo-5-6-volan-2","status":"publish","type":"product","link":"https:\/\/simracing.si\/sl_si\/izdelek\/thrustmaster-t500-rs-wheel-gran-turismo-5-6-volan-2\/","title":{"rendered":"THRUSTMASTER T500 RS WHEEL GRAN TURISMO 5-6 VOLAN"},"content":{"rendered":"<ul style=\"list-style: none; margin: 0px; padding-right: 0px; padding-left: 0px; font-size: 12px; color: rgb(204, 204, 204); font-family: arial, verdana, helvetica, sans-serif; line-height: normal;\">\n<li style=\"margin: 0.5em 0em;\">\n<p style=\"margin: 0px; padding: 0px; color: rgb(151, 149, 145); line-height: 14px; font-family: Arial, Helvetica, sans-serif;\"><strong><span style=\"color:#FF0000;\">Prodaja se na\u0161 volan, v na\u0161i uporabi-playgame, rabljen max do30minut&nbsp;, v garanciji \u0161e 23&nbsp;mesecev, kot nov, brez ve\u010dje praske, prilo\u017eena vsa oprema in embala\u017ea.<\/span><\/strong><\/p>\n<\/li>\n<\/ul>\n<p style=\"margin: 0.5em 0em;margin: 0px; padding: 0px; color: rgb(151, 149, 145); line-height: 14px; font-family: Arial, Helvetica, sans-serif;\"><strong><span style=\"color:#FF0000;\">Stra\u0161en volan za igranje PC iger, iRacing, RBR,&nbsp;GTR2-3,WTCC-GAME,RACE ON, ASSETO CORSA itd , ter sveda odli\u010den za PS3 in Gran Turismo 5 ali 6, odli\u010den tudi za F1 ali DIRT 3 RALLY<\/span><\/strong><\/p>\n<p style=\"margin: 0.5em 0em;margin: 0px; padding: 0px; color: rgb(151, 149, 145); line-height: 14px; font-family: Arial, Helvetica, sans-serif;\">&nbsp;<\/p>\n<p style=\"margin: 0.5em 0em;margin: 0px; padding: 0px; color: rgb(151, 149, 145); line-height: 14px; font-family: Arial, Helvetica, sans-serif;\"><strong><span style=\"color:#FF0000;\">Volan je dobesedno kot nov! Garancija na zadovoljstvo!<\/span><\/strong><\/p>\n<ul style=\"list-style: none; margin: 0px; padding-right: 0px; padding-left: 0px; font-size: 12px; color: rgb(204, 204, 204); font-family: arial, verdana, helvetica, sans-serif; line-height: normal;\">\n<li style=\"margin: 0.5em 0em;\">\n<p style=\"margin: 0px; padding: 0px; color: rgb(151, 149, 145); line-height: 14px; font-family: Arial, Helvetica, sans-serif;\">&nbsp;<\/p>\n<\/li>\n<li style=\"margin: 0.5em 0em;\">\n<p style=\"margin: 0px; padding: 0px; color: rgb(151, 149, 145); line-height: 14px; font-family: Arial, Helvetica, sans-serif;\"><span style=\"color: rgb(0, 0, 0);\"><strong><span style=\"padding: 0px; margin: 0px; line-height: 13px;\">Po izidu igre Gran Turismo 5, smo &nbsp;dobili \u0161e uradni volan igre. Po prej\u0161njih GT modelih, ko je bil izdelovalec Logitech, je sedaj na vrsti Thrustmaster. Pripravili so volan, ki sli\u0161i na ime Thrustmaster T500RS. Thrustmaster je poznan bolj po poceni volanih, tokrat pa naj bi se njihov volan kosal celo z volani najvi\u0161jega razreda (Logitech G27 in Fanatec GT3 RS)<\/span><\/strong><\/span><\/p>\n<\/li>\n<li style=\"margin: 0.5em 0em;\">\n<p style=\"margin: 0px; padding: 0px; color: rgb(151, 149, 145); line-height: 14px; font-family: Arial, Helvetica, sans-serif;\">&nbsp;<\/p>\n<p style=\"margin: 0px; padding: 0px; color: rgb(151, 149, 145); line-height: 14px; font-family: Arial, Helvetica, sans-serif;\">&nbsp;<\/p>\n<p style=\"margin: 0px; padding: 0px; color: rgb(151, 149, 145); line-height: 14px; font-family: Arial, Helvetica, sans-serif;\">&nbsp;<\/p>\n<p style=\"margin: 0px; padding: 0px; color: rgb(151, 149, 145); line-height: 14px; font-family: Arial, Helvetica, sans-serif;\">&nbsp;<\/p>\n<p>\t<strong><span style=\"color: rgb(0, 0, 0);\"><span style=\"padding: 0px; margin: 0px; line-height: 13px;\"><span style=\"color: rgb(255, 0, 0);\">Sedaj je na voljo \u0161e nekaj dodatnih informacij in sicer volan naj bi imel kar 1080 obra\u010dalnega kroga ter izjemno mo\u010dan povratni u\u010dinek (volan naj bi zato uporabljale le osebe starej\u0161e od 16 let). Menjalnik &#8220;H&#8221; ni v osnovnem paketu in ga boste morali dokupiti posebej.<\/span><\/span><\/span><\/strong><br style=\"padding: 0px; margin: 0px; line-height: 9px;\" \/><br \/>\n\t&nbsp;<\/p>\n<p style=\"margin: 0px; padding: 0px; color: rgb(151, 149, 145); line-height: 14px; font-family: Arial, Helvetica, sans-serif;\">&nbsp;<\/p>\n<p style=\"margin: 0px; padding: 0px; color: rgb(151, 149, 145); line-height: 14px; font-family: Arial, Helvetica, sans-serif;\">&nbsp;<\/p>\n<p style=\"margin: 0px; padding: 0px; color: rgb(151, 149, 145); line-height: 14px; font-family: Arial, Helvetica, sans-serif;\">&nbsp;<\/p>\n<p style=\"margin: 0px; padding: 0px; color: rgb(151, 149, 145); line-height: 14px; font-family: Arial, Helvetica, sans-serif;\">&nbsp;<\/p>\n<p style=\"margin: 0px; padding: 0px; color: rgb(151, 149, 145); line-height: 14px; font-family: Arial, Helvetica, sans-serif;\"><span style=\"padding: 0px; margin: 0px; color: rgb(0, 0, 0); line-height: 13px;\">&nbsp;&nbsp;&nbsp; * The New Benchmark Force Feedback Wheel<br style=\"padding: 0px; margin: 0px; color: rgb(151, 149, 145); line-height: 9px;\" \/><br \/>\n\t&nbsp;&nbsp;&nbsp; * Realistic simulator, with official&nbsp;<strong>Gran Turismo 5&nbsp;<\/strong>and Playstation Licenses<br style=\"padding: 0px; margin: 0px; color: rgb(151, 149, 145); line-height: 9px;\" \/><br \/>\n\t&nbsp;&nbsp;&nbsp; * High precision,&nbsp;<strong>1080 degrees<\/strong>, super-powerful and smooth FFB<br style=\"padding: 0px; margin: 0px; color: rgb(151, 149, 145); line-height: 9px;\" \/><br \/>\n\t&nbsp;&nbsp;&nbsp; * Authentic wheel:&nbsp;<strong>30cm (12\u201d)<\/strong>&nbsp;in diameter with brushed metal central spokes<br style=\"padding: 0px; margin: 0px; color: rgb(151, 149, 145); line-height: 9px;\" \/><br \/>\n\t&nbsp;&nbsp;&nbsp; * Authentic sequential gearshift levers: crafted of brushed metal, attached to the base, 17cm in height<br style=\"padding: 0px; margin: 0px; color: rgb(151, 149, 145); line-height: 9px;\" \/><br \/>\n\t&nbsp;&nbsp;&nbsp; * New H.E.A.R.T. Hall Effect AccuRate Technology on the wheel\u2019s steering<br style=\"padding: 0px; margin: 0px; color: rgb(151, 149, 145); line-height: 9px;\" \/><br \/>\n\t&nbsp;&nbsp;&nbsp; *&nbsp;<strong>Force Feedback with industrial motor, super-powerful, quick responding Force Feedback mechanism<\/strong><br style=\"padding: 0px; margin: 0px; color: rgb(151, 149, 145); line-height: 9px;\" \/><br \/>\n\t&nbsp;&nbsp;&nbsp; * Mechanism with large dual belts (fluid and smooth action)<br style=\"padding: 0px; margin: 0px; color: rgb(151, 149, 145); line-height: 9px;\" \/><br \/>\n\t&nbsp;&nbsp;&nbsp; * Angle of rotation adjustable up to 1080 degrees 9 3 full turns)<\/span><\/p>\n<\/li>\n<\/ul>\n<p style=\"margin: 0.5em 0em; color: rgb(0, 0, 0); font-family: Arial, Helvetica, sans-serif; font-size: 12px; line-height: 18px;\">&nbsp;<\/p>\n<p style=\"margin: 0.5em 0em; color: rgb(0, 0, 0); font-family: Arial, Helvetica, sans-serif; font-size: 12px; line-height: 18px;\"><strong>Ve\u010d info&nbsp;<a href=\"http:\/\/www.playseat.com\/en\/thrustmaster_t500_rs_ps3_pc_steering_wheel_review\" style=\"color: rgb(0, 0, 0); cursor: pointer; outline: none;\">TUKAJ<\/a><\/strong><\/p>\n","protected":false},"excerpt":{"rendered":"<p>THRUSTMASTER T500 RS WHEEL GRAN TURISMO 5-6 VOLAN<\/p>\n","protected":false},"featured_media":2098,"comment_status":"closed","ping_status":"open","template":"","meta":[],"yoast_head":"<!-- This site is optimized with the Yoast SEO plugin v16.3 - https:\/\/yoast.com\/wordpress\/plugins\/seo\/ -->\n<title>THRUSTMASTER T500 RS WHEEL GRAN TURISMO 5-6 VOLAN -<\/title>\n<meta name=\"robots\" content=\"index, follow, max-snippet:-1, max-image-preview:large, max-video-preview:-1\" \/>\n<link rel=\"canonical\" href=\"https:\/\/simracing.si\/sl_si\/product\/thrustmaster-t500-rs-wheel-gran-turismo-5-6-volan-2\/\" \/>\n<meta property=\"og:locale\" content=\"sl_SI\" \/>\n<meta property=\"og:type\" content=\"article\" \/>\n<meta property=\"og:title\" content=\"THRUSTMASTER T500 RS WHEEL GRAN TURISMO 5-6 VOLAN -\" \/>\n<meta property=\"og:description\" content=\"THRUSTMASTER T500 RS WHEEL GRAN TURISMO 5-6 VOLAN\" \/>\n<meta property=\"og:url\" content=\"https:\/\/simracing.si\/sl_si\/product\/thrustmaster-t500-rs-wheel-gran-turismo-5-6-volan-2\/\" \/>\n<meta property=\"article:modified_time\" content=\"2020-05-19T14:03:11+00:00\" \/>\n<meta property=\"og:image\" content=\"https:\/\/simracing.si\/wp-content\/uploads\/2020\/04\/ps3-th1.jpg\" \/>\n\t<meta property=\"og:image:width\" content=\"980\" \/>\n\t<meta property=\"og:image:height\" content=\"556\" \/>\n<meta name=\"twitter:card\" content=\"summary_large_image\" \/>\n<meta name=\"twitter:label1\" content=\"Est. reading time\">\n\t<meta name=\"twitter:data1\" content=\"2 minuti\">\n<script type=\"application\/ld+json\" class=\"yoast-schema-graph\">{\"@context\":\"https:\/\/schema.org\",\"@graph\":[{\"@type\":\"WebSite\",\"@id\":\"https:\/\/simracing.si\/#website\",\"url\":\"https:\/\/simracing.si\/\",\"name\":\"\",\"description\":\"\",\"potentialAction\":[{\"@type\":\"SearchAction\",\"target\":\"https:\/\/simracing.si\/?s={search_term_string}\",\"query-input\":\"required name=search_term_string\"}],\"inLanguage\":\"sl-SI\"},{\"@type\":\"ImageObject\",\"@id\":\"https:\/\/simracing.si\/en_us\/product\/thrustmaster-t500-rs-wheel-gran-turismo-5-6-volan-2\/#primaryimage\",\"inLanguage\":\"sl-SI\",\"url\":\"https:\/\/simracing.si\/wp-content\/uploads\/2020\/04\/ps3-th1.jpg\",\"contentUrl\":\"https:\/\/simracing.si\/wp-content\/uploads\/2020\/04\/ps3-th1.jpg\",\"width\":980,\"height\":556},{\"@type\":\"WebPage\",\"@id\":\"https:\/\/simracing.si\/en_us\/product\/thrustmaster-t500-rs-wheel-gran-turismo-5-6-volan-2\/#webpage\",\"url\":\"https:\/\/simracing.si\/en_us\/product\/thrustmaster-t500-rs-wheel-gran-turismo-5-6-volan-2\/\",\"name\":\"THRUSTMASTER T500 RS WHEEL GRAN TURISMO 5-6 VOLAN -\",\"isPartOf\":{\"@id\":\"https:\/\/simracing.si\/#website\"},\"primaryImageOfPage\":{\"@id\":\"https:\/\/simracing.si\/en_us\/product\/thrustmaster-t500-rs-wheel-gran-turismo-5-6-volan-2\/#primaryimage\"},\"datePublished\":\"2020-04-30T17:27:52+00:00\",\"dateModified\":\"2020-05-19T14:03:11+00:00\",\"breadcrumb\":{\"@id\":\"https:\/\/simracing.si\/en_us\/product\/thrustmaster-t500-rs-wheel-gran-turismo-5-6-volan-2\/#breadcrumb\"},\"inLanguage\":\"sl-SI\",\"potentialAction\":[{\"@type\":\"ReadAction\",\"target\":[\"https:\/\/simracing.si\/en_us\/product\/thrustmaster-t500-rs-wheel-gran-turismo-5-6-volan-2\/\"]}]},{\"@type\":\"BreadcrumbList\",\"@id\":\"https:\/\/simracing.si\/en_us\/product\/thrustmaster-t500-rs-wheel-gran-turismo-5-6-volan-2\/#breadcrumb\",\"itemListElement\":[{\"@type\":\"ListItem\",\"position\":1,\"item\":{\"@type\":\"WebPage\",\"@id\":\"https:\/\/simracing.si\/\",\"url\":\"https:\/\/simracing.si\/\",\"name\":\"Home\"}},{\"@type\":\"ListItem\",\"position\":2,\"item\":{\"@type\":\"WebPage\",\"@id\":\"https:\/\/simracing.si\/home\/product-category\/\",\"url\":\"https:\/\/simracing.si\/home\/product-category\/\",\"name\":\"Izdelki\"}},{\"@type\":\"ListItem\",\"position\":3,\"item\":{\"@id\":\"https:\/\/simracing.si\/en_us\/product\/thrustmaster-t500-rs-wheel-gran-turismo-5-6-volan-2\/#webpage\"}}]}]}<\/script>\n<!-- \/ Yoast SEO plugin. -->","_links":{"self":[{"href":"https:\/\/simracing.si\/sl_si\/wp-json\/wp\/v2\/product\/1919"}],"collection":[{"href":"https:\/\/simracing.si\/sl_si\/wp-json\/wp\/v2\/product"}],"about":[{"href":"https:\/\/simracing.si\/sl_si\/wp-json\/wp\/v2\/types\/product"}],"replies":[{"embeddable":true,"href":"https:\/\/simracing.si\/sl_si\/wp-json\/wp\/v2\/comments?post=1919"}],"version-history":[{"count":1,"href":"https:\/\/simracing.si\/sl_si\/wp-json\/wp\/v2\/product\/1919\/revisions"}],"predecessor-version":[{"id":2430,"href":"https:\/\/simracing.si\/sl_si\/wp-json\/wp\/v2\/product\/1919\/revisions\/2430"}],"wp:featuredmedia":[{"embeddable":true,"href":"https:\/\/simracing.si\/sl_si\/wp-json\/wp\/v2\/media\/2098"}],"wp:attachment":[{"href":"https:\/\/simracing.si\/sl_si\/wp-json\/wp\/v2\/media?parent=1919"}],"curies":[{"name":"wp","href":"https:\/\/api.w.org\/{rel}","templated":true}]}}