{"id":1916,"date":"2020-04-30T18:27:52","date_gmt":"2020-04-30T17:27:52","guid":{"rendered":"https:\/\/simracing.si\/product\/volan-logitech-driving-force-gt-new\/"},"modified":"2020-04-30T18:27:53","modified_gmt":"2020-04-30T17:27:53","slug":"volan-logitech-driving-force-gt-new","status":"publish","type":"product","link":"https:\/\/simracing.si\/sl_si\/izdelek\/volan-logitech-driving-force-gt-new\/","title":{"rendered":"Volan Logitech Driving Force GT, NEW"},"content":{"rendered":"<p><span style=\"color:#000000;\"><span style=\"font-family: Arial, Helvetica, sans-serif; line-height: 19px;\">Volan Logitech Driving force GT je uradni volan serije iger Gran Turismo\u2122. Vrti se kor pravi avtomobilski volan, saj omogo\u010da 900\u00b0 obrat. Skupaj s funkcijo Force Feedback, 6 stopenjskim menjalnikom in gumbom z 24 stopenjskimi nastavitvami pri\u010dara pravo dirka\u0161ko izku\u0161njo.<\/span><\/span><\/p>\n<p>&nbsp;<\/p>\n<p>&nbsp;<\/p>\n<p style=\"margin: 0px; padding: 0px 0px 15px; color: rgb(84, 97, 113); font-family: Arial, Helvetica, sans-serif; font-size: 14px; line-height: 19px;\"><span style=\"color:#000000;\"><span style=\"font-weight: bold;\">Lastnosti:<\/span><\/span><\/p>\n<ul style=\"margin: 5px 0px 15px 20px; padding-right: 0px; padding-left: 0px; color: rgb(84, 97, 113); font-family: Arial, Helvetica, sans-serif; font-size: 14px; line-height: 19px;\">\n<li style=\"line-height: 18px;\"><span style=\"color:#000000;\">Primeren za PC, PS2 in PS3<\/span><\/li>\n<li style=\"line-height: 18px;\"><span style=\"color:#000000;\">uradni volan serije iger Gran Turismo\u2122<\/span><\/li>\n<li style=\"line-height: 18px;\"><span style=\"color:#000000;\">900\u00b0 obrat volana (2 obrata in pol)<\/span><\/li>\n<li style=\"line-height: 18px;\"><span style=\"color:#000000;\">Sila povratnega vibra u\u010dinka &#8220;Force feedback&#8221;<\/span><\/li>\n<li style=\"line-height: 18px;\"><span style=\"color:#000000;\">6 stopenjski menjalnik + vzvratna prestava<\/span><\/li>\n<li style=\"line-height: 18px;\"><span style=\"color:#000000;\">Menjalne tipke za volanom<\/span><\/li>\n<li style=\"line-height: 18px;\"><span style=\"color:#000000;\">Pedala za plinin zavoro<\/span><\/li>\n<li style=\"line-height: 18px;\"><span style=\"color:#000000;\">Gumb z 24 stopenjskimi nastavitvami<\/span><\/li>\n<li style=\"line-height: 18px;\"><span style=\"color:#000000;\">Volanski obro\u010d oble\u010den v gumo<\/span><\/li>\n<\/ul>\n<p style=\"line-height: 18px;\"><strong><span style=\"color:#000000;\">\u200b24 mese\u010dna garancija<\/span><\/strong><\/p>\n","protected":false},"excerpt":{"rendered":"<p>Volan Logitech Driving Force GT, NEW<\/p>\n","protected":false},"featured_media":2099,"comment_status":"closed","ping_status":"open","template":"","meta":[],"yoast_head":"<!-- This site is optimized with the Yoast SEO plugin v16.3 - https:\/\/yoast.com\/wordpress\/plugins\/seo\/ -->\n<title>Volan Logitech Driving Force GT, NEW -<\/title>\n<meta name=\"robots\" content=\"index, follow, max-snippet:-1, max-image-preview:large, max-video-preview:-1\" \/>\n<link rel=\"canonical\" href=\"https:\/\/simracing.si\/sl_si\/izdelek\/volan-logitech-driving-force-gt-new\/\" \/>\n<meta property=\"og:locale\" content=\"sl_SI\" \/>\n<meta property=\"og:type\" content=\"article\" \/>\n<meta property=\"og:title\" content=\"Volan Logitech Driving Force GT, NEW -\" \/>\n<meta property=\"og:description\" content=\"Volan Logitech Driving Force GT, NEW\" \/>\n<meta property=\"og:url\" content=\"https:\/\/simracing.si\/sl_si\/izdelek\/volan-logitech-driving-force-gt-new\/\" \/>\n<meta property=\"article:modified_time\" content=\"2020-04-30T17:27:53+00:00\" \/>\n<meta property=\"og:image\" content=\"https:\/\/simracing.si\/wp-content\/uploads\/2020\/04\/gt11.jpg\" \/>\n\t<meta property=\"og:image:width\" content=\"512\" \/>\n\t<meta property=\"og:image:height\" content=\"512\" \/>\n<meta name=\"twitter:card\" content=\"summary_large_image\" \/>\n<script type=\"application\/ld+json\" class=\"yoast-schema-graph\">{\"@context\":\"https:\/\/schema.org\",\"@graph\":[{\"@type\":\"WebSite\",\"@id\":\"https:\/\/simracing.si\/#website\",\"url\":\"https:\/\/simracing.si\/\",\"name\":\"\",\"description\":\"\",\"potentialAction\":[{\"@type\":\"SearchAction\",\"target\":\"https:\/\/simracing.si\/?s={search_term_string}\",\"query-input\":\"required name=search_term_string\"}],\"inLanguage\":\"sl-SI\"},{\"@type\":\"ImageObject\",\"@id\":\"https:\/\/simracing.si\/sl_si\/izdelek\/volan-logitech-driving-force-gt-new\/#primaryimage\",\"inLanguage\":\"sl-SI\",\"url\":\"https:\/\/simracing.si\/wp-content\/uploads\/2020\/04\/gt11.jpg\",\"contentUrl\":\"https:\/\/simracing.si\/wp-content\/uploads\/2020\/04\/gt11.jpg\",\"width\":512,\"height\":512},{\"@type\":\"WebPage\",\"@id\":\"https:\/\/simracing.si\/sl_si\/izdelek\/volan-logitech-driving-force-gt-new\/#webpage\",\"url\":\"https:\/\/simracing.si\/sl_si\/izdelek\/volan-logitech-driving-force-gt-new\/\",\"name\":\"Volan Logitech Driving Force GT, NEW -\",\"isPartOf\":{\"@id\":\"https:\/\/simracing.si\/#website\"},\"primaryImageOfPage\":{\"@id\":\"https:\/\/simracing.si\/sl_si\/izdelek\/volan-logitech-driving-force-gt-new\/#primaryimage\"},\"datePublished\":\"2020-04-30T17:27:52+00:00\",\"dateModified\":\"2020-04-30T17:27:53+00:00\",\"breadcrumb\":{\"@id\":\"https:\/\/simracing.si\/sl_si\/izdelek\/volan-logitech-driving-force-gt-new\/#breadcrumb\"},\"inLanguage\":\"sl-SI\",\"potentialAction\":[{\"@type\":\"ReadAction\",\"target\":[\"https:\/\/simracing.si\/sl_si\/izdelek\/volan-logitech-driving-force-gt-new\/\"]}]},{\"@type\":\"BreadcrumbList\",\"@id\":\"https:\/\/simracing.si\/sl_si\/izdelek\/volan-logitech-driving-force-gt-new\/#breadcrumb\",\"itemListElement\":[{\"@type\":\"ListItem\",\"position\":1,\"item\":{\"@type\":\"WebPage\",\"@id\":\"https:\/\/simracing.si\/\",\"url\":\"https:\/\/simracing.si\/\",\"name\":\"Home\"}},{\"@type\":\"ListItem\",\"position\":2,\"item\":{\"@type\":\"WebPage\",\"@id\":\"https:\/\/simracing.si\/home\/product-category\/\",\"url\":\"https:\/\/simracing.si\/home\/product-category\/\",\"name\":\"Izdelki\"}},{\"@type\":\"ListItem\",\"position\":3,\"item\":{\"@id\":\"https:\/\/simracing.si\/sl_si\/izdelek\/volan-logitech-driving-force-gt-new\/#webpage\"}}]}]}<\/script>\n<!-- \/ Yoast SEO plugin. -->","_links":{"self":[{"href":"https:\/\/simracing.si\/sl_si\/wp-json\/wp\/v2\/product\/1916"}],"collection":[{"href":"https:\/\/simracing.si\/sl_si\/wp-json\/wp\/v2\/product"}],"about":[{"href":"https:\/\/simracing.si\/sl_si\/wp-json\/wp\/v2\/types\/product"}],"replies":[{"embeddable":true,"href":"https:\/\/simracing.si\/sl_si\/wp-json\/wp\/v2\/comments?post=1916"}],"version-history":[{"count":0,"href":"https:\/\/simracing.si\/sl_si\/wp-json\/wp\/v2\/product\/1916\/revisions"}],"wp:featuredmedia":[{"embeddable":true,"href":"https:\/\/simracing.si\/sl_si\/wp-json\/wp\/v2\/media\/2099"}],"wp:attachment":[{"href":"https:\/\/simracing.si\/sl_si\/wp-json\/wp\/v2\/media?parent=1916"}],"curies":[{"name":"wp","href":"https:\/\/api.w.org\/{rel}","templated":true}]}}