{"id":2377,"date":"2020-05-08T17:18:45","date_gmt":"2020-05-08T16:18:45","guid":{"rendered":"https:\/\/simracing.si\/?page_id=2377"},"modified":"2020-05-11T19:11:33","modified_gmt":"2020-05-11T18:11:33","slug":"rent","status":"publish","type":"page","link":"https:\/\/simracing.si\/sl_si\/rent\/","title":{"rendered":"Najem opreme"},"content":{"rendered":"\t\t<div data-elementor-type=\"wp-page\" data-elementor-id=\"2377\" class=\"elementor elementor-2377\" data-elementor-settings=\"[]\">\n\t\t\t\t\t\t<div class=\"elementor-inner\">\n\t\t\t\t\t\t\t<div class=\"elementor-section-wrap\">\n\t\t\t\t\t\t\t<section class=\"elementor-section elementor-top-section elementor-element elementor-element-2907851 elementor-section-boxed elementor-section-height-default elementor-section-height-default\" data-id=\"2907851\" data-element_type=\"section\">\n\t\t\t\t\t\t<div class=\"elementor-container elementor-column-gap-default\">\n\t\t\t\t\t\t\t<div class=\"elementor-row\">\n\t\t\t\t\t<div class=\"elementor-column elementor-col-100 elementor-top-column elementor-element elementor-element-2b2a891\" data-id=\"2b2a891\" data-element_type=\"column\">\n\t\t\t<div class=\"elementor-column-wrap elementor-element-populated\">\n\t\t\t\t\t\t\t<div class=\"elementor-widget-wrap\">\n\t\t\t\t\t\t<div class=\"elementor-element elementor-element-cb69cd9 elementor-widget elementor-widget-heading\" data-id=\"cb69cd9\" data-element_type=\"widget\" data-widget_type=\"heading.default\">\n\t\t\t\t<div class=\"elementor-widget-container\">\n\t\t\t<h2 class=\"elementor-heading-title elementor-size-large\">Najem opreme<\/h2>\t\t<\/div>\n\t\t\t\t<\/div>\n\t\t\t\t<section class=\"elementor-section elementor-inner-section elementor-element elementor-element-65b0230 elementor-section-boxed elementor-section-height-default elementor-section-height-default\" data-id=\"65b0230\" data-element_type=\"section\">\n\t\t\t\t\t\t<div class=\"elementor-container elementor-column-gap-default\">\n\t\t\t\t\t\t\t<div class=\"elementor-row\">\n\t\t\t\t\t<div class=\"elementor-column elementor-col-50 elementor-inner-column elementor-element elementor-element-7e1f91a\" data-id=\"7e1f91a\" data-element_type=\"column\">\n\t\t\t<div class=\"elementor-column-wrap elementor-element-populated\">\n\t\t\t\t\t\t\t<div class=\"elementor-widget-wrap\">\n\t\t\t\t\t\t<div class=\"elementor-element elementor-element-6a33521 elementor-widget elementor-widget-text-editor\" data-id=\"6a33521\" data-element_type=\"widget\" data-widget_type=\"text-editor.default\">\n\t\t\t\t<div class=\"elementor-widget-container\">\n\t\t\t\t\t\t\t\t<div class=\"elementor-text-editor elementor-clearfix\">\n\t\t\t\t\t<p>Ste v dvomih kateri volan, katera pedala bi izbrali ali pa i\u0161\u010dete nadgradnjo, menjavo\u00a0 in ne veste kaj bi Vam najbolje ugajalo?\u00a0<\/p><p>Pri nas si lahko opremo tudi izposodite, jo vzamete v najem in po dolo\u010denem \u010dasu lahko tudi najeto opremo kupite, \u010de se za to odlo\u010dite.\u00a0<\/p>\t\t\t\t\t<\/div>\n\t\t\t\t\t\t<\/div>\n\t\t\t\t<\/div>\n\t\t\t\t\t\t<\/div>\n\t\t\t\t\t<\/div>\n\t\t<\/div>\n\t\t\t\t<div class=\"elementor-column elementor-col-50 elementor-inner-column elementor-element elementor-element-1f4b2a0\" data-id=\"1f4b2a0\" data-element_type=\"column\">\n\t\t\t<div class=\"elementor-column-wrap\">\n\t\t\t\t\t\t\t<div class=\"elementor-widget-wrap\">\n\t\t\t\t\t\t\t\t<\/div>\n\t\t\t\t\t<\/div>\n\t\t<\/div>\n\t\t\t\t\t\t\t\t<\/div>\n\t\t\t\t\t<\/div>\n\t\t<\/section>\n\t\t\t\t\t\t<\/div>\n\t\t\t\t\t<\/div>\n\t\t<\/div>\n\t\t\t\t\t\t\t\t<\/div>\n\t\t\t\t\t<\/div>\n\t\t<\/section>\n\t\t\t\t\t\t<\/div>\n\t\t\t\t\t\t<\/div>\n\t\t\t\t\t<\/div>\n\t\t","protected":false},"excerpt":{"rendered":"<p>Najem opreme Ste v dvomih kateri volan, katera pedala bi izbrali ali pa i\u0161\u010dete nadgradnjo, menjavo\u00a0 in ne veste kaj bi Vam najbolje ugajalo?\u00a0 Pri nas si lahko opremo tudi izposodite, jo vzamete v najem in po dolo\u010denem \u010dasu lahko tudi najeto opremo kupite, \u010de se za to odlo\u010dite.\u00a0<\/p>\n","protected":false},"author":3,"featured_media":0,"parent":0,"menu_order":0,"comment_status":"closed","ping_status":"closed","template":"template-builder.php","meta":[],"yoast_head":"<!-- This site is optimized with the Yoast SEO plugin v16.3 - https:\/\/yoast.com\/wordpress\/plugins\/seo\/ -->\n<title>Najem opreme -<\/title>\n<meta name=\"robots\" content=\"index, follow, max-snippet:-1, max-image-preview:large, max-video-preview:-1\" \/>\n<link rel=\"canonical\" href=\"https:\/\/simracing.si\/sl_si\/rent\/\" \/>\n<meta property=\"og:locale\" content=\"sl_SI\" \/>\n<meta property=\"og:type\" content=\"article\" \/>\n<meta property=\"og:title\" content=\"Najem opreme -\" \/>\n<meta property=\"og:description\" content=\"Najem opreme Ste v dvomih kateri volan, katera pedala bi izbrali ali pa i\u0161\u010dete nadgradnjo, menjavo\u00a0 in ne veste kaj bi Vam najbolje ugajalo?\u00a0 Pri nas si lahko opremo tudi izposodite, jo vzamete v najem in po dolo\u010denem \u010dasu lahko tudi najeto opremo kupite, \u010de se za to odlo\u010dite.\u00a0\" \/>\n<meta property=\"og:url\" content=\"https:\/\/simracing.si\/sl_si\/rent\/\" \/>\n<meta property=\"article:modified_time\" content=\"2020-05-11T18:11:33+00:00\" \/>\n<meta name=\"twitter:card\" content=\"summary_large_image\" \/>\n<script type=\"application\/ld+json\" class=\"yoast-schema-graph\">{\"@context\":\"https:\/\/schema.org\",\"@graph\":[{\"@type\":\"WebSite\",\"@id\":\"https:\/\/simracing.si\/#website\",\"url\":\"https:\/\/simracing.si\/\",\"name\":\"\",\"description\":\"\",\"potentialAction\":[{\"@type\":\"SearchAction\",\"target\":\"https:\/\/simracing.si\/?s={search_term_string}\",\"query-input\":\"required name=search_term_string\"}],\"inLanguage\":\"sl-SI\"},{\"@type\":\"WebPage\",\"@id\":\"https:\/\/simracing.si\/rent\/#webpage\",\"url\":\"https:\/\/simracing.si\/rent\/\",\"name\":\"Najem opreme -\",\"isPartOf\":{\"@id\":\"https:\/\/simracing.si\/#website\"},\"datePublished\":\"2020-05-08T16:18:45+00:00\",\"dateModified\":\"2020-05-11T18:11:33+00:00\",\"breadcrumb\":{\"@id\":\"https:\/\/simracing.si\/rent\/#breadcrumb\"},\"inLanguage\":\"sl-SI\",\"potentialAction\":[{\"@type\":\"ReadAction\",\"target\":[\"https:\/\/simracing.si\/rent\/\"]}]},{\"@type\":\"BreadcrumbList\",\"@id\":\"https:\/\/simracing.si\/rent\/#breadcrumb\",\"itemListElement\":[{\"@type\":\"ListItem\",\"position\":1,\"item\":{\"@type\":\"WebPage\",\"@id\":\"https:\/\/simracing.si\/\",\"url\":\"https:\/\/simracing.si\/\",\"name\":\"Home\"}},{\"@type\":\"ListItem\",\"position\":2,\"item\":{\"@id\":\"https:\/\/simracing.si\/rent\/#webpage\"}}]}]}<\/script>\n<!-- \/ Yoast SEO plugin. -->","_links":{"self":[{"href":"https:\/\/simracing.si\/sl_si\/wp-json\/wp\/v2\/pages\/2377"}],"collection":[{"href":"https:\/\/simracing.si\/sl_si\/wp-json\/wp\/v2\/pages"}],"about":[{"href":"https:\/\/simracing.si\/sl_si\/wp-json\/wp\/v2\/types\/page"}],"author":[{"embeddable":true,"href":"https:\/\/simracing.si\/sl_si\/wp-json\/wp\/v2\/users\/3"}],"replies":[{"embeddable":true,"href":"https:\/\/simracing.si\/sl_si\/wp-json\/wp\/v2\/comments?post=2377"}],"version-history":[{"count":4,"href":"https:\/\/simracing.si\/sl_si\/wp-json\/wp\/v2\/pages\/2377\/revisions"}],"predecessor-version":[{"id":2384,"href":"https:\/\/simracing.si\/sl_si\/wp-json\/wp\/v2\/pages\/2377\/revisions\/2384"}],"wp:attachment":[{"href":"https:\/\/simracing.si\/sl_si\/wp-json\/wp\/v2\/media?parent=2377"}],"curies":[{"name":"wp","href":"https:\/\/api.w.org\/{rel}","templated":true}]}}