{"id":4353,"date":"2024-10-09T10:37:39","date_gmt":"2024-10-09T08:37:39","guid":{"rendered":"https:\/\/simracing.si\/?post_type=product&#038;p=4353"},"modified":"2024-10-09T10:37:39","modified_gmt":"2024-10-09T08:37:39","slug":"thrustmaster-t-flight-stick-x-joystick-ps3-pc","status":"publish","type":"product","link":"https:\/\/simracing.si\/en_us\/product\/thrustmaster-t-flight-stick-x-joystick-ps3-pc\/","title":{"rendered":"THRUSTMASTER T.FLIGHT STICK X JOYSTICK PS3\/PC"},"content":{"rendered":"<div class=\"title\">Opis<\/div>\n<div>S 15-letnimi izku\u0161njami na trgu igralnih palic Thrustmaster izkazuje svoje znanje tako, da ponuja cenovno dostopnost in realizem z igralno palico T.Flight Stick X. Igre simulatorja letenja so lahko sprva zastra\u0161ujo\u010de, toda igralna palica T.Flight Stick X igralcem omogo\u010da, da se takoj zapletejo v akcijo z zmo\u017enostmi Plug &amp; Play in je vnaprej konfigurirana za Microsoft Flight Simulator X. Prav tako je vnaprej konfigurirana za tri Sony Playstation 3 igre, ki so Ubisoftovi Blazing Angels, Tom Clancy&#8217;s HawX in IL-2 Sturmovik&#8217;s Birds of Prey.<\/div>\n<div>T.Flight Stick X Joystick ni le enostaven za uporabo, ampak prina\u0161a tudi ob\u010dutek realizma. Ima ute\u017eeno osnovo, ki ohranja krmilno palico stabilno tudi pri ostrih zavojih in hitrih manevrih. Velik naslon za roke omogo\u010da udobno uporabo. Hitro spro\u017eilec optimizira zmogljivost, medtem ko u\u010dinkovito krmilo omogo\u010da ravne zavoje. Ergonomska ro\u010dica za plin nadzoruje pretok goriva, ve\u010dsmerno stikalo pa omogo\u010da enostavno spreminjanje pogledov ali menijev. 4 osi na krmilni palici dajejo igralcu optimalen nadzor nad vzorci letenja letala.<\/div>\n<div>Udobna uporaba<\/div>\n<div>T.Flight Stick X Joystick ima ergonomsko zasnovo, ki ohranja roke udobne med dalj\u0161imi sejami. Ute\u017eeno podno\u017eje ohranja krmilno palico stabilno med ostrimi gibi. Ekskluzivni gumb vam omogo\u010da, da takoj brez odla\u0161anja preklopite iz ene programirane konfiguracije v drugo<\/div>\n<div>Optimalni nadzor<\/div>\n<div>T.Flight Stick X Joystick ima 12 gumbov in 4 osi, ki so vse programsko nastavljive, vrtljivi ro\u010daj z vgrajenim sistemom zaklepanja za brezhiben nadzor nad krmilom letala in hitri spro\u017eilec je zasnovan za optimalen nadzor va\u0161ega letala v simulaciji letenja. ali v bitki<\/div>\n<div>Zdru\u017eljivo s PS3 in PC<\/div>\n<div>T.Flight Stick X Joystick je popolnoma zdru\u017eljiv s konzolami PS3 in ra\u010dunalni\u0161kimi ra\u010dunalniki. Na voljo je vnaprej konfiguriran za Microsoft Flight Simulator X na osebnem ra\u010dunalniku, kot tudi za Ubisoftove Blazing Angels, Tom Clancy&#8217;s HawX in IL-2 Sturmovik&#8217;s Birds of Prey na Playstation 3<\/div>","protected":false},"excerpt":{"rendered":"<p>Opis S 15-letnimi izku\u0161njami na trgu igralnih palic Thrustmaster izkazuje svoje znanje tako, da ponuja cenovno dostopnost in realizem z igralno palico T.Flight Stick X. Igre simulatorja letenja so lahko sprva zastra\u0161ujo\u010de, toda igralna palica T.Flight Stick X igralcem omogo\u010da, da se takoj zapletejo v akcijo z zmo\u017enostmi Plug &amp; Play in je vnaprej konfigurirana [&hellip;]<\/p>","protected":false},"featured_media":4214,"comment_status":"open","ping_status":"closed","template":"","meta":[],"yoast_head":"<!-- This site is optimized with the Yoast SEO plugin v16.3 - https:\/\/yoast.com\/wordpress\/plugins\/seo\/ -->\n<title>THRUSTMASTER T.FLIGHT STICK X JOYSTICK PS3\/PC -<\/title>\n<meta name=\"robots\" content=\"index, follow, max-snippet:-1, max-image-preview:large, max-video-preview:-1\" \/>\n<link rel=\"canonical\" href=\"https:\/\/simracing.si\/en_us\/product\/thrustmaster-t-flight-stick-x-joystick-ps3-pc\/\" \/>\n<meta property=\"og:locale\" content=\"en_US\" \/>\n<meta property=\"og:type\" content=\"article\" \/>\n<meta property=\"og:title\" content=\"THRUSTMASTER T.FLIGHT STICK X JOYSTICK PS3\/PC -\" \/>\n<meta property=\"og:description\" content=\"Opis S 15-letnimi izku\u0161njami na trgu igralnih palic Thrustmaster izkazuje svoje znanje tako, da ponuja cenovno dostopnost in realizem z igralno palico T.Flight Stick X. Igre simulatorja letenja so lahko sprva zastra\u0161ujo\u010de, toda igralna palica T.Flight Stick X igralcem omogo\u010da, da se takoj zapletejo v akcijo z zmo\u017enostmi Plug &amp; Play in je vnaprej konfigurirana [&hellip;]\" \/>\n<meta property=\"og:url\" content=\"https:\/\/simracing.si\/en_us\/product\/thrustmaster-t-flight-stick-x-joystick-ps3-pc\/\" \/>\n<meta property=\"og:image\" content=\"https:\/\/simracing.si\/wp-content\/uploads\/2023\/06\/THRUSTMASTER-T-FLIGHT-HOTAS-X-JOYSTICK-PS3-PC.jpeg\" \/>\n\t<meta property=\"og:image:width\" content=\"516\" \/>\n\t<meta property=\"og:image:height\" content=\"550\" \/>\n<meta name=\"twitter:card\" content=\"summary_large_image\" \/>\n<meta name=\"twitter:label1\" content=\"Est. reading time\">\n\t<meta name=\"twitter:data1\" content=\"2 minutes\">\n<script type=\"application\/ld+json\" class=\"yoast-schema-graph\">{\"@context\":\"https:\/\/schema.org\",\"@graph\":[{\"@type\":\"WebSite\",\"@id\":\"https:\/\/simracing.si\/#website\",\"url\":\"https:\/\/simracing.si\/\",\"name\":\"\",\"description\":\"\",\"potentialAction\":[{\"@type\":\"SearchAction\",\"target\":\"https:\/\/simracing.si\/?s={search_term_string}\",\"query-input\":\"required name=search_term_string\"}],\"inLanguage\":\"en-US\"},{\"@type\":\"ImageObject\",\"@id\":\"https:\/\/simracing.si\/izdelek\/thrustmaster-t-flight-stick-x-joystick-ps3-pc\/#primaryimage\",\"inLanguage\":\"en-US\",\"url\":\"https:\/\/simracing.si\/wp-content\/uploads\/2023\/06\/THRUSTMASTER-T-FLIGHT-HOTAS-X-JOYSTICK-PS3-PC.jpeg\",\"contentUrl\":\"https:\/\/simracing.si\/wp-content\/uploads\/2023\/06\/THRUSTMASTER-T-FLIGHT-HOTAS-X-JOYSTICK-PS3-PC.jpeg\",\"width\":516,\"height\":550},{\"@type\":\"WebPage\",\"@id\":\"https:\/\/simracing.si\/izdelek\/thrustmaster-t-flight-stick-x-joystick-ps3-pc\/#webpage\",\"url\":\"https:\/\/simracing.si\/izdelek\/thrustmaster-t-flight-stick-x-joystick-ps3-pc\/\",\"name\":\"THRUSTMASTER T.FLIGHT STICK X JOYSTICK PS3\/PC -\",\"isPartOf\":{\"@id\":\"https:\/\/simracing.si\/#website\"},\"primaryImageOfPage\":{\"@id\":\"https:\/\/simracing.si\/izdelek\/thrustmaster-t-flight-stick-x-joystick-ps3-pc\/#primaryimage\"},\"datePublished\":\"2024-10-09T08:37:39+00:00\",\"dateModified\":\"2024-10-09T08:37:39+00:00\",\"breadcrumb\":{\"@id\":\"https:\/\/simracing.si\/izdelek\/thrustmaster-t-flight-stick-x-joystick-ps3-pc\/#breadcrumb\"},\"inLanguage\":\"en-US\",\"potentialAction\":[{\"@type\":\"ReadAction\",\"target\":[\"https:\/\/simracing.si\/izdelek\/thrustmaster-t-flight-stick-x-joystick-ps3-pc\/\"]}]},{\"@type\":\"BreadcrumbList\",\"@id\":\"https:\/\/simracing.si\/izdelek\/thrustmaster-t-flight-stick-x-joystick-ps3-pc\/#breadcrumb\",\"itemListElement\":[{\"@type\":\"ListItem\",\"position\":1,\"item\":{\"@type\":\"WebPage\",\"@id\":\"https:\/\/simracing.si\/\",\"url\":\"https:\/\/simracing.si\/\",\"name\":\"Home\"}},{\"@type\":\"ListItem\",\"position\":2,\"item\":{\"@type\":\"WebPage\",\"@id\":\"https:\/\/simracing.si\/home\/product-category\/\",\"url\":\"https:\/\/simracing.si\/home\/product-category\/\",\"name\":\"Izdelki\"}},{\"@type\":\"ListItem\",\"position\":3,\"item\":{\"@id\":\"https:\/\/simracing.si\/izdelek\/thrustmaster-t-flight-stick-x-joystick-ps3-pc\/#webpage\"}}]}]}<\/script>\n<!-- \/ Yoast SEO plugin. -->","_links":{"self":[{"href":"https:\/\/simracing.si\/en_us\/wp-json\/wp\/v2\/product\/4353"}],"collection":[{"href":"https:\/\/simracing.si\/en_us\/wp-json\/wp\/v2\/product"}],"about":[{"href":"https:\/\/simracing.si\/en_us\/wp-json\/wp\/v2\/types\/product"}],"replies":[{"embeddable":true,"href":"https:\/\/simracing.si\/en_us\/wp-json\/wp\/v2\/comments?post=4353"}],"version-history":[{"count":1,"href":"https:\/\/simracing.si\/en_us\/wp-json\/wp\/v2\/product\/4353\/revisions"}],"predecessor-version":[{"id":4354,"href":"https:\/\/simracing.si\/en_us\/wp-json\/wp\/v2\/product\/4353\/revisions\/4354"}],"wp:featuredmedia":[{"embeddable":true,"href":"https:\/\/simracing.si\/en_us\/wp-json\/wp\/v2\/media\/4214"}],"wp:attachment":[{"href":"https:\/\/simracing.si\/en_us\/wp-json\/wp\/v2\/media?parent=4353"}],"curies":[{"name":"wp","href":"https:\/\/api.w.org\/{rel}","templated":true}]}}