{"id":4281,"date":"2023-12-05T11:25:21","date_gmt":"2023-12-05T09:25:21","guid":{"rendered":"https:\/\/simracing.si\/?post_type=product&#038;p=4281"},"modified":"2024-10-14T07:47:57","modified_gmt":"2024-10-14T05:47:57","slug":"thrustmaster-t-gt-ii-racing-wheel-eu","status":"publish","type":"product","link":"https:\/\/simracing.si\/en_us\/product\/thrustmaster-t-gt-ii-racing-wheel-eu\/","title":{"rendered":"THRUSTMASTER T-GT II RACING WHEEL EU"},"content":{"rendered":"<p>Opis<\/p>\n<p style=\"font-weight: 400;\">T-GT II je bil izbolj\u0161an in izpopolnjen po ve\u010d kot 23.000urah intenzivnega raziskovalnega in razvojnega dela in osupljivo dvignilzmogljivost svojega predhodnika (T-GT) na \u0161e vi\u0161jo raven. S T-GT II lahkoigralci na PlayStation 5, PlayStation 4 in osebnih ra\u010dunalnikih u\u017eivajo vpovsem novi stopnji natan\u010dnosti in vzdr\u017eljivosti.<\/p>\n<p style=\"font-weight: 400;\">Dirkalni volan T-GT II, ki je uradno licenciran zaPlayStation 5 in Gran Turismo, zagotavlja klju\u010dne prednosti in realisti\u010dneob\u010dutke v igri GT Sport zaradi revolucionarnih tehnologij, kot so T-LIN, T-DCC in\u0161e posebej T-DFB.<\/p>\n<p style=\"font-weight: 400;\">Da bi zagotovili najvi\u0161jo raven trajnosti in kakovosti skozi\u010das, ima T-GT II povsem novo elektronsko zasnovo s plo\u0161\u010dami tiskanih vezij scertifikatom AEC-Q iz avtomobilske industrije, ki se uporablja v resni\u010dnemsvetu. Cilj te predelave notranjih komponent uporabljenih v ThrustmasterjevemT-GT II je izpolniti potrebe najbolj tekmovalnih dirka\u010dev na svetu.<\/p>\n<p style=\"font-weight: 400;\">T-DCC (izra\u010dun krivulje drifta v realnem \u010dasu): Upravljanjedrifta je nujno za vse voznike, ki morajo skrbno nadzorovati drsenje svojegaavtomobila v zavojih. S tem namenom je v igri T-GT II uporabljena tehnologija T-DCC,s \u010dimer se v vseh okoli\u0161\u010dinah ohranja odzivnost volana in avtomobila v igri.<\/p>\n<p style=\"font-weight: 400;\">T-RTF (Real Time Force Feedback): Sistem T-RTF \u00a0skraj\u0161a \u010das izra\u010duna povratne informacije osili, kar omogo\u010da takoj\u0161njo odzivnost. Povratne informacije o sili v realnem\u010dasu upravlja vgrajeni procesor. To pomeni, da ti u\u010dinki niso odvisni od sameigre, uporabnikom omogo\u010da, da u\u017eivajo v igranju brez mrtvih con ali zakasnitev.To velja tako za konzole kot za osebne ra\u010dunalnike.<\/p>\n<p style=\"font-weight: 400;\">T-LIN: Dirkalnik Thrustmaster T-GT II vsebuje funkcijo ForceFeedback: sila, ki jo ob\u010duti uporabnik, je 100-odstotno sorazmerna s silo,dolo\u010deno v igri. Obna\u0161anje avtomobilov in razmere na progi so reproducirane z osupljivostopnjo podrobnosti.<\/p>\n<p style=\"font-weight: 400;\">Tako lahko dirka\u010di zaradi povratnih informacij predvidevajoin se u\u010dinkoviteje odzivajo na razmere na progi. To izbolj\u0161a uporabnikovorazumevanje vo\u017enje, kar jim pomaga premagovati rekorde in zmagovati na dirkah.<\/p>\n<p style=\"font-weight: 400;\">T-40VE: 40-vatni motor dirkalnega volana T-GT II odlikujetaForce Feedback in neverjetna hitrost (dinami\u010dni navor) &#8211; od dolgih zavornihkrivulj do izjemno odzivnih krivulj S.<\/p>\n<p style=\"font-weight: 400;\">Ta visokozmogljivi motor zagotavlja hitrost, ki je potrebnaza ustvarjanje izjemno dinami\u010dnih in mo\u010dnih gibov. Zaradi svoje hitrosti motorv realnem \u010dasu prena\u0161a hitrej\u0161e in mo\u010dnej\u0161e odzive na tekmovalce, ki jihizbolj\u0161uje Thrustmasterjeva patentirana tehnologija T-LIN.<\/p>\n<p style=\"font-weight: 400;\">T-DFB (Depth Feedback): Kombinacija izpopolnjenega ForceFeedback brezkrta\u010dnega motorja s tehnologijo Depth Feedback ustvarjarealisti\u010dno 3D zaznavanje okolja. Ta sistem izbolj\u0161a izku\u0161njo vo\u017enje, vklju\u010dno spovratno informacijo o oprijemom pnevmatik, pri podkrmarjenju in prekrmarjenju,prenosu mase, teksturo in nepravilnostmi cesti\u0161\u010da, vzmetenjem in drugimiparametri, zna\u010dilnimi za vsako vozilo in progo.<\/p>\n<p style=\"font-weight: 400;\">T-TURBO: Zunanji napajalnik zagotavlja stalno mo\u010d in veliko ve\u010djomo\u010d (400 W) za takoj\u0161en odziv na zahteve ovinke, siloviti drift ali \u0161tevilne\u0161ikane.<\/p>\n<p style=\"font-weight: 400;\">T-M.C.E.: Zahvaljujo\u010d tehnologiji T-M.C.E. T-40VE upravljaprenos in odvaja toploto u\u010dinkoviteje kot kdaj koli prej. T-40VE ima hladilnisistem vgrajen v samem srcu motorja, v zelo omejenem in zaprtem okolju. Takombinacija zagotavlja stalno natan\u010dnost delovanja in u\u010dinkovitost motorja T-GTII, tudi pri najdalj\u0161ih dirkah.<\/p>\n<p style=\"font-weight: 400;\">T-F.O.C.: Algoritem T-F.O.C. s senzorji s Hallovim u\u010dinkom: Thrustmasterjevapatentirana tehnologija prepoznava polo\u017eaj dirkalnega kolesa z izjemnonatan\u010dnostjo.<\/p>","protected":false},"excerpt":{"rendered":"<p>Opis T-GT II je bil izbolj\u0161an in izpopolnjen po ve\u010d kot 23.000urah intenzivnega raziskovalnega in razvojnega dela in osupljivo dvignilzmogljivost svojega predhodnika (T-GT) na \u0161e vi\u0161jo raven. S T-GT II lahkoigralci na PlayStation 5, PlayStation 4 in osebnih ra\u010dunalnikih u\u017eivajo vpovsem novi stopnji natan\u010dnosti in vzdr\u017eljivosti. Dirkalni volan T-GT II, ki je uradno licenciran zaPlayStation [&hellip;]<\/p>","protected":false},"featured_media":4282,"comment_status":"open","ping_status":"closed","template":"","meta":[],"yoast_head":"<!-- This site is optimized with the Yoast SEO plugin v16.3 - https:\/\/yoast.com\/wordpress\/plugins\/seo\/ -->\n<title>THRUSTMASTER T-GT II RACING WHEEL EU -<\/title>\n<meta name=\"robots\" content=\"index, follow, max-snippet:-1, max-image-preview:large, max-video-preview:-1\" \/>\n<link rel=\"canonical\" href=\"https:\/\/simracing.si\/en_us\/product\/thrustmaster-t-gt-ii-racing-wheel-eu\/\" \/>\n<meta property=\"og:locale\" content=\"en_US\" \/>\n<meta property=\"og:type\" content=\"article\" \/>\n<meta property=\"og:title\" content=\"THRUSTMASTER T-GT II RACING WHEEL EU -\" \/>\n<meta property=\"og:description\" content=\"Opis T-GT II je bil izbolj\u0161an in izpopolnjen po ve\u010d kot 23.000urah intenzivnega raziskovalnega in razvojnega dela in osupljivo dvignilzmogljivost svojega predhodnika (T-GT) na \u0161e vi\u0161jo raven. S T-GT II lahkoigralci na PlayStation 5, PlayStation 4 in osebnih ra\u010dunalnikih u\u017eivajo vpovsem novi stopnji natan\u010dnosti in vzdr\u017eljivosti. Dirkalni volan T-GT II, ki je uradno licenciran zaPlayStation [&hellip;]\" \/>\n<meta property=\"og:url\" content=\"https:\/\/simracing.si\/en_us\/product\/thrustmaster-t-gt-ii-racing-wheel-eu\/\" \/>\n<meta property=\"article:modified_time\" content=\"2024-10-14T05:47:57+00:00\" \/>\n<meta property=\"og:image\" content=\"https:\/\/simracing.si\/wp-content\/uploads\/2023\/12\/tgt2-s-pedali.jpeg\" \/>\n\t<meta property=\"og:image:width\" content=\"550\" \/>\n\t<meta property=\"og:image:height\" content=\"550\" \/>\n<meta name=\"twitter:card\" content=\"summary_large_image\" \/>\n<meta name=\"twitter:label1\" content=\"Est. reading time\">\n\t<meta name=\"twitter:data1\" content=\"3 minutes\">\n<script type=\"application\/ld+json\" class=\"yoast-schema-graph\">{\"@context\":\"https:\/\/schema.org\",\"@graph\":[{\"@type\":\"WebSite\",\"@id\":\"https:\/\/simracing.si\/#website\",\"url\":\"https:\/\/simracing.si\/\",\"name\":\"\",\"description\":\"\",\"potentialAction\":[{\"@type\":\"SearchAction\",\"target\":\"https:\/\/simracing.si\/?s={search_term_string}\",\"query-input\":\"required name=search_term_string\"}],\"inLanguage\":\"en-US\"},{\"@type\":\"ImageObject\",\"@id\":\"https:\/\/simracing.si\/izdelek\/thrustmaster-t-gt-ii-racing-wheel-eu\/#primaryimage\",\"inLanguage\":\"en-US\",\"url\":\"https:\/\/simracing.si\/wp-content\/uploads\/2023\/12\/tgt2-s-pedali.jpeg\",\"contentUrl\":\"https:\/\/simracing.si\/wp-content\/uploads\/2023\/12\/tgt2-s-pedali.jpeg\",\"width\":550,\"height\":550},{\"@type\":\"WebPage\",\"@id\":\"https:\/\/simracing.si\/izdelek\/thrustmaster-t-gt-ii-racing-wheel-eu\/#webpage\",\"url\":\"https:\/\/simracing.si\/izdelek\/thrustmaster-t-gt-ii-racing-wheel-eu\/\",\"name\":\"THRUSTMASTER T-GT II RACING WHEEL EU -\",\"isPartOf\":{\"@id\":\"https:\/\/simracing.si\/#website\"},\"primaryImageOfPage\":{\"@id\":\"https:\/\/simracing.si\/izdelek\/thrustmaster-t-gt-ii-racing-wheel-eu\/#primaryimage\"},\"datePublished\":\"2023-12-05T09:25:21+00:00\",\"dateModified\":\"2024-10-14T05:47:57+00:00\",\"breadcrumb\":{\"@id\":\"https:\/\/simracing.si\/izdelek\/thrustmaster-t-gt-ii-racing-wheel-eu\/#breadcrumb\"},\"inLanguage\":\"en-US\",\"potentialAction\":[{\"@type\":\"ReadAction\",\"target\":[\"https:\/\/simracing.si\/izdelek\/thrustmaster-t-gt-ii-racing-wheel-eu\/\"]}]},{\"@type\":\"BreadcrumbList\",\"@id\":\"https:\/\/simracing.si\/izdelek\/thrustmaster-t-gt-ii-racing-wheel-eu\/#breadcrumb\",\"itemListElement\":[{\"@type\":\"ListItem\",\"position\":1,\"item\":{\"@type\":\"WebPage\",\"@id\":\"https:\/\/simracing.si\/\",\"url\":\"https:\/\/simracing.si\/\",\"name\":\"Home\"}},{\"@type\":\"ListItem\",\"position\":2,\"item\":{\"@type\":\"WebPage\",\"@id\":\"https:\/\/simracing.si\/home\/product-category\/\",\"url\":\"https:\/\/simracing.si\/home\/product-category\/\",\"name\":\"Izdelki\"}},{\"@type\":\"ListItem\",\"position\":3,\"item\":{\"@id\":\"https:\/\/simracing.si\/izdelek\/thrustmaster-t-gt-ii-racing-wheel-eu\/#webpage\"}}]}]}<\/script>\n<!-- \/ Yoast SEO plugin. -->","_links":{"self":[{"href":"https:\/\/simracing.si\/en_us\/wp-json\/wp\/v2\/product\/4281"}],"collection":[{"href":"https:\/\/simracing.si\/en_us\/wp-json\/wp\/v2\/product"}],"about":[{"href":"https:\/\/simracing.si\/en_us\/wp-json\/wp\/v2\/types\/product"}],"replies":[{"embeddable":true,"href":"https:\/\/simracing.si\/en_us\/wp-json\/wp\/v2\/comments?post=4281"}],"version-history":[{"count":1,"href":"https:\/\/simracing.si\/en_us\/wp-json\/wp\/v2\/product\/4281\/revisions"}],"predecessor-version":[{"id":4283,"href":"https:\/\/simracing.si\/en_us\/wp-json\/wp\/v2\/product\/4281\/revisions\/4283"}],"wp:featuredmedia":[{"embeddable":true,"href":"https:\/\/simracing.si\/en_us\/wp-json\/wp\/v2\/media\/4282"}],"wp:attachment":[{"href":"https:\/\/simracing.si\/en_us\/wp-json\/wp\/v2\/media?parent=4281"}],"curies":[{"name":"wp","href":"https:\/\/api.w.org\/{rel}","templated":true}]}}