{"id":4277,"date":"2023-12-05T11:20:13","date_gmt":"2023-12-05T09:20:13","guid":{"rendered":"https:\/\/simracing.si\/?post_type=product&#038;p=4277"},"modified":"2024-08-09T23:48:12","modified_gmt":"2024-08-09T21:48:12","slug":"thrustmaster-t-gt-ii-pack-gt-wheelbaset-gt-ii-no-pedal","status":"publish","type":"product","link":"https:\/\/simracing.si\/en_us\/product\/thrustmaster-t-gt-ii-pack-gt-wheelbaset-gt-ii-no-pedal\/","title":{"rendered":"THRUSTMASTER T-GT II PACK GT WHEEL+BASE(T-GT II NO PEDAL)"},"content":{"rendered":"<p>Opis<\/p>\n<p style=\"font-weight: 400;\">Dirkalni volan T-GT II je vrhunski sklop izjemno inovativnihtehnologij, ki so rezultat zelo poglobljene \u0161tudije vseh ob\u010dutkov, ki jihmorate imeti za ultrarealisti\u010dno izku\u0161njo dirkanja z avtomobili.<\/p>\n<p style=\"font-weight: 400;\">Izpopolnjen po ve\u010d kot 23.000 urah intenzivnegaraziskovalnega in razvojnega dela, je bil T-GT II zasnovan tako, da neverjetnozmogljivost Force Feedback svojega predhodnika (T-GT) dvigne na \u0161e vi\u0161je ravniigranja. S T-GT II lahko igralci iger na konzolah PlayStation 5, PlayStation 4in osebnih ra\u010dunalnikih u\u017eivajo v povsem novih ravneh natan\u010dnosti invzdr\u017eljivosti. Dirkalni volan T-GT II, ??uradno licencirano za PlayStation 5 inGran Turismo, zagotavlja klju\u010dne prednosti in realisti\u010dne ob\u010dutke v GT Sportzahvaljujo\u010d revolucionarnim tehnologijam, vklju\u010dno s T-LIN, T-DCC in zlastiT-DFB (3D percepcija sile povratne informacije u\u010dinki).<\/p>\n<p style=\"font-weight: 400;\">Lastnosti<\/p>\n<ul style=\"font-weight: 400;\">\n<li style=\"font-weight: 400;\">V usnje oble\u010den volan s 25 akcijskimi gumbi, 1 gumbom in 4vrtljivimi izbirniki, ki so izvorno prepoznani v GT Sport (diferencialnozaviranje, nadzor oprijema, preslikava goriva, upravljanje navora)<\/li>\n<li style=\"font-weight: 400;\">Visokohitrostni, 40-vatni brezkrta\u010dni motor naslednjegeneracije za izjemno odziven odziv sile z visoko zmogljivostjo navora<\/li>\n<li style=\"font-weight: 400;\">Notranje komponente iz evropske avtomobilske industrije(AEC-Q), za maksimalno kakovost in \u017eivljenjsko dobo<\/li>\n<li style=\"font-weight: 400;\">Lastni\u0161ke tehnologije: T-AEC-Q, T-DCC, T-RTF, T-LIN, T40-VE,T-DFB, T-F.O.C., T-M.C.E. in T-TURBO<\/li>\n<li style=\"font-weight: 400;\">Lastni\u0161ka magnetna tehnologija (H.E.A.R.T) za neomejeno\u017eivljenjsko dobo in optimalno natan\u010dnost<\/li>\n<li style=\"font-weight: 400;\">Sistem za hitro in enostavno menjavo volanov, ki omogo\u010dauporabo razli\u010dnih tipov volanov (F1, Rally itd.) (prodaja lo\u010deno)<\/li>\n<li style=\"font-weight: 400;\">Sistem z dvojnimi pasovi za gladko igranje iger brez mrtvihobmo\u010dij<\/li>\n<li style=\"font-weight: 400;\">Zdru\u017eljivo z menjalnikom Thrustmaster TH8A in ro\u010dno zavoroTSS (na prodaj posebej)<\/li>\n<li style=\"font-weight: 400;\">Uradnolicencirano za PlayStation 5 in Gran Turismo; zdru\u017eljiv s PS5, PS4 in PC<\/li>\n<\/ul>","protected":false},"excerpt":{"rendered":"<p>Opis Dirkalni volan T-GT II je vrhunski sklop izjemno inovativnihtehnologij, ki so rezultat zelo poglobljene \u0161tudije vseh ob\u010dutkov, ki jihmorate imeti za ultrarealisti\u010dno izku\u0161njo dirkanja z avtomobili. Izpopolnjen po ve\u010d kot 23.000 urah intenzivnegaraziskovalnega in razvojnega dela, je bil T-GT II zasnovan tako, da neverjetnozmogljivost Force Feedback svojega predhodnika (T-GT) dvigne na \u0161e vi\u0161je ravniigranja. [&hellip;]<\/p>","protected":false},"featured_media":4280,"comment_status":"open","ping_status":"closed","template":"","meta":[],"yoast_head":"<!-- This site is optimized with the Yoast SEO plugin v16.3 - https:\/\/yoast.com\/wordpress\/plugins\/seo\/ -->\n<title>THRUSTMASTER T-GT II PACK GT WHEEL+BASE(T-GT II NO PEDAL) -<\/title>\n<meta name=\"robots\" content=\"index, follow, max-snippet:-1, max-image-preview:large, max-video-preview:-1\" \/>\n<link rel=\"canonical\" href=\"https:\/\/simracing.si\/en_us\/product\/thrustmaster-t-gt-ii-pack-gt-wheelbaset-gt-ii-no-pedal\/\" \/>\n<meta property=\"og:locale\" content=\"en_US\" \/>\n<meta property=\"og:type\" content=\"article\" \/>\n<meta property=\"og:title\" content=\"THRUSTMASTER T-GT II PACK GT WHEEL+BASE(T-GT II NO PEDAL) -\" \/>\n<meta property=\"og:description\" content=\"Opis Dirkalni volan T-GT II je vrhunski sklop izjemno inovativnihtehnologij, ki so rezultat zelo poglobljene \u0161tudije vseh ob\u010dutkov, ki jihmorate imeti za ultrarealisti\u010dno izku\u0161njo dirkanja z avtomobili. Izpopolnjen po ve\u010d kot 23.000 urah intenzivnegaraziskovalnega in razvojnega dela, je bil T-GT II zasnovan tako, da neverjetnozmogljivost Force Feedback svojega predhodnika (T-GT) dvigne na \u0161e vi\u0161je ravniigranja. [&hellip;]\" \/>\n<meta property=\"og:url\" content=\"https:\/\/simracing.si\/en_us\/product\/thrustmaster-t-gt-ii-pack-gt-wheelbaset-gt-ii-no-pedal\/\" \/>\n<meta property=\"article:modified_time\" content=\"2024-08-09T21:48:12+00:00\" \/>\n<meta property=\"og:image\" content=\"https:\/\/simracing.si\/wp-content\/uploads\/2023\/12\/tg2-no-pedal-1.jpeg\" \/>\n\t<meta property=\"og:image:width\" content=\"550\" \/>\n\t<meta property=\"og:image:height\" content=\"550\" \/>\n<meta name=\"twitter:card\" content=\"summary_large_image\" \/>\n<meta name=\"twitter:label1\" content=\"Est. reading time\">\n\t<meta name=\"twitter:data1\" content=\"2 minutes\">\n<script type=\"application\/ld+json\" class=\"yoast-schema-graph\">{\"@context\":\"https:\/\/schema.org\",\"@graph\":[{\"@type\":\"WebSite\",\"@id\":\"https:\/\/simracing.si\/#website\",\"url\":\"https:\/\/simracing.si\/\",\"name\":\"\",\"description\":\"\",\"potentialAction\":[{\"@type\":\"SearchAction\",\"target\":\"https:\/\/simracing.si\/?s={search_term_string}\",\"query-input\":\"required name=search_term_string\"}],\"inLanguage\":\"en-US\"},{\"@type\":\"ImageObject\",\"@id\":\"https:\/\/simracing.si\/izdelek\/thrustmaster-t-gt-ii-pack-gt-wheelbaset-gt-ii-no-pedal\/#primaryimage\",\"inLanguage\":\"en-US\",\"url\":\"https:\/\/simracing.si\/wp-content\/uploads\/2023\/12\/tg2-no-pedal-1.jpeg\",\"contentUrl\":\"https:\/\/simracing.si\/wp-content\/uploads\/2023\/12\/tg2-no-pedal-1.jpeg\",\"width\":550,\"height\":550},{\"@type\":\"WebPage\",\"@id\":\"https:\/\/simracing.si\/izdelek\/thrustmaster-t-gt-ii-pack-gt-wheelbaset-gt-ii-no-pedal\/#webpage\",\"url\":\"https:\/\/simracing.si\/izdelek\/thrustmaster-t-gt-ii-pack-gt-wheelbaset-gt-ii-no-pedal\/\",\"name\":\"THRUSTMASTER T-GT II PACK GT WHEEL+BASE(T-GT II NO PEDAL) -\",\"isPartOf\":{\"@id\":\"https:\/\/simracing.si\/#website\"},\"primaryImageOfPage\":{\"@id\":\"https:\/\/simracing.si\/izdelek\/thrustmaster-t-gt-ii-pack-gt-wheelbaset-gt-ii-no-pedal\/#primaryimage\"},\"datePublished\":\"2023-12-05T09:20:13+00:00\",\"dateModified\":\"2024-08-09T21:48:12+00:00\",\"breadcrumb\":{\"@id\":\"https:\/\/simracing.si\/izdelek\/thrustmaster-t-gt-ii-pack-gt-wheelbaset-gt-ii-no-pedal\/#breadcrumb\"},\"inLanguage\":\"en-US\",\"potentialAction\":[{\"@type\":\"ReadAction\",\"target\":[\"https:\/\/simracing.si\/izdelek\/thrustmaster-t-gt-ii-pack-gt-wheelbaset-gt-ii-no-pedal\/\"]}]},{\"@type\":\"BreadcrumbList\",\"@id\":\"https:\/\/simracing.si\/izdelek\/thrustmaster-t-gt-ii-pack-gt-wheelbaset-gt-ii-no-pedal\/#breadcrumb\",\"itemListElement\":[{\"@type\":\"ListItem\",\"position\":1,\"item\":{\"@type\":\"WebPage\",\"@id\":\"https:\/\/simracing.si\/\",\"url\":\"https:\/\/simracing.si\/\",\"name\":\"Home\"}},{\"@type\":\"ListItem\",\"position\":2,\"item\":{\"@type\":\"WebPage\",\"@id\":\"https:\/\/simracing.si\/home\/product-category\/\",\"url\":\"https:\/\/simracing.si\/home\/product-category\/\",\"name\":\"Izdelki\"}},{\"@type\":\"ListItem\",\"position\":3,\"item\":{\"@id\":\"https:\/\/simracing.si\/izdelek\/thrustmaster-t-gt-ii-pack-gt-wheelbaset-gt-ii-no-pedal\/#webpage\"}}]}]}<\/script>\n<!-- \/ Yoast SEO plugin. -->","_links":{"self":[{"href":"https:\/\/simracing.si\/en_us\/wp-json\/wp\/v2\/product\/4277"}],"collection":[{"href":"https:\/\/simracing.si\/en_us\/wp-json\/wp\/v2\/product"}],"about":[{"href":"https:\/\/simracing.si\/en_us\/wp-json\/wp\/v2\/types\/product"}],"replies":[{"embeddable":true,"href":"https:\/\/simracing.si\/en_us\/wp-json\/wp\/v2\/comments?post=4277"}],"version-history":[{"count":1,"href":"https:\/\/simracing.si\/en_us\/wp-json\/wp\/v2\/product\/4277\/revisions"}],"predecessor-version":[{"id":4279,"href":"https:\/\/simracing.si\/en_us\/wp-json\/wp\/v2\/product\/4277\/revisions\/4279"}],"wp:featuredmedia":[{"embeddable":true,"href":"https:\/\/simracing.si\/en_us\/wp-json\/wp\/v2\/media\/4280"}],"wp:attachment":[{"href":"https:\/\/simracing.si\/en_us\/wp-json\/wp\/v2\/media?parent=4277"}],"curies":[{"name":"wp","href":"https:\/\/api.w.org\/{rel}","templated":true}]}}