{"id":4219,"date":"2023-06-28T09:45:23","date_gmt":"2023-06-28T07:45:23","guid":{"rendered":"https:\/\/simracing.si\/?post_type=product&#038;p=4219"},"modified":"2023-06-28T09:46:44","modified_gmt":"2023-06-28T07:46:44","slug":"thrustmaster-f-a-18c-hornet-hotas-add-on-grip","status":"publish","type":"product","link":"https:\/\/simracing.si\/en_us\/product\/thrustmaster-f-a-18c-hornet-hotas-add-on-grip\/","title":{"rendered":"THRUSTMASTER F\/A-18C HORNET HOTAS ADD-ON GRIP"},"content":{"rendered":"<p style=\"font-weight: 400;\">Thrustmaster F\/A-18C Hornet HOTAS Add-On Grip je replika krmilne palice bojnega letala za igre in simulacije. Kovinska struktura je oblikovan apo vzoru originalne letalne palice z originalnim ob\u010dutkom upravljanja za poglobljeno izku\u0161njo letenja. Uporabniki bodo imeli dostop do 19 akcijskih gumbov in dvostopenjskega spro\u017eilca za nadzor nad nebom. Poleg tega je krmilna palica zdru\u017eljiva s podstavki za joystick Thrustmaster za napredno nastavitev.<\/p>\n<p style=\"font-weight: 400;\">100-odstotno izvirno v svetu DCS<\/p>\n<p style=\"font-weight: 400;\">Krmilna palica F\/A-18C ima neposredno, izvirno integracijo v simulatorju Digital Combat Simulator, zato lahko u\u017eivate v ergonomiji\u00a0 in igralnem udobju z vrhunsko izku\u0161njo letenja.<\/p>\n<p style=\"font-weight: 400;\">Vsestranskost<\/p>\n<p style=\"font-weight: 400;\">Krmilna palica F\/A-18C Hornet HOTAS z 19 akcijskimi gumbi, vklju\u010dno z izjemno realisti\u010dnim dvostopenjskim spro\u017eilcem, in raznolikim, dopolnilnim naborom funkcij vam omogo\u010da, da z lahkoto nadzorujete nebo in izvajate hitre napade na zemljo v vseh igrah simulacije letenja. Idealen je tudi za igralce, ki se \u017eelijo preizkusiti v vesoljskih igrah ali igrah v slogu starodobnega letenja.<\/p>\n<p style=\"font-weight: 400;\">Zdru\u017eljivost<\/p>\n<p><span style=\"font-weight: 400;\">Krmilna palica F\/A-18C Hornet HOTAS Add-On Grip je zdru\u017eljivo s podstavki za joystick Thrustmaster.<\/span><\/p>","protected":false},"excerpt":{"rendered":"<p>Thrustmaster F\/A-18C Hornet HOTAS Add-On Grip je replika krmilne palice bojnega letala za igre in simulacije. Kovinska struktura je oblikovan apo vzoru originalne letalne palice z originalnim ob\u010dutkom upravljanja za poglobljeno izku\u0161njo letenja. Uporabniki bodo imeli dostop do 19 akcijskih gumbov in dvostopenjskega spro\u017eilca za nadzor nad nebom. Poleg tega je krmilna palica zdru\u017eljiva s [&hellip;]<\/p>","protected":false},"featured_media":4220,"comment_status":"open","ping_status":"closed","template":"","meta":[],"yoast_head":"<!-- This site is optimized with the Yoast SEO plugin v16.3 - https:\/\/yoast.com\/wordpress\/plugins\/seo\/ -->\n<title>THRUSTMASTER F\/A-18C HORNET HOTAS ADD-ON GRIP -<\/title>\n<meta name=\"robots\" content=\"index, follow, max-snippet:-1, max-image-preview:large, max-video-preview:-1\" \/>\n<link rel=\"canonical\" href=\"https:\/\/simracing.si\/en_us\/product\/thrustmaster-f-a-18c-hornet-hotas-add-on-grip\/\" \/>\n<meta property=\"og:locale\" content=\"en_US\" \/>\n<meta property=\"og:type\" content=\"article\" \/>\n<meta property=\"og:title\" content=\"THRUSTMASTER F\/A-18C HORNET HOTAS ADD-ON GRIP -\" \/>\n<meta property=\"og:description\" content=\"Thrustmaster F\/A-18C Hornet HOTAS Add-On Grip je replika krmilne palice bojnega letala za igre in simulacije. Kovinska struktura je oblikovan apo vzoru originalne letalne palice z originalnim ob\u010dutkom upravljanja za poglobljeno izku\u0161njo letenja. Uporabniki bodo imeli dostop do 19 akcijskih gumbov in dvostopenjskega spro\u017eilca za nadzor nad nebom. Poleg tega je krmilna palica zdru\u017eljiva s [&hellip;]\" \/>\n<meta property=\"og:url\" content=\"https:\/\/simracing.si\/en_us\/product\/thrustmaster-f-a-18c-hornet-hotas-add-on-grip\/\" \/>\n<meta property=\"article:modified_time\" content=\"2023-06-28T07:46:44+00:00\" \/>\n<meta property=\"og:image\" content=\"https:\/\/simracing.si\/wp-content\/uploads\/2023\/06\/THRUSTMASTER-F-A-18C-HORNET-HOTAS-ADD-ON-GRIP.jpeg\" \/>\n\t<meta property=\"og:image:width\" content=\"550\" \/>\n\t<meta property=\"og:image:height\" content=\"550\" \/>\n<meta name=\"twitter:card\" content=\"summary_large_image\" \/>\n<meta name=\"twitter:label1\" content=\"Est. reading time\">\n\t<meta name=\"twitter:data1\" content=\"1 minute\">\n<script type=\"application\/ld+json\" class=\"yoast-schema-graph\">{\"@context\":\"https:\/\/schema.org\",\"@graph\":[{\"@type\":\"WebSite\",\"@id\":\"https:\/\/simracing.si\/#website\",\"url\":\"https:\/\/simracing.si\/\",\"name\":\"\",\"description\":\"\",\"potentialAction\":[{\"@type\":\"SearchAction\",\"target\":\"https:\/\/simracing.si\/?s={search_term_string}\",\"query-input\":\"required name=search_term_string\"}],\"inLanguage\":\"en-US\"},{\"@type\":\"ImageObject\",\"@id\":\"https:\/\/simracing.si\/izdelek\/thrustmaster-f-a-18c-hornet-hotas-add-on-grip\/#primaryimage\",\"inLanguage\":\"en-US\",\"url\":\"https:\/\/simracing.si\/wp-content\/uploads\/2023\/06\/THRUSTMASTER-F-A-18C-HORNET-HOTAS-ADD-ON-GRIP.jpeg\",\"contentUrl\":\"https:\/\/simracing.si\/wp-content\/uploads\/2023\/06\/THRUSTMASTER-F-A-18C-HORNET-HOTAS-ADD-ON-GRIP.jpeg\",\"width\":550,\"height\":550},{\"@type\":\"WebPage\",\"@id\":\"https:\/\/simracing.si\/izdelek\/thrustmaster-f-a-18c-hornet-hotas-add-on-grip\/#webpage\",\"url\":\"https:\/\/simracing.si\/izdelek\/thrustmaster-f-a-18c-hornet-hotas-add-on-grip\/\",\"name\":\"THRUSTMASTER F\/A-18C HORNET HOTAS ADD-ON GRIP -\",\"isPartOf\":{\"@id\":\"https:\/\/simracing.si\/#website\"},\"primaryImageOfPage\":{\"@id\":\"https:\/\/simracing.si\/izdelek\/thrustmaster-f-a-18c-hornet-hotas-add-on-grip\/#primaryimage\"},\"datePublished\":\"2023-06-28T07:45:23+00:00\",\"dateModified\":\"2023-06-28T07:46:44+00:00\",\"breadcrumb\":{\"@id\":\"https:\/\/simracing.si\/izdelek\/thrustmaster-f-a-18c-hornet-hotas-add-on-grip\/#breadcrumb\"},\"inLanguage\":\"en-US\",\"potentialAction\":[{\"@type\":\"ReadAction\",\"target\":[\"https:\/\/simracing.si\/izdelek\/thrustmaster-f-a-18c-hornet-hotas-add-on-grip\/\"]}]},{\"@type\":\"BreadcrumbList\",\"@id\":\"https:\/\/simracing.si\/izdelek\/thrustmaster-f-a-18c-hornet-hotas-add-on-grip\/#breadcrumb\",\"itemListElement\":[{\"@type\":\"ListItem\",\"position\":1,\"item\":{\"@type\":\"WebPage\",\"@id\":\"https:\/\/simracing.si\/\",\"url\":\"https:\/\/simracing.si\/\",\"name\":\"Home\"}},{\"@type\":\"ListItem\",\"position\":2,\"item\":{\"@type\":\"WebPage\",\"@id\":\"https:\/\/simracing.si\/home\/product-category\/\",\"url\":\"https:\/\/simracing.si\/home\/product-category\/\",\"name\":\"Izdelki\"}},{\"@type\":\"ListItem\",\"position\":3,\"item\":{\"@id\":\"https:\/\/simracing.si\/izdelek\/thrustmaster-f-a-18c-hornet-hotas-add-on-grip\/#webpage\"}}]}]}<\/script>\n<!-- \/ Yoast SEO plugin. -->","_links":{"self":[{"href":"https:\/\/simracing.si\/en_us\/wp-json\/wp\/v2\/product\/4219"}],"collection":[{"href":"https:\/\/simracing.si\/en_us\/wp-json\/wp\/v2\/product"}],"about":[{"href":"https:\/\/simracing.si\/en_us\/wp-json\/wp\/v2\/types\/product"}],"replies":[{"embeddable":true,"href":"https:\/\/simracing.si\/en_us\/wp-json\/wp\/v2\/comments?post=4219"}],"version-history":[{"count":2,"href":"https:\/\/simracing.si\/en_us\/wp-json\/wp\/v2\/product\/4219\/revisions"}],"predecessor-version":[{"id":4222,"href":"https:\/\/simracing.si\/en_us\/wp-json\/wp\/v2\/product\/4219\/revisions\/4222"}],"wp:featuredmedia":[{"embeddable":true,"href":"https:\/\/simracing.si\/en_us\/wp-json\/wp\/v2\/media\/4220"}],"wp:attachment":[{"href":"https:\/\/simracing.si\/en_us\/wp-json\/wp\/v2\/media?parent=4219"}],"curies":[{"name":"wp","href":"https:\/\/api.w.org\/{rel}","templated":true}]}}