{"id":4194,"date":"2023-06-28T08:53:34","date_gmt":"2023-06-28T06:53:34","guid":{"rendered":"https:\/\/simracing.si\/?post_type=product&#038;p=4194"},"modified":"2023-06-28T09:50:16","modified_gmt":"2023-06-28T07:50:16","slug":"thrustmaster-t-flight-hotas-4-pc-ps4","status":"publish","type":"product","link":"https:\/\/simracing.si\/en_us\/product\/thrustmaster-t-flight-hotas-4-pc-ps4\/","title":{"rendered":"THRUSTMASTER T-FLIGHT HOTAS 4 PC\/PS4"},"content":{"rendered":"<p>THRUSTMASTER T-FLIGHT HOTAS 4 PC\/PS4 je odli\u010dna igralna palica, ergonomsko zasnovana za prilagoditev vsem vrstam letov (zra\u010dni boj, vesoljska pustolov\u0161\u010dina, civilni let itd.). Zagotavlja nastavljiv upor igralne palice z velikim naslonom za roke. Hotas 4 ima obte\u017eeno podlago za ve\u010djo stabilnost in vklju\u010duje obse\u017eno opremo za letenje: 5 osi, 12 akcijskih gumbov, 1 hitri spro\u017eilec, 1 ve\u010dsmerno \u00bbHAT\u00ab stikalo (navigacija \/ panoramski pogled).<\/p>\n<p>Zna\u010dilnosti<\/p>\n<p>&nbsp;<\/p>\n<ul>\n<li><span id=\"pastemarkerend83537\"><\/span>Nastavljiv upor palice<\/li>\n<li>Odstranljiv plin v polni velikosti<\/li>\n<li>Dvojni sistem krmila<\/li>\n<li>Realisti\u010dna krmilna palica: ergonomsko oblikovana za prilagoditev vsem vrstam letov (zra\u010dni boj, vesoljska pustolov\u0161\u010dina, civilni let itd.).<\/li>\n<li>Kompatibilnost: zagotovljena zdru\u017eljivost z ra\u010dunalnikom.<\/li>\n<li>Visoka natan\u010dnost: prepoznana kot odli\u010dna igralna palica za optimalno natan\u010dnost letenja.<\/li>\n<\/ul>","protected":false},"excerpt":{"rendered":"<p>THRUSTMASTER T-FLIGHT HOTAS 4 PC\/PS4 je odli\u010dna igralna palica, ergonomsko zasnovana za prilagoditev vsem vrstam letov (zra\u010dni boj, vesoljska pustolov\u0161\u010dina, civilni let itd.). Zagotavlja nastavljiv upor igralne palice z velikim naslonom za roke. Hotas 4 ima obte\u017eeno podlago za ve\u010djo stabilnost in vklju\u010duje obse\u017eno opremo za letenje: 5 osi, 12 akcijskih gumbov, 1 hitri spro\u017eilec, [&hellip;]<\/p>","protected":false},"featured_media":4195,"comment_status":"open","ping_status":"closed","template":"","meta":[],"yoast_head":"<!-- This site is optimized with the Yoast SEO plugin v16.3 - https:\/\/yoast.com\/wordpress\/plugins\/seo\/ -->\n<title>THRUSTMASTER T-FLIGHT HOTAS 4 PC\/PS4 -<\/title>\n<meta name=\"robots\" content=\"index, follow, max-snippet:-1, max-image-preview:large, max-video-preview:-1\" \/>\n<link rel=\"canonical\" href=\"https:\/\/simracing.si\/en_us\/product\/thrustmaster-t-flight-hotas-4-pc-ps4\/\" \/>\n<meta property=\"og:locale\" content=\"en_US\" \/>\n<meta property=\"og:type\" content=\"article\" \/>\n<meta property=\"og:title\" content=\"THRUSTMASTER T-FLIGHT HOTAS 4 PC\/PS4 -\" \/>\n<meta property=\"og:description\" content=\"THRUSTMASTER T-FLIGHT HOTAS 4 PC\/PS4 je odli\u010dna igralna palica, ergonomsko zasnovana za prilagoditev vsem vrstam letov (zra\u010dni boj, vesoljska pustolov\u0161\u010dina, civilni let itd.). Zagotavlja nastavljiv upor igralne palice z velikim naslonom za roke. Hotas 4 ima obte\u017eeno podlago za ve\u010djo stabilnost in vklju\u010duje obse\u017eno opremo za letenje: 5 osi, 12 akcijskih gumbov, 1 hitri spro\u017eilec, [&hellip;]\" \/>\n<meta property=\"og:url\" content=\"https:\/\/simracing.si\/en_us\/product\/thrustmaster-t-flight-hotas-4-pc-ps4\/\" \/>\n<meta property=\"article:modified_time\" content=\"2023-06-28T07:50:16+00:00\" \/>\n<meta property=\"og:image\" content=\"https:\/\/simracing.si\/wp-content\/uploads\/2023\/06\/THRUSTMASTER-T-FLIGHT-HOTAS-4-PC-PS4.jpeg\" \/>\n\t<meta property=\"og:image:width\" content=\"550\" \/>\n\t<meta property=\"og:image:height\" content=\"488\" \/>\n<meta name=\"twitter:card\" content=\"summary_large_image\" \/>\n<meta name=\"twitter:label1\" content=\"Est. reading time\">\n\t<meta name=\"twitter:data1\" content=\"1 minute\">\n<script type=\"application\/ld+json\" class=\"yoast-schema-graph\">{\"@context\":\"https:\/\/schema.org\",\"@graph\":[{\"@type\":\"WebSite\",\"@id\":\"https:\/\/simracing.si\/#website\",\"url\":\"https:\/\/simracing.si\/\",\"name\":\"\",\"description\":\"\",\"potentialAction\":[{\"@type\":\"SearchAction\",\"target\":\"https:\/\/simracing.si\/?s={search_term_string}\",\"query-input\":\"required name=search_term_string\"}],\"inLanguage\":\"en-US\"},{\"@type\":\"ImageObject\",\"@id\":\"https:\/\/simracing.si\/izdelek\/thrustmaster-t-flight-hotas-4-pc-ps4\/#primaryimage\",\"inLanguage\":\"en-US\",\"url\":\"https:\/\/simracing.si\/wp-content\/uploads\/2023\/06\/THRUSTMASTER-T-FLIGHT-HOTAS-4-PC-PS4.jpeg\",\"contentUrl\":\"https:\/\/simracing.si\/wp-content\/uploads\/2023\/06\/THRUSTMASTER-T-FLIGHT-HOTAS-4-PC-PS4.jpeg\",\"width\":550,\"height\":488},{\"@type\":\"WebPage\",\"@id\":\"https:\/\/simracing.si\/izdelek\/thrustmaster-t-flight-hotas-4-pc-ps4\/#webpage\",\"url\":\"https:\/\/simracing.si\/izdelek\/thrustmaster-t-flight-hotas-4-pc-ps4\/\",\"name\":\"THRUSTMASTER T-FLIGHT HOTAS 4 PC\/PS4 -\",\"isPartOf\":{\"@id\":\"https:\/\/simracing.si\/#website\"},\"primaryImageOfPage\":{\"@id\":\"https:\/\/simracing.si\/izdelek\/thrustmaster-t-flight-hotas-4-pc-ps4\/#primaryimage\"},\"datePublished\":\"2023-06-28T06:53:34+00:00\",\"dateModified\":\"2023-06-28T07:50:16+00:00\",\"breadcrumb\":{\"@id\":\"https:\/\/simracing.si\/izdelek\/thrustmaster-t-flight-hotas-4-pc-ps4\/#breadcrumb\"},\"inLanguage\":\"en-US\",\"potentialAction\":[{\"@type\":\"ReadAction\",\"target\":[\"https:\/\/simracing.si\/izdelek\/thrustmaster-t-flight-hotas-4-pc-ps4\/\"]}]},{\"@type\":\"BreadcrumbList\",\"@id\":\"https:\/\/simracing.si\/izdelek\/thrustmaster-t-flight-hotas-4-pc-ps4\/#breadcrumb\",\"itemListElement\":[{\"@type\":\"ListItem\",\"position\":1,\"item\":{\"@type\":\"WebPage\",\"@id\":\"https:\/\/simracing.si\/\",\"url\":\"https:\/\/simracing.si\/\",\"name\":\"Home\"}},{\"@type\":\"ListItem\",\"position\":2,\"item\":{\"@type\":\"WebPage\",\"@id\":\"https:\/\/simracing.si\/home\/product-category\/\",\"url\":\"https:\/\/simracing.si\/home\/product-category\/\",\"name\":\"Izdelki\"}},{\"@type\":\"ListItem\",\"position\":3,\"item\":{\"@id\":\"https:\/\/simracing.si\/izdelek\/thrustmaster-t-flight-hotas-4-pc-ps4\/#webpage\"}}]}]}<\/script>\n<!-- \/ Yoast SEO plugin. -->","_links":{"self":[{"href":"https:\/\/simracing.si\/en_us\/wp-json\/wp\/v2\/product\/4194"}],"collection":[{"href":"https:\/\/simracing.si\/en_us\/wp-json\/wp\/v2\/product"}],"about":[{"href":"https:\/\/simracing.si\/en_us\/wp-json\/wp\/v2\/types\/product"}],"replies":[{"embeddable":true,"href":"https:\/\/simracing.si\/en_us\/wp-json\/wp\/v2\/comments?post=4194"}],"version-history":[{"count":1,"href":"https:\/\/simracing.si\/en_us\/wp-json\/wp\/v2\/product\/4194\/revisions"}],"predecessor-version":[{"id":4196,"href":"https:\/\/simracing.si\/en_us\/wp-json\/wp\/v2\/product\/4194\/revisions\/4196"}],"wp:featuredmedia":[{"embeddable":true,"href":"https:\/\/simracing.si\/en_us\/wp-json\/wp\/v2\/media\/4195"}],"wp:attachment":[{"href":"https:\/\/simracing.si\/en_us\/wp-json\/wp\/v2\/media?parent=4194"}],"curies":[{"name":"wp","href":"https:\/\/api.w.org\/{rel}","templated":true}]}}