{"id":4185,"date":"2023-06-28T08:37:42","date_gmt":"2023-06-28T06:37:42","guid":{"rendered":"https:\/\/simracing.si\/?post_type=product&#038;p=4185"},"modified":"2023-06-28T09:50:48","modified_gmt":"2023-06-28T07:50:48","slug":"thrustmaster-hotas-warthog-joystick-pc","status":"publish","type":"product","link":"https:\/\/simracing.si\/en_us\/product\/thrustmaster-hotas-warthog-joystick-pc\/","title":{"rendered":"THRUSTMASTER HOTAS WARTHOG JOYSTICK PC"},"content":{"rendered":"<div class=\"container\">\n<div class=\"breadcrumb\"><\/div>\n<\/div>\n<div class=\"master-column-wrapper\">\n<div class=\"page product-details-page\">\n<div class=\"page-body\">\n<form id=\"product-details-form\" action=\"https:\/\/b2b.colby.si\/thrustmaster-hotas-warthog-joystick-pc\" method=\"post\" novalidate=\"novalidate\" data-trp-original-action=\"https:\/\/b2b.colby.si\/thrustmaster-hotas-warthog-joystick-pc\">\n<div class=\"container\">\n<div data-productid=\"7937\">\n<div class=\"product-essential\">\n<div class=\"overview\">\n<div class=\"product-collateral\">\n<div class=\"product-tags-box\">\n<div class=\"product-tags-list\">\n<ul>\n<li class=\"tag\">Samostojna igralna palica HOTAS Warthog, ki je nastala pri ustvarjalcu izvirnega koncepta HOTAS in po vsem svetu uveljavljenih kontrolnikov za simulacije letenja, HOTAS Cougarja ter HOTAS Warthoga.<\/li>\n<\/ul>\n<\/div>\n<\/div>\n<\/div>\n<\/div>\n<div class=\"full-description\">Odstranljiva ro\u010dica, v celoti izdelana iz kovine.<br \/>\nZdru\u017eljivost z izdelkom HOTAS Cougar (in obratno).<br \/>\nPosnetek palice iz bojnega letala A-10.<br \/>\nOdstranljiva kovinska plo\u0161\u010da za uporabo kakor na mizi ali v kabini.<br \/>\nRealisti\u010den pritisk na gumbih in petelinu.Skupno 19 akcijskih gumbov in osemsmerna POV-kapica.<br \/>\n1 x osemsmerna POV-kapica.<br \/>\n2 x osemsmerna kapica.<br \/>\n1 x \u0161tirismerna kapica z gumbom.<br \/>\n1 x kovinski dvojni petelin.<br \/>\n2 x gumb za pritiskanje.<br \/>\n2 x gumb za pritiskanje pod mezincem.<br \/>\nUSB-priklju\u010dek in programska oprema, ki jo je mogo\u010de nadgraditi.<br \/>\nIzredno stabilna in te\u017eka palica, ki tehta ve\u010d kot 3 kilograme.Zdru\u017eljiva in brezpla\u010dna programska oprema T.A.R.G.E.T. (Thrustmaster Advanced pRogramming Graphical EdiTor) omogo\u010da preizku\u0161anje, nastavljanje in programiranje naslednjih Thrustmasterjevih kontrolnikov: HOTAS Warthoga, MFD Cougarja, HOTAS Cougarja, T.16000M and HOTAS Warthog Flight Sticka.<br \/>\nTemelji na principu potegni in spusti.<br \/>\nRazli\u010dne stopnje programiranja: osnovna, napredna, skripte.<\/p>\n<p>Tehnologija H.E.A.R.T. \u2013 Hall Effect AccuRate Technology<br \/>\n3D-magnetna tipala (Hall Effect) nudijo kirur\u0161ko natan\u010dnost, na katero \u010das ne vpliva.<br \/>\n16-bitna lo\u010dljivost (65536 x 65536 vrednosti).<br \/>\nVzmeti s petimi navoji botrujejo mo\u010dnemu, linearnemu, gladkemu uporu brez mrtvih con.<\/p>\n<p>V paketu dobite:<br \/>\n1 x pilotsko palico Thrustmaster Hotas Warthog.<\/p>\n<p>Odstranljiva ro\u010dica, v celoti izdelana iz kovine.<br \/>\nZaradi kovinske plo\u0161\u010de, ki jo je mogo\u010de sneti z baze, je mo\u010d pilotsko palico HOTAS Warthog uporabiti na mizi ali jo montirati v posnetek kabine. Pritisk, ki ga je treba uporabiti pri gumbih in petelinu, je povsem tak kot v resnici.<\/p>\n<p>Kompleten nadzor<br \/>\nDevetnajst akcijskih gumbov in osemsmerna POV-kapica, 2 x osemsmerna kapica, 1 x \u0161tirismerna kapica z gumbom, 1 x kovinski dvojni petelin, 2 x gumb za pritiskanje, 2 x gumb za pritiskanje pod mezincem. Povezljivost omogo\u010da USB-priklju\u010dek, programsko opremo pa je mogo\u010de nadgraditi. Za name\u010dek je palica izredno stabilna, saj tehta ve\u010d kot tri kilograme.<\/p>\n<p>Najbolj natan\u010dna in bogato opremljena palica, kar jih je mo\u010d kupiti<br \/>\nZahvaljujo\u010d tehnologiji H.E.A.R.T, ki omogo\u010da 65536 x 65536 vrednosti, je palica izjemno precizna in ne vsebuje kardanskih spojev. \u0160e ve\u010d, gumbi in petelin terjajo natanko tak\u0161no stopnjo pritiska kot v resni\u010dnem letalu \u2013 tega v svetu palic \u0161e ni bilo. Posebno pozornost smo namenili svobodi uporabe, saj lahko letalski navdu\u0161enci snamejo tako palico kot bazo in izdelek namestijo v posnetek pilotske kabine.<\/p>\n<p>Napredno programje T.A.R.G.E.T na ra\u010dunalniku<br \/>\nSmrtonosnemu oro\u017eju te palice pravimo T.A.R.G.E.T (Thrustmaster Advanced pRogramming Graphical EdiTor). Gre za programsko orodje, ki omogo\u010da preizku\u0161anje, nastavljanje in programiranje Thrustmasterjevih kontrolnikov.<br \/>\nT.A.R.G.E.T je ve\u010d kot le vmesnik \u2013 je mo\u010dan komplet programskih orodij, ki je sposobno opona\u0161ati navidezne naprave, kot so tipkovnica, igralna palica, mi\u0161ka in podobno. Njihovo namembnost prenese na osi in gumbe fizi\u010dnih kontrolnikov, le da jih prek navideznega kontrolnika prepo\u0161lje v razli\u010dne programe in igre.<br \/>\nNa ta na\u010din T.A.R.G.E.T omogo\u010da popolno interakcijo med razli\u010dnimi Thrustmasterjevimi USB-kontrolniki in poenostavljene konfiguracije v simulacijah. Ena sama nastavitev deluje v vseh kontrolnikh, tako da jih ni treba ustvarjati za vsakega posebej.<\/p>\n<p>Dimenzija: 320x 460x 250 cm<br \/>\nTe\u017ea: 9381 g<\/p>\n<\/div>\n<\/div>\n<\/div>\n<\/div>\n<input type=\"hidden\" name=\"trp-form-language\" value=\"en_us\"\/><\/form>\n<\/div>\n<\/div>\n<\/div>","protected":false},"excerpt":{"rendered":"<p>Samostojna igralna palica HOTAS Warthog, ki je nastala pri ustvarjalcu izvirnega koncepta HOTAS in po vsem svetu uveljavljenih kontrolnikov za simulacije letenja, HOTAS Cougarja ter HOTAS Warthoga. Odstranljiva ro\u010dica, v celoti izdelana iz kovine. Zdru\u017eljivost z izdelkom HOTAS Cougar (in obratno). Posnetek palice iz bojnega letala A-10. Odstranljiva kovinska plo\u0161\u010da za uporabo kakor na mizi [&hellip;]<\/p>","protected":false},"featured_media":4186,"comment_status":"open","ping_status":"closed","template":"","meta":[],"yoast_head":"<!-- This site is optimized with the Yoast SEO plugin v16.3 - https:\/\/yoast.com\/wordpress\/plugins\/seo\/ -->\n<title>THRUSTMASTER HOTAS WARTHOG JOYSTICK PC -<\/title>\n<meta name=\"robots\" content=\"index, follow, max-snippet:-1, max-image-preview:large, max-video-preview:-1\" \/>\n<link rel=\"canonical\" href=\"https:\/\/simracing.si\/en_us\/product\/thrustmaster-hotas-warthog-joystick-pc\/\" \/>\n<meta property=\"og:locale\" content=\"en_US\" \/>\n<meta property=\"og:type\" content=\"article\" \/>\n<meta property=\"og:title\" content=\"THRUSTMASTER HOTAS WARTHOG JOYSTICK PC -\" \/>\n<meta property=\"og:description\" content=\"Samostojna igralna palica HOTAS Warthog, ki je nastala pri ustvarjalcu izvirnega koncepta HOTAS in po vsem svetu uveljavljenih kontrolnikov za simulacije letenja, HOTAS Cougarja ter HOTAS Warthoga. Odstranljiva ro\u010dica, v celoti izdelana iz kovine. Zdru\u017eljivost z izdelkom HOTAS Cougar (in obratno). Posnetek palice iz bojnega letala A-10. Odstranljiva kovinska plo\u0161\u010da za uporabo kakor na mizi [&hellip;]\" \/>\n<meta property=\"og:url\" content=\"https:\/\/simracing.si\/en_us\/product\/thrustmaster-hotas-warthog-joystick-pc\/\" \/>\n<meta property=\"article:modified_time\" content=\"2023-06-28T07:50:48+00:00\" \/>\n<meta property=\"og:image\" content=\"https:\/\/simracing.si\/wp-content\/uploads\/2023\/06\/th-hotas-warthog-za-pc.jpeg\" \/>\n\t<meta property=\"og:image:width\" content=\"550\" \/>\n\t<meta property=\"og:image:height\" content=\"352\" \/>\n<meta name=\"twitter:card\" content=\"summary_large_image\" \/>\n<meta name=\"twitter:label1\" content=\"Est. reading time\">\n\t<meta name=\"twitter:data1\" content=\"3 minutes\">\n<script type=\"application\/ld+json\" class=\"yoast-schema-graph\">{\"@context\":\"https:\/\/schema.org\",\"@graph\":[{\"@type\":\"WebSite\",\"@id\":\"https:\/\/simracing.si\/#website\",\"url\":\"https:\/\/simracing.si\/\",\"name\":\"\",\"description\":\"\",\"potentialAction\":[{\"@type\":\"SearchAction\",\"target\":\"https:\/\/simracing.si\/?s={search_term_string}\",\"query-input\":\"required name=search_term_string\"}],\"inLanguage\":\"en-US\"},{\"@type\":\"ImageObject\",\"@id\":\"https:\/\/simracing.si\/izdelek\/thrustmaster-hotas-warthog-joystick-pc\/#primaryimage\",\"inLanguage\":\"en-US\",\"url\":\"https:\/\/simracing.si\/wp-content\/uploads\/2023\/06\/th-hotas-warthog-za-pc.jpeg\",\"contentUrl\":\"https:\/\/simracing.si\/wp-content\/uploads\/2023\/06\/th-hotas-warthog-za-pc.jpeg\",\"width\":550,\"height\":352},{\"@type\":\"WebPage\",\"@id\":\"https:\/\/simracing.si\/izdelek\/thrustmaster-hotas-warthog-joystick-pc\/#webpage\",\"url\":\"https:\/\/simracing.si\/izdelek\/thrustmaster-hotas-warthog-joystick-pc\/\",\"name\":\"THRUSTMASTER HOTAS WARTHOG JOYSTICK PC -\",\"isPartOf\":{\"@id\":\"https:\/\/simracing.si\/#website\"},\"primaryImageOfPage\":{\"@id\":\"https:\/\/simracing.si\/izdelek\/thrustmaster-hotas-warthog-joystick-pc\/#primaryimage\"},\"datePublished\":\"2023-06-28T06:37:42+00:00\",\"dateModified\":\"2023-06-28T07:50:48+00:00\",\"breadcrumb\":{\"@id\":\"https:\/\/simracing.si\/izdelek\/thrustmaster-hotas-warthog-joystick-pc\/#breadcrumb\"},\"inLanguage\":\"en-US\",\"potentialAction\":[{\"@type\":\"ReadAction\",\"target\":[\"https:\/\/simracing.si\/izdelek\/thrustmaster-hotas-warthog-joystick-pc\/\"]}]},{\"@type\":\"BreadcrumbList\",\"@id\":\"https:\/\/simracing.si\/izdelek\/thrustmaster-hotas-warthog-joystick-pc\/#breadcrumb\",\"itemListElement\":[{\"@type\":\"ListItem\",\"position\":1,\"item\":{\"@type\":\"WebPage\",\"@id\":\"https:\/\/simracing.si\/\",\"url\":\"https:\/\/simracing.si\/\",\"name\":\"Home\"}},{\"@type\":\"ListItem\",\"position\":2,\"item\":{\"@type\":\"WebPage\",\"@id\":\"https:\/\/simracing.si\/home\/product-category\/\",\"url\":\"https:\/\/simracing.si\/home\/product-category\/\",\"name\":\"Izdelki\"}},{\"@type\":\"ListItem\",\"position\":3,\"item\":{\"@id\":\"https:\/\/simracing.si\/izdelek\/thrustmaster-hotas-warthog-joystick-pc\/#webpage\"}}]}]}<\/script>\n<!-- \/ Yoast SEO plugin. -->","_links":{"self":[{"href":"https:\/\/simracing.si\/en_us\/wp-json\/wp\/v2\/product\/4185"}],"collection":[{"href":"https:\/\/simracing.si\/en_us\/wp-json\/wp\/v2\/product"}],"about":[{"href":"https:\/\/simracing.si\/en_us\/wp-json\/wp\/v2\/types\/product"}],"replies":[{"embeddable":true,"href":"https:\/\/simracing.si\/en_us\/wp-json\/wp\/v2\/comments?post=4185"}],"version-history":[{"count":3,"href":"https:\/\/simracing.si\/en_us\/wp-json\/wp\/v2\/product\/4185\/revisions"}],"predecessor-version":[{"id":4223,"href":"https:\/\/simracing.si\/en_us\/wp-json\/wp\/v2\/product\/4185\/revisions\/4223"}],"wp:featuredmedia":[{"embeddable":true,"href":"https:\/\/simracing.si\/en_us\/wp-json\/wp\/v2\/media\/4186"}],"wp:attachment":[{"href":"https:\/\/simracing.si\/en_us\/wp-json\/wp\/v2\/media?parent=4185"}],"curies":[{"name":"wp","href":"https:\/\/api.w.org\/{rel}","templated":true}]}}