{"id":3842,"date":"2021-05-26T20:17:24","date_gmt":"2021-05-26T18:17:24","guid":{"rendered":"https:\/\/simracing.si\/?post_type=product&#038;p=3842"},"modified":"2021-05-26T20:17:25","modified_gmt":"2021-05-26T18:17:25","slug":"sparco-gaming-chair-grip-black-red-sky","status":"publish","type":"product","link":"https:\/\/simracing.si\/en_us\/product\/sparco-gaming-chair-grip-black-red-sky\/","title":{"rendered":"SPARCO GAMING CHAIR GRIP BLACK\/RED SKY"},"content":{"rendered":"<p>Pisarni\u0161ki \/ igralni stol SPARCO GRIP SKY je zasnovan tako, da zagotavlja maksimalno udobje skupaj z nedvoumnim slogom.<\/p>\n<p>Poseben slog oblazinjenja je zasnovan tako, da ima ve\u010dmestna podro\u010dja: poseben material VEP, ki se obi\u010dajno uporablja na dirkalnih sede\u017eih, se uporablja na obmo\u010dju glave in na ledvenih bo\u010dnih delih naslonjala. VEP, ker je velcrable, omogo\u010da neposredno namestitev kakr\u0161nih koli dodatkov (tj. Stranskih ledvenih opornikov, osrednje ledvene opore ali ergonomske blazine iz mehke pene za glavo) brez potrebe po elasti\u010dnih trakovih.<\/p>\n<p>Ostali deli GRIP SKY so oblazinjeni z enakim sinteti\u010dnim usnjem, ki se uporablja za poprodajne avtomobilske izdelke, kar zagotavlja odli\u010dno odpornost proti obrabi. Poleg tega, da je sinteti\u010dno usnje enostavno oprati in o\u010distiti z vla\u017eno krpo, ima tudi odli\u010dno trpe\u017enost.<\/p>\n<p>Kot pri vseh pisarni\u0161kih \/ igralnih stolih SPARCO je tudi tu mogo\u010de prilagoditi vi\u0161ino in naklon sede\u017ea. Naslon ima poleg mirovanja tudi mikrometri\u010dno ledveno nastavitev.<\/p>\n<p>Pisarni\u0161ki \/ igralni stol SPARCO GRIP SKY ima protiblokirno napravo z zaklepom naslonjala pri 150 \u00b0 in podstavkom bata s certifikatom SGS \/ BIFMAX5.1 \/ EN1335, nagibnim mehanizmom in visoko odpornim polimernim dnom s 5 trdnimi kolesi.<\/p>\n<p>Naslona za roke so tipa 2D z ve\u010dsmernim gibanjem.<\/p>\n<p>Opozorilo: tega sede\u017ea ne smete uporabljati v avtomobilu in ni avtosede\u017e.<\/p>","protected":false},"excerpt":{"rendered":"<p>Pisarni\u0161ki \/ igralni stol SPARCO GRIP SKY je zasnovan tako, da zagotavlja maksimalno udobje skupaj z nedvoumnim slogom. Poseben slog oblazinjenja je zasnovan tako, da ima ve\u010dmestna podro\u010dja: poseben material VEP, ki se obi\u010dajno uporablja na dirkalnih sede\u017eih, se uporablja na obmo\u010dju glave in na ledvenih bo\u010dnih delih naslonjala. VEP, ker je velcrable, omogo\u010da neposredno [&hellip;]<\/p>","protected":false},"featured_media":3843,"comment_status":"open","ping_status":"closed","template":"","meta":[],"yoast_head":"<!-- This site is optimized with the Yoast SEO plugin v16.3 - https:\/\/yoast.com\/wordpress\/plugins\/seo\/ -->\n<title>SPARCO GAMING CHAIR GRIP BLACK\/RED SKY -<\/title>\n<meta name=\"robots\" content=\"index, follow, max-snippet:-1, max-image-preview:large, max-video-preview:-1\" \/>\n<link rel=\"canonical\" href=\"https:\/\/simracing.si\/en_us\/product\/sparco-gaming-chair-grip-black-red-sky\/\" \/>\n<meta property=\"og:locale\" content=\"en_US\" \/>\n<meta property=\"og:type\" content=\"article\" \/>\n<meta property=\"og:title\" content=\"SPARCO GAMING CHAIR GRIP BLACK\/RED SKY -\" \/>\n<meta property=\"og:description\" content=\"Pisarni\u0161ki \/ igralni stol SPARCO GRIP SKY je zasnovan tako, da zagotavlja maksimalno udobje skupaj z nedvoumnim slogom. Poseben slog oblazinjenja je zasnovan tako, da ima ve\u010dmestna podro\u010dja: poseben material VEP, ki se obi\u010dajno uporablja na dirkalnih sede\u017eih, se uporablja na obmo\u010dju glave in na ledvenih bo\u010dnih delih naslonjala. VEP, ker je velcrable, omogo\u010da neposredno [&hellip;]\" \/>\n<meta property=\"og:url\" content=\"https:\/\/simracing.si\/en_us\/product\/sparco-gaming-chair-grip-black-red-sky\/\" \/>\n<meta property=\"article:modified_time\" content=\"2021-05-26T18:17:25+00:00\" \/>\n<meta property=\"og:image\" content=\"https:\/\/simracing.si\/wp-content\/uploads\/2021\/05\/8033280311001_1_500x.jpg\" \/>\n\t<meta property=\"og:image:width\" content=\"500\" \/>\n\t<meta property=\"og:image:height\" content=\"500\" \/>\n<meta name=\"twitter:card\" content=\"summary_large_image\" \/>\n<meta name=\"twitter:label1\" content=\"Est. reading time\">\n\t<meta name=\"twitter:data1\" content=\"1 minute\">\n<script type=\"application\/ld+json\" class=\"yoast-schema-graph\">{\"@context\":\"https:\/\/schema.org\",\"@graph\":[{\"@type\":\"WebSite\",\"@id\":\"https:\/\/simracing.si\/#website\",\"url\":\"https:\/\/simracing.si\/\",\"name\":\"\",\"description\":\"\",\"potentialAction\":[{\"@type\":\"SearchAction\",\"target\":\"https:\/\/simracing.si\/?s={search_term_string}\",\"query-input\":\"required name=search_term_string\"}],\"inLanguage\":\"en-US\"},{\"@type\":\"ImageObject\",\"@id\":\"https:\/\/simracing.si\/izdelek\/sparco-gaming-chair-grip-black-red-sky\/#primaryimage\",\"inLanguage\":\"en-US\",\"url\":\"https:\/\/simracing.si\/wp-content\/uploads\/2021\/05\/8033280311001_1_500x.jpg\",\"contentUrl\":\"https:\/\/simracing.si\/wp-content\/uploads\/2021\/05\/8033280311001_1_500x.jpg\",\"width\":500,\"height\":500},{\"@type\":\"WebPage\",\"@id\":\"https:\/\/simracing.si\/izdelek\/sparco-gaming-chair-grip-black-red-sky\/#webpage\",\"url\":\"https:\/\/simracing.si\/izdelek\/sparco-gaming-chair-grip-black-red-sky\/\",\"name\":\"SPARCO GAMING CHAIR GRIP BLACK\/RED SKY -\",\"isPartOf\":{\"@id\":\"https:\/\/simracing.si\/#website\"},\"primaryImageOfPage\":{\"@id\":\"https:\/\/simracing.si\/izdelek\/sparco-gaming-chair-grip-black-red-sky\/#primaryimage\"},\"datePublished\":\"2021-05-26T18:17:24+00:00\",\"dateModified\":\"2021-05-26T18:17:25+00:00\",\"breadcrumb\":{\"@id\":\"https:\/\/simracing.si\/izdelek\/sparco-gaming-chair-grip-black-red-sky\/#breadcrumb\"},\"inLanguage\":\"en-US\",\"potentialAction\":[{\"@type\":\"ReadAction\",\"target\":[\"https:\/\/simracing.si\/izdelek\/sparco-gaming-chair-grip-black-red-sky\/\"]}]},{\"@type\":\"BreadcrumbList\",\"@id\":\"https:\/\/simracing.si\/izdelek\/sparco-gaming-chair-grip-black-red-sky\/#breadcrumb\",\"itemListElement\":[{\"@type\":\"ListItem\",\"position\":1,\"item\":{\"@type\":\"WebPage\",\"@id\":\"https:\/\/simracing.si\/\",\"url\":\"https:\/\/simracing.si\/\",\"name\":\"Home\"}},{\"@type\":\"ListItem\",\"position\":2,\"item\":{\"@type\":\"WebPage\",\"@id\":\"https:\/\/simracing.si\/home\/product-category\/\",\"url\":\"https:\/\/simracing.si\/home\/product-category\/\",\"name\":\"Izdelki\"}},{\"@type\":\"ListItem\",\"position\":3,\"item\":{\"@id\":\"https:\/\/simracing.si\/izdelek\/sparco-gaming-chair-grip-black-red-sky\/#webpage\"}}]}]}<\/script>\n<!-- \/ Yoast SEO plugin. -->","_links":{"self":[{"href":"https:\/\/simracing.si\/en_us\/wp-json\/wp\/v2\/product\/3842"}],"collection":[{"href":"https:\/\/simracing.si\/en_us\/wp-json\/wp\/v2\/product"}],"about":[{"href":"https:\/\/simracing.si\/en_us\/wp-json\/wp\/v2\/types\/product"}],"replies":[{"embeddable":true,"href":"https:\/\/simracing.si\/en_us\/wp-json\/wp\/v2\/comments?post=3842"}],"version-history":[{"count":1,"href":"https:\/\/simracing.si\/en_us\/wp-json\/wp\/v2\/product\/3842\/revisions"}],"predecessor-version":[{"id":3844,"href":"https:\/\/simracing.si\/en_us\/wp-json\/wp\/v2\/product\/3842\/revisions\/3844"}],"wp:featuredmedia":[{"embeddable":true,"href":"https:\/\/simracing.si\/en_us\/wp-json\/wp\/v2\/media\/3843"}],"wp:attachment":[{"href":"https:\/\/simracing.si\/en_us\/wp-json\/wp\/v2\/media?parent=3842"}],"curies":[{"name":"wp","href":"https:\/\/api.w.org\/{rel}","templated":true}]}}