{"id":3826,"date":"2021-05-26T20:07:22","date_gmt":"2021-05-26T18:07:22","guid":{"rendered":"https:\/\/simracing.si\/?post_type=product&#038;p=3826"},"modified":"2021-05-26T20:07:22","modified_gmt":"2021-05-26T18:07:22","slug":"sparco-gaming-chair-icon-black-fluo-green","status":"publish","type":"product","link":"https:\/\/simracing.si\/en_us\/product\/sparco-gaming-chair-icon-black-fluo-green\/","title":{"rendered":"SPARCO GAMING CHAIR ICON BLACK\/FLUO GREEN"},"content":{"rendered":"<p>Pisarni\u0161ki stol ima spu\u0161\u010den in raz\u0161irjen sede\u017e za ve\u010dje udobje in nastavljivo naslonjalo tako v nagibu kot ledveni nastavitvi.<\/p>\n<p>Stol ima protiblokirno napravo z zaklepom naslonjala pri 150 \u00b0 in je opremljen s podstavkom bata s certifikatom SGS \/ BIFMAX5.1 \/ EN1335, nagibnim mehanizmom in visoko trdnim podno\u017ejem s kraki s 5 trdnimi kolesi.<\/p>\n<p>Naslona za roke so tipa 2D z ve\u010dsmernim gibanjem.<\/p>\n<p>Sede\u017e je na voljo v \u010drni \/ \u010drni, \u010drno \/ zeleni, \u010drni \/ modri in \u010drno \/ rde\u010di barvi.<\/p>\n<p>Opozorilo: tega sede\u017ea ne smete uporabljati v avtomobilu in ni avtosede\u017e.<\/p>","protected":false},"excerpt":{"rendered":"<p>Pisarni\u0161ki stol ima spu\u0161\u010den in raz\u0161irjen sede\u017e za ve\u010dje udobje in nastavljivo naslonjalo tako v nagibu kot ledveni nastavitvi. Stol ima protiblokirno napravo z zaklepom naslonjala pri 150 \u00b0 in je opremljen s podstavkom bata s certifikatom SGS \/ BIFMAX5.1 \/ EN1335, nagibnim mehanizmom in visoko trdnim podno\u017ejem s kraki s 5 trdnimi kolesi. Naslona [&hellip;]<\/p>","protected":false},"featured_media":3827,"comment_status":"open","ping_status":"closed","template":"","meta":[],"yoast_head":"<!-- This site is optimized with the Yoast SEO plugin v16.3 - https:\/\/yoast.com\/wordpress\/plugins\/seo\/ -->\n<title>SPARCO GAMING CHAIR ICON BLACK\/FLUO GREEN -<\/title>\n<meta name=\"robots\" content=\"index, follow, max-snippet:-1, max-image-preview:large, max-video-preview:-1\" \/>\n<link rel=\"canonical\" href=\"https:\/\/simracing.si\/en_us\/product\/sparco-gaming-chair-icon-black-fluo-green\/\" \/>\n<meta property=\"og:locale\" content=\"en_US\" \/>\n<meta property=\"og:type\" content=\"article\" \/>\n<meta property=\"og:title\" content=\"SPARCO GAMING CHAIR ICON BLACK\/FLUO GREEN -\" \/>\n<meta property=\"og:description\" content=\"Pisarni\u0161ki stol ima spu\u0161\u010den in raz\u0161irjen sede\u017e za ve\u010dje udobje in nastavljivo naslonjalo tako v nagibu kot ledveni nastavitvi. Stol ima protiblokirno napravo z zaklepom naslonjala pri 150 \u00b0 in je opremljen s podstavkom bata s certifikatom SGS \/ BIFMAX5.1 \/ EN1335, nagibnim mehanizmom in visoko trdnim podno\u017ejem s kraki s 5 trdnimi kolesi. Naslona [&hellip;]\" \/>\n<meta property=\"og:url\" content=\"https:\/\/simracing.si\/en_us\/product\/sparco-gaming-chair-icon-black-fluo-green\/\" \/>\n<meta property=\"og:image\" content=\"https:\/\/simracing.si\/wp-content\/uploads\/2021\/05\/8033280303709_1_500x.jpg\" \/>\n\t<meta property=\"og:image:width\" content=\"500\" \/>\n\t<meta property=\"og:image:height\" content=\"500\" \/>\n<meta name=\"twitter:card\" content=\"summary_large_image\" \/>\n<meta name=\"twitter:label1\" content=\"Est. reading time\">\n\t<meta name=\"twitter:data1\" content=\"1 minute\">\n<script type=\"application\/ld+json\" class=\"yoast-schema-graph\">{\"@context\":\"https:\/\/schema.org\",\"@graph\":[{\"@type\":\"WebSite\",\"@id\":\"https:\/\/simracing.si\/#website\",\"url\":\"https:\/\/simracing.si\/\",\"name\":\"\",\"description\":\"\",\"potentialAction\":[{\"@type\":\"SearchAction\",\"target\":\"https:\/\/simracing.si\/?s={search_term_string}\",\"query-input\":\"required name=search_term_string\"}],\"inLanguage\":\"en-US\"},{\"@type\":\"ImageObject\",\"@id\":\"https:\/\/simracing.si\/izdelek\/sparco-gaming-chair-icon-black-fluo-green\/#primaryimage\",\"inLanguage\":\"en-US\",\"url\":\"https:\/\/simracing.si\/wp-content\/uploads\/2021\/05\/8033280303709_1_500x.jpg\",\"contentUrl\":\"https:\/\/simracing.si\/wp-content\/uploads\/2021\/05\/8033280303709_1_500x.jpg\",\"width\":500,\"height\":500},{\"@type\":\"WebPage\",\"@id\":\"https:\/\/simracing.si\/izdelek\/sparco-gaming-chair-icon-black-fluo-green\/#webpage\",\"url\":\"https:\/\/simracing.si\/izdelek\/sparco-gaming-chair-icon-black-fluo-green\/\",\"name\":\"SPARCO GAMING CHAIR ICON BLACK\/FLUO GREEN -\",\"isPartOf\":{\"@id\":\"https:\/\/simracing.si\/#website\"},\"primaryImageOfPage\":{\"@id\":\"https:\/\/simracing.si\/izdelek\/sparco-gaming-chair-icon-black-fluo-green\/#primaryimage\"},\"datePublished\":\"2021-05-26T18:07:22+00:00\",\"dateModified\":\"2021-05-26T18:07:22+00:00\",\"breadcrumb\":{\"@id\":\"https:\/\/simracing.si\/izdelek\/sparco-gaming-chair-icon-black-fluo-green\/#breadcrumb\"},\"inLanguage\":\"en-US\",\"potentialAction\":[{\"@type\":\"ReadAction\",\"target\":[\"https:\/\/simracing.si\/izdelek\/sparco-gaming-chair-icon-black-fluo-green\/\"]}]},{\"@type\":\"BreadcrumbList\",\"@id\":\"https:\/\/simracing.si\/izdelek\/sparco-gaming-chair-icon-black-fluo-green\/#breadcrumb\",\"itemListElement\":[{\"@type\":\"ListItem\",\"position\":1,\"item\":{\"@type\":\"WebPage\",\"@id\":\"https:\/\/simracing.si\/\",\"url\":\"https:\/\/simracing.si\/\",\"name\":\"Home\"}},{\"@type\":\"ListItem\",\"position\":2,\"item\":{\"@type\":\"WebPage\",\"@id\":\"https:\/\/simracing.si\/home\/product-category\/\",\"url\":\"https:\/\/simracing.si\/home\/product-category\/\",\"name\":\"Izdelki\"}},{\"@type\":\"ListItem\",\"position\":3,\"item\":{\"@id\":\"https:\/\/simracing.si\/izdelek\/sparco-gaming-chair-icon-black-fluo-green\/#webpage\"}}]}]}<\/script>\n<!-- \/ Yoast SEO plugin. -->","_links":{"self":[{"href":"https:\/\/simracing.si\/en_us\/wp-json\/wp\/v2\/product\/3826"}],"collection":[{"href":"https:\/\/simracing.si\/en_us\/wp-json\/wp\/v2\/product"}],"about":[{"href":"https:\/\/simracing.si\/en_us\/wp-json\/wp\/v2\/types\/product"}],"replies":[{"embeddable":true,"href":"https:\/\/simracing.si\/en_us\/wp-json\/wp\/v2\/comments?post=3826"}],"version-history":[{"count":1,"href":"https:\/\/simracing.si\/en_us\/wp-json\/wp\/v2\/product\/3826\/revisions"}],"predecessor-version":[{"id":3828,"href":"https:\/\/simracing.si\/en_us\/wp-json\/wp\/v2\/product\/3826\/revisions\/3828"}],"wp:featuredmedia":[{"embeddable":true,"href":"https:\/\/simracing.si\/en_us\/wp-json\/wp\/v2\/media\/3827"}],"wp:attachment":[{"href":"https:\/\/simracing.si\/en_us\/wp-json\/wp\/v2\/media?parent=3826"}],"curies":[{"name":"wp","href":"https:\/\/api.w.org\/{rel}","templated":true}]}}