{"id":3804,"date":"2021-05-26T19:38:09","date_gmt":"2021-05-26T17:38:09","guid":{"rendered":"https:\/\/simracing.si\/?post_type=product&#038;p=3804"},"modified":"2021-05-26T19:38:09","modified_gmt":"2021-05-26T17:38:09","slug":"sparco-gaming-chair-stint-black-green","status":"publish","type":"product","link":"https:\/\/simracing.si\/en_us\/product\/sparco-gaming-chair-stint-black-green\/","title":{"rendered":"SPARCO GAMING CHAIR STINT BLACK\/GREEN"},"content":{"rendered":"<p>Igralni stol SPARCO STINT Gaming postavlja nova merila v ponudbi igralnih sede\u017eev.<\/p>\n<p>Naslonjalo je z zasnovo, ki jo je navdihnil Sparco\u00ae R333, popolnoma preoblikovano za izbolj\u0161anje udobja zadr\u017eevalnega prostora na ramenih: njegov odsek dejansko spominja na najnovej\u0161e sede\u017ee Sparco za super\u0161portnike, kar pove\u010duje ob\u010dutek trdnosti in podpore.<\/p>\n<p>Sede\u017e STINT se pona\u0161a z novim sistemom Sparco\u00ae AIRFLOW, ki zahvaljujo\u010d sede\u017enemu paketu iz satjastega zra\u010dnega materiala v kombinaciji s plastjo satja zagotavlja maksimalno zra\u010dnost in bistveno zmanj\u0161a potenje.<\/p>\n<p>Sede\u017e STINT je serijsko opremljen z novimi kolesi Pro Caster, ki jih je mogo\u010de zakleniti, ki zmanj\u0161ujejo trenje in hrup pri premikanju, ter uporabo na kateri koli povr\u0161ini.<\/p>\n<p>Kot v celotni ponudbi sede\u017eev Sparco Gaming so tudi zgornje zna\u010dilnosti dopolnjene z mehanizmom za prepre\u010devanje kotaljenja, 4D nasloni za roke, 150 \u00b0 le\u017eanjem in mikrometri\u010dno nastavitvijo ledvenega dela, da se olaj\u0161ajo dolge igralne seje in pove\u010da igralna zmogljivost.<\/p>","protected":false},"excerpt":{"rendered":"<p>Igralni stol SPARCO STINT Gaming postavlja nova merila v ponudbi igralnih sede\u017eev. Naslonjalo je z zasnovo, ki jo je navdihnil Sparco\u00ae R333, popolnoma preoblikovano za izbolj\u0161anje udobja zadr\u017eevalnega prostora na ramenih: njegov odsek dejansko spominja na najnovej\u0161e sede\u017ee Sparco za super\u0161portnike, kar pove\u010duje ob\u010dutek trdnosti in podpore. Sede\u017e STINT se pona\u0161a z novim sistemom Sparco\u00ae [&hellip;]<\/p>","protected":false},"featured_media":3805,"comment_status":"open","ping_status":"closed","template":"","meta":[],"yoast_head":"<!-- This site is optimized with the Yoast SEO plugin v16.3 - https:\/\/yoast.com\/wordpress\/plugins\/seo\/ -->\n<title>SPARCO GAMING CHAIR STINT BLACK\/GREEN -<\/title>\n<meta name=\"robots\" content=\"index, follow, max-snippet:-1, max-image-preview:large, max-video-preview:-1\" \/>\n<link rel=\"canonical\" href=\"https:\/\/simracing.si\/en_us\/product\/sparco-gaming-chair-stint-black-green\/\" \/>\n<meta property=\"og:locale\" content=\"en_US\" \/>\n<meta property=\"og:type\" content=\"article\" \/>\n<meta property=\"og:title\" content=\"SPARCO GAMING CHAIR STINT BLACK\/GREEN -\" \/>\n<meta property=\"og:description\" content=\"Igralni stol SPARCO STINT Gaming postavlja nova merila v ponudbi igralnih sede\u017eev. Naslonjalo je z zasnovo, ki jo je navdihnil Sparco\u00ae R333, popolnoma preoblikovano za izbolj\u0161anje udobja zadr\u017eevalnega prostora na ramenih: njegov odsek dejansko spominja na najnovej\u0161e sede\u017ee Sparco za super\u0161portnike, kar pove\u010duje ob\u010dutek trdnosti in podpore. Sede\u017e STINT se pona\u0161a z novim sistemom Sparco\u00ae [&hellip;]\" \/>\n<meta property=\"og:url\" content=\"https:\/\/simracing.si\/en_us\/product\/sparco-gaming-chair-stint-black-green\/\" \/>\n<meta property=\"og:image\" content=\"https:\/\/simracing.si\/wp-content\/uploads\/2021\/05\/8033280243425_1_500x.jpg\" \/>\n\t<meta property=\"og:image:width\" content=\"500\" \/>\n\t<meta property=\"og:image:height\" content=\"500\" \/>\n<meta name=\"twitter:card\" content=\"summary_large_image\" \/>\n<meta name=\"twitter:label1\" content=\"Est. reading time\">\n\t<meta name=\"twitter:data1\" content=\"1 minute\">\n<script type=\"application\/ld+json\" class=\"yoast-schema-graph\">{\"@context\":\"https:\/\/schema.org\",\"@graph\":[{\"@type\":\"WebSite\",\"@id\":\"https:\/\/simracing.si\/#website\",\"url\":\"https:\/\/simracing.si\/\",\"name\":\"\",\"description\":\"\",\"potentialAction\":[{\"@type\":\"SearchAction\",\"target\":\"https:\/\/simracing.si\/?s={search_term_string}\",\"query-input\":\"required name=search_term_string\"}],\"inLanguage\":\"en-US\"},{\"@type\":\"ImageObject\",\"@id\":\"https:\/\/simracing.si\/izdelek\/sparco-gaming-chair-stint-black-green\/#primaryimage\",\"inLanguage\":\"en-US\",\"url\":\"https:\/\/simracing.si\/wp-content\/uploads\/2021\/05\/8033280243425_1_500x.jpg\",\"contentUrl\":\"https:\/\/simracing.si\/wp-content\/uploads\/2021\/05\/8033280243425_1_500x.jpg\",\"width\":500,\"height\":500},{\"@type\":\"WebPage\",\"@id\":\"https:\/\/simracing.si\/izdelek\/sparco-gaming-chair-stint-black-green\/#webpage\",\"url\":\"https:\/\/simracing.si\/izdelek\/sparco-gaming-chair-stint-black-green\/\",\"name\":\"SPARCO GAMING CHAIR STINT BLACK\/GREEN -\",\"isPartOf\":{\"@id\":\"https:\/\/simracing.si\/#website\"},\"primaryImageOfPage\":{\"@id\":\"https:\/\/simracing.si\/izdelek\/sparco-gaming-chair-stint-black-green\/#primaryimage\"},\"datePublished\":\"2021-05-26T17:38:09+00:00\",\"dateModified\":\"2021-05-26T17:38:09+00:00\",\"breadcrumb\":{\"@id\":\"https:\/\/simracing.si\/izdelek\/sparco-gaming-chair-stint-black-green\/#breadcrumb\"},\"inLanguage\":\"en-US\",\"potentialAction\":[{\"@type\":\"ReadAction\",\"target\":[\"https:\/\/simracing.si\/izdelek\/sparco-gaming-chair-stint-black-green\/\"]}]},{\"@type\":\"BreadcrumbList\",\"@id\":\"https:\/\/simracing.si\/izdelek\/sparco-gaming-chair-stint-black-green\/#breadcrumb\",\"itemListElement\":[{\"@type\":\"ListItem\",\"position\":1,\"item\":{\"@type\":\"WebPage\",\"@id\":\"https:\/\/simracing.si\/\",\"url\":\"https:\/\/simracing.si\/\",\"name\":\"Home\"}},{\"@type\":\"ListItem\",\"position\":2,\"item\":{\"@type\":\"WebPage\",\"@id\":\"https:\/\/simracing.si\/home\/product-category\/\",\"url\":\"https:\/\/simracing.si\/home\/product-category\/\",\"name\":\"Izdelki\"}},{\"@type\":\"ListItem\",\"position\":3,\"item\":{\"@id\":\"https:\/\/simracing.si\/izdelek\/sparco-gaming-chair-stint-black-green\/#webpage\"}}]}]}<\/script>\n<!-- \/ Yoast SEO plugin. -->","_links":{"self":[{"href":"https:\/\/simracing.si\/en_us\/wp-json\/wp\/v2\/product\/3804"}],"collection":[{"href":"https:\/\/simracing.si\/en_us\/wp-json\/wp\/v2\/product"}],"about":[{"href":"https:\/\/simracing.si\/en_us\/wp-json\/wp\/v2\/types\/product"}],"replies":[{"embeddable":true,"href":"https:\/\/simracing.si\/en_us\/wp-json\/wp\/v2\/comments?post=3804"}],"version-history":[{"count":1,"href":"https:\/\/simracing.si\/en_us\/wp-json\/wp\/v2\/product\/3804\/revisions"}],"predecessor-version":[{"id":3806,"href":"https:\/\/simracing.si\/en_us\/wp-json\/wp\/v2\/product\/3804\/revisions\/3806"}],"wp:featuredmedia":[{"embeddable":true,"href":"https:\/\/simracing.si\/en_us\/wp-json\/wp\/v2\/media\/3805"}],"wp:attachment":[{"href":"https:\/\/simracing.si\/en_us\/wp-json\/wp\/v2\/media?parent=3804"}],"curies":[{"name":"wp","href":"https:\/\/api.w.org\/{rel}","templated":true}]}}