{"id":3706,"date":"2021-05-10T13:08:32","date_gmt":"2021-05-10T11:08:32","guid":{"rendered":"https:\/\/simracing.si\/?post_type=product&#038;p=3706"},"modified":"2021-05-10T13:08:32","modified_gmt":"2021-05-10T11:08:32","slug":"omp-rally-volanski-obroc","status":"publish","type":"product","link":"https:\/\/simracing.si\/en_us\/product\/omp-rally-volanski-obroc\/","title":{"rendered":"OMP RALLY volanski obro\u010d"},"content":{"rendered":"<p>Dished steering wheel with 2 uncovered anodized spokes, ideally suited for Rally, complete with horn button. Diameter: 350 mm Handgrip: round 30 mm Depth: 95 mm<\/p>\n<p>Na voljo v modri barvi z rumenimi \u0161ivi ali v \u010drni barvi z rumenimi \u0161ivi. Usnje je lahko gladko ali pa semi\u0161<\/p>","protected":false},"excerpt":{"rendered":"<p>Dished steering wheel with 2 uncovered anodized spokes, ideally suited for Rally, complete with horn button. Diameter: 350 mm Handgrip: round 30 mm Depth: 95 mm Na voljo v modri barvi z rumenimi \u0161ivi ali v \u010drni barvi z rumenimi \u0161ivi. Usnje je lahko gladko ali pa semi\u0161<\/p>","protected":false},"featured_media":3707,"comment_status":"open","ping_status":"closed","template":"","meta":[],"yoast_head":"<!-- This site is optimized with the Yoast SEO plugin v16.3 - https:\/\/yoast.com\/wordpress\/plugins\/seo\/ -->\n<title>OMP RALLY volanski obro\u010d -<\/title>\n<meta name=\"robots\" content=\"index, follow, max-snippet:-1, max-image-preview:large, max-video-preview:-1\" \/>\n<link rel=\"canonical\" href=\"https:\/\/simracing.si\/en_us\/product\/omp-rally-volanski-obroc\/\" \/>\n<meta property=\"og:locale\" content=\"en_US\" \/>\n<meta property=\"og:type\" content=\"article\" \/>\n<meta property=\"og:title\" content=\"OMP RALLY volanski obro\u010d -\" \/>\n<meta property=\"og:description\" content=\"Dished steering wheel with 2 uncovered anodized spokes, ideally suited for Rally, complete with horn button. Diameter: 350 mm Handgrip: round 30 mm Depth: 95 mm Na voljo v modri barvi z rumenimi \u0161ivi ali v \u010drni barvi z rumenimi \u0161ivi. Usnje je lahko gladko ali pa semi\u0161\" \/>\n<meta property=\"og:url\" content=\"https:\/\/simracing.si\/en_us\/product\/omp-rally-volanski-obroc\/\" \/>\n<meta property=\"og:image\" content=\"https:\/\/simracing.si\/wp-content\/uploads\/2021\/05\/omp-rally-stering-wheel.jpg\" \/>\n\t<meta property=\"og:image:width\" content=\"264\" \/>\n\t<meta property=\"og:image:height\" content=\"264\" \/>\n<meta name=\"twitter:card\" content=\"summary_large_image\" \/>\n<script type=\"application\/ld+json\" class=\"yoast-schema-graph\">{\"@context\":\"https:\/\/schema.org\",\"@graph\":[{\"@type\":\"WebSite\",\"@id\":\"https:\/\/simracing.si\/#website\",\"url\":\"https:\/\/simracing.si\/\",\"name\":\"\",\"description\":\"\",\"potentialAction\":[{\"@type\":\"SearchAction\",\"target\":\"https:\/\/simracing.si\/?s={search_term_string}\",\"query-input\":\"required name=search_term_string\"}],\"inLanguage\":\"en-US\"},{\"@type\":\"ImageObject\",\"@id\":\"https:\/\/simracing.si\/izdelek\/omp-rally-volanski-obroc\/#primaryimage\",\"inLanguage\":\"en-US\",\"url\":\"https:\/\/simracing.si\/wp-content\/uploads\/2021\/05\/omp-rally-stering-wheel.jpg\",\"contentUrl\":\"https:\/\/simracing.si\/wp-content\/uploads\/2021\/05\/omp-rally-stering-wheel.jpg\",\"width\":264,\"height\":264},{\"@type\":\"WebPage\",\"@id\":\"https:\/\/simracing.si\/izdelek\/omp-rally-volanski-obroc\/#webpage\",\"url\":\"https:\/\/simracing.si\/izdelek\/omp-rally-volanski-obroc\/\",\"name\":\"OMP RALLY volanski obro\\u010d -\",\"isPartOf\":{\"@id\":\"https:\/\/simracing.si\/#website\"},\"primaryImageOfPage\":{\"@id\":\"https:\/\/simracing.si\/izdelek\/omp-rally-volanski-obroc\/#primaryimage\"},\"datePublished\":\"2021-05-10T11:08:32+00:00\",\"dateModified\":\"2021-05-10T11:08:32+00:00\",\"breadcrumb\":{\"@id\":\"https:\/\/simracing.si\/izdelek\/omp-rally-volanski-obroc\/#breadcrumb\"},\"inLanguage\":\"en-US\",\"potentialAction\":[{\"@type\":\"ReadAction\",\"target\":[\"https:\/\/simracing.si\/izdelek\/omp-rally-volanski-obroc\/\"]}]},{\"@type\":\"BreadcrumbList\",\"@id\":\"https:\/\/simracing.si\/izdelek\/omp-rally-volanski-obroc\/#breadcrumb\",\"itemListElement\":[{\"@type\":\"ListItem\",\"position\":1,\"item\":{\"@type\":\"WebPage\",\"@id\":\"https:\/\/simracing.si\/\",\"url\":\"https:\/\/simracing.si\/\",\"name\":\"Home\"}},{\"@type\":\"ListItem\",\"position\":2,\"item\":{\"@type\":\"WebPage\",\"@id\":\"https:\/\/simracing.si\/home\/product-category\/\",\"url\":\"https:\/\/simracing.si\/home\/product-category\/\",\"name\":\"Izdelki\"}},{\"@type\":\"ListItem\",\"position\":3,\"item\":{\"@id\":\"https:\/\/simracing.si\/izdelek\/omp-rally-volanski-obroc\/#webpage\"}}]}]}<\/script>\n<!-- \/ Yoast SEO plugin. -->","_links":{"self":[{"href":"https:\/\/simracing.si\/en_us\/wp-json\/wp\/v2\/product\/3706"}],"collection":[{"href":"https:\/\/simracing.si\/en_us\/wp-json\/wp\/v2\/product"}],"about":[{"href":"https:\/\/simracing.si\/en_us\/wp-json\/wp\/v2\/types\/product"}],"replies":[{"embeddable":true,"href":"https:\/\/simracing.si\/en_us\/wp-json\/wp\/v2\/comments?post=3706"}],"version-history":[{"count":1,"href":"https:\/\/simracing.si\/en_us\/wp-json\/wp\/v2\/product\/3706\/revisions"}],"predecessor-version":[{"id":3708,"href":"https:\/\/simracing.si\/en_us\/wp-json\/wp\/v2\/product\/3706\/revisions\/3708"}],"wp:featuredmedia":[{"embeddable":true,"href":"https:\/\/simracing.si\/en_us\/wp-json\/wp\/v2\/media\/3707"}],"wp:attachment":[{"href":"https:\/\/simracing.si\/en_us\/wp-json\/wp\/v2\/media?parent=3706"}],"curies":[{"name":"wp","href":"https:\/\/api.w.org\/{rel}","templated":true}]}}