{"id":3367,"date":"2021-04-23T14:05:58","date_gmt":"2021-04-23T12:05:58","guid":{"rendered":"https:\/\/simracing.si\/?post_type=product&#038;p=3367"},"modified":"2021-04-23T14:08:42","modified_gmt":"2021-04-23T12:08:42","slug":"omp-ms-sedez-fia-nepodprt","status":"publish","type":"product","link":"https:\/\/simracing.si\/en_us\/product\/omp-ms-sedez-fia-nepodprt\/","title":{"rendered":"OMP M+S sede\u017e FIA nepodprt"},"content":{"rendered":"<div id=\"short_description_block\">\n<div id=\"short_description_content\" class=\"rte align_justify\">\n<ul>\n<li>Brez FIA homologacije<\/li>\n<li>Fiberglass\u00a0ohi\u0161je<\/li>\n<li>Off road &#8211; Avtokors\u00a0tekmovalni sede\u017e<\/li>\n<li>Neopren oblazinjenje<\/li>\n<li>Preporsto \u010di\u0161\u010denje<\/li>\n<\/ul>\n<\/div>\n<\/div>","protected":false},"excerpt":{"rendered":"<p>Brez FIA homologacije Fiberglass\u00a0ohi\u0161je Off road &#8211; Avtokors\u00a0tekmovalni sede\u017e Neopren oblazinjenje Preporsto \u010di\u0161\u010denje<\/p>","protected":false},"featured_media":3368,"comment_status":"open","ping_status":"closed","template":"","meta":[],"yoast_head":"<!-- This site is optimized with the Yoast SEO plugin v16.3 - https:\/\/yoast.com\/wordpress\/plugins\/seo\/ -->\n<title>OMP M+S sede\u017e FIA nepodprt -<\/title>\n<meta name=\"robots\" content=\"index, follow, max-snippet:-1, max-image-preview:large, max-video-preview:-1\" \/>\n<link rel=\"canonical\" href=\"https:\/\/simracing.si\/en_us\/product\/omp-ms-sedez-fia-nepodprt\/\" \/>\n<meta property=\"og:locale\" content=\"en_US\" \/>\n<meta property=\"og:type\" content=\"article\" \/>\n<meta property=\"og:title\" content=\"OMP M+S sede\u017e FIA nepodprt -\" \/>\n<meta property=\"og:description\" content=\"Brez FIA homologacije Fiberglass\u00a0ohi\u0161je Off road &#8211; Avtokors\u00a0tekmovalni sede\u017e Neopren oblazinjenje Preporsto \u010di\u0161\u010denje\" \/>\n<meta property=\"og:url\" content=\"https:\/\/simracing.si\/en_us\/product\/omp-ms-sedez-fia-nepodprt\/\" \/>\n<meta property=\"article:modified_time\" content=\"2021-04-23T12:08:42+00:00\" \/>\n<meta property=\"og:image\" content=\"https:\/\/simracing.si\/wp-content\/uploads\/2021\/04\/omp-ms-sedez.jpg\" \/>\n\t<meta property=\"og:image:width\" content=\"250\" \/>\n\t<meta property=\"og:image:height\" content=\"250\" \/>\n<meta name=\"twitter:card\" content=\"summary_large_image\" \/>\n<script type=\"application\/ld+json\" class=\"yoast-schema-graph\">{\"@context\":\"https:\/\/schema.org\",\"@graph\":[{\"@type\":\"WebSite\",\"@id\":\"https:\/\/simracing.si\/#website\",\"url\":\"https:\/\/simracing.si\/\",\"name\":\"\",\"description\":\"\",\"potentialAction\":[{\"@type\":\"SearchAction\",\"target\":\"https:\/\/simracing.si\/?s={search_term_string}\",\"query-input\":\"required name=search_term_string\"}],\"inLanguage\":\"en-US\"},{\"@type\":\"ImageObject\",\"@id\":\"https:\/\/simracing.si\/izdelek\/omp-ms-sedez-fia-nepodprt\/#primaryimage\",\"inLanguage\":\"en-US\",\"url\":\"https:\/\/simracing.si\/wp-content\/uploads\/2021\/04\/omp-ms-sedez.jpg\",\"contentUrl\":\"https:\/\/simracing.si\/wp-content\/uploads\/2021\/04\/omp-ms-sedez.jpg\",\"width\":250,\"height\":250},{\"@type\":\"WebPage\",\"@id\":\"https:\/\/simracing.si\/izdelek\/omp-ms-sedez-fia-nepodprt\/#webpage\",\"url\":\"https:\/\/simracing.si\/izdelek\/omp-ms-sedez-fia-nepodprt\/\",\"name\":\"OMP M+S sede\\u017e FIA nepodprt -\",\"isPartOf\":{\"@id\":\"https:\/\/simracing.si\/#website\"},\"primaryImageOfPage\":{\"@id\":\"https:\/\/simracing.si\/izdelek\/omp-ms-sedez-fia-nepodprt\/#primaryimage\"},\"datePublished\":\"2021-04-23T12:05:58+00:00\",\"dateModified\":\"2021-04-23T12:08:42+00:00\",\"breadcrumb\":{\"@id\":\"https:\/\/simracing.si\/izdelek\/omp-ms-sedez-fia-nepodprt\/#breadcrumb\"},\"inLanguage\":\"en-US\",\"potentialAction\":[{\"@type\":\"ReadAction\",\"target\":[\"https:\/\/simracing.si\/izdelek\/omp-ms-sedez-fia-nepodprt\/\"]}]},{\"@type\":\"BreadcrumbList\",\"@id\":\"https:\/\/simracing.si\/izdelek\/omp-ms-sedez-fia-nepodprt\/#breadcrumb\",\"itemListElement\":[{\"@type\":\"ListItem\",\"position\":1,\"item\":{\"@type\":\"WebPage\",\"@id\":\"https:\/\/simracing.si\/\",\"url\":\"https:\/\/simracing.si\/\",\"name\":\"Home\"}},{\"@type\":\"ListItem\",\"position\":2,\"item\":{\"@type\":\"WebPage\",\"@id\":\"https:\/\/simracing.si\/home\/product-category\/\",\"url\":\"https:\/\/simracing.si\/home\/product-category\/\",\"name\":\"Izdelki\"}},{\"@type\":\"ListItem\",\"position\":3,\"item\":{\"@id\":\"https:\/\/simracing.si\/izdelek\/omp-ms-sedez-fia-nepodprt\/#webpage\"}}]}]}<\/script>\n<!-- \/ Yoast SEO plugin. -->","_links":{"self":[{"href":"https:\/\/simracing.si\/en_us\/wp-json\/wp\/v2\/product\/3367"}],"collection":[{"href":"https:\/\/simracing.si\/en_us\/wp-json\/wp\/v2\/product"}],"about":[{"href":"https:\/\/simracing.si\/en_us\/wp-json\/wp\/v2\/types\/product"}],"replies":[{"embeddable":true,"href":"https:\/\/simracing.si\/en_us\/wp-json\/wp\/v2\/comments?post=3367"}],"version-history":[{"count":2,"href":"https:\/\/simracing.si\/en_us\/wp-json\/wp\/v2\/product\/3367\/revisions"}],"predecessor-version":[{"id":3373,"href":"https:\/\/simracing.si\/en_us\/wp-json\/wp\/v2\/product\/3367\/revisions\/3373"}],"wp:featuredmedia":[{"embeddable":true,"href":"https:\/\/simracing.si\/en_us\/wp-json\/wp\/v2\/media\/3368"}],"wp:attachment":[{"href":"https:\/\/simracing.si\/en_us\/wp-json\/wp\/v2\/media?parent=3367"}],"curies":[{"name":"wp","href":"https:\/\/api.w.org\/{rel}","templated":true}]}}