{"id":3309,"date":"2021-04-17T11:44:50","date_gmt":"2021-04-17T09:44:50","guid":{"rendered":"https:\/\/simracing.si\/?post_type=product&#038;p=3309"},"modified":"2022-03-16T11:35:41","modified_gmt":"2022-03-16T09:35:41","slug":"omp-trs-e-xl-sedez","status":"publish","type":"product","link":"https:\/\/simracing.si\/en_us\/product\/omp-trs-e-xl-sedez\/","title":{"rendered":"OMP TRS-E XL sede\u017e"},"content":{"rendered":"<div id=\"short_description_content\" class=\"rte align_justify\">\n<div id=\"short_description_content\" class=\"rte align_justify\">\n<div class=\"rte align_justify\">\n<div class=\"rte align_justify\">\n<ul>\n<li>FIA\u00a0<span class=\"skype_pnh_container\" dir=\"ltr\"><span class=\"skype_pnh_highlighting_inactive_common\" dir=\"ltr\"><span class=\"skype_pnh_text_span\">8855-1999<\/span><\/span>\u00a0<\/span><\/li>\n<li>Cevni jekleni okvir<\/li>\n<li>Pri\u010dvrstitev na 2 na\u010dina<\/li>\n<li>Ve\u010dji in \u0161ir\u0161i<\/li>\n<li>Kompatibilen s HRC patentom<\/li>\n<li>HANS kompatibilen<\/li>\n<li>Te\u017ea 12.3kg<\/li>\n<\/ul>\n<\/div>\n<\/div>\n<\/div>\n<\/div>","protected":false},"excerpt":{"rendered":"<p>FIA\u00a08855-1999\u00a0 Cevni jekleni okvir Pri\u010dvrstitev na 2 na\u010dina Ve\u010dji in \u0161ir\u0161i Kompatibilen s HRC patentom HANS kompatibilen Te\u017ea 12.3kg<\/p>","protected":false},"featured_media":3310,"comment_status":"open","ping_status":"closed","template":"","meta":[],"yoast_head":"<!-- This site is optimized with the Yoast SEO plugin v16.3 - https:\/\/yoast.com\/wordpress\/plugins\/seo\/ -->\n<title>OMP TRS-E XL sede\u017e -<\/title>\n<meta name=\"robots\" content=\"index, follow, max-snippet:-1, max-image-preview:large, max-video-preview:-1\" \/>\n<link rel=\"canonical\" href=\"https:\/\/simracing.si\/en_us\/product\/omp-trs-e-xl-sedez\/\" \/>\n<meta property=\"og:locale\" content=\"en_US\" \/>\n<meta property=\"og:type\" content=\"article\" \/>\n<meta property=\"og:title\" content=\"OMP TRS-E XL sede\u017e -\" \/>\n<meta property=\"og:description\" content=\"FIA\u00a08855-1999\u00a0 Cevni jekleni okvir Pri\u010dvrstitev na 2 na\u010dina Ve\u010dji in \u0161ir\u0161i Kompatibilen s HRC patentom HANS kompatibilen Te\u017ea 12.3kg\" \/>\n<meta property=\"og:url\" content=\"https:\/\/simracing.si\/en_us\/product\/omp-trs-e-xl-sedez\/\" \/>\n<meta property=\"article:modified_time\" content=\"2022-03-16T09:35:41+00:00\" \/>\n<meta property=\"og:image\" content=\"https:\/\/simracing.si\/wp-content\/uploads\/2021\/04\/omp-trs-xl.jpg\" \/>\n\t<meta property=\"og:image:width\" content=\"2000\" \/>\n\t<meta property=\"og:image:height\" content=\"2000\" \/>\n<meta name=\"twitter:card\" content=\"summary_large_image\" \/>\n<script type=\"application\/ld+json\" class=\"yoast-schema-graph\">{\"@context\":\"https:\/\/schema.org\",\"@graph\":[{\"@type\":\"WebSite\",\"@id\":\"https:\/\/simracing.si\/#website\",\"url\":\"https:\/\/simracing.si\/\",\"name\":\"\",\"description\":\"\",\"potentialAction\":[{\"@type\":\"SearchAction\",\"target\":\"https:\/\/simracing.si\/?s={search_term_string}\",\"query-input\":\"required name=search_term_string\"}],\"inLanguage\":\"en-US\"},{\"@type\":\"ImageObject\",\"@id\":\"https:\/\/simracing.si\/en_us\/product\/omp-trs-e-xl-sedez\/#primaryimage\",\"inLanguage\":\"en-US\",\"url\":\"https:\/\/simracing.si\/wp-content\/uploads\/2021\/04\/omp-trs-xl.jpg\",\"contentUrl\":\"https:\/\/simracing.si\/wp-content\/uploads\/2021\/04\/omp-trs-xl.jpg\",\"width\":2000,\"height\":2000},{\"@type\":\"WebPage\",\"@id\":\"https:\/\/simracing.si\/en_us\/product\/omp-trs-e-xl-sedez\/#webpage\",\"url\":\"https:\/\/simracing.si\/en_us\/product\/omp-trs-e-xl-sedez\/\",\"name\":\"OMP TRS-E XL sede\\u017e -\",\"isPartOf\":{\"@id\":\"https:\/\/simracing.si\/#website\"},\"primaryImageOfPage\":{\"@id\":\"https:\/\/simracing.si\/en_us\/product\/omp-trs-e-xl-sedez\/#primaryimage\"},\"datePublished\":\"2021-04-17T09:44:50+00:00\",\"dateModified\":\"2022-03-16T09:35:41+00:00\",\"breadcrumb\":{\"@id\":\"https:\/\/simracing.si\/en_us\/product\/omp-trs-e-xl-sedez\/#breadcrumb\"},\"inLanguage\":\"en-US\",\"potentialAction\":[{\"@type\":\"ReadAction\",\"target\":[\"https:\/\/simracing.si\/en_us\/product\/omp-trs-e-xl-sedez\/\"]}]},{\"@type\":\"BreadcrumbList\",\"@id\":\"https:\/\/simracing.si\/en_us\/product\/omp-trs-e-xl-sedez\/#breadcrumb\",\"itemListElement\":[{\"@type\":\"ListItem\",\"position\":1,\"item\":{\"@type\":\"WebPage\",\"@id\":\"https:\/\/simracing.si\/\",\"url\":\"https:\/\/simracing.si\/\",\"name\":\"Home\"}},{\"@type\":\"ListItem\",\"position\":2,\"item\":{\"@type\":\"WebPage\",\"@id\":\"https:\/\/simracing.si\/home\/product-category\/\",\"url\":\"https:\/\/simracing.si\/home\/product-category\/\",\"name\":\"Izdelki\"}},{\"@type\":\"ListItem\",\"position\":3,\"item\":{\"@id\":\"https:\/\/simracing.si\/en_us\/product\/omp-trs-e-xl-sedez\/#webpage\"}}]}]}<\/script>\n<!-- \/ Yoast SEO plugin. -->","_links":{"self":[{"href":"https:\/\/simracing.si\/en_us\/wp-json\/wp\/v2\/product\/3309"}],"collection":[{"href":"https:\/\/simracing.si\/en_us\/wp-json\/wp\/v2\/product"}],"about":[{"href":"https:\/\/simracing.si\/en_us\/wp-json\/wp\/v2\/types\/product"}],"replies":[{"embeddable":true,"href":"https:\/\/simracing.si\/en_us\/wp-json\/wp\/v2\/comments?post=3309"}],"version-history":[{"count":1,"href":"https:\/\/simracing.si\/en_us\/wp-json\/wp\/v2\/product\/3309\/revisions"}],"predecessor-version":[{"id":3311,"href":"https:\/\/simracing.si\/en_us\/wp-json\/wp\/v2\/product\/3309\/revisions\/3311"}],"wp:featuredmedia":[{"embeddable":true,"href":"https:\/\/simracing.si\/en_us\/wp-json\/wp\/v2\/media\/3310"}],"wp:attachment":[{"href":"https:\/\/simracing.si\/en_us\/wp-json\/wp\/v2\/media?parent=3309"}],"curies":[{"name":"wp","href":"https:\/\/api.w.org\/{rel}","templated":true}]}}