{"id":2649,"date":"2021-03-09T12:08:36","date_gmt":"2021-03-09T10:08:36","guid":{"rendered":"https:\/\/simracing.si\/?post_type=product&#038;p=2649"},"modified":"2021-06-07T14:07:24","modified_gmt":"2021-06-07T12:07:24","slug":"vesa-support-for-ultrawide-curved-monitor-for-rs-stand-t3xl-v2","status":"publish","type":"product","link":"https:\/\/simracing.si\/en_us\/product\/vesa-support-for-ultrawide-curved-monitor-for-rs-stand-t3xl-v2\/","title":{"rendered":"VESA nosilec za ultra\u0161irok ukrivljen monitor za stojalo RS STAND T3XL V2"},"content":{"rendered":"<ul>\n<li>Na voljo je v \u010drni, beli ali srebrni mat barvi v prahu.<\/li>\n<li>Izdelano iz lasersko rezanega ogljikovega jekla.<\/li>\n<li>Primeren za monitorje od 29\u201d do 38 &#8220;<\/li>\n<li>Nosilec Vesa do 75&#215;75 in 100&#215;100 (prilo\u017eeni vijaki M4)<\/li>\n<li>V celoti nastavljiv, vklju\u010dno s kotom, nagibom, vi\u0161ino monitorja in vsak nosilec VESA lahko lo\u010deno nastavite kot in vi\u0161ino.<\/li>\n<li>Te\u017eka in trdna konstrukcija, ki omogo\u010da namestitev od 3&#215;29 do 3&#215;38 -pal\u010dnih monitorjev in ohrani popolno stabilnost.<\/li>\n<li>100% izdelano v EU: zasnovano in izdelano v Evropi.<\/li>\n<li>OPOZORILO: ta nosilec je dodatna oprema za stojalo RS T3XL V2<\/li>\n<\/ul>","protected":false},"excerpt":{"rendered":"<p>Na voljo je v \u010drni, beli ali srebrni mat barvi v prahu. Izdelano iz lasersko rezanega ogljikovega jekla. Primeren za monitorje od 29\u201d do 38 &#8220; Nosilec Vesa do 75&#215;75 in 100&#215;100 (prilo\u017eeni vijaki M4) V celoti nastavljiv, vklju\u010dno s kotom, nagibom, vi\u0161ino monitorja in vsak nosilec VESA lahko lo\u010deno nastavite kot in vi\u0161ino. Te\u017eka [&hellip;]<\/p>","protected":false},"featured_media":2650,"comment_status":"open","ping_status":"closed","template":"","meta":[],"yoast_head":"<!-- This site is optimized with the Yoast SEO plugin v16.3 - https:\/\/yoast.com\/wordpress\/plugins\/seo\/ -->\n<title>VESA nosilec za ultra\u0161irok ukrivljen monitor za stojalo RS STAND T3XL V2 -<\/title>\n<meta name=\"robots\" content=\"index, follow, max-snippet:-1, max-image-preview:large, max-video-preview:-1\" \/>\n<link rel=\"canonical\" href=\"https:\/\/simracing.si\/en_us\/product\/vesa-support-for-ultrawide-curved-monitor-for-rs-stand-t3xl-v2\/\" \/>\n<meta property=\"og:locale\" content=\"en_US\" \/>\n<meta property=\"og:type\" content=\"article\" \/>\n<meta property=\"og:title\" content=\"VESA nosilec za ultra\u0161irok ukrivljen monitor za stojalo RS STAND T3XL V2 -\" \/>\n<meta property=\"og:description\" content=\"Na voljo je v \u010drni, beli ali srebrni mat barvi v prahu. Izdelano iz lasersko rezanega ogljikovega jekla. Primeren za monitorje od 29\u201d do 38 &#8220; Nosilec Vesa do 75&#215;75 in 100&#215;100 (prilo\u017eeni vijaki M4) V celoti nastavljiv, vklju\u010dno s kotom, nagibom, vi\u0161ino monitorja in vsak nosilec VESA lahko lo\u010deno nastavite kot in vi\u0161ino. Te\u017eka [&hellip;]\" \/>\n<meta property=\"og:url\" content=\"https:\/\/simracing.si\/en_us\/product\/vesa-support-for-ultrawide-curved-monitor-for-rs-stand-t3xl-v2\/\" \/>\n<meta property=\"article:modified_time\" content=\"2021-06-07T12:07:24+00:00\" \/>\n<meta property=\"og:image\" content=\"https:\/\/simracing.si\/wp-content\/uploads\/2021\/03\/rseat-rs-stand-t3xl-monitor-stand-100x100-vesa_3-936x936-1.jpg\" \/>\n\t<meta property=\"og:image:width\" content=\"936\" \/>\n\t<meta property=\"og:image:height\" content=\"936\" \/>\n<meta name=\"twitter:card\" content=\"summary_large_image\" \/>\n<meta name=\"twitter:label1\" content=\"Est. reading time\">\n\t<meta name=\"twitter:data1\" content=\"1 minute\">\n<script type=\"application\/ld+json\" class=\"yoast-schema-graph\">{\"@context\":\"https:\/\/schema.org\",\"@graph\":[{\"@type\":\"WebSite\",\"@id\":\"https:\/\/simracing.si\/#website\",\"url\":\"https:\/\/simracing.si\/\",\"name\":\"\",\"description\":\"\",\"potentialAction\":[{\"@type\":\"SearchAction\",\"target\":\"https:\/\/simracing.si\/?s={search_term_string}\",\"query-input\":\"required name=search_term_string\"}],\"inLanguage\":\"en-US\"},{\"@type\":\"ImageObject\",\"@id\":\"https:\/\/simracing.si\/izdelek\/vesa-support-for-ultrawide-curved-monitor-for-rs-stand-t3xl-v2\/#primaryimage\",\"inLanguage\":\"en-US\",\"url\":\"https:\/\/simracing.si\/wp-content\/uploads\/2021\/03\/rseat-rs-stand-t3xl-monitor-stand-100x100-vesa_3-936x936-1.jpg\",\"contentUrl\":\"https:\/\/simracing.si\/wp-content\/uploads\/2021\/03\/rseat-rs-stand-t3xl-monitor-stand-100x100-vesa_3-936x936-1.jpg\",\"width\":936,\"height\":936},{\"@type\":\"WebPage\",\"@id\":\"https:\/\/simracing.si\/izdelek\/vesa-support-for-ultrawide-curved-monitor-for-rs-stand-t3xl-v2\/#webpage\",\"url\":\"https:\/\/simracing.si\/izdelek\/vesa-support-for-ultrawide-curved-monitor-for-rs-stand-t3xl-v2\/\",\"name\":\"VESA nosilec za ultra\\u0161irok ukrivljen monitor za stojalo RS STAND T3XL V2 -\",\"isPartOf\":{\"@id\":\"https:\/\/simracing.si\/#website\"},\"primaryImageOfPage\":{\"@id\":\"https:\/\/simracing.si\/izdelek\/vesa-support-for-ultrawide-curved-monitor-for-rs-stand-t3xl-v2\/#primaryimage\"},\"datePublished\":\"2021-03-09T10:08:36+00:00\",\"dateModified\":\"2021-06-07T12:07:24+00:00\",\"breadcrumb\":{\"@id\":\"https:\/\/simracing.si\/izdelek\/vesa-support-for-ultrawide-curved-monitor-for-rs-stand-t3xl-v2\/#breadcrumb\"},\"inLanguage\":\"en-US\",\"potentialAction\":[{\"@type\":\"ReadAction\",\"target\":[\"https:\/\/simracing.si\/izdelek\/vesa-support-for-ultrawide-curved-monitor-for-rs-stand-t3xl-v2\/\"]}]},{\"@type\":\"BreadcrumbList\",\"@id\":\"https:\/\/simracing.si\/izdelek\/vesa-support-for-ultrawide-curved-monitor-for-rs-stand-t3xl-v2\/#breadcrumb\",\"itemListElement\":[{\"@type\":\"ListItem\",\"position\":1,\"item\":{\"@type\":\"WebPage\",\"@id\":\"https:\/\/simracing.si\/\",\"url\":\"https:\/\/simracing.si\/\",\"name\":\"Home\"}},{\"@type\":\"ListItem\",\"position\":2,\"item\":{\"@type\":\"WebPage\",\"@id\":\"https:\/\/simracing.si\/home\/product-category\/\",\"url\":\"https:\/\/simracing.si\/home\/product-category\/\",\"name\":\"Izdelki\"}},{\"@type\":\"ListItem\",\"position\":3,\"item\":{\"@id\":\"https:\/\/simracing.si\/izdelek\/vesa-support-for-ultrawide-curved-monitor-for-rs-stand-t3xl-v2\/#webpage\"}}]}]}<\/script>\n<!-- \/ Yoast SEO plugin. -->","_links":{"self":[{"href":"https:\/\/simracing.si\/en_us\/wp-json\/wp\/v2\/product\/2649"}],"collection":[{"href":"https:\/\/simracing.si\/en_us\/wp-json\/wp\/v2\/product"}],"about":[{"href":"https:\/\/simracing.si\/en_us\/wp-json\/wp\/v2\/types\/product"}],"replies":[{"embeddable":true,"href":"https:\/\/simracing.si\/en_us\/wp-json\/wp\/v2\/comments?post=2649"}],"version-history":[{"count":2,"href":"https:\/\/simracing.si\/en_us\/wp-json\/wp\/v2\/product\/2649\/revisions"}],"predecessor-version":[{"id":3911,"href":"https:\/\/simracing.si\/en_us\/wp-json\/wp\/v2\/product\/2649\/revisions\/3911"}],"wp:featuredmedia":[{"embeddable":true,"href":"https:\/\/simracing.si\/en_us\/wp-json\/wp\/v2\/media\/2650"}],"wp:attachment":[{"href":"https:\/\/simracing.si\/en_us\/wp-json\/wp\/v2\/media?parent=2649"}],"curies":[{"name":"wp","href":"https:\/\/api.w.org\/{rel}","templated":true}]}}