{"id":2639,"date":"2021-03-09T12:04:16","date_gmt":"2021-03-09T10:04:16","guid":{"rendered":"https:\/\/simracing.si\/?post_type=product&#038;p=2639"},"modified":"2021-08-18T23:36:58","modified_gmt":"2021-08-18T21:36:58","slug":"velcro-braided-cable-flexo-wrap-18-to-31mm-1-meter-black-organize-your-cables","status":"publish","type":"product","link":"https:\/\/simracing.si\/en_us\/product\/velcro-braided-cable-flexo-wrap-18-to-31mm-1-meter-black-organize-your-cables\/","title":{"rendered":"Velcro pleteni kabel Flexo Wrap 18 do 31 mm &#8211; 1 meter &#8211; \u010drn"},"content":{"rendered":"<p>Urejanje velike koli\u010dine \u017eic je enostavno s Flexo ovitkom. Zapora za kavelj in zanko omogo\u010da pogost dostop do sprememb in zlomov.<\/p>\n<p>Ovitek z zapenjanjem na je\u017eku lahko pomaga ustvariti urejeno okolje. Lahko ga enostavno zavijete in zaprete nad kable. Hitro ga je mogo\u010de ponovno odpreti za upravljanje kablov, ki jih je treba dodati ali odstraniti, prelome pa lahko naredite preprosto tako, da kable izvle\u010dete skozi Velcro. Dizajn odprtega tkanja se zlahka prilega \u0161tevilnim nepravilnim oblikam, kar je popolna re\u0161itev za najrazli\u010dnej\u0161e izzive uporabe.<\/p>\n<p><strong>Enostavna namestitev<\/strong><\/p>\n<p>Flexo Wrap je zasnovan za hitro in enostavno urejanje sklopov \u017eic, kablov in cevi.<\/p>\n<p>Preprosto lo\u010dite pritrdilne kljuke vzdol\u017e roba materiala in potisnite celotno dol\u017eino ovitka okoli ali pod sklop kabelskega snopa ali sestavnega dela.<\/p>\n<p>\u0160irok razpon raz\u0161irljivosti omogo\u010da ovitku, da se enostavno prilega konektorjem nenavadne oblike in ne\u017eno stisne okoli premera va\u0161ih \u017eic. Ko je ovitek na svojem mestu, preprosto zatesnite kavelj in zanko vzdol\u017e robov.<\/p>\n<p>&nbsp;<\/p>\n<p>Tip 18HL<\/p>\n<p>Najmanj\u0161i premer (mm) 18 mm<\/p>\n<p>Najve\u010dji premer (mm) 31 mm<\/p>","protected":false},"excerpt":{"rendered":"<p>Urejanje velike koli\u010dine \u017eic je enostavno s Flexo ovitkom. Zapora za kavelj in zanko omogo\u010da pogost dostop do sprememb in zlomov. Ovitek z zapenjanjem na je\u017eku lahko pomaga ustvariti urejeno okolje. Lahko ga enostavno zavijete in zaprete nad kable. Hitro ga je mogo\u010de ponovno odpreti za upravljanje kablov, ki jih je treba dodati ali odstraniti, [&hellip;]<\/p>","protected":false},"featured_media":2640,"comment_status":"open","ping_status":"closed","template":"","meta":[],"yoast_head":"<!-- This site is optimized with the Yoast SEO plugin v16.3 - https:\/\/yoast.com\/wordpress\/plugins\/seo\/ -->\n<title>Velcro pleteni kabel Flexo Wrap 18 do 31 mm - 1 meter - \u010drn -<\/title>\n<meta name=\"robots\" content=\"index, follow, max-snippet:-1, max-image-preview:large, max-video-preview:-1\" \/>\n<link rel=\"canonical\" href=\"https:\/\/simracing.si\/en_us\/product\/velcro-braided-cable-flexo-wrap-18-to-31mm-1-meter-black-organize-your-cables\/\" \/>\n<meta property=\"og:locale\" content=\"en_US\" \/>\n<meta property=\"og:type\" content=\"article\" \/>\n<meta property=\"og:title\" content=\"Velcro pleteni kabel Flexo Wrap 18 do 31 mm - 1 meter - \u010drn -\" \/>\n<meta property=\"og:description\" content=\"Urejanje velike koli\u010dine \u017eic je enostavno s Flexo ovitkom. Zapora za kavelj in zanko omogo\u010da pogost dostop do sprememb in zlomov. Ovitek z zapenjanjem na je\u017eku lahko pomaga ustvariti urejeno okolje. Lahko ga enostavno zavijete in zaprete nad kable. Hitro ga je mogo\u010de ponovno odpreti za upravljanje kablov, ki jih je treba dodati ali odstraniti, [&hellip;]\" \/>\n<meta property=\"og:url\" content=\"https:\/\/simracing.si\/en_us\/product\/velcro-braided-cable-flexo-wrap-18-to-31mm-1-meter-black-organize-your-cables\/\" \/>\n<meta property=\"article:modified_time\" content=\"2021-08-18T21:36:58+00:00\" \/>\n<meta property=\"og:image\" content=\"https:\/\/simracing.si\/wp-content\/uploads\/2021\/03\/ZUFS-118_2-936x936-1.jpg\" \/>\n\t<meta property=\"og:image:width\" content=\"936\" \/>\n\t<meta property=\"og:image:height\" content=\"936\" \/>\n<meta name=\"twitter:card\" content=\"summary_large_image\" \/>\n<meta name=\"twitter:label1\" content=\"Est. reading time\">\n\t<meta name=\"twitter:data1\" content=\"1 minute\">\n<script type=\"application\/ld+json\" class=\"yoast-schema-graph\">{\"@context\":\"https:\/\/schema.org\",\"@graph\":[{\"@type\":\"WebSite\",\"@id\":\"https:\/\/simracing.si\/#website\",\"url\":\"https:\/\/simracing.si\/\",\"name\":\"\",\"description\":\"\",\"potentialAction\":[{\"@type\":\"SearchAction\",\"target\":\"https:\/\/simracing.si\/?s={search_term_string}\",\"query-input\":\"required name=search_term_string\"}],\"inLanguage\":\"en-US\"},{\"@type\":\"ImageObject\",\"@id\":\"https:\/\/simracing.si\/izdelek\/velcro-braided-cable-flexo-wrap-18-to-31mm-1-meter-black-organize-your-cables\/#primaryimage\",\"inLanguage\":\"en-US\",\"url\":\"https:\/\/simracing.si\/wp-content\/uploads\/2021\/03\/ZUFS-118_2-936x936-1.jpg\",\"contentUrl\":\"https:\/\/simracing.si\/wp-content\/uploads\/2021\/03\/ZUFS-118_2-936x936-1.jpg\",\"width\":936,\"height\":936},{\"@type\":\"WebPage\",\"@id\":\"https:\/\/simracing.si\/izdelek\/velcro-braided-cable-flexo-wrap-18-to-31mm-1-meter-black-organize-your-cables\/#webpage\",\"url\":\"https:\/\/simracing.si\/izdelek\/velcro-braided-cable-flexo-wrap-18-to-31mm-1-meter-black-organize-your-cables\/\",\"name\":\"Velcro pleteni kabel Flexo Wrap 18 do 31 mm - 1 meter - \\u010drn -\",\"isPartOf\":{\"@id\":\"https:\/\/simracing.si\/#website\"},\"primaryImageOfPage\":{\"@id\":\"https:\/\/simracing.si\/izdelek\/velcro-braided-cable-flexo-wrap-18-to-31mm-1-meter-black-organize-your-cables\/#primaryimage\"},\"datePublished\":\"2021-03-09T10:04:16+00:00\",\"dateModified\":\"2021-08-18T21:36:58+00:00\",\"breadcrumb\":{\"@id\":\"https:\/\/simracing.si\/izdelek\/velcro-braided-cable-flexo-wrap-18-to-31mm-1-meter-black-organize-your-cables\/#breadcrumb\"},\"inLanguage\":\"en-US\",\"potentialAction\":[{\"@type\":\"ReadAction\",\"target\":[\"https:\/\/simracing.si\/izdelek\/velcro-braided-cable-flexo-wrap-18-to-31mm-1-meter-black-organize-your-cables\/\"]}]},{\"@type\":\"BreadcrumbList\",\"@id\":\"https:\/\/simracing.si\/izdelek\/velcro-braided-cable-flexo-wrap-18-to-31mm-1-meter-black-organize-your-cables\/#breadcrumb\",\"itemListElement\":[{\"@type\":\"ListItem\",\"position\":1,\"item\":{\"@type\":\"WebPage\",\"@id\":\"https:\/\/simracing.si\/\",\"url\":\"https:\/\/simracing.si\/\",\"name\":\"Home\"}},{\"@type\":\"ListItem\",\"position\":2,\"item\":{\"@type\":\"WebPage\",\"@id\":\"https:\/\/simracing.si\/home\/product-category\/\",\"url\":\"https:\/\/simracing.si\/home\/product-category\/\",\"name\":\"Izdelki\"}},{\"@type\":\"ListItem\",\"position\":3,\"item\":{\"@id\":\"https:\/\/simracing.si\/izdelek\/velcro-braided-cable-flexo-wrap-18-to-31mm-1-meter-black-organize-your-cables\/#webpage\"}}]}]}<\/script>\n<!-- \/ Yoast SEO plugin. -->","_links":{"self":[{"href":"https:\/\/simracing.si\/en_us\/wp-json\/wp\/v2\/product\/2639"}],"collection":[{"href":"https:\/\/simracing.si\/en_us\/wp-json\/wp\/v2\/product"}],"about":[{"href":"https:\/\/simracing.si\/en_us\/wp-json\/wp\/v2\/types\/product"}],"replies":[{"embeddable":true,"href":"https:\/\/simracing.si\/en_us\/wp-json\/wp\/v2\/comments?post=2639"}],"version-history":[{"count":3,"href":"https:\/\/simracing.si\/en_us\/wp-json\/wp\/v2\/product\/2639\/revisions"}],"predecessor-version":[{"id":3904,"href":"https:\/\/simracing.si\/en_us\/wp-json\/wp\/v2\/product\/2639\/revisions\/3904"}],"wp:featuredmedia":[{"embeddable":true,"href":"https:\/\/simracing.si\/en_us\/wp-json\/wp\/v2\/media\/2640"}],"wp:attachment":[{"href":"https:\/\/simracing.si\/en_us\/wp-json\/wp\/v2\/media?parent=2639"}],"curies":[{"name":"wp","href":"https:\/\/api.w.org\/{rel}","templated":true}]}}