{"id":2620,"date":"2021-03-09T11:46:57","date_gmt":"2021-03-09T09:46:57","guid":{"rendered":"https:\/\/simracing.si\/?post_type=product&#038;p=2620"},"modified":"2021-06-07T13:30:41","modified_gmt":"2021-06-07T11:30:41","slug":"rs-stand-t3l-silver-v2-triple-screen-up-to-3x32-inch","status":"publish","type":"product","link":"https:\/\/simracing.si\/en_us\/product\/rs-stand-t3l-silver-v2-triple-screen-up-to-3x32-inch\/","title":{"rendered":"Stojalo za monitorje RS STAND T3L V2 &#8211; srebrno (do 3x32inch)"},"content":{"rendered":"<p>Njegova zasnova omogo\u010da uporabniku, da postavi monitor tik ob volan in daje popolno vidljivost za dirke! RS STAND T3L V2 je popoln dodatek za simulatorje RS1, S1, N1 ali RS Formula V2 in poskrbi, da bodo va\u0161e vozne izku\u0161nje popolne<\/p>\n<p><strong>Specifikacije:<\/strong><\/p>\n<ul>\n<li>Stabilna in toga konstrukcija.<\/li>\n<li>Popolnoma nastavljiv v katero koli smer (novo pri V2, natan\u010dnej\u0161a in enostavnej\u0161a nastavitev nagiba, kota, vi\u0161ine in poravnave).<\/li>\n<li>Dimenzije podlage: \u0160 \/ G \/ V 2000 mm. x 900 mm. x 1000-1250 mm.<\/li>\n<li>Na voljo so vsi vijaki in orodja za pritrditev zaslonov.<\/li>\n<li>Te\u017eka in trdna konstrukcija, ki omogo\u010da do 3 x 32-pal\u010dne televizorje in ostane popolnoma stabilna.<\/li>\n<li>Podpora Vesa 75&#215;75 do 400x200mm (vijaki M4 in M6)<\/li>\n<li>100% izdelano v EU: zasnovano in izdelano v Evropi.<\/li>\n<li>Podpora za ultra\u0161iroke ukrivljene zaslone zdodatkom VESA<\/li>\n<li>Dimenzije embala\u017ee:D \/ \u0160 \/ V 103 x 62 x30 cm<\/li>\n<li>Bruto te\u017ea: 32 kg<\/li>\n<\/ul>","protected":false},"excerpt":{"rendered":"<p>Njegova zasnova omogo\u010da uporabniku, da postavi monitor tik ob volan in daje popolno vidljivost za dirke! RS STAND T3L V2 je popoln dodatek za simulatorje RS1, S1, N1 ali RS Formula V2 in poskrbi, da bodo va\u0161e vozne izku\u0161nje popolne Specifikacije: Stabilna in toga konstrukcija. Popolnoma nastavljiv v katero koli smer (novo pri V2, natan\u010dnej\u0161a [&hellip;]<\/p>","protected":false},"featured_media":2621,"comment_status":"open","ping_status":"closed","template":"","meta":[],"yoast_head":"<!-- This site is optimized with the Yoast SEO plugin v16.3 - https:\/\/yoast.com\/wordpress\/plugins\/seo\/ -->\n<title>Stojalo za monitorje RS STAND T3L V2 - srebrno (do 3x32inch) -<\/title>\n<meta name=\"robots\" content=\"index, follow, max-snippet:-1, max-image-preview:large, max-video-preview:-1\" \/>\n<link rel=\"canonical\" href=\"https:\/\/simracing.si\/en_us\/product\/rs-stand-t3l-silver-v2-triple-screen-up-to-3x32-inch\/\" \/>\n<meta property=\"og:locale\" content=\"en_US\" \/>\n<meta property=\"og:type\" content=\"article\" \/>\n<meta property=\"og:title\" content=\"Stojalo za monitorje RS STAND T3L V2 - srebrno (do 3x32inch) -\" \/>\n<meta property=\"og:description\" content=\"Njegova zasnova omogo\u010da uporabniku, da postavi monitor tik ob volan in daje popolno vidljivost za dirke! RS STAND T3L V2 je popoln dodatek za simulatorje RS1, S1, N1 ali RS Formula V2 in poskrbi, da bodo va\u0161e vozne izku\u0161nje popolne Specifikacije: Stabilna in toga konstrukcija. Popolnoma nastavljiv v katero koli smer (novo pri V2, natan\u010dnej\u0161a [&hellip;]\" \/>\n<meta property=\"og:url\" content=\"https:\/\/simracing.si\/en_us\/product\/rs-stand-t3l-silver-v2-triple-screen-up-to-3x32-inch\/\" \/>\n<meta property=\"article:modified_time\" content=\"2021-06-07T11:30:41+00:00\" \/>\n<meta property=\"og:image\" content=\"https:\/\/simracing.si\/wp-content\/uploads\/2021\/03\/rseat-rs-stand-t3l-v2-silver-002-936x936-1.jpg\" \/>\n\t<meta property=\"og:image:width\" content=\"936\" \/>\n\t<meta property=\"og:image:height\" content=\"936\" \/>\n<meta name=\"twitter:card\" content=\"summary_large_image\" \/>\n<meta name=\"twitter:label1\" content=\"Est. reading time\">\n\t<meta name=\"twitter:data1\" content=\"1 minute\">\n<script type=\"application\/ld+json\" class=\"yoast-schema-graph\">{\"@context\":\"https:\/\/schema.org\",\"@graph\":[{\"@type\":\"WebSite\",\"@id\":\"https:\/\/simracing.si\/#website\",\"url\":\"https:\/\/simracing.si\/\",\"name\":\"\",\"description\":\"\",\"potentialAction\":[{\"@type\":\"SearchAction\",\"target\":\"https:\/\/simracing.si\/?s={search_term_string}\",\"query-input\":\"required name=search_term_string\"}],\"inLanguage\":\"en-US\"},{\"@type\":\"ImageObject\",\"@id\":\"https:\/\/simracing.si\/izdelek\/rs-stand-t3l-silver-v2-triple-screen-up-to-3x32-inch\/#primaryimage\",\"inLanguage\":\"en-US\",\"url\":\"https:\/\/simracing.si\/wp-content\/uploads\/2021\/03\/rseat-rs-stand-t3l-v2-silver-002-936x936-1.jpg\",\"contentUrl\":\"https:\/\/simracing.si\/wp-content\/uploads\/2021\/03\/rseat-rs-stand-t3l-v2-silver-002-936x936-1.jpg\",\"width\":936,\"height\":936},{\"@type\":\"WebPage\",\"@id\":\"https:\/\/simracing.si\/izdelek\/rs-stand-t3l-silver-v2-triple-screen-up-to-3x32-inch\/#webpage\",\"url\":\"https:\/\/simracing.si\/izdelek\/rs-stand-t3l-silver-v2-triple-screen-up-to-3x32-inch\/\",\"name\":\"Stojalo za monitorje RS STAND T3L V2 - srebrno (do 3x32inch) -\",\"isPartOf\":{\"@id\":\"https:\/\/simracing.si\/#website\"},\"primaryImageOfPage\":{\"@id\":\"https:\/\/simracing.si\/izdelek\/rs-stand-t3l-silver-v2-triple-screen-up-to-3x32-inch\/#primaryimage\"},\"datePublished\":\"2021-03-09T09:46:57+00:00\",\"dateModified\":\"2021-06-07T11:30:41+00:00\",\"breadcrumb\":{\"@id\":\"https:\/\/simracing.si\/izdelek\/rs-stand-t3l-silver-v2-triple-screen-up-to-3x32-inch\/#breadcrumb\"},\"inLanguage\":\"en-US\",\"potentialAction\":[{\"@type\":\"ReadAction\",\"target\":[\"https:\/\/simracing.si\/izdelek\/rs-stand-t3l-silver-v2-triple-screen-up-to-3x32-inch\/\"]}]},{\"@type\":\"BreadcrumbList\",\"@id\":\"https:\/\/simracing.si\/izdelek\/rs-stand-t3l-silver-v2-triple-screen-up-to-3x32-inch\/#breadcrumb\",\"itemListElement\":[{\"@type\":\"ListItem\",\"position\":1,\"item\":{\"@type\":\"WebPage\",\"@id\":\"https:\/\/simracing.si\/\",\"url\":\"https:\/\/simracing.si\/\",\"name\":\"Home\"}},{\"@type\":\"ListItem\",\"position\":2,\"item\":{\"@type\":\"WebPage\",\"@id\":\"https:\/\/simracing.si\/home\/product-category\/\",\"url\":\"https:\/\/simracing.si\/home\/product-category\/\",\"name\":\"Izdelki\"}},{\"@type\":\"ListItem\",\"position\":3,\"item\":{\"@id\":\"https:\/\/simracing.si\/izdelek\/rs-stand-t3l-silver-v2-triple-screen-up-to-3x32-inch\/#webpage\"}}]}]}<\/script>\n<!-- \/ Yoast SEO plugin. -->","_links":{"self":[{"href":"https:\/\/simracing.si\/en_us\/wp-json\/wp\/v2\/product\/2620"}],"collection":[{"href":"https:\/\/simracing.si\/en_us\/wp-json\/wp\/v2\/product"}],"about":[{"href":"https:\/\/simracing.si\/en_us\/wp-json\/wp\/v2\/types\/product"}],"replies":[{"embeddable":true,"href":"https:\/\/simracing.si\/en_us\/wp-json\/wp\/v2\/comments?post=2620"}],"version-history":[{"count":3,"href":"https:\/\/simracing.si\/en_us\/wp-json\/wp\/v2\/product\/2620\/revisions"}],"predecessor-version":[{"id":3895,"href":"https:\/\/simracing.si\/en_us\/wp-json\/wp\/v2\/product\/2620\/revisions\/3895"}],"wp:featuredmedia":[{"embeddable":true,"href":"https:\/\/simracing.si\/en_us\/wp-json\/wp\/v2\/media\/2621"}],"wp:attachment":[{"href":"https:\/\/simracing.si\/en_us\/wp-json\/wp\/v2\/media?parent=2620"}],"curies":[{"name":"wp","href":"https:\/\/api.w.org\/{rel}","templated":true}]}}