{"id":2036,"date":"2020-04-30T18:29:11","date_gmt":"2020-04-30T17:29:11","guid":{"rendered":"https:\/\/simracing.si\/product\/igralni-stol-playseat-challenge-playstation-edition\/"},"modified":"2020-05-03T12:01:46","modified_gmt":"2020-05-03T11:01:46","slug":"igralni-stol-playseat-challenge-playstation-edition","status":"publish","type":"product","link":"https:\/\/simracing.si\/en_us\/product\/igralni-stol-playseat-challenge-playstation-edition\/","title":{"rendered":"GAMING SEATPLAYSEAT CHALLENGE PLAYSTATION EDITION"},"content":{"rendered":"<p><span style=\"color: rgb(80, 80, 80); font-family: Roboto, Arial, Helvetica, sans-serif; font-size: 12px; background-color: rgb(236, 236, 236);\">Najbolj zabavno in realisti\u010dno tekmovanje doma! Playseat\u00ae Challenge PlayStation izdaja je tu!<\/span><br style=\"margin: 0px; padding: 0px; color: rgb(80, 80, 80); font-family: Roboto, Arial, Helvetica, sans-serif; font-size: 12px; background-color: rgb(236, 236, 236);\"><br style=\"margin: 0px; padding: 0px; color: rgb(80, 80, 80); font-family: Roboto, Arial, Helvetica, sans-serif; font-size: 12px; background-color: rgb(236, 236, 236);\"><span style=\"color: rgb(80, 80, 80); font-family: Roboto, Arial, Helvetica, sans-serif; font-size: 12px; background-color: rgb(236, 236, 236);\">Uradno licenciran stol PlayStation zdru\u017euje edinstveno kakovost Playseat\u00ae z elegantnim dizajnom PlayStationa, in je narejen za prave navija\u010de PS, ki \u017eelijo igrati igre, kot so Gran Turismo, Need for Speed, DiRT, GRID, F1 na najbolj\u0161i mo\u017eni na\u010din. Izzovite svoje nasprotnike s Playseat\u00ae Challenge! Ta sede\u017e je zelo kompakten, stabilen in nastavljiv. Kadar ga ne potrebujete, bo zaradi svoje edinstvene zlo\u017eljive zasnove uporabil malo prostora. Stol je idealen za tiste, ki imajo malo prostora, vendar \u017eelijo zabavno in realisti\u010dno dirko! Playseat\u00ae Challenge je zelo prilagodljiv, zato je primeren za otroke in odrasle. Sede\u017e je prevle\u010den z Alcantaro, materialom, ki ga uporabljajo v pravih dirkalnih avtomobilih!<\/span><br style=\"margin: 0px; padding: 0px; color: rgb(80, 80, 80); font-family: Roboto, Arial, Helvetica, sans-serif; font-size: 12px; background-color: rgb(236, 236, 236);\"><br style=\"margin: 0px; padding: 0px; color: rgb(80, 80, 80); font-family: Roboto, Arial, Helvetica, sans-serif; font-size: 12px; background-color: rgb(236, 236, 236);\"><span style=\"color: rgb(80, 80, 80); font-family: Roboto, Arial, Helvetica, sans-serif; font-size: 12px; background-color: rgb(236, 236, 236);\">Lastnosti: Edinstvena zlo\u017eljiva oblika Realisti\u010den kokpit Nastavljiv Vrhunska kakovost izdelave in materialov Zelo stabilen in udoben Brez pedal in volana Zdru\u017eljiv z vsemi razpolo\u017eljivimi volani in pedali, vklju\u010dno z Logitech, Thrustmaster in Fanatec Zdru\u017eljiv s PlayStation 2, PlayStation 3, PlayStation 4, Xbox, Xbox 360, Xbox One, Wii, Wii U, PC, Mac Hitra namestitev Enostavno \u010di\u0161\u010denje<\/span><br style=\"margin: 0px; padding: 0px; color: rgb(80, 80, 80); font-family: Roboto, Arial, Helvetica, sans-serif; font-size: 12px; background-color: rgb(236, 236, 236);\"><br style=\"margin: 0px; padding: 0px; color: rgb(80, 80, 80); font-family: Roboto, Arial, Helvetica, sans-serif; font-size: 12px; background-color: rgb(236, 236, 236);\"><span style=\"color: rgb(80, 80, 80); font-family: Roboto, Arial, Helvetica, sans-serif; font-size: 12px; background-color: rgb(236, 236, 236);\">Specifikacije:<\/span><br style=\"margin: 0px; padding: 0px; color: rgb(80, 80, 80); font-family: Roboto, Arial, Helvetica, sans-serif; font-size: 12px; background-color: rgb(236, 236, 236);\"><span style=\"color: rgb(80, 80, 80); font-family: Roboto, Arial, Helvetica, sans-serif; font-size: 12px; background-color: rgb(236, 236, 236);\">Dimenzije (Dx\u0160xV): 136x54x96 cm<\/span><br style=\"margin: 0px; padding: 0px; color: rgb(80, 80, 80); font-family: Roboto, Arial, Helvetica, sans-serif; font-size: 12px; background-color: rgb(236, 236, 236);\"><span style=\"color: rgb(80, 80, 80); font-family: Roboto, Arial, Helvetica, sans-serif; font-size: 12px; background-color: rgb(236, 236, 236);\">Te\u017ea: 9 kg<\/span><br style=\"margin: 0px; padding: 0px; color: rgb(80, 80, 80); font-family: Roboto, Arial, Helvetica, sans-serif; font-size: 12px; background-color: rgb(236, 236, 236);\"><span style=\"color: rgb(80, 80, 80); font-family: Roboto, Arial, Helvetica, sans-serif; font-size: 12px; background-color: rgb(236, 236, 236);\">Priporo\u010dena vi\u0161ina voznika: 120 &#8211; 220 cm<\/span><br style=\"margin: 0px; padding: 0px; color: rgb(80, 80, 80); font-family: Roboto, Arial, Helvetica, sans-serif; font-size: 12px; background-color: rgb(236, 236, 236);\"><span style=\"color: rgb(80, 80, 80); font-family: Roboto, Arial, Helvetica, sans-serif; font-size: 12px; background-color: rgb(236, 236, 236);\">Priporo\u010dena te\u017ea voznika: 20 &#8211; 122 kg<\/span><br style=\"margin: 0px; padding: 0px; color: rgb(80, 80, 80); font-family: Roboto, Arial, Helvetica, sans-serif; font-size: 12px; background-color: rgb(236, 236, 236);\"><span style=\"color: rgb(80, 80, 80); font-family: Roboto, Arial, Helvetica, sans-serif; font-size: 12px; background-color: rgb(236, 236, 236);\">Pakiranje: Dimenzije (Dx\u0160xV): 80x60x20 cm<\/span><br style=\"margin: 0px; padding: 0px; color: rgb(80, 80, 80); font-family: Roboto, Arial, Helvetica, sans-serif; font-size: 12px; background-color: rgb(236, 236, 236);\"><span style=\"color: rgb(80, 80, 80); font-family: Roboto, Arial, Helvetica, sans-serif; font-size: 12px; background-color: rgb(236, 236, 236);\">Priro\u010dnik in garancija<\/span><\/p>","protected":false},"excerpt":{"rendered":"<p>GAMING SEATPLAYSEAT CHALLENGE PLAYSTATION EDITION<\/p>","protected":false},"featured_media":2215,"comment_status":"closed","ping_status":"closed","template":"","meta":[],"yoast_head":"<!-- This site is optimized with the Yoast SEO plugin v16.3 - https:\/\/yoast.com\/wordpress\/plugins\/seo\/ -->\n<title>IGRALNI STOL PLAYSEAT CHALLENGE PLAYSTATION EDITION -<\/title>\n<meta name=\"robots\" content=\"index, follow, max-snippet:-1, max-image-preview:large, max-video-preview:-1\" \/>\n<link rel=\"canonical\" href=\"https:\/\/simracing.si\/en_us\/product\/igralni-stol-playseat-challenge-playstation-edition\/\" \/>\n<meta property=\"og:locale\" content=\"en_US\" \/>\n<meta property=\"og:type\" content=\"article\" \/>\n<meta property=\"og:title\" content=\"IGRALNI STOL PLAYSEAT CHALLENGE PLAYSTATION EDITION -\" \/>\n<meta property=\"og:description\" content=\"IGRALNI STOL PLAYSEAT CHALLENGE PLAYSTATION EDITION\" \/>\n<meta property=\"og:url\" content=\"https:\/\/simracing.si\/en_us\/product\/igralni-stol-playseat-challenge-playstation-edition\/\" \/>\n<meta property=\"article:modified_time\" content=\"2020-05-03T11:01:46+00:00\" \/>\n<meta property=\"og:image\" content=\"https:\/\/simracing.si\/wp-content\/uploads\/2020\/04\/playseat-challenge-playstation.jpeg\" \/>\n\t<meta property=\"og:image:width\" content=\"540\" \/>\n\t<meta property=\"og:image:height\" content=\"360\" \/>\n<meta name=\"twitter:card\" content=\"summary_large_image\" \/>\n<meta name=\"twitter:label1\" content=\"Est. reading time\">\n\t<meta name=\"twitter:data1\" content=\"1 minute\">\n<script type=\"application\/ld+json\" class=\"yoast-schema-graph\">{\"@context\":\"https:\/\/schema.org\",\"@graph\":[{\"@type\":\"WebSite\",\"@id\":\"https:\/\/simracing.si\/#website\",\"url\":\"https:\/\/simracing.si\/\",\"name\":\"\",\"description\":\"\",\"potentialAction\":[{\"@type\":\"SearchAction\",\"target\":\"https:\/\/simracing.si\/?s={search_term_string}\",\"query-input\":\"required name=search_term_string\"}],\"inLanguage\":\"en-US\"},{\"@type\":\"ImageObject\",\"@id\":\"https:\/\/simracing.si\/sl_si\/izdelek\/igralni-stol-playseat-challenge-playstation-edition\/#primaryimage\",\"inLanguage\":\"en-US\",\"url\":\"https:\/\/simracing.si\/wp-content\/uploads\/2020\/04\/playseat-challenge-playstation.jpeg\",\"contentUrl\":\"https:\/\/simracing.si\/wp-content\/uploads\/2020\/04\/playseat-challenge-playstation.jpeg\",\"width\":540,\"height\":360},{\"@type\":\"WebPage\",\"@id\":\"https:\/\/simracing.si\/sl_si\/izdelek\/igralni-stol-playseat-challenge-playstation-edition\/#webpage\",\"url\":\"https:\/\/simracing.si\/sl_si\/izdelek\/igralni-stol-playseat-challenge-playstation-edition\/\",\"name\":\"IGRALNI STOL PLAYSEAT CHALLENGE PLAYSTATION EDITION -\",\"isPartOf\":{\"@id\":\"https:\/\/simracing.si\/#website\"},\"primaryImageOfPage\":{\"@id\":\"https:\/\/simracing.si\/sl_si\/izdelek\/igralni-stol-playseat-challenge-playstation-edition\/#primaryimage\"},\"datePublished\":\"2020-04-30T17:29:11+00:00\",\"dateModified\":\"2020-05-03T11:01:46+00:00\",\"breadcrumb\":{\"@id\":\"https:\/\/simracing.si\/sl_si\/izdelek\/igralni-stol-playseat-challenge-playstation-edition\/#breadcrumb\"},\"inLanguage\":\"en-US\",\"potentialAction\":[{\"@type\":\"ReadAction\",\"target\":[\"https:\/\/simracing.si\/sl_si\/izdelek\/igralni-stol-playseat-challenge-playstation-edition\/\"]}]},{\"@type\":\"BreadcrumbList\",\"@id\":\"https:\/\/simracing.si\/sl_si\/izdelek\/igralni-stol-playseat-challenge-playstation-edition\/#breadcrumb\",\"itemListElement\":[{\"@type\":\"ListItem\",\"position\":1,\"item\":{\"@type\":\"WebPage\",\"@id\":\"https:\/\/simracing.si\/\",\"url\":\"https:\/\/simracing.si\/\",\"name\":\"Home\"}},{\"@type\":\"ListItem\",\"position\":2,\"item\":{\"@type\":\"WebPage\",\"@id\":\"https:\/\/simracing.si\/home\/product-category\/\",\"url\":\"https:\/\/simracing.si\/home\/product-category\/\",\"name\":\"Izdelki\"}},{\"@type\":\"ListItem\",\"position\":3,\"item\":{\"@id\":\"https:\/\/simracing.si\/sl_si\/izdelek\/igralni-stol-playseat-challenge-playstation-edition\/#webpage\"}}]}]}<\/script>\n<!-- \/ Yoast SEO plugin. -->","_links":{"self":[{"href":"https:\/\/simracing.si\/en_us\/wp-json\/wp\/v2\/product\/2036"}],"collection":[{"href":"https:\/\/simracing.si\/en_us\/wp-json\/wp\/v2\/product"}],"about":[{"href":"https:\/\/simracing.si\/en_us\/wp-json\/wp\/v2\/types\/product"}],"replies":[{"embeddable":true,"href":"https:\/\/simracing.si\/en_us\/wp-json\/wp\/v2\/comments?post=2036"}],"version-history":[{"count":0,"href":"https:\/\/simracing.si\/en_us\/wp-json\/wp\/v2\/product\/2036\/revisions"}],"wp:featuredmedia":[{"embeddable":true,"href":"https:\/\/simracing.si\/en_us\/wp-json\/wp\/v2\/media\/2215"}],"wp:attachment":[{"href":"https:\/\/simracing.si\/en_us\/wp-json\/wp\/v2\/media?parent=2036"}],"curies":[{"name":"wp","href":"https:\/\/api.w.org\/{rel}","templated":true}]}}