{"id":2030,"date":"2020-04-30T18:28:56","date_gmt":"2020-04-30T17:28:56","guid":{"rendered":"https:\/\/simracing.si\/product\/playseat-tv-stand-pro-3s-extension-tv-stojalo\/"},"modified":"2020-05-03T12:05:56","modified_gmt":"2020-05-03T11:05:56","slug":"playseat-tv-stand-pro-3s-extension-tv-stojalo","status":"publish","type":"product","link":"https:\/\/simracing.si\/en_us\/product\/playseat-tv-stand-pro-3s-extension-tv-stojalo\/","title":{"rendered":"PLAYSEAT TV STAND PRO 3S EXTENSION"},"content":{"rendered":"<p><span style=\"color: rgb(80, 80, 80); font-family: Roboto, Arial, Helvetica, sans-serif; font-size: 12px; background-color: rgb(236, 236, 236);\">&#8220;Dirkajte kot profesionalci s TV stojalom Playseat\u00ae &#8211; PRO &#8211; 3S dodatkom za &#8220;&#8221;PLAYSEAT\u00ae TV STAND &#8211; PRO&#8221;&#8221;.<\/span><br style=\"margin: 0px; padding: 0px; color: rgb(80, 80, 80); font-family: Roboto, Arial, Helvetica, sans-serif; font-size: 12px; background-color: rgb(236, 236, 236);\"><br style=\"margin: 0px; padding: 0px; color: rgb(80, 80, 80); font-family: Roboto, Arial, Helvetica, sans-serif; font-size: 12px; background-color: rgb(236, 236, 236);\"><span style=\"color: rgb(80, 80, 80); font-family: Roboto, Arial, Helvetica, sans-serif; font-size: 12px; background-color: rgb(236, 236, 236);\">S PRO-3S lahko raz\u0161irite Playseat\u00ae TV stojalo &#8211; PRO za dva dodatna zaslona, da imate na stojalu skupaj tri zaslone. Tako boste obkro\u017eeni z razburljivimi slikami dirkalne igre, ki jo igrate! Torej ne boste imeli samo pogled spredaj, temve\u010d boste lahko videli tudi, kaj se dogaja levo in desno od va\u0161ega dirkalnega avtomobila, za najbolj realisti\u010dno simulacijsko izku\u0161njo doma. Trije televizorji, ki jih je mogo\u010de namestiti na srebrno televizijsko stojalo Playseat\u00ae &#8211; PRO in raz\u0161iritev Playseat\u00ae &#8211; PRO-3S, bodo imeli popolno vi\u0161ino za igranje dirkalnih iger. Lastnosti: Raz\u0161iritev TV stojala &#8220;&#8221;Playseat\u00ae TV Stand &#8211; PRO&#8221;&#8221; Izjemno vzdr\u017eljiv kovinsko sivi okvir Primeren za vse velikosti VESA do 400 mm Najve\u010dja dovoljena te\u017ea zaslona je 40 kg Pripravljen na vse bodo\u010de nadgradnje Specifikacije Merjenje (D x \u0160 x V): 2750 x 500 x 1220 mm Neto te\u017ea: 19 kg Zahteve: Playseat\u00ae TV stojalo &#8211; PRO&#8221;<\/span><\/p>","protected":false},"excerpt":{"rendered":"<p>PLAYSEAT TV STAND PRO 3S EXTENSION<\/p>","protected":false},"featured_media":2209,"comment_status":"closed","ping_status":"open","template":"","meta":[],"yoast_head":"<!-- This site is optimized with the Yoast SEO plugin v16.3 - https:\/\/yoast.com\/wordpress\/plugins\/seo\/ -->\n<title>PLAYSEAT TV STAND PRO 3S EXTENSION - TV stojalo -<\/title>\n<meta name=\"robots\" content=\"index, follow, max-snippet:-1, max-image-preview:large, max-video-preview:-1\" \/>\n<link rel=\"canonical\" href=\"https:\/\/simracing.si\/en_us\/product\/playseat-tv-stand-pro-3s-extension-tv-stojalo\/\" \/>\n<meta property=\"og:locale\" content=\"en_US\" \/>\n<meta property=\"og:type\" content=\"article\" \/>\n<meta property=\"og:title\" content=\"PLAYSEAT TV STAND PRO 3S EXTENSION - TV stojalo -\" \/>\n<meta property=\"og:description\" content=\"PLAYSEAT TV STAND PRO 3S EXTENSION - TV stojalo\" \/>\n<meta property=\"og:url\" content=\"https:\/\/simracing.si\/en_us\/product\/playseat-tv-stand-pro-3s-extension-tv-stojalo\/\" \/>\n<meta property=\"article:modified_time\" content=\"2020-05-03T11:05:56+00:00\" \/>\n<meta property=\"og:image\" content=\"https:\/\/simracing.si\/wp-content\/uploads\/2020\/04\/playseat-tv-stand-pro.jpg\" \/>\n\t<meta property=\"og:image:width\" content=\"2000\" \/>\n\t<meta property=\"og:image:height\" content=\"1612\" \/>\n<meta name=\"twitter:card\" content=\"summary_large_image\" \/>\n<meta name=\"twitter:label1\" content=\"Est. reading time\">\n\t<meta name=\"twitter:data1\" content=\"1 minute\">\n<script type=\"application\/ld+json\" class=\"yoast-schema-graph\">{\"@context\":\"https:\/\/schema.org\",\"@graph\":[{\"@type\":\"WebSite\",\"@id\":\"https:\/\/simracing.si\/#website\",\"url\":\"https:\/\/simracing.si\/\",\"name\":\"\",\"description\":\"\",\"potentialAction\":[{\"@type\":\"SearchAction\",\"target\":\"https:\/\/simracing.si\/?s={search_term_string}\",\"query-input\":\"required name=search_term_string\"}],\"inLanguage\":\"en-US\"},{\"@type\":\"ImageObject\",\"@id\":\"http:\/\/simracing.si\/sl_si\/izdelek\/playseat-tv-stand-pro-3s-extension-tv-stojalo\/#primaryimage\",\"inLanguage\":\"en-US\",\"url\":\"https:\/\/simracing.si\/wp-content\/uploads\/2020\/04\/playseat-tv-stand-pro.jpg\",\"contentUrl\":\"https:\/\/simracing.si\/wp-content\/uploads\/2020\/04\/playseat-tv-stand-pro.jpg\",\"width\":2000,\"height\":1612},{\"@type\":\"WebPage\",\"@id\":\"http:\/\/simracing.si\/sl_si\/izdelek\/playseat-tv-stand-pro-3s-extension-tv-stojalo\/#webpage\",\"url\":\"http:\/\/simracing.si\/sl_si\/izdelek\/playseat-tv-stand-pro-3s-extension-tv-stojalo\/\",\"name\":\"PLAYSEAT TV STAND PRO 3S EXTENSION - TV stojalo -\",\"isPartOf\":{\"@id\":\"https:\/\/simracing.si\/#website\"},\"primaryImageOfPage\":{\"@id\":\"http:\/\/simracing.si\/sl_si\/izdelek\/playseat-tv-stand-pro-3s-extension-tv-stojalo\/#primaryimage\"},\"datePublished\":\"2020-04-30T17:28:56+00:00\",\"dateModified\":\"2020-05-03T11:05:56+00:00\",\"breadcrumb\":{\"@id\":\"http:\/\/simracing.si\/sl_si\/izdelek\/playseat-tv-stand-pro-3s-extension-tv-stojalo\/#breadcrumb\"},\"inLanguage\":\"en-US\",\"potentialAction\":[{\"@type\":\"ReadAction\",\"target\":[\"http:\/\/simracing.si\/sl_si\/izdelek\/playseat-tv-stand-pro-3s-extension-tv-stojalo\/\"]}]},{\"@type\":\"BreadcrumbList\",\"@id\":\"http:\/\/simracing.si\/sl_si\/izdelek\/playseat-tv-stand-pro-3s-extension-tv-stojalo\/#breadcrumb\",\"itemListElement\":[{\"@type\":\"ListItem\",\"position\":1,\"item\":{\"@type\":\"WebPage\",\"@id\":\"https:\/\/simracing.si\/\",\"url\":\"https:\/\/simracing.si\/\",\"name\":\"Home\"}},{\"@type\":\"ListItem\",\"position\":2,\"item\":{\"@type\":\"WebPage\",\"@id\":\"https:\/\/simracing.si\/home\/product-category\/\",\"url\":\"https:\/\/simracing.si\/home\/product-category\/\",\"name\":\"Izdelki\"}},{\"@type\":\"ListItem\",\"position\":3,\"item\":{\"@id\":\"http:\/\/simracing.si\/sl_si\/izdelek\/playseat-tv-stand-pro-3s-extension-tv-stojalo\/#webpage\"}}]}]}<\/script>\n<!-- \/ Yoast SEO plugin. -->","_links":{"self":[{"href":"https:\/\/simracing.si\/en_us\/wp-json\/wp\/v2\/product\/2030"}],"collection":[{"href":"https:\/\/simracing.si\/en_us\/wp-json\/wp\/v2\/product"}],"about":[{"href":"https:\/\/simracing.si\/en_us\/wp-json\/wp\/v2\/types\/product"}],"replies":[{"embeddable":true,"href":"https:\/\/simracing.si\/en_us\/wp-json\/wp\/v2\/comments?post=2030"}],"version-history":[{"count":0,"href":"https:\/\/simracing.si\/en_us\/wp-json\/wp\/v2\/product\/2030\/revisions"}],"wp:featuredmedia":[{"embeddable":true,"href":"https:\/\/simracing.si\/en_us\/wp-json\/wp\/v2\/media\/2209"}],"wp:attachment":[{"href":"https:\/\/simracing.si\/en_us\/wp-json\/wp\/v2\/media?parent=2030"}],"curies":[{"name":"wp","href":"https:\/\/api.w.org\/{rel}","templated":true}]}}