{"id":2029,"date":"2020-04-30T18:28:56","date_gmt":"2020-04-30T17:28:56","guid":{"rendered":"https:\/\/simracing.si\/product\/playseat-tv-stand-pro-samostojeci-nosilec-za-tv\/"},"modified":"2020-05-03T12:05:56","modified_gmt":"2020-05-03T11:05:56","slug":"playseat-tv-stand-pro-samostojeci-nosilec-za-tv","status":"publish","type":"product","link":"https:\/\/simracing.si\/en_us\/product\/playseat-tv-stand-pro-samostojeci-nosilec-za-tv\/","title":{"rendered":"PLAYSEAT TV STAND PRO"},"content":{"rendered":"<p style=\"margin-top: 10px; margin-bottom: 10px; font-size: 15px; font-family: &quot;Work Sans&quot;, Arial, sans-serif; color: rgb(17, 17, 17); text-align: justify;\">Elegantno TV stojalo Playseat\u00ae &#8211; PRO, ima vse dodatke, ki vam omogo\u010dajo, da kot profesionalci dirkate doma, vklju\u010dno s tem srebrnim stojalom za televizor, na katerem je mogo\u010de namestiti televizor na popolno vi\u0161ino za igranje dirkalnih iger.<\/p>\n<h3 style=\"font-size: 20px; margin: 10px 0px; color: rgb(17, 17, 17); font-family: &quot;Work Sans&quot;, Arial, sans-serif; text-align: justify;\">Tehi\u010dne podrobnosti stojala za televizor PRO:<\/h3>\n<ul style=\"margin: 1em 0px; padding: 0px 0px 0px 40px; color: rgb(17, 17, 17); font-family: &quot;Work Sans&quot;, Arial, sans-serif; font-size: 15px;\">\n<li style=\"text-align: justify;\">Raz\u0161iritev TV stojala &#8220;&#8221;Playseat\u00ae TV Stand &#8211; PRO&#8221;&#8221;<\/li>\n<li style=\"text-align: justify;\">Izjemno vzdr\u017eljiv kovinsko sivi okvir<\/li>\n<li style=\"text-align: justify;\">Primeren za vse velikosti VESA do 400 mm<\/li>\n<li style=\"text-align: justify;\">Najve\u010dja dovoljena te\u017ea zaslona je 40 kg<\/li>\n<li style=\"text-align: justify;\">Mo\u017enost raz\u0161iritve na 3, 5 ali 7 zaslonov z dodatkom<\/li>\n<li style=\"text-align: justify;\">Meritve (D x \u0160 x V): 730 x 500 x 1220 mm<\/li>\n<li style=\"text-align: justify;\">Neto te\u017ea: 9,5 kg<\/li>\n<li style=\"text-align: justify;\">Bruto te\u017ea: 10,65 kg<\/li>\n<li style=\"text-align: justify;\">Zahteve: Playseat\u00ae TV stojalo &#8211; PRO&#8221;<\/li>\n<\/ul>","protected":false},"excerpt":{"rendered":"<p>PLAYSEAT TV STAND PRO<\/p>","protected":false},"featured_media":2208,"comment_status":"closed","ping_status":"open","template":"","meta":[],"yoast_head":"<!-- This site is optimized with the Yoast SEO plugin v16.3 - https:\/\/yoast.com\/wordpress\/plugins\/seo\/ -->\n<title>PLAYSEAT TV STAND PRO - Samostoje\u010di nosilec za TV -<\/title>\n<meta name=\"robots\" content=\"index, follow, max-snippet:-1, max-image-preview:large, max-video-preview:-1\" \/>\n<link rel=\"canonical\" href=\"https:\/\/simracing.si\/en_us\/product\/playseat-tv-stand-pro-samostojeci-nosilec-za-tv\/\" \/>\n<meta property=\"og:locale\" content=\"en_US\" \/>\n<meta property=\"og:type\" content=\"article\" \/>\n<meta property=\"og:title\" content=\"PLAYSEAT TV STAND PRO - Samostoje\u010di nosilec za TV -\" \/>\n<meta property=\"og:description\" content=\"PLAYSEAT TV STAND PRO - Samostoje\u010di nosilec za TV\" \/>\n<meta property=\"og:url\" content=\"https:\/\/simracing.si\/en_us\/product\/playseat-tv-stand-pro-samostojeci-nosilec-za-tv\/\" \/>\n<meta property=\"article:modified_time\" content=\"2020-05-03T11:05:56+00:00\" \/>\n<meta property=\"og:image\" content=\"https:\/\/simracing.si\/wp-content\/uploads\/2020\/04\/playsaet-tv-pro.jpg\" \/>\n\t<meta property=\"og:image:width\" content=\"1100\" \/>\n\t<meta property=\"og:image:height\" content=\"1000\" \/>\n<meta name=\"twitter:card\" content=\"summary_large_image\" \/>\n<meta name=\"twitter:label1\" content=\"Est. reading time\">\n\t<meta name=\"twitter:data1\" content=\"1 minute\">\n<script type=\"application\/ld+json\" class=\"yoast-schema-graph\">{\"@context\":\"https:\/\/schema.org\",\"@graph\":[{\"@type\":\"WebSite\",\"@id\":\"https:\/\/simracing.si\/#website\",\"url\":\"https:\/\/simracing.si\/\",\"name\":\"\",\"description\":\"\",\"potentialAction\":[{\"@type\":\"SearchAction\",\"target\":\"https:\/\/simracing.si\/?s={search_term_string}\",\"query-input\":\"required name=search_term_string\"}],\"inLanguage\":\"en-US\"},{\"@type\":\"ImageObject\",\"@id\":\"http:\/\/simracing.si\/sl_si\/izdelek\/playseat-tv-stand-pro-samostojeci-nosilec-za-tv\/#primaryimage\",\"inLanguage\":\"en-US\",\"url\":\"https:\/\/simracing.si\/wp-content\/uploads\/2020\/04\/playsaet-tv-pro.jpg\",\"contentUrl\":\"https:\/\/simracing.si\/wp-content\/uploads\/2020\/04\/playsaet-tv-pro.jpg\",\"width\":1100,\"height\":1000},{\"@type\":\"WebPage\",\"@id\":\"http:\/\/simracing.si\/sl_si\/izdelek\/playseat-tv-stand-pro-samostojeci-nosilec-za-tv\/#webpage\",\"url\":\"http:\/\/simracing.si\/sl_si\/izdelek\/playseat-tv-stand-pro-samostojeci-nosilec-za-tv\/\",\"name\":\"PLAYSEAT TV STAND PRO - Samostoje\\u010di nosilec za TV -\",\"isPartOf\":{\"@id\":\"https:\/\/simracing.si\/#website\"},\"primaryImageOfPage\":{\"@id\":\"http:\/\/simracing.si\/sl_si\/izdelek\/playseat-tv-stand-pro-samostojeci-nosilec-za-tv\/#primaryimage\"},\"datePublished\":\"2020-04-30T17:28:56+00:00\",\"dateModified\":\"2020-05-03T11:05:56+00:00\",\"breadcrumb\":{\"@id\":\"http:\/\/simracing.si\/sl_si\/izdelek\/playseat-tv-stand-pro-samostojeci-nosilec-za-tv\/#breadcrumb\"},\"inLanguage\":\"en-US\",\"potentialAction\":[{\"@type\":\"ReadAction\",\"target\":[\"http:\/\/simracing.si\/sl_si\/izdelek\/playseat-tv-stand-pro-samostojeci-nosilec-za-tv\/\"]}]},{\"@type\":\"BreadcrumbList\",\"@id\":\"http:\/\/simracing.si\/sl_si\/izdelek\/playseat-tv-stand-pro-samostojeci-nosilec-za-tv\/#breadcrumb\",\"itemListElement\":[{\"@type\":\"ListItem\",\"position\":1,\"item\":{\"@type\":\"WebPage\",\"@id\":\"https:\/\/simracing.si\/\",\"url\":\"https:\/\/simracing.si\/\",\"name\":\"Home\"}},{\"@type\":\"ListItem\",\"position\":2,\"item\":{\"@type\":\"WebPage\",\"@id\":\"https:\/\/simracing.si\/home\/product-category\/\",\"url\":\"https:\/\/simracing.si\/home\/product-category\/\",\"name\":\"Izdelki\"}},{\"@type\":\"ListItem\",\"position\":3,\"item\":{\"@id\":\"http:\/\/simracing.si\/sl_si\/izdelek\/playseat-tv-stand-pro-samostojeci-nosilec-za-tv\/#webpage\"}}]}]}<\/script>\n<!-- \/ Yoast SEO plugin. -->","_links":{"self":[{"href":"https:\/\/simracing.si\/en_us\/wp-json\/wp\/v2\/product\/2029"}],"collection":[{"href":"https:\/\/simracing.si\/en_us\/wp-json\/wp\/v2\/product"}],"about":[{"href":"https:\/\/simracing.si\/en_us\/wp-json\/wp\/v2\/types\/product"}],"replies":[{"embeddable":true,"href":"https:\/\/simracing.si\/en_us\/wp-json\/wp\/v2\/comments?post=2029"}],"version-history":[{"count":0,"href":"https:\/\/simracing.si\/en_us\/wp-json\/wp\/v2\/product\/2029\/revisions"}],"wp:featuredmedia":[{"embeddable":true,"href":"https:\/\/simracing.si\/en_us\/wp-json\/wp\/v2\/media\/2208"}],"wp:attachment":[{"href":"https:\/\/simracing.si\/en_us\/wp-json\/wp\/v2\/media?parent=2029"}],"curies":[{"name":"wp","href":"https:\/\/api.w.org\/{rel}","templated":true}]}}