{"id":2028,"date":"2020-04-30T18:28:56","date_gmt":"2020-04-30T17:28:56","guid":{"rendered":"https:\/\/simracing.si\/product\/playseat-seatslider\/"},"modified":"2020-05-03T12:06:10","modified_gmt":"2020-05-03T11:06:10","slug":"playseat-seatslider","status":"publish","type":"product","link":"https:\/\/simracing.si\/en_us\/product\/playseat-seatslider\/","title":{"rendered":"PLAYSEAT SEATSLIDER"},"content":{"rendered":"<p><span style=\"color: rgb(80, 80, 80); font-family: Roboto, Arial, Helvetica, sans-serif; font-size: 12px; background-color: rgb(236, 236, 236);\">Z Playseat\u00ae Seat Slider prestavite svoj Playseat\u00ae stol naprej in nazaj, kot v pravem avtomobilu!<\/span><br style=\"margin: 0px; padding: 0px; color: rgb(80, 80, 80); font-family: Roboto, Arial, Helvetica, sans-serif; font-size: 12px; background-color: rgb(236, 236, 236);\"><br style=\"margin: 0px; padding: 0px; color: rgb(80, 80, 80); font-family: Roboto, Arial, Helvetica, sans-serif; font-size: 12px; background-color: rgb(236, 236, 236);\"><span style=\"color: rgb(80, 80, 80); font-family: Roboto, Arial, Helvetica, sans-serif; font-size: 12px; background-color: rgb(236, 236, 236);\">Idealno za tiste, ki \u017eelijo tekmovati s prijatelji ali dru\u017eino, saj lahko z drsnikom sede\u017e enostavno spremenite razdaljo do volana in pedal, tako da lahko igralci vseh velikosti uporabljajo isti stol. Vstop in izstop iz dirkalnega sede\u017ea Playseat\u00ae je prav tako la\u017eji, ko ustvarite ve\u010d prostora z drsenjem nazaj. Drsnik lahko potisnete 140 mm naprej in 90 mm nazaj, tako da ima name\u0161\u010den stol mo\u017enost premika 230 mm. Ni vam treba zapustiti stola, da bi prilagodili njegov polo\u017eaj.<\/span><br style=\"margin: 0px; padding: 0px; color: rgb(80, 80, 80); font-family: Roboto, Arial, Helvetica, sans-serif; font-size: 12px; background-color: rgb(236, 236, 236);\"><br style=\"margin: 0px; padding: 0px; color: rgb(80, 80, 80); font-family: Roboto, Arial, Helvetica, sans-serif; font-size: 12px; background-color: rgb(236, 236, 236);\"><span style=\"color: rgb(80, 80, 80); font-family: Roboto, Arial, Helvetica, sans-serif; font-size: 12px; background-color: rgb(236, 236, 236);\">Specifikacije: Stranski gumbi za premik in zaklep polo\u017eaja Zdru\u017eljiv z vsemi modeli Playseat\u00ae Evolution, Playseat\u00ae Revolution, Playseat\u00ae Project CARS, Playseat\u00ae Gran Turismo, Playseat\u00ae Forza Motorsport, Playseat\u00ae WRC in Playseat\u00ae Air Force<\/span><br style=\"margin: 0px; padding: 0px; color: rgb(80, 80, 80); font-family: Roboto, Arial, Helvetica, sans-serif; font-size: 12px; background-color: rgb(236, 236, 236);\"><br style=\"margin: 0px; padding: 0px; color: rgb(80, 80, 80); font-family: Roboto, Arial, Helvetica, sans-serif; font-size: 12px; background-color: rgb(236, 236, 236);\"><span style=\"color: rgb(80, 80, 80); font-family: Roboto, Arial, Helvetica, sans-serif; font-size: 12px; background-color: rgb(236, 236, 236);\">Dol\u017eina drsnika: 34,5 cm Te\u017ea: 2,1 kg<\/span><br style=\"margin: 0px; padding: 0px; color: rgb(80, 80, 80); font-family: Roboto, Arial, Helvetica, sans-serif; font-size: 12px; background-color: rgb(236, 236, 236);\"><span style=\"color: rgb(80, 80, 80); font-family: Roboto, Arial, Helvetica, sans-serif; font-size: 12px; background-color: rgb(236, 236, 236);\">Embala\u017ea: Mere (Dx\u0160xV): 37.5x24x3 cm<\/span><br style=\"margin: 0px; padding: 0px; color: rgb(80, 80, 80); font-family: Roboto, Arial, Helvetica, sans-serif; font-size: 12px; background-color: rgb(236, 236, 236);\"><span style=\"color: rgb(80, 80, 80); font-family: Roboto, Arial, Helvetica, sans-serif; font-size: 12px; background-color: rgb(236, 236, 236);\">Bruto te\u017ea: 11,7 kg<\/span><br style=\"margin: 0px; padding: 0px; color: rgb(80, 80, 80); font-family: Roboto, Arial, Helvetica, sans-serif; font-size: 12px; background-color: rgb(236, 236, 236);\"><span style=\"color: rgb(80, 80, 80); font-family: Roboto, Arial, Helvetica, sans-serif; font-size: 12px; background-color: rgb(236, 236, 236);\">Vklju\u010dena navodila<\/span><\/p>","protected":false},"excerpt":{"rendered":"<p>PLAYSEAT SEATSLIDER<\/p>","protected":false},"featured_media":2207,"comment_status":"closed","ping_status":"open","template":"","meta":[],"yoast_head":"<!-- This site is optimized with the Yoast SEO plugin v16.3 - https:\/\/yoast.com\/wordpress\/plugins\/seo\/ -->\n<title>PLAYSEAT SEATSLIDER -<\/title>\n<meta name=\"robots\" content=\"index, follow, max-snippet:-1, max-image-preview:large, max-video-preview:-1\" \/>\n<link rel=\"canonical\" href=\"https:\/\/simracing.si\/en_us\/product\/playseat-seatslider\/\" \/>\n<meta property=\"og:locale\" content=\"en_US\" \/>\n<meta property=\"og:type\" content=\"article\" \/>\n<meta property=\"og:title\" content=\"PLAYSEAT SEATSLIDER -\" \/>\n<meta property=\"og:description\" content=\"PLAYSEAT SEATSLIDER\" \/>\n<meta property=\"og:url\" content=\"https:\/\/simracing.si\/en_us\/product\/playseat-seatslider\/\" \/>\n<meta property=\"article:modified_time\" content=\"2020-05-03T11:06:10+00:00\" \/>\n<meta property=\"og:image\" content=\"https:\/\/simracing.si\/wp-content\/uploads\/2020\/04\/playseat-seatslider.jpeg\" \/>\n\t<meta property=\"og:image:width\" content=\"480\" \/>\n\t<meta property=\"og:image:height\" content=\"436\" \/>\n<meta name=\"twitter:card\" content=\"summary_large_image\" \/>\n<meta name=\"twitter:label1\" content=\"Est. reading time\">\n\t<meta name=\"twitter:data1\" content=\"1 minute\">\n<script type=\"application\/ld+json\" class=\"yoast-schema-graph\">{\"@context\":\"https:\/\/schema.org\",\"@graph\":[{\"@type\":\"WebSite\",\"@id\":\"https:\/\/simracing.si\/#website\",\"url\":\"https:\/\/simracing.si\/\",\"name\":\"\",\"description\":\"\",\"potentialAction\":[{\"@type\":\"SearchAction\",\"target\":\"https:\/\/simracing.si\/?s={search_term_string}\",\"query-input\":\"required name=search_term_string\"}],\"inLanguage\":\"en-US\"},{\"@type\":\"ImageObject\",\"@id\":\"https:\/\/simracing.si\/sl_si\/izdelek\/playseat-seatslider\/#primaryimage\",\"inLanguage\":\"en-US\",\"url\":\"https:\/\/simracing.si\/wp-content\/uploads\/2020\/04\/playseat-seatslider.jpeg\",\"contentUrl\":\"https:\/\/simracing.si\/wp-content\/uploads\/2020\/04\/playseat-seatslider.jpeg\",\"width\":480,\"height\":436},{\"@type\":\"WebPage\",\"@id\":\"https:\/\/simracing.si\/sl_si\/izdelek\/playseat-seatslider\/#webpage\",\"url\":\"https:\/\/simracing.si\/sl_si\/izdelek\/playseat-seatslider\/\",\"name\":\"PLAYSEAT SEATSLIDER -\",\"isPartOf\":{\"@id\":\"https:\/\/simracing.si\/#website\"},\"primaryImageOfPage\":{\"@id\":\"https:\/\/simracing.si\/sl_si\/izdelek\/playseat-seatslider\/#primaryimage\"},\"datePublished\":\"2020-04-30T17:28:56+00:00\",\"dateModified\":\"2020-05-03T11:06:10+00:00\",\"breadcrumb\":{\"@id\":\"https:\/\/simracing.si\/sl_si\/izdelek\/playseat-seatslider\/#breadcrumb\"},\"inLanguage\":\"en-US\",\"potentialAction\":[{\"@type\":\"ReadAction\",\"target\":[\"https:\/\/simracing.si\/sl_si\/izdelek\/playseat-seatslider\/\"]}]},{\"@type\":\"BreadcrumbList\",\"@id\":\"https:\/\/simracing.si\/sl_si\/izdelek\/playseat-seatslider\/#breadcrumb\",\"itemListElement\":[{\"@type\":\"ListItem\",\"position\":1,\"item\":{\"@type\":\"WebPage\",\"@id\":\"https:\/\/simracing.si\/\",\"url\":\"https:\/\/simracing.si\/\",\"name\":\"Home\"}},{\"@type\":\"ListItem\",\"position\":2,\"item\":{\"@type\":\"WebPage\",\"@id\":\"https:\/\/simracing.si\/home\/product-category\/\",\"url\":\"https:\/\/simracing.si\/home\/product-category\/\",\"name\":\"Izdelki\"}},{\"@type\":\"ListItem\",\"position\":3,\"item\":{\"@id\":\"https:\/\/simracing.si\/sl_si\/izdelek\/playseat-seatslider\/#webpage\"}}]}]}<\/script>\n<!-- \/ Yoast SEO plugin. -->","_links":{"self":[{"href":"https:\/\/simracing.si\/en_us\/wp-json\/wp\/v2\/product\/2028"}],"collection":[{"href":"https:\/\/simracing.si\/en_us\/wp-json\/wp\/v2\/product"}],"about":[{"href":"https:\/\/simracing.si\/en_us\/wp-json\/wp\/v2\/types\/product"}],"replies":[{"embeddable":true,"href":"https:\/\/simracing.si\/en_us\/wp-json\/wp\/v2\/comments?post=2028"}],"version-history":[{"count":0,"href":"https:\/\/simracing.si\/en_us\/wp-json\/wp\/v2\/product\/2028\/revisions"}],"wp:featuredmedia":[{"embeddable":true,"href":"https:\/\/simracing.si\/en_us\/wp-json\/wp\/v2\/media\/2207"}],"wp:attachment":[{"href":"https:\/\/simracing.si\/en_us\/wp-json\/wp\/v2\/media?parent=2028"}],"curies":[{"name":"wp","href":"https:\/\/api.w.org\/{rel}","templated":true}]}}