{"id":2024,"date":"2020-04-30T18:28:56","date_gmt":"2020-04-30T17:28:56","guid":{"rendered":"https:\/\/simracing.si\/product\/igralni-stol-playseat-evolution-alcantara\/"},"modified":"2023-12-14T10:18:46","modified_gmt":"2023-12-14T08:18:46","slug":"igralni-stol-playseat-evolution-alcantara","status":"publish","type":"product","link":"https:\/\/simracing.si\/en_us\/product\/igralni-stol-playseat-evolution-alcantara\/","title":{"rendered":"IGRALNI STOL PLAYSEAT EVOLUTION PRO &#8211; ACTIFIT"},"content":{"rendered":"<div>Tekmovalni sede\u017e Playseat Evolution PRO Racing Seat, ki je bil zasnovan po povratnih informacijah profesionalnih dirka\u010dev, ima avtenti\u010den kokpit dirkalnega simulatorja z dirka\u0161kim polo\u017eajem GTR. Ima celo stabilizatorje glave.<\/div>\n<div><\/div>\n<div>Sede\u017e Evolution PRO je nastavljiv, da se prilega vsem voznikom. Ima nastavljivo plo\u0161\u010do za volan in plo\u0161\u010do za pedala, da ustreza va\u0161i stopnji udobja. Ko ga ne uporabljate, ga lahko zaradi edinstvene zlo\u017eljive zasnove tudi shranite. Evolution PRO je zdru\u017eljiv z ve\u010dino glavnih znamk volanov in pedal, kot so Logitech, Thrustmaster, Fanatec in druge. Evolution PRO deluje z ve\u010dino igralnih sistemov, kot so PlayStation, Xbox, Nintendo Switch ter ra\u010dunalniki Windows in Mac.<\/div>\n<div><\/div>\n<div>Zna\u010dilnosti<\/div>\n<ul>\n<li>Zasnovan v sodelovanju s profesionalnimi dirka\u010di<\/li>\n<li>Avtenti\u010den kokpit dirkalnega simulatorja z dirka\u0161kim polo\u017eajem GTR<\/li>\n<li>Opremljen s stabilizatorji glave<\/li>\n<li>Trpe\u017ena kakovost izdelave, stabilnost in udobje<\/li>\n<li>Popolnoma nastavljiv, da ustreza vsem voznikom (otrokom, najstnikom in odraslim)<\/li>\n<li>Nastavljiva krmilna plo\u0161\u010da in plo\u0161\u010da za pedala<\/li>\n<li>Enostavno shranjevanje zaradi patentirane zlo\u017eljive zasnove<\/li>\n<li>Hitro in enostavno sestavljanje<\/li>\n<li>Zdru\u017eljiv z ve\u010dino volanov in pedal (Logitech, Thrustmaster, Fanatec itd.)<\/li>\n<li>Deluje z ve\u010dino igralnih konzol (PlayStation, Xbox, Nintendo itd.), PC in Mac<\/li>\n<li>Najve\u010dja nosilnost 122,5 kg<\/li>\n<li>Razpon vi\u0161ine uporabnika od 120 do 220 cm<\/li>\n<\/ul>\n<p><i>*Dobava samo sede\u017ea, brez volana, pedal ali igralne konzole.<\/i><\/p>\n<p><br style=\"color: #333333; font-family: 'Open Sans', 'Trebuchet MS', Tahoma; font-size: 12px; background-color: #eeeeee;\" \/><br style=\"color: #333333; font-family: 'Open Sans', 'Trebuchet MS', Tahoma; font-size: 12px; background-color: #eeeeee;\" \/><\/p>","protected":false},"excerpt":{"rendered":"<p>Tekmovalni sede\u017e Playseat Evolution PRO Racing Seat, ki je bil zasnovan po povratnih informacijah profesionalnih dirka\u010dev, ima avtenti\u010den kokpit dirkalnega simulatorja z dirka\u0161kim polo\u017eajem GTR. Ima celo stabilizatorje glave. Sede\u017e Evolution PRO je nastavljiv, da se prilega vsem voznikom. Ima nastavljivo plo\u0161\u010do za volan in plo\u0161\u010do za pedala, da ustreza va\u0161i stopnji udobja. Ko ga [&hellip;]<\/p>","protected":false},"featured_media":4295,"comment_status":"closed","ping_status":"closed","template":"","meta":[],"yoast_head":"<!-- This site is optimized with the Yoast SEO plugin v16.3 - https:\/\/yoast.com\/wordpress\/plugins\/seo\/ -->\n<title>IGRALNI STOL PLAYSEAT EVOLUTION PRO - ACTIFIT -<\/title>\n<meta name=\"robots\" content=\"index, follow, max-snippet:-1, max-image-preview:large, max-video-preview:-1\" \/>\n<link rel=\"canonical\" href=\"https:\/\/simracing.si\/en_us\/product\/igralni-stol-playseat-evolution-alcantara\/\" \/>\n<meta property=\"og:locale\" content=\"en_US\" \/>\n<meta property=\"og:type\" content=\"article\" \/>\n<meta property=\"og:title\" content=\"IGRALNI STOL PLAYSEAT EVOLUTION PRO - ACTIFIT -\" \/>\n<meta property=\"og:description\" content=\"Tekmovalni sede\u017e Playseat Evolution PRO Racing Seat, ki je bil zasnovan po povratnih informacijah profesionalnih dirka\u010dev, ima avtenti\u010den kokpit dirkalnega simulatorja z dirka\u0161kim polo\u017eajem GTR. Ima celo stabilizatorje glave. Sede\u017e Evolution PRO je nastavljiv, da se prilega vsem voznikom. Ima nastavljivo plo\u0161\u010do za volan in plo\u0161\u010do za pedala, da ustreza va\u0161i stopnji udobja. Ko ga [&hellip;]\" \/>\n<meta property=\"og:url\" content=\"https:\/\/simracing.si\/en_us\/product\/igralni-stol-playseat-evolution-alcantara\/\" \/>\n<meta property=\"article:modified_time\" content=\"2023-12-14T08:18:46+00:00\" \/>\n<meta property=\"og:image\" content=\"https:\/\/simracing.si\/wp-content\/uploads\/2020\/04\/playseat-evolution-pro-actifit-sedez.jpeg\" \/>\n\t<meta property=\"og:image:width\" content=\"550\" \/>\n\t<meta property=\"og:image:height\" content=\"309\" \/>\n<meta name=\"twitter:card\" content=\"summary_large_image\" \/>\n<meta name=\"twitter:label1\" content=\"Est. reading time\">\n\t<meta name=\"twitter:data1\" content=\"1 minute\">\n<script type=\"application\/ld+json\" class=\"yoast-schema-graph\">{\"@context\":\"https:\/\/schema.org\",\"@graph\":[{\"@type\":\"WebSite\",\"@id\":\"https:\/\/simracing.si\/#website\",\"url\":\"https:\/\/simracing.si\/\",\"name\":\"\",\"description\":\"\",\"potentialAction\":[{\"@type\":\"SearchAction\",\"target\":\"https:\/\/simracing.si\/?s={search_term_string}\",\"query-input\":\"required name=search_term_string\"}],\"inLanguage\":\"en-US\"},{\"@type\":\"ImageObject\",\"@id\":\"https:\/\/simracing.si\/izdelek\/igralni-stol-playseat-evolution-alcantara\/#primaryimage\",\"inLanguage\":\"en-US\",\"url\":\"https:\/\/simracing.si\/wp-content\/uploads\/2020\/04\/playseat-evolution-pro-actifit-sedez.jpeg\",\"contentUrl\":\"https:\/\/simracing.si\/wp-content\/uploads\/2020\/04\/playseat-evolution-pro-actifit-sedez.jpeg\",\"width\":550,\"height\":309},{\"@type\":\"WebPage\",\"@id\":\"https:\/\/simracing.si\/izdelek\/igralni-stol-playseat-evolution-alcantara\/#webpage\",\"url\":\"https:\/\/simracing.si\/izdelek\/igralni-stol-playseat-evolution-alcantara\/\",\"name\":\"IGRALNI STOL PLAYSEAT EVOLUTION PRO - ACTIFIT -\",\"isPartOf\":{\"@id\":\"https:\/\/simracing.si\/#website\"},\"primaryImageOfPage\":{\"@id\":\"https:\/\/simracing.si\/izdelek\/igralni-stol-playseat-evolution-alcantara\/#primaryimage\"},\"datePublished\":\"2020-04-30T17:28:56+00:00\",\"dateModified\":\"2023-12-14T08:18:46+00:00\",\"breadcrumb\":{\"@id\":\"https:\/\/simracing.si\/izdelek\/igralni-stol-playseat-evolution-alcantara\/#breadcrumb\"},\"inLanguage\":\"en-US\",\"potentialAction\":[{\"@type\":\"ReadAction\",\"target\":[\"https:\/\/simracing.si\/izdelek\/igralni-stol-playseat-evolution-alcantara\/\"]}]},{\"@type\":\"BreadcrumbList\",\"@id\":\"https:\/\/simracing.si\/izdelek\/igralni-stol-playseat-evolution-alcantara\/#breadcrumb\",\"itemListElement\":[{\"@type\":\"ListItem\",\"position\":1,\"item\":{\"@type\":\"WebPage\",\"@id\":\"https:\/\/simracing.si\/\",\"url\":\"https:\/\/simracing.si\/\",\"name\":\"Home\"}},{\"@type\":\"ListItem\",\"position\":2,\"item\":{\"@type\":\"WebPage\",\"@id\":\"https:\/\/simracing.si\/home\/product-category\/\",\"url\":\"https:\/\/simracing.si\/home\/product-category\/\",\"name\":\"Izdelki\"}},{\"@type\":\"ListItem\",\"position\":3,\"item\":{\"@id\":\"https:\/\/simracing.si\/izdelek\/igralni-stol-playseat-evolution-alcantara\/#webpage\"}}]}]}<\/script>\n<!-- \/ Yoast SEO plugin. -->","_links":{"self":[{"href":"https:\/\/simracing.si\/en_us\/wp-json\/wp\/v2\/product\/2024"}],"collection":[{"href":"https:\/\/simracing.si\/en_us\/wp-json\/wp\/v2\/product"}],"about":[{"href":"https:\/\/simracing.si\/en_us\/wp-json\/wp\/v2\/types\/product"}],"replies":[{"embeddable":true,"href":"https:\/\/simracing.si\/en_us\/wp-json\/wp\/v2\/comments?post=2024"}],"version-history":[{"count":2,"href":"https:\/\/simracing.si\/en_us\/wp-json\/wp\/v2\/product\/2024\/revisions"}],"predecessor-version":[{"id":4296,"href":"https:\/\/simracing.si\/en_us\/wp-json\/wp\/v2\/product\/2024\/revisions\/4296"}],"wp:featuredmedia":[{"embeddable":true,"href":"https:\/\/simracing.si\/en_us\/wp-json\/wp\/v2\/media\/4295"}],"wp:attachment":[{"href":"https:\/\/simracing.si\/en_us\/wp-json\/wp\/v2\/media?parent=2024"}],"curies":[{"name":"wp","href":"https:\/\/api.w.org\/{rel}","templated":true}]}}