{"id":1980,"date":"2020-04-30T18:28:25","date_gmt":"2020-04-30T17:28:25","guid":{"rendered":"https:\/\/simracing.si\/product\/thrustmaster-twcs-throttle\/"},"modified":"2024-01-08T11:09:06","modified_gmt":"2024-01-08T09:09:06","slug":"thrustmaster-twcs-throttle","status":"publish","type":"product","link":"https:\/\/simracing.si\/en_us\/product\/thrustmaster-twcs-throttle\/","title":{"rendered":"Thrustmaster TWCS Throttle"},"content":{"rendered":"<p>TWCS Throttle<\/p>\n<p>Sistem za nadzor potiska TWCS (Thrustmaster Weapon Control System)<\/p>\n<p>Podjetje Thrustmaster je \u010detrt stoletja izku\u0161enj na podro\u010dju izdelave kontrolnikov za simulacije letenja posvetilo izpolnitvi vse bolj \u017ego\u010de \u017eelje ljubiteljev letalskih simulacij \u2013 \u0161e posebej tistih, ki se odvijajo v vesolju \u2013 po samostojnem nadzorniku potiska v srednjem cenovnem razredu. Sistem za nadzor potiska TWCS (Thrustmaster Weapon Control System) so oblikovali za napredne letalce, ki i\u0161\u010dejo vseobsegajo\u010do, ergonomsko, udobno in natan\u010dno napravo za realisti\u010dno potopitev v igro.<br \/>\nTWCS je zdru\u017eljiv s PC-jem prek USB-kabla. Operacijski sistemi so Windows 10, 8, 7 in Vista (32- in 64-bitna ina\u010dica).<\/p>\n<p>Nadzor potiska TWCS<br \/>\nTWCS (Thrustmaster Weapon Control System) nadzorujete z levo roko. S potiskanjem ro\u010dice pove\u010dujete in zmanj\u0161ujete potisk letala ali vesoljskega plovila.<br \/>\nKer je ta ro\u010dica name\u0161\u010dena ni\u017eje od kvadrantnih sistemov, je \u0161e posebej udobna.<\/p>\n<p>Nadzor potiska TWCS<br \/>\nZa popoln nadzor TWCS ob gumbih na igralni palici zaobjema \u0161e 14 gumbov in osemsmerno POV-kapico. Skupno je igralcem na razpolago pet osi, 30 gumbov in dvoje osemsmernih kapic, in \u0161e tri dodatne osi ob uporabi bo\u010dnega krmila TFRP*.<br \/>\nTWCS ima pet osi in priklju\u010dek RJ12 na zadnjem delu, kar omogo\u010da priklop zunanjega in opcijskega bo\u010dnega krmila TFRP* iz Thrustmasterjevega ekosistema.<br \/>\n*Izdelek je na prodaj lo\u010deno.<\/p>\n<p>Tehnologija S.M.A.R.T. (Sliding Motion Advanced Rail Tracks)<br \/>\nEdinstveni tra\u010dni\u0161ki sistem omogo\u010da povsem gladko premikanje ro\u010dice za potisk. 80-milimetrska pot daje nadzor nad vsemi podrobnostmi.<br \/>\nS posebnim vijakom lahko igralec nastavi, kak\u0161en upor bo nudila ro\u010dica pri premikanju.<\/p>\n<p>Thrustmasterjev napredni letalski ekosistem<br \/>\nTi izdelki so del niza igralnikov za simulacije, ki jih je mogo\u010de uporabljati drugega z drugim. Popoln ekosistem tvorijo pilotska palica FCS, ro\u010dica za nadzor potiska TWCS, bo\u010dno krmilo TFRP* in ve\u010dfunkcijska kabinska prikazovalnika MFD* (Multi Function Display). Vse te naprave so zdru\u017eljive tudi s programsko opremo T.A.R.G.E.T.**<\/p>\n<p>*Na prodaj lo\u010deno.<br \/>\n**Brezpla\u010dno programje, ki ga prenesete z interneta.<\/p>\n<p>Napredno PC-programje T.A.R.G.E.T.**<br \/>\nSoftverska oprema Thrustmaster Advanced pRogramming Graphical EdiTor omogo\u010da krmiljenje \u0161tevilnih Thrustmasterjevih naprav in jih prepozna kot eno samo napravo. Prav tako je mogo\u010de z njo nalo\u017eiti ali ustvariti posebne profile za vsako igro posebej in sprogramirati funkcije do 256 gumbov.<br \/>\nSami lahko prilagajate profile in jih delite s skupnostjo.<br \/>\n**Brezpla\u010dno programje, ki ga prenesete z interneta.<\/p>\n<p>Ergonomska oblika zagotavlja udobje<br \/>\nZahvaljujo\u010d obliki in ergonomiji TWCS omogo\u010da igralcem, da med letom postanejo u\u010dinkovitej\u0161i in natan\u010dnej\u0161i. Tovrstno napredno upravljanje postane \u0161e va\u017enej\u0161e, ko je igralec zatopljen v VR-okolico.<br \/>\nTWCS je najbolj\u0161i na\u010din, kako imeti vse na dosegu prstov.<br \/>\nDimenzija: 264x 229x 152 mm<br \/>\nTe\u017ea: 1000 g<\/p>","protected":false},"excerpt":{"rendered":"<p>Thrustmaster TWCS Throttle<\/p>","protected":false},"featured_media":2159,"comment_status":"closed","ping_status":"closed","template":"","meta":[],"yoast_head":"<!-- This site is optimized with the Yoast SEO plugin v16.3 - https:\/\/yoast.com\/wordpress\/plugins\/seo\/ -->\n<title>Thrustmaster TWCS Throttle -<\/title>\n<meta name=\"robots\" content=\"index, follow, max-snippet:-1, max-image-preview:large, max-video-preview:-1\" \/>\n<link rel=\"canonical\" href=\"https:\/\/simracing.si\/en_us\/product\/thrustmaster-twcs-throttle\/\" \/>\n<meta property=\"og:locale\" content=\"en_US\" \/>\n<meta property=\"og:type\" content=\"article\" \/>\n<meta property=\"og:title\" content=\"Thrustmaster TWCS Throttle -\" \/>\n<meta property=\"og:description\" content=\"Thrustmaster TWCS Throttle\" \/>\n<meta property=\"og:url\" content=\"https:\/\/simracing.si\/en_us\/product\/thrustmaster-twcs-throttle\/\" \/>\n<meta property=\"article:modified_time\" content=\"2024-01-08T09:09:06+00:00\" \/>\n<meta property=\"og:image\" content=\"https:\/\/simracing.si\/wp-content\/uploads\/2020\/04\/twcs-smart.jpg\" \/>\n\t<meta property=\"og:image:width\" content=\"800\" \/>\n\t<meta property=\"og:image:height\" content=\"538\" \/>\n<meta name=\"twitter:card\" content=\"summary_large_image\" \/>\n<meta name=\"twitter:label1\" content=\"Est. reading time\">\n\t<meta name=\"twitter:data1\" content=\"2 minutes\">\n<script type=\"application\/ld+json\" class=\"yoast-schema-graph\">{\"@context\":\"https:\/\/schema.org\",\"@graph\":[{\"@type\":\"WebSite\",\"@id\":\"https:\/\/simracing.si\/#website\",\"url\":\"https:\/\/simracing.si\/\",\"name\":\"\",\"description\":\"\",\"potentialAction\":[{\"@type\":\"SearchAction\",\"target\":\"https:\/\/simracing.si\/?s={search_term_string}\",\"query-input\":\"required name=search_term_string\"}],\"inLanguage\":\"en-US\"},{\"@type\":\"ImageObject\",\"@id\":\"https:\/\/simracing.si\/izdelek\/thrustmaster-twcs-throttle\/#primaryimage\",\"inLanguage\":\"en-US\",\"url\":\"https:\/\/simracing.si\/wp-content\/uploads\/2020\/04\/twcs-smart.jpg\",\"contentUrl\":\"https:\/\/simracing.si\/wp-content\/uploads\/2020\/04\/twcs-smart.jpg\",\"width\":800,\"height\":538},{\"@type\":\"WebPage\",\"@id\":\"https:\/\/simracing.si\/izdelek\/thrustmaster-twcs-throttle\/#webpage\",\"url\":\"https:\/\/simracing.si\/izdelek\/thrustmaster-twcs-throttle\/\",\"name\":\"Thrustmaster TWCS Throttle -\",\"isPartOf\":{\"@id\":\"https:\/\/simracing.si\/#website\"},\"primaryImageOfPage\":{\"@id\":\"https:\/\/simracing.si\/izdelek\/thrustmaster-twcs-throttle\/#primaryimage\"},\"datePublished\":\"2020-04-30T17:28:25+00:00\",\"dateModified\":\"2024-01-08T09:09:06+00:00\",\"breadcrumb\":{\"@id\":\"https:\/\/simracing.si\/izdelek\/thrustmaster-twcs-throttle\/#breadcrumb\"},\"inLanguage\":\"en-US\",\"potentialAction\":[{\"@type\":\"ReadAction\",\"target\":[\"https:\/\/simracing.si\/izdelek\/thrustmaster-twcs-throttle\/\"]}]},{\"@type\":\"BreadcrumbList\",\"@id\":\"https:\/\/simracing.si\/izdelek\/thrustmaster-twcs-throttle\/#breadcrumb\",\"itemListElement\":[{\"@type\":\"ListItem\",\"position\":1,\"item\":{\"@type\":\"WebPage\",\"@id\":\"https:\/\/simracing.si\/\",\"url\":\"https:\/\/simracing.si\/\",\"name\":\"Home\"}},{\"@type\":\"ListItem\",\"position\":2,\"item\":{\"@type\":\"WebPage\",\"@id\":\"https:\/\/simracing.si\/home\/product-category\/\",\"url\":\"https:\/\/simracing.si\/home\/product-category\/\",\"name\":\"Izdelki\"}},{\"@type\":\"ListItem\",\"position\":3,\"item\":{\"@id\":\"https:\/\/simracing.si\/izdelek\/thrustmaster-twcs-throttle\/#webpage\"}}]}]}<\/script>\n<!-- \/ Yoast SEO plugin. -->","_links":{"self":[{"href":"https:\/\/simracing.si\/en_us\/wp-json\/wp\/v2\/product\/1980"}],"collection":[{"href":"https:\/\/simracing.si\/en_us\/wp-json\/wp\/v2\/product"}],"about":[{"href":"https:\/\/simracing.si\/en_us\/wp-json\/wp\/v2\/types\/product"}],"replies":[{"embeddable":true,"href":"https:\/\/simracing.si\/en_us\/wp-json\/wp\/v2\/comments?post=1980"}],"version-history":[{"count":1,"href":"https:\/\/simracing.si\/en_us\/wp-json\/wp\/v2\/product\/1980\/revisions"}],"predecessor-version":[{"id":4306,"href":"https:\/\/simracing.si\/en_us\/wp-json\/wp\/v2\/product\/1980\/revisions\/4306"}],"wp:featuredmedia":[{"embeddable":true,"href":"https:\/\/simracing.si\/en_us\/wp-json\/wp\/v2\/media\/2159"}],"wp:attachment":[{"href":"https:\/\/simracing.si\/en_us\/wp-json\/wp\/v2\/media?parent=1980"}],"curies":[{"name":"wp","href":"https:\/\/api.w.org\/{rel}","templated":true}]}}