{"id":1978,"date":"2020-04-30T18:28:25","date_gmt":"2020-04-30T17:28:25","guid":{"rendered":"https:\/\/simracing.si\/product\/thrustmaster-t3pa-pro-add-on\/"},"modified":"2025-05-06T13:26:01","modified_gmt":"2025-05-06T11:26:01","slug":"thrustmaster-t3pa-pro-add-on","status":"publish","type":"product","link":"https:\/\/simracing.si\/en_us\/product\/thrustmaster-t3pa-pro-add-on\/","title":{"rendered":"Thrustmaster T3PA-PRO ADD-ON"},"content":{"rendered":"<div class=\"title\">Opis<\/div>\n<p>Realisti\u010dni set treh dodatnih pedalov Thrustmaster T3PA-PRO bo va\u0161o vozni\u0161ko izku\u0161njo ponesel na docela novo raven! Pedali so primerni za vodoravno ali navpi\u010dno namestitev, so povsem kovinski in docela prilagodljivi, spremlja pa jih dvoje razli\u010dnih in odstranljivih prilagoditev.<br \/>\nPedali T3PA-PRO so zdru\u017eljivi z vsemi dirkalnimi volani Thrustmaster T-Series, vklju\u010dno z modeli T300 RS \/ T300 Ferrari GTE \/ T300 Ferrari Integral Racing Wheel Alcantara Edition \/ T300 Servo Base, T500 RS \/ Ferrari F1 Wheel Integral T500, T150 in TX Racing Wheel Ferrari 458 Italia Edition\/ TX Racing Wheel Servo Base \/ Ferrari 458 Spider Racing Wheel. Prav tako jih je mogo\u010de z osebnim ra\u010dunalnikom povezati neposredno prek dokupljivega vmesnika T.RJ12 USB ADAPTER.<\/p>\n<p>V \u0161katli dobite:<br \/>\n1 x dodatni set pedalov Thrustmaster T3PA-PRO 3-Pedal<\/p>\n<p>Izdelek proizvajalca<\/p>\n<p>Nastavljivi upor in pot zavorne pedalke<br \/>\nT3PA-PRO vsebuje dvoje navdu\u0161ujo\u010dih vzmeti, ki omogo\u010data nastavljanje tako poti kot upora zavorne pedalke. Uporabnik lahko oboje prilagodi lastnim \u017eeljam in je dele\u017een velike prednosti pri dirkanju, saj je zmaga nemalokrat odvisna prav od tega, kako se obna\u0161a zavorni pedal.<\/p>\n<p>Prilagoditev v obliki dodatne vzmeti<br \/>\nThrustmasterjeve najnovej\u0161e pedale je mogo\u010de prilagoditi! Prilo\u017eeni sta prilagoditvi, ki ju je mo\u010d namestiti naravnost pod zavorni pedal.<br \/>\nPrva prilagoditev zavorne pedalke je v obliki dodatne vzmeti, ki omogo\u010da nastavitev sile potiska.<\/p>\n<p>Stoodstotna kovina<br \/>\nDo potankosti je mogo\u010de nastaviti vi\u0161ino teh pedalov in razdaljo med njimi. Predstavljena sta dva polo\u017eaja: vodoravni v slogu formule 1 ali pokon\u010dni v slogu dirka\u0161kega prvenstva GT. Posebno pozornost smo posvetili zavorni pedalki, katere nastavljivi upor omogo\u010da kirur\u0161ko natan\u010dno zaviranje. Pedala dopolnjuje rebrasto po\u010divalo za nogo, ki je prav tako docela kovinsko. Igralci bodo opazili, da trije pedali okrepijo vtis realizma, obenem pa jim dajo okusiti, kak\u0161en ob\u010dutek bi utegnila doprinesti lo\u010dena menjalna palica TH8A.<\/p>\n<p>Visoka nastavljivost<br \/>\nT3PA-PRO je povsem nastavljiv izdelek, s \u010dimer stre\u017ee najzahtevnej\u0161im igralcem. Nastaviti je mogo\u010de vsakega od treh pedalov, in sicer razdaljo (trije polo\u017eaji na pedal), naklon (dva polo\u017eaja na pedal) in vi\u0161ino (\u0161tirje polo\u017eaji za plin oziroma trije za zavoro in sklopko). Nastavljivost in ve\u010d namenskost sta zna\u010dilni tudi za temelj, ki je prav tako edinstven, saj omogo\u010da dvoje polo\u017eajev \u2013 vodoravni v slogu formule 1 in navpi\u010dni v slogu prvenstva GT.<\/p>\n<p>Dimenzija: 450x 385x 250 mm<br \/>\nTe\u017ea: 8460 g<\/p>","protected":false},"excerpt":{"rendered":"<p>Thrustmaster T3PA-PRO ADD-ON<\/p>","protected":false},"featured_media":2157,"comment_status":"closed","ping_status":"closed","template":"","meta":[],"yoast_head":"<!-- This site is optimized with the Yoast SEO plugin v16.3 - https:\/\/yoast.com\/wordpress\/plugins\/seo\/ -->\n<title>Thrustmaster T3PA-PRO ADD-ON -<\/title>\n<meta name=\"robots\" content=\"index, follow, max-snippet:-1, max-image-preview:large, max-video-preview:-1\" \/>\n<link rel=\"canonical\" href=\"https:\/\/simracing.si\/en_us\/product\/thrustmaster-t3pa-pro-add-on\/\" \/>\n<meta property=\"og:locale\" content=\"en_US\" \/>\n<meta property=\"og:type\" content=\"article\" \/>\n<meta property=\"og:title\" content=\"Thrustmaster T3PA-PRO ADD-ON -\" \/>\n<meta property=\"og:description\" content=\"Thrustmaster T3PA-PRO ADD-ON\" \/>\n<meta property=\"og:url\" content=\"https:\/\/simracing.si\/en_us\/product\/thrustmaster-t3pa-pro-add-on\/\" \/>\n<meta property=\"article:modified_time\" content=\"2025-05-06T11:26:01+00:00\" \/>\n<meta property=\"og:image\" content=\"https:\/\/simracing.si\/wp-content\/uploads\/2020\/04\/t3papro-3.jpg\" \/>\n\t<meta property=\"og:image:width\" content=\"800\" \/>\n\t<meta property=\"og:image:height\" content=\"503\" \/>\n<meta name=\"twitter:card\" content=\"summary_large_image\" \/>\n<meta name=\"twitter:label1\" content=\"Est. reading time\">\n\t<meta name=\"twitter:data1\" content=\"2 minutes\">\n<script type=\"application\/ld+json\" class=\"yoast-schema-graph\">{\"@context\":\"https:\/\/schema.org\",\"@graph\":[{\"@type\":\"WebSite\",\"@id\":\"https:\/\/simracing.si\/#website\",\"url\":\"https:\/\/simracing.si\/\",\"name\":\"\",\"description\":\"\",\"potentialAction\":[{\"@type\":\"SearchAction\",\"target\":\"https:\/\/simracing.si\/?s={search_term_string}\",\"query-input\":\"required name=search_term_string\"}],\"inLanguage\":\"en-US\"},{\"@type\":\"ImageObject\",\"@id\":\"https:\/\/simracing.si\/izdelek\/thrustmaster-t3pa-pro-add-on\/#primaryimage\",\"inLanguage\":\"en-US\",\"url\":\"https:\/\/simracing.si\/wp-content\/uploads\/2020\/04\/t3papro-3.jpg\",\"contentUrl\":\"https:\/\/simracing.si\/wp-content\/uploads\/2020\/04\/t3papro-3.jpg\",\"width\":800,\"height\":503},{\"@type\":\"WebPage\",\"@id\":\"https:\/\/simracing.si\/izdelek\/thrustmaster-t3pa-pro-add-on\/#webpage\",\"url\":\"https:\/\/simracing.si\/izdelek\/thrustmaster-t3pa-pro-add-on\/\",\"name\":\"Thrustmaster T3PA-PRO ADD-ON -\",\"isPartOf\":{\"@id\":\"https:\/\/simracing.si\/#website\"},\"primaryImageOfPage\":{\"@id\":\"https:\/\/simracing.si\/izdelek\/thrustmaster-t3pa-pro-add-on\/#primaryimage\"},\"datePublished\":\"2020-04-30T17:28:25+00:00\",\"dateModified\":\"2025-05-06T11:26:01+00:00\",\"breadcrumb\":{\"@id\":\"https:\/\/simracing.si\/izdelek\/thrustmaster-t3pa-pro-add-on\/#breadcrumb\"},\"inLanguage\":\"en-US\",\"potentialAction\":[{\"@type\":\"ReadAction\",\"target\":[\"https:\/\/simracing.si\/izdelek\/thrustmaster-t3pa-pro-add-on\/\"]}]},{\"@type\":\"BreadcrumbList\",\"@id\":\"https:\/\/simracing.si\/izdelek\/thrustmaster-t3pa-pro-add-on\/#breadcrumb\",\"itemListElement\":[{\"@type\":\"ListItem\",\"position\":1,\"item\":{\"@type\":\"WebPage\",\"@id\":\"https:\/\/simracing.si\/\",\"url\":\"https:\/\/simracing.si\/\",\"name\":\"Home\"}},{\"@type\":\"ListItem\",\"position\":2,\"item\":{\"@type\":\"WebPage\",\"@id\":\"https:\/\/simracing.si\/home\/product-category\/\",\"url\":\"https:\/\/simracing.si\/home\/product-category\/\",\"name\":\"Izdelki\"}},{\"@type\":\"ListItem\",\"position\":3,\"item\":{\"@id\":\"https:\/\/simracing.si\/izdelek\/thrustmaster-t3pa-pro-add-on\/#webpage\"}}]}]}<\/script>\n<!-- \/ Yoast SEO plugin. -->","_links":{"self":[{"href":"https:\/\/simracing.si\/en_us\/wp-json\/wp\/v2\/product\/1978"}],"collection":[{"href":"https:\/\/simracing.si\/en_us\/wp-json\/wp\/v2\/product"}],"about":[{"href":"https:\/\/simracing.si\/en_us\/wp-json\/wp\/v2\/types\/product"}],"replies":[{"embeddable":true,"href":"https:\/\/simracing.si\/en_us\/wp-json\/wp\/v2\/comments?post=1978"}],"version-history":[{"count":1,"href":"https:\/\/simracing.si\/en_us\/wp-json\/wp\/v2\/product\/1978\/revisions"}],"predecessor-version":[{"id":4403,"href":"https:\/\/simracing.si\/en_us\/wp-json\/wp\/v2\/product\/1978\/revisions\/4403"}],"wp:featuredmedia":[{"embeddable":true,"href":"https:\/\/simracing.si\/en_us\/wp-json\/wp\/v2\/media\/2157"}],"wp:attachment":[{"href":"https:\/\/simracing.si\/en_us\/wp-json\/wp\/v2\/media?parent=1978"}],"curies":[{"name":"wp","href":"https:\/\/api.w.org\/{rel}","templated":true}]}}