{"id":1971,"date":"2020-04-30T18:28:13","date_gmt":"2020-04-30T17:28:13","guid":{"rendered":"https:\/\/simracing.si\/product\/thrustmaster-16000m-fcs-flight-pack\/"},"modified":"2023-06-28T09:54:18","modified_gmt":"2023-06-28T07:54:18","slug":"thrustmaster-16000m-fcs-flight-pack","status":"publish","type":"product","link":"https:\/\/simracing.si\/en_us\/product\/thrustmaster-16000m-fcs-flight-pack\/","title":{"rendered":"Thrustmaster 16000M FCS FLIGHT PACK"},"content":{"rendered":"<p>Thrustmaster T.16000M FCS LETNI PAKET: igralna palica, stopalke in krmila za plin za osebni ra\u010dunalnik.<\/p>\n<p>T.16000M FCS FLIGHT PACK je sestavljen iz palice za letenje T.16000M FCS (Sistem za upravljanje letenja), plinske lopute TWCS (Thrustmaster Weapon Control System) in TFRP (Thrustmaster Flight Rudder Pedals). T.16000M FCS FLIGHT PACK je zdru\u017eljiv z osebnim ra\u010dunalnikom prek USB-ja v operacijskih sistemih Windows 10, 8, 7 in Vista (32-bitni in 64-bitni). Ponuja vam raven natan\u010dnosti, ki je ve\u010dja od trenutnih sistemov, ki se tudi s\u010dasoma ne bo zmanj\u0161ala, zahvaljujo\u010d tehnologiji H.E.A.R.T na igralni palici (ameri\u0161ki patent US08471815): 3D (Hall Effect) tehnologija magnetnih senzorjev, ki ponuja nagrajeno natan\u010dnost. Tehnologija S.M.A.R.T (Sliding Motion Advanced Rail Tracks) pedalov in krmila za plin zagotavlja edinstven sistem drsnih tirnic za popolnoma gladko drsno gibanje in natan\u010dnost. Programska oprema T.A.R.G.E.T vam omogo\u010da nalaganje in ustvarjanje posebnih profilov za preslikavo za vsako igro.<\/p>\n<p>Zahvaljujo\u010d svoji zasnovi in ergonomiji, T.16000M FSC FLIGHTPACK ponuja igralcem ve\u010d prepoznavnih funkcij, ki jim omogo\u010dajo, da postanejo u\u010dinkovitej\u0161i in natan\u010dni med letom. Ta izbolj\u0161an dostop do kontrol letenja se izka\u017ee za \u0161e pomembnej\u0161ega, ko so igralci popolnoma potopljeni v izjemno izku\u0161njo letenja, ki jo zagotavljajo igre, zdru\u017eljive z VR.<\/p>\n<div class=\"product-feature-block\" style=\"margin: 0px 10px 18px 0px; padding: 0px; font-size: 11px; font-family: Arial, Helvetica, sans-serif; position: relative; width: 445px; float: left; color: #000000; clear: left;\">\n<div style=\"margin: 0px; padding: 0px; position: relative; float: left; width: 330px;\">\n<p>&nbsp;<\/p>\n<\/div>\n<\/div>\n<div class=\"product-feature-block\" style=\"margin: 0px 10px 18px 0px; padding: 0px; font-size: 11px; font-family: Arial, Helvetica, sans-serif; position: relative; width: 445px; float: left; color: #000000; clear: left;\">\n<div style=\"margin: 0px; padding: 0px; position: relative; float: left; width: 330px;\">\n<p style=\"margin: 8px 0px; padding: 0px; position: relative; color: #545454;\">\n<\/div>\n<\/div>","protected":false},"excerpt":{"rendered":"<p>Thrustmaster 16000M FCS FLIGHT PACK<\/p>","protected":false},"featured_media":4191,"comment_status":"closed","ping_status":"closed","template":"","meta":[],"yoast_head":"<!-- This site is optimized with the Yoast SEO plugin v16.3 - https:\/\/yoast.com\/wordpress\/plugins\/seo\/ -->\n<title>Thrustmaster 16000M FCS FLIGHT PACK -<\/title>\n<meta name=\"robots\" content=\"index, follow, max-snippet:-1, max-image-preview:large, max-video-preview:-1\" \/>\n<link rel=\"canonical\" href=\"https:\/\/simracing.si\/en_us\/product\/thrustmaster-16000m-fcs-flight-pack\/\" \/>\n<meta property=\"og:locale\" content=\"en_US\" \/>\n<meta property=\"og:type\" content=\"article\" \/>\n<meta property=\"og:title\" content=\"Thrustmaster 16000M FCS FLIGHT PACK -\" \/>\n<meta property=\"og:description\" content=\"Thrustmaster 16000M FCS FLIGHT PACK\" \/>\n<meta property=\"og:url\" content=\"https:\/\/simracing.si\/en_us\/product\/thrustmaster-16000m-fcs-flight-pack\/\" \/>\n<meta property=\"article:modified_time\" content=\"2023-06-28T07:54:18+00:00\" \/>\n<meta property=\"og:image\" content=\"https:\/\/simracing.si\/wp-content\/uploads\/2020\/04\/Thrustmaster-16000M-FCS-FLIGHT-PACK.jpeg\" \/>\n\t<meta property=\"og:image:width\" content=\"550\" \/>\n\t<meta property=\"og:image:height\" content=\"550\" \/>\n<meta name=\"twitter:card\" content=\"summary_large_image\" \/>\n<meta name=\"twitter:label1\" content=\"Est. reading time\">\n\t<meta name=\"twitter:data1\" content=\"1 minute\">\n<script type=\"application\/ld+json\" class=\"yoast-schema-graph\">{\"@context\":\"https:\/\/schema.org\",\"@graph\":[{\"@type\":\"WebSite\",\"@id\":\"https:\/\/simracing.si\/#website\",\"url\":\"https:\/\/simracing.si\/\",\"name\":\"\",\"description\":\"\",\"potentialAction\":[{\"@type\":\"SearchAction\",\"target\":\"https:\/\/simracing.si\/?s={search_term_string}\",\"query-input\":\"required name=search_term_string\"}],\"inLanguage\":\"en-US\"},{\"@type\":\"ImageObject\",\"@id\":\"https:\/\/simracing.si\/izdelek\/thrustmaster-16000m-fcs-flight-pack\/#primaryimage\",\"inLanguage\":\"en-US\",\"url\":\"https:\/\/simracing.si\/wp-content\/uploads\/2020\/04\/Thrustmaster-16000M-FCS-FLIGHT-PACK.jpeg\",\"contentUrl\":\"https:\/\/simracing.si\/wp-content\/uploads\/2020\/04\/Thrustmaster-16000M-FCS-FLIGHT-PACK.jpeg\",\"width\":550,\"height\":550},{\"@type\":\"WebPage\",\"@id\":\"https:\/\/simracing.si\/izdelek\/thrustmaster-16000m-fcs-flight-pack\/#webpage\",\"url\":\"https:\/\/simracing.si\/izdelek\/thrustmaster-16000m-fcs-flight-pack\/\",\"name\":\"Thrustmaster 16000M FCS FLIGHT PACK -\",\"isPartOf\":{\"@id\":\"https:\/\/simracing.si\/#website\"},\"primaryImageOfPage\":{\"@id\":\"https:\/\/simracing.si\/izdelek\/thrustmaster-16000m-fcs-flight-pack\/#primaryimage\"},\"datePublished\":\"2020-04-30T17:28:13+00:00\",\"dateModified\":\"2023-06-28T07:54:18+00:00\",\"breadcrumb\":{\"@id\":\"https:\/\/simracing.si\/izdelek\/thrustmaster-16000m-fcs-flight-pack\/#breadcrumb\"},\"inLanguage\":\"en-US\",\"potentialAction\":[{\"@type\":\"ReadAction\",\"target\":[\"https:\/\/simracing.si\/izdelek\/thrustmaster-16000m-fcs-flight-pack\/\"]}]},{\"@type\":\"BreadcrumbList\",\"@id\":\"https:\/\/simracing.si\/izdelek\/thrustmaster-16000m-fcs-flight-pack\/#breadcrumb\",\"itemListElement\":[{\"@type\":\"ListItem\",\"position\":1,\"item\":{\"@type\":\"WebPage\",\"@id\":\"https:\/\/simracing.si\/\",\"url\":\"https:\/\/simracing.si\/\",\"name\":\"Home\"}},{\"@type\":\"ListItem\",\"position\":2,\"item\":{\"@type\":\"WebPage\",\"@id\":\"https:\/\/simracing.si\/home\/product-category\/\",\"url\":\"https:\/\/simracing.si\/home\/product-category\/\",\"name\":\"Izdelki\"}},{\"@type\":\"ListItem\",\"position\":3,\"item\":{\"@id\":\"https:\/\/simracing.si\/izdelek\/thrustmaster-16000m-fcs-flight-pack\/#webpage\"}}]}]}<\/script>\n<!-- \/ Yoast SEO plugin. -->","_links":{"self":[{"href":"https:\/\/simracing.si\/en_us\/wp-json\/wp\/v2\/product\/1971"}],"collection":[{"href":"https:\/\/simracing.si\/en_us\/wp-json\/wp\/v2\/product"}],"about":[{"href":"https:\/\/simracing.si\/en_us\/wp-json\/wp\/v2\/types\/product"}],"replies":[{"embeddable":true,"href":"https:\/\/simracing.si\/en_us\/wp-json\/wp\/v2\/comments?post=1971"}],"version-history":[{"count":4,"href":"https:\/\/simracing.si\/en_us\/wp-json\/wp\/v2\/product\/1971\/revisions"}],"predecessor-version":[{"id":4193,"href":"https:\/\/simracing.si\/en_us\/wp-json\/wp\/v2\/product\/1971\/revisions\/4193"}],"wp:featuredmedia":[{"embeddable":true,"href":"https:\/\/simracing.si\/en_us\/wp-json\/wp\/v2\/media\/4191"}],"wp:attachment":[{"href":"https:\/\/simracing.si\/en_us\/wp-json\/wp\/v2\/media?parent=1971"}],"curies":[{"name":"wp","href":"https:\/\/api.w.org\/{rel}","templated":true}]}}