{"id":1961,"date":"2020-04-30T18:28:13","date_gmt":"2020-04-30T17:28:13","guid":{"rendered":"https:\/\/simracing.si\/product\/sharkoon-shark-skiller-sgs1-gamerski-stol\/"},"modified":"2020-05-03T16:50:43","modified_gmt":"2020-05-03T15:50:43","slug":"sharkoon-shark-skiller-sgs1-gamerski-stol","status":"publish","type":"product","link":"https:\/\/simracing.si\/en_us\/product\/sharkoon-shark-skiller-sgs1-gamerski-stol\/","title":{"rendered":"SHARKOON Shark Skiller SGS1 Gaming Seat"},"content":{"rendered":"<p style=\"margin-top: 0px; margin-bottom: 20px; color: rgb(0, 0, 0); font-family: Arial, Helvetica, sans-serif; font-size: 12px;\">Izberi svojo \u017eeljeno barvo na desni strani!<\/p>\n<p style=\"margin-top: 0px; margin-bottom: 20px; color: rgb(0, 0, 0); font-family: Arial, Helvetica, sans-serif; font-size: 12px;\"><strong>Dobava 1 do 3 dni<\/strong><\/p>\n<p style=\"margin-top: 0px; margin-bottom: 20px; color: rgb(0, 0, 0); font-family: Arial, Helvetica, sans-serif; font-size: 12px;\"><strong>Mo\u017ene razne menjave za igre, igralne konzole volane in \u0161e ve\u010d info@playgame.si po\u0161lji kaj ima\u0161?<\/strong><\/p>\n<p>&nbsp;<\/p>\n<p style=\"box-sizing: border-box; margin: 0px 0px 10px; color: rgb(79, 79, 79); font-family: &quot;Open Sans&quot;, sans-serif;\">Material: sinteti\u010dno usnje, polnilo poliuretan pena<br style=\"box-sizing: border-box;\" \/><br \/>\nBarva: \u010drna \/ siva<br style=\"box-sizing: border-box;\" \/><br \/>\nNastavitev vi\u0161ine sedenja: plinska vzmet razreda Class-3<br style=\"box-sizing: border-box;\" \/><br \/>\nGostota PU pene: 28kg\/m3<br style=\"box-sizing: border-box;\" \/><br \/>\nNastavitev naklona: 3\u00b0 &#8211; 18\u00b0<br style=\"box-sizing: border-box;\" \/><br \/>\nPrimerno za te\u017eo: do 100kg<\/p>\n<p style=\"box-sizing: border-box; margin: 0px 0px 10px; color: rgb(79, 79, 79); font-family: &quot;Open Sans&quot;, sans-serif;\">Dimenzije:&nbsp;<br style=\"box-sizing: border-box;\" \/><br \/>\n\u0161irina sede\u017ea: 50 cm<br style=\"box-sizing: border-box;\" \/><br \/>\nvi\u0161ina naslonjala: 79 cm<br style=\"box-sizing: border-box;\" \/><br \/>\n\u0161irina naslonjala: 54 cm<br style=\"box-sizing: border-box;\" \/><br \/>\nVelikost paketa: 79.5 x 32 x 65 cm<\/p>\n<p style=\"box-sizing: border-box; margin: 0px 0px 10px; color: rgb(79, 79, 79); font-family: &quot;Open Sans&quot;, sans-serif;\">Te\u017ea stola: 15kg<\/p>\n<p><strong style=\"box-sizing: border-box; color: rgb(79, 79, 79); font-family: &quot;Open Sans&quot;, sans-serif;\">Garancija:<\/strong><span style=\"color: rgb(79, 79, 79); font-family: &quot;Open Sans&quot;, sans-serif;\">&nbsp;<\/span><span style=\"box-sizing: border-box; color: rgb(79, 79, 79); font-family: &quot;Open Sans&quot;, sans-serif;\">2 leti<\/span><\/p>\n<p>&nbsp;<\/p>\n<p>&nbsp;<\/p>\n<p><iframe allow=\"autoplay; encrypted-media\" allowfullscreen=\"\" frameborder=\"0\" height=\"315\" src=\"https:\/\/www.youtube.com\/embed\/clMn2PrXrc4\" width=\"560\"><\/iframe><\/p>","protected":false},"excerpt":{"rendered":"<p>SHARKOON Shark Skiller SGS1 Gaming Seat<\/p>","protected":false},"featured_media":2140,"comment_status":"closed","ping_status":"open","template":"","meta":[],"yoast_head":"<!-- This site is optimized with the Yoast SEO plugin v16.3 - https:\/\/yoast.com\/wordpress\/plugins\/seo\/ -->\n<title>SHARKOON Shark Skiller SGS1 Gamerski stol -<\/title>\n<meta name=\"robots\" content=\"index, follow, max-snippet:-1, max-image-preview:large, max-video-preview:-1\" \/>\n<link rel=\"canonical\" href=\"https:\/\/simracing.si\/en_us\/product\/sharkoon-shark-skiller-sgs1-gamerski-stol\/\" \/>\n<meta property=\"og:locale\" content=\"en_US\" \/>\n<meta property=\"og:type\" content=\"article\" \/>\n<meta property=\"og:title\" content=\"SHARKOON Shark Skiller SGS1 Gamerski stol -\" \/>\n<meta property=\"og:description\" content=\"SHARKOON Shark Skiller SGS1 Gamerski stol\" \/>\n<meta property=\"og:url\" content=\"https:\/\/simracing.si\/en_us\/product\/sharkoon-shark-skiller-sgs1-gamerski-stol\/\" \/>\n<meta property=\"article:modified_time\" content=\"2020-05-03T15:50:43+00:00\" \/>\n<meta property=\"og:image\" content=\"https:\/\/simracing.si\/wp-content\/uploads\/2020\/04\/shh1.jpg\" \/>\n\t<meta property=\"og:image:width\" content=\"800\" \/>\n\t<meta property=\"og:image:height\" content=\"558\" \/>\n<meta name=\"twitter:card\" content=\"summary_large_image\" \/>\n<script type=\"application\/ld+json\" class=\"yoast-schema-graph\">{\"@context\":\"https:\/\/schema.org\",\"@graph\":[{\"@type\":\"WebSite\",\"@id\":\"https:\/\/simracing.si\/#website\",\"url\":\"https:\/\/simracing.si\/\",\"name\":\"\",\"description\":\"\",\"potentialAction\":[{\"@type\":\"SearchAction\",\"target\":\"https:\/\/simracing.si\/?s={search_term_string}\",\"query-input\":\"required name=search_term_string\"}],\"inLanguage\":\"en-US\"},{\"@type\":\"ImageObject\",\"@id\":\"https:\/\/simracing.si\/izdelek\/sharkoon-shark-skiller-sgs1-gamerski-stol\/#primaryimage\",\"inLanguage\":\"en-US\",\"url\":\"https:\/\/simracing.si\/wp-content\/uploads\/2020\/04\/shh1.jpg\",\"contentUrl\":\"https:\/\/simracing.si\/wp-content\/uploads\/2020\/04\/shh1.jpg\",\"width\":800,\"height\":558},{\"@type\":\"WebPage\",\"@id\":\"https:\/\/simracing.si\/izdelek\/sharkoon-shark-skiller-sgs1-gamerski-stol\/#webpage\",\"url\":\"https:\/\/simracing.si\/izdelek\/sharkoon-shark-skiller-sgs1-gamerski-stol\/\",\"name\":\"SHARKOON Shark Skiller SGS1 Gamerski stol -\",\"isPartOf\":{\"@id\":\"https:\/\/simracing.si\/#website\"},\"primaryImageOfPage\":{\"@id\":\"https:\/\/simracing.si\/izdelek\/sharkoon-shark-skiller-sgs1-gamerski-stol\/#primaryimage\"},\"datePublished\":\"2020-04-30T17:28:13+00:00\",\"dateModified\":\"2020-05-03T15:50:43+00:00\",\"breadcrumb\":{\"@id\":\"https:\/\/simracing.si\/izdelek\/sharkoon-shark-skiller-sgs1-gamerski-stol\/#breadcrumb\"},\"inLanguage\":\"en-US\",\"potentialAction\":[{\"@type\":\"ReadAction\",\"target\":[\"https:\/\/simracing.si\/izdelek\/sharkoon-shark-skiller-sgs1-gamerski-stol\/\"]}]},{\"@type\":\"BreadcrumbList\",\"@id\":\"https:\/\/simracing.si\/izdelek\/sharkoon-shark-skiller-sgs1-gamerski-stol\/#breadcrumb\",\"itemListElement\":[{\"@type\":\"ListItem\",\"position\":1,\"item\":{\"@type\":\"WebPage\",\"@id\":\"https:\/\/simracing.si\/\",\"url\":\"https:\/\/simracing.si\/\",\"name\":\"Home\"}},{\"@type\":\"ListItem\",\"position\":2,\"item\":{\"@type\":\"WebPage\",\"@id\":\"https:\/\/simracing.si\/home\/product-category\/\",\"url\":\"https:\/\/simracing.si\/home\/product-category\/\",\"name\":\"Izdelki\"}},{\"@type\":\"ListItem\",\"position\":3,\"item\":{\"@id\":\"https:\/\/simracing.si\/izdelek\/sharkoon-shark-skiller-sgs1-gamerski-stol\/#webpage\"}}]}]}<\/script>\n<!-- \/ Yoast SEO plugin. -->","_links":{"self":[{"href":"https:\/\/simracing.si\/en_us\/wp-json\/wp\/v2\/product\/1961"}],"collection":[{"href":"https:\/\/simracing.si\/en_us\/wp-json\/wp\/v2\/product"}],"about":[{"href":"https:\/\/simracing.si\/en_us\/wp-json\/wp\/v2\/types\/product"}],"replies":[{"embeddable":true,"href":"https:\/\/simracing.si\/en_us\/wp-json\/wp\/v2\/comments?post=1961"}],"version-history":[{"count":0,"href":"https:\/\/simracing.si\/en_us\/wp-json\/wp\/v2\/product\/1961\/revisions"}],"wp:featuredmedia":[{"embeddable":true,"href":"https:\/\/simracing.si\/en_us\/wp-json\/wp\/v2\/media\/2140"}],"wp:attachment":[{"href":"https:\/\/simracing.si\/en_us\/wp-json\/wp\/v2\/media?parent=1961"}],"curies":[{"name":"wp","href":"https:\/\/api.w.org\/{rel}","templated":true}]}}