{"id":1947,"date":"2020-04-30T18:28:02","date_gmt":"2020-04-30T17:28:02","guid":{"rendered":"https:\/\/simracing.si\/product\/volan-th-500-rs-custom-omp-quick-release-by-zokid-23-mesecna-garancija\/"},"modified":"2020-04-30T18:42:17","modified_gmt":"2020-04-30T17:42:17","slug":"volan-th-500-rs-custom-omp-quick-release-by-zokid-23-mesecna-garancija","status":"publish","type":"product","link":"https:\/\/simracing.si\/en_us\/product\/volan-th-500-rs-custom-omp-quick-release-by-zokid-23-mesecna-garancija\/","title":{"rendered":"Thrustmaster T500 RS Custom OMP + Quick Release by ZOKID (23 month warranty)"},"content":{"rendered":"<p>Podaja se custom volan Playgame, volan je po osnovi TH 500 RS. Volan z OMP obro\u010dom je ve\u010dji za 5cm, je original dirkalni volan, kateri se uporablja ve\u010dina v Rally-ju, ter GHD dirke, nudi zelo odli\u010den in natan\u010den oprijem.<\/p>\n<p>Na volan je dodano:<\/p>\n<p><a href=\"https:\/\/www.google.si\/url?sa=i&amp;rct=j&amp;q=&amp;esrc=s&amp;source=images&amp;cd=&amp;cad=rja&amp;uact=8&amp;ved=0ahUKEwiQsMuO2d3KAhUPhhoKHXCsALUQjRwIBw&amp;url=http%3A%2F%2Fwww.mx5nutz.com%2Fforum%2Findex.php%3Fshowtopic%3D72692&amp;psig=AFQjCNHfHEpgdlz9dxGv4tUkaFMWPHlr2w&amp;ust=1454661097751443\">-Quick Release &nbsp;dirkalni set, hitri preklop za druge volane, uporabljate lahko ve\u010d razli\u010dnih volnaskih obro\u010dov. Slika Q!<\/a><\/p>\n<p><a href=\"http:\/\/www.ybracing.com\/omp-od1954bn-od1954bn-omp-corsica-leather-steering-wheel-350mm-blue-anodized-spokes.html\">-Volan original OMP&nbsp;STEERING WHEEL 350mm BLUE ANODIZED SPOKES Slika!<\/a><\/p>\n<p>Poleg tudi original GT obro\u010d, tovarni\u0161ki.<\/p>\n<p>Stopalke TH 500 RS original<\/p>\n<p>Embala\u017ea in navodila.<\/p>\n<p><strong>Volan demonta\u017ea in monta\u017ea drugega volana, se pravi da je NA&nbsp;volanu original GT obro\u010d, demonta\u017ea in monta\u017ea OMP obro\u010da v pi\u010dli 1 minuti!<\/strong><\/p>\n<p>Spodaj dva filma, to\u010dno tega volana!<\/p>\n<p>Mo\u017ene menjave za druge volane, razen Fanatec volanov!<\/p>\n<p>23 mese\u010dna garancija, mo\u017een TEST volana!<\/p>\n<p><strong><span style=\"color:#FF0000;\">Imate \u017eeljo po predelavi volana?<\/span><\/strong><\/p>\n<p><strong>Po naro\u010dilu mo\u017ene predelave volanov, prodaja&nbsp;OMP volanskih obro\u010dev ve\u010d vrst, monta\u017ea Qucih R adapterja, narejen za vse razli\u010dne volane, predelave so mo\u017ene za volane:<\/strong><\/p>\n<p><strong>DF PRO, G25,G27,G29, TH 300 T 300, TH 500 RS, EX BAZA, Faantec&#8230;<\/strong><\/p>\n<p><strong>Gran Turismo obro\u010d<\/strong><\/p>\n<p><iframe allowfullscreen=\"\" frameborder=\"0\" height=\"315\" src=\"https:\/\/www.youtube.com\/embed\/6nD8-ok69Zk\" width=\"560\"><\/iframe><\/p>\n<p>&nbsp;<\/p>\n<p><strong>OMP obro\u010d<\/strong><\/p>\n<p><strong>\u200b<\/strong><\/p>\n<p><iframe allowfullscreen=\"\" frameborder=\"0\" height=\"315\" src=\"https:\/\/www.youtube.com\/embed\/NdFXYbDArcU\" width=\"560\"><\/iframe><\/p>\n<p>&nbsp;<\/p>\n<p><img src=\"https:\/\/scontent-vie1-1.xx.fbcdn.net\/hphotos-xpf1\/v\/t1.0-9\/995385_467754260087154_8566991318440564560_n.jpg?oh=7c13fce85b57cfdf44174f8cd5e46fe5&amp;oe=57B17C37\" \/><\/p>\n<p>&nbsp;<\/p>\n<p><img src=\"https:\/\/scontent-vie1-1.xx.fbcdn.net\/hphotos-xpf1\/v\/t1.0-9\/12821398_1114146621963271_5945365261184725858_n.jpg?oh=321e652994e496b2564c87d1ba833bcf&amp;oe=578521D6\" \/><\/p>\n<p>&nbsp;<\/p>\n<p><img src=\"https:\/\/scontent-vie1-1.xx.fbcdn.net\/hphotos-xtl1\/v\/t1.0-9\/12814373_1114146641963269_7279106260573846560_n.jpg?oh=d752170876223923d894bd290f05197f&amp;oe=57837412\" \/><\/p>","protected":false},"excerpt":{"rendered":"<p>Thrustmaster T500 RS Custom OMP + Quick Release by ZOKID (23 month warranty)<\/p>","protected":false},"featured_media":2126,"comment_status":"closed","ping_status":"closed","template":"","meta":[],"yoast_head":"<!-- This site is optimized with the Yoast SEO plugin v16.3 - https:\/\/yoast.com\/wordpress\/plugins\/seo\/ -->\n<title>Volan TH 500 RS Custom OMP +Quick Release BY ZOKID, 23 mese\u010dna garancija! -<\/title>\n<meta name=\"robots\" content=\"index, follow, max-snippet:-1, max-image-preview:large, max-video-preview:-1\" \/>\n<link rel=\"canonical\" href=\"https:\/\/simracing.si\/en_us\/product\/volan-th-500-rs-custom-omp-quick-release-by-zokid-23-mesecna-garancija\/\" \/>\n<meta property=\"og:locale\" content=\"en_US\" \/>\n<meta property=\"og:type\" content=\"article\" \/>\n<meta property=\"og:title\" content=\"Volan TH 500 RS Custom OMP +Quick Release BY ZOKID, 23 mese\u010dna garancija! -\" \/>\n<meta property=\"og:description\" content=\"Volan TH 500 RS Custom OMP +Quick Release BY ZOKID, 23 mese\u010dna garancija!\" \/>\n<meta property=\"og:url\" content=\"https:\/\/simracing.si\/en_us\/product\/volan-th-500-rs-custom-omp-quick-release-by-zokid-23-mesecna-garancija\/\" \/>\n<meta property=\"article:modified_time\" content=\"2020-04-30T17:42:17+00:00\" \/>\n<meta property=\"og:image\" content=\"https:\/\/simracing.si\/wp-content\/uploads\/2020\/04\/thoj.jpg\" \/>\n\t<meta property=\"og:image:width\" content=\"600\" \/>\n\t<meta property=\"og:image:height\" content=\"800\" \/>\n<meta name=\"twitter:card\" content=\"summary_large_image\" \/>\n<meta name=\"twitter:label1\" content=\"Est. reading time\">\n\t<meta name=\"twitter:data1\" content=\"1 minute\">\n<script type=\"application\/ld+json\" class=\"yoast-schema-graph\">{\"@context\":\"https:\/\/schema.org\",\"@graph\":[{\"@type\":\"WebSite\",\"@id\":\"https:\/\/simracing.si\/#website\",\"url\":\"https:\/\/simracing.si\/\",\"name\":\"\",\"description\":\"\",\"potentialAction\":[{\"@type\":\"SearchAction\",\"target\":\"https:\/\/simracing.si\/?s={search_term_string}\",\"query-input\":\"required name=search_term_string\"}],\"inLanguage\":\"en-US\"},{\"@type\":\"ImageObject\",\"@id\":\"http:\/\/simracing.si\/sl_si\/izdelek\/volan-th-500-rs-custom-omp-quick-release-by-zokid-23-mesecna-garancija\/#primaryimage\",\"inLanguage\":\"en-US\",\"url\":\"https:\/\/simracing.si\/wp-content\/uploads\/2020\/04\/thoj.jpg\",\"contentUrl\":\"https:\/\/simracing.si\/wp-content\/uploads\/2020\/04\/thoj.jpg\",\"width\":600,\"height\":800},{\"@type\":\"WebPage\",\"@id\":\"http:\/\/simracing.si\/sl_si\/izdelek\/volan-th-500-rs-custom-omp-quick-release-by-zokid-23-mesecna-garancija\/#webpage\",\"url\":\"http:\/\/simracing.si\/sl_si\/izdelek\/volan-th-500-rs-custom-omp-quick-release-by-zokid-23-mesecna-garancija\/\",\"name\":\"Volan TH 500 RS Custom OMP +Quick Release BY ZOKID, 23 mese\\u010dna garancija! -\",\"isPartOf\":{\"@id\":\"https:\/\/simracing.si\/#website\"},\"primaryImageOfPage\":{\"@id\":\"http:\/\/simracing.si\/sl_si\/izdelek\/volan-th-500-rs-custom-omp-quick-release-by-zokid-23-mesecna-garancija\/#primaryimage\"},\"datePublished\":\"2020-04-30T17:28:02+00:00\",\"dateModified\":\"2020-04-30T17:42:17+00:00\",\"breadcrumb\":{\"@id\":\"http:\/\/simracing.si\/sl_si\/izdelek\/volan-th-500-rs-custom-omp-quick-release-by-zokid-23-mesecna-garancija\/#breadcrumb\"},\"inLanguage\":\"en-US\",\"potentialAction\":[{\"@type\":\"ReadAction\",\"target\":[\"http:\/\/simracing.si\/sl_si\/izdelek\/volan-th-500-rs-custom-omp-quick-release-by-zokid-23-mesecna-garancija\/\"]}]},{\"@type\":\"BreadcrumbList\",\"@id\":\"http:\/\/simracing.si\/sl_si\/izdelek\/volan-th-500-rs-custom-omp-quick-release-by-zokid-23-mesecna-garancija\/#breadcrumb\",\"itemListElement\":[{\"@type\":\"ListItem\",\"position\":1,\"item\":{\"@type\":\"WebPage\",\"@id\":\"https:\/\/simracing.si\/\",\"url\":\"https:\/\/simracing.si\/\",\"name\":\"Home\"}},{\"@type\":\"ListItem\",\"position\":2,\"item\":{\"@type\":\"WebPage\",\"@id\":\"https:\/\/simracing.si\/home\/product-category\/\",\"url\":\"https:\/\/simracing.si\/home\/product-category\/\",\"name\":\"Izdelki\"}},{\"@type\":\"ListItem\",\"position\":3,\"item\":{\"@id\":\"http:\/\/simracing.si\/sl_si\/izdelek\/volan-th-500-rs-custom-omp-quick-release-by-zokid-23-mesecna-garancija\/#webpage\"}}]}]}<\/script>\n<!-- \/ Yoast SEO plugin. -->","_links":{"self":[{"href":"https:\/\/simracing.si\/en_us\/wp-json\/wp\/v2\/product\/1947"}],"collection":[{"href":"https:\/\/simracing.si\/en_us\/wp-json\/wp\/v2\/product"}],"about":[{"href":"https:\/\/simracing.si\/en_us\/wp-json\/wp\/v2\/types\/product"}],"replies":[{"embeddable":true,"href":"https:\/\/simracing.si\/en_us\/wp-json\/wp\/v2\/comments?post=1947"}],"version-history":[{"count":0,"href":"https:\/\/simracing.si\/en_us\/wp-json\/wp\/v2\/product\/1947\/revisions"}],"wp:featuredmedia":[{"embeddable":true,"href":"https:\/\/simracing.si\/en_us\/wp-json\/wp\/v2\/media\/2126"}],"wp:attachment":[{"href":"https:\/\/simracing.si\/en_us\/wp-json\/wp\/v2\/media?parent=1947"}],"curies":[{"name":"wp","href":"https:\/\/api.w.org\/{rel}","templated":true}]}}