{"id":1937,"date":"2020-04-30T18:28:02","date_gmt":"2020-04-30T17:28:02","guid":{"rendered":"https:\/\/simracing.si\/product\/logitech-g920-driving-force-xbox-one-pc\/"},"modified":"2020-05-19T16:00:49","modified_gmt":"2020-05-19T14:00:49","slug":"logitech-g920-driving-force-xbox-one-pc","status":"publish","type":"product","link":"https:\/\/simracing.si\/en_us\/product\/logitech-g920-driving-force-xbox-one-pc\/","title":{"rendered":"Logitech G920 Driving Force XBOX ONE PC"},"content":{"rendered":"<p>Mo\u017ene rezervacije, kmalu na zalogi!<\/p>\n<p><strong style=\"font-family: Arial, Helvetica, sans-serif; font-size: 12px; line-height: 18px; color: rgb(255, 0, 0);\">VOLAN je mo\u017eno pla\u010dili le preko predr\u010duna, celotni znesek ali 10% avansa, na odkupnino jih ne po\u0161iljamo, hvala za razumevanje, in posledi\u010dno \u010de je pla\u010dilo na na\u0161 TRR ra\u010dun imate zagotovljeno po\u0161tnino le 2EUR!<\/strong><\/p>\n<p>&nbsp;<\/p>\n<p><strong style=\"font-family: Arial, Helvetica, sans-serif; font-size: 12px; line-height: 18px; color: rgb(255, 0, 0);\">Ve\u010d info SLO KASNEJE!<\/strong><\/p>\n<p>&nbsp;<\/p>\n<p>&nbsp;<\/p>\n<ul class=\"bonus-items\" style=\"box-sizing: border-box; -webkit-tap-highlight-color: rgba(0, 0, 0, 0); padding-right: 0px; padding-left: 0px; margin: 0px; list-style: none outside none; color: rgb(55, 55, 55); font-family: Lato, Arial, 'Helvetica Neue', Helvetica, sans-serif; font-size: 14px; line-height: 21px;\">\n<li class=\"offer-item\" style=\"box-sizing: border-box; -webkit-tap-highlight-color: rgba(0, 0, 0, 0);\">\n<p class=\"offer-title\" style=\"box-sizing: border-box; -webkit-tap-highlight-color: rgba(0, 0, 0, 0); margin: 0px 0px 10.5px; color: rgb(203, 24, 41);\">NEW! OUT NOW!<\/p>\n<\/li>\n<\/ul>\n<div class=\"short-description\" style=\"box-sizing: border-box; -webkit-tap-highlight-color: rgba(0, 0, 0, 0); color: rgb(55, 55, 55); font-family: Lato, Arial, 'Helvetica Neue', Helvetica, sans-serif; font-size: 14px; line-height: 21px;\">\n<p style=\"box-sizing: border-box; -webkit-tap-highlight-color: rgba(0, 0, 0, 0); margin: 0px 0px 10.5px;\">The Logitech G920 Driving Force Wheel for Xbox and PC is the definitive wheel controller for hardcore gamers. With quality materials and construction, force feedback, easy access game controls, and responsive pedal unit, gamers will love racing for first place with the G920 wheel.<\/p>\n<\/div>\n<p class=\"a-center\" style=\"box-sizing: border-box; -webkit-tap-highlight-color: rgba(0, 0, 0, 0); margin: 0px 0px 10.5px; text-align: center; color: rgb(55, 55, 55); font-family: Lato, Arial, 'Helvetica Neue', Helvetica, sans-serif; font-size: 14px; line-height: 21px;\">&nbsp;<\/p>\n<div class=\"description long-description collapse collapse-sm\" style=\"box-sizing: border-box; -webkit-tap-highlight-color: rgba(0, 0, 0, 0); color: rgb(55, 55, 55); font-family: Lato, Arial, 'Helvetica Neue', Helvetica, sans-serif; font-size: 14px; line-height: 21px; height: auto !important;\">\n<h6 style=\"box-sizing: border-box; -webkit-tap-highlight-color: rgba(0, 0, 0, 0); margin: 10.5px 0px; font-weight: 700; line-height: 1.2; text-rendering: optimizeLegibility; font-size: 14px;\">Key Features<\/h6>\n<ul style=\"box-sizing: border-box; -webkit-tap-highlight-color: rgba(0, 0, 0, 0); padding-right: 0px; padding-left: 0px; margin: 0px 0px 10.5px 25px;\">\n<li style=\"box-sizing: border-box; -webkit-tap-highlight-color: rgba(0, 0, 0, 0);\">The G920 is built to withstand long gaming sessions and aggressive steering, with solid steel ball bearings and stainless steel paddle shifters and pedals. The wheel is crafted with high quality, hand-stitched leather for comfortable, precise racing.<\/li>\n<li style=\"box-sizing: border-box; -webkit-tap-highlight-color: rgba(0, 0, 0, 0);\">Featuring helical gearing inspired by automotive transmission, the Logitech racing wheel minimises unwanted noise and vibrations when turning, and is fitted with anti-backlash technology so the wheel and pedals are tight and precisely register your moves.<\/li>\n<li style=\"box-sizing: border-box; -webkit-tap-highlight-color: rgba(0, 0, 0, 0);\">The Logitech G920 controls can be easily reached by your fingers so you can focus on the road while adjusting some settings.<\/li>\n<\/ul>\n<\/div>\n<div class=\"l_mgn-tb-sm\" style=\"box-sizing: border-box; -webkit-tap-highlight-color: rgba(0, 0, 0, 0); margin-top: 10.5px; margin-bottom: 10.5px; color: rgb(55, 55, 55); font-family: Lato, Arial, 'Helvetica Neue', Helvetica, sans-serif; font-size: 14px; line-height: 21px;\">&nbsp;<\/div>\n<div class=\"product-packcontents\" style=\"box-sizing: border-box; -webkit-tap-highlight-color: rgba(0, 0, 0, 0); color: rgb(55, 55, 55); font-family: Lato, Arial, 'Helvetica Neue', Helvetica, sans-serif; font-size: 14px; line-height: 21px;\">\n<h3 class=\"tb\" style=\"box-sizing: border-box; -webkit-tap-highlight-color: rgba(0, 0, 0, 0); margin: 10.5px 0px; line-height: 1.2; text-rendering: optimizeLegibility; font-size: 24.5px;\">What&#8217;s In The Box?<\/h3>\n<div class=\"content\" style=\"box-sizing: border-box; -webkit-tap-highlight-color: rgba(0, 0, 0, 0);\">\n<p style=\"box-sizing: border-box; -webkit-tap-highlight-color: rgba(0, 0, 0, 0); margin: 0px 0px 10.5px;\">Steering wheel<br style=\"box-sizing: border-box; -webkit-tap-highlight-color: rgba(0, 0, 0, 0);\" \/><br \/>\nPedals Power&nbsp;<br style=\"box-sizing: border-box; -webkit-tap-highlight-color: rgba(0, 0, 0, 0);\" \/><br \/>\nAdapter&nbsp;<br style=\"box-sizing: border-box; -webkit-tap-highlight-color: rgba(0, 0, 0, 0);\" \/><br \/>\nUser documentation<\/p>\n<\/div>\n<\/div>\n<p><iframe allowfullscreen=\"\" frameborder=\"0\" height=\"315\" src=\"https:\/\/www.youtube.com\/embed\/sUMOOLbbsKA\" width=\"560\"><\/iframe><iframe allowfullscreen=\"\" frameborder=\"0\" height=\"315\" src=\"https:\/\/www.youtube.com\/embed\/6CPF6vytyWQ\" width=\"560\"><\/iframe><iframe allowfullscreen=\"\" frameborder=\"0\" height=\"315\" src=\"https:\/\/www.youtube.com\/embed\/vSumhRoIlPg\" width=\"560\"><\/iframe><\/p>\n<p>&nbsp;<\/p>\n<p><img src=\"http:\/\/www.xboxdynasty.de\/images\/media\/screenshot2\/Logitech-G920-Driving-Force_xboxdynasty_1434015396_6.jpg\" \/><\/p>","protected":false},"excerpt":{"rendered":"<p>Logitech G920 Driving Force XBOX ONE PC<\/p>","protected":false},"featured_media":2119,"comment_status":"closed","ping_status":"closed","template":"","meta":[],"yoast_head":"<!-- This site is optimized with the Yoast SEO plugin v16.3 - https:\/\/yoast.com\/wordpress\/plugins\/seo\/ -->\n<title>Logitech G920 Driving Force XBOX ONE PC -<\/title>\n<meta name=\"robots\" content=\"index, follow, max-snippet:-1, max-image-preview:large, max-video-preview:-1\" \/>\n<link rel=\"canonical\" href=\"https:\/\/simracing.si\/en_us\/product\/logitech-g920-driving-force-xbox-one-pc\/\" \/>\n<meta property=\"og:locale\" content=\"en_US\" \/>\n<meta property=\"og:type\" content=\"article\" \/>\n<meta property=\"og:title\" content=\"Logitech G920 Driving Force XBOX ONE PC -\" \/>\n<meta property=\"og:description\" content=\"Logitech G920 Driving Force XBOX ONE PC\" \/>\n<meta property=\"og:url\" content=\"https:\/\/simracing.si\/en_us\/product\/logitech-g920-driving-force-xbox-one-pc\/\" \/>\n<meta property=\"article:modified_time\" content=\"2020-05-19T14:00:49+00:00\" \/>\n<meta property=\"og:image\" content=\"https:\/\/simracing.si\/wp-content\/uploads\/2020\/04\/g299.jpg\" \/>\n\t<meta property=\"og:image:width\" content=\"570\" \/>\n\t<meta property=\"og:image:height\" content=\"513\" \/>\n<meta name=\"twitter:card\" content=\"summary_large_image\" \/>\n<meta name=\"twitter:label1\" content=\"Est. reading time\">\n\t<meta name=\"twitter:data1\" content=\"1 minute\">\n<script type=\"application\/ld+json\" class=\"yoast-schema-graph\">{\"@context\":\"https:\/\/schema.org\",\"@graph\":[{\"@type\":\"WebSite\",\"@id\":\"https:\/\/simracing.si\/#website\",\"url\":\"https:\/\/simracing.si\/\",\"name\":\"\",\"description\":\"\",\"potentialAction\":[{\"@type\":\"SearchAction\",\"target\":\"https:\/\/simracing.si\/?s={search_term_string}\",\"query-input\":\"required name=search_term_string\"}],\"inLanguage\":\"en-US\"},{\"@type\":\"ImageObject\",\"@id\":\"https:\/\/simracing.si\/en_us\/product\/logitech-g920-driving-force-xbox-one-pc\/#primaryimage\",\"inLanguage\":\"en-US\",\"url\":\"https:\/\/simracing.si\/wp-content\/uploads\/2020\/04\/g299.jpg\",\"contentUrl\":\"https:\/\/simracing.si\/wp-content\/uploads\/2020\/04\/g299.jpg\",\"width\":570,\"height\":513},{\"@type\":\"WebPage\",\"@id\":\"https:\/\/simracing.si\/en_us\/product\/logitech-g920-driving-force-xbox-one-pc\/#webpage\",\"url\":\"https:\/\/simracing.si\/en_us\/product\/logitech-g920-driving-force-xbox-one-pc\/\",\"name\":\"Logitech G920 Driving Force XBOX ONE PC -\",\"isPartOf\":{\"@id\":\"https:\/\/simracing.si\/#website\"},\"primaryImageOfPage\":{\"@id\":\"https:\/\/simracing.si\/en_us\/product\/logitech-g920-driving-force-xbox-one-pc\/#primaryimage\"},\"datePublished\":\"2020-04-30T17:28:02+00:00\",\"dateModified\":\"2020-05-19T14:00:49+00:00\",\"breadcrumb\":{\"@id\":\"https:\/\/simracing.si\/en_us\/product\/logitech-g920-driving-force-xbox-one-pc\/#breadcrumb\"},\"inLanguage\":\"en-US\",\"potentialAction\":[{\"@type\":\"ReadAction\",\"target\":[\"https:\/\/simracing.si\/en_us\/product\/logitech-g920-driving-force-xbox-one-pc\/\"]}]},{\"@type\":\"BreadcrumbList\",\"@id\":\"https:\/\/simracing.si\/en_us\/product\/logitech-g920-driving-force-xbox-one-pc\/#breadcrumb\",\"itemListElement\":[{\"@type\":\"ListItem\",\"position\":1,\"item\":{\"@type\":\"WebPage\",\"@id\":\"https:\/\/simracing.si\/\",\"url\":\"https:\/\/simracing.si\/\",\"name\":\"Home\"}},{\"@type\":\"ListItem\",\"position\":2,\"item\":{\"@type\":\"WebPage\",\"@id\":\"https:\/\/simracing.si\/home\/product-category\/\",\"url\":\"https:\/\/simracing.si\/home\/product-category\/\",\"name\":\"Izdelki\"}},{\"@type\":\"ListItem\",\"position\":3,\"item\":{\"@id\":\"https:\/\/simracing.si\/en_us\/product\/logitech-g920-driving-force-xbox-one-pc\/#webpage\"}}]}]}<\/script>\n<!-- \/ Yoast SEO plugin. -->","_links":{"self":[{"href":"https:\/\/simracing.si\/en_us\/wp-json\/wp\/v2\/product\/1937"}],"collection":[{"href":"https:\/\/simracing.si\/en_us\/wp-json\/wp\/v2\/product"}],"about":[{"href":"https:\/\/simracing.si\/en_us\/wp-json\/wp\/v2\/types\/product"}],"replies":[{"embeddable":true,"href":"https:\/\/simracing.si\/en_us\/wp-json\/wp\/v2\/comments?post=1937"}],"version-history":[{"count":1,"href":"https:\/\/simracing.si\/en_us\/wp-json\/wp\/v2\/product\/1937\/revisions"}],"predecessor-version":[{"id":2428,"href":"https:\/\/simracing.si\/en_us\/wp-json\/wp\/v2\/product\/1937\/revisions\/2428"}],"wp:featuredmedia":[{"embeddable":true,"href":"https:\/\/simracing.si\/en_us\/wp-json\/wp\/v2\/media\/2119"}],"wp:attachment":[{"href":"https:\/\/simracing.si\/en_us\/wp-json\/wp\/v2\/media?parent=1937"}],"curies":[{"name":"wp","href":"https:\/\/api.w.org\/{rel}","templated":true}]}}