{"id":1927,"date":"2020-04-30T18:27:52","date_gmt":"2020-04-30T17:27:52","guid":{"rendered":"https:\/\/simracing.si\/product\/thrustmaster-t300-rs-racing-wheel-ps4-ps3\/"},"modified":"2020-05-19T16:03:10","modified_gmt":"2020-05-19T14:03:10","slug":"thrustmaster-t300-rs-racing-wheel-ps4-ps3","status":"publish","type":"product","link":"https:\/\/simracing.si\/en_us\/product\/thrustmaster-t300-rs-racing-wheel-ps4-ps3\/","title":{"rendered":"Thrustmaster T300 RS Racing Wheel PS4 PS3"},"content":{"rendered":"<p><span style=\"color:#FF0000;\"><strong>Na zalogi v decembru 2014<\/strong><\/span><\/p>\n<p>&nbsp;<\/p>\n<p><strong><span style=\"color: rgb(0, 0, 0); font-family: Arial, Helvetica, sans-serif; font-size: 12px; line-height: 18px;\">Vrhunski &nbsp;volan za Playstation 3 igralno konzolo in igro serije Gran Turismo 5 ali 6, odli\u010den tudi za PS4, volan bo imel podporo za Gran Turismo&nbsp;7, enako odli\u010dno deluje na PC osebnem ra\u010dunalniku primeren za igre (RBR, GT1,2,3, GTR EVO, ASSETO CORSA, F1, IRACING in ostalo), odli\u010den in mo\u010dan novi izbolj\u0161a FFB na\u010din delovanja, replika F volana.<\/span><\/strong><\/p>\n<p>&nbsp;<\/p>\n<p><strong><span style=\"color: rgb(0, 0, 0); font-family: Arial, Helvetica, sans-serif; font-size: 12px; line-height: 18px;\">24 mese\u010dna garancija<\/span><\/strong><\/p>\n<p><iframe allowfullscreen=\"\" frameborder=\"0\" height=\"315\" src=\"\/\/www.youtube.com\/embed\/mk1ofKBzCgU\" width=\"560\"><\/iframe><\/p>\n<p>&nbsp;<\/p>\n<p>&nbsp;<\/p>\n<p style=\"margin: 20px 0px 0px; padding: 0px; border: 0px; outline: 0px; vertical-align: top; font-size: 12px; line-height: normal; color: rgb(153, 153, 153); font-family: Arial, Arial, Helvetica, sans-serif; background: rgb(245, 245, 245);\"><span style=\"margin: 0px; padding: 0px; border: 0px; outline: 0px; vertical-align: baseline; color: rgb(0, 0, 0); background: transparent;\"><strong style=\"margin: 0px; padding: 0px; border: 0px; outline: 0px; vertical-align: top; background: transparent;\">The very latest technologies available<\/strong><\/span><\/p>\n<p><span style=\"margin: 0px; padding: 0px; border: 0px; outline: 0px; vertical-align: baseline; color: rgb(0, 0, 0); background: transparent;\">Thrustmaster accompanies virtual racers through their learning curve in terms of experience with the T300 RS, as this simulator lets gamers really take the plunge into the world of racing, and hone their driving skills for better performance. To achieve this, under the hood there\u2019s nothing less than a genuine brushless industrial Force Feedback motor (with frictionless action), combined with a new 1080\u00b0 dual-belt system to deliver super-smooth and quiet Force Feedback with incredibly responsive, realistic Force effects. Thrustmaster\u2019s development teams have added precision to the motor\u2019s impressive capabilities by incorporating H.E.A.R.T HallEffect AccuRate Technology\u00ae, featuring a contactless magnetic sensor: this provides 16-bit resolution, for 65,536 values on the wheel\u2019s steering. The T300 RS also features an internal memory, upgradable firmware so that users will always have access to the latest improvements via the wheel\u2019s PC compatibility, and a PS4\/PS3 sliding switch on its base for optimal compatibility with both systems.<\/span><\/p>\n<p style=\"margin: 20px 0px 0px; padding: 0px; border: 0px; outline: 0px; vertical-align: top; font-size: 12px; line-height: normal; color: rgb(153, 153, 153); font-family: Arial, Arial, Helvetica, sans-serif; background: rgb(245, 245, 245);\">&nbsp;<\/p>\n<p style=\"margin: 20px 0px 0px; padding: 0px; border: 0px; outline: 0px; vertical-align: top; font-size: 12px; line-height: normal; color: rgb(153, 153, 153); font-family: Arial, Arial, Helvetica, sans-serif; background: rgb(245, 245, 245);\"><span style=\"margin: 0px; padding: 0px; border: 0px; outline: 0px; vertical-align: baseline; color: rgb(0, 0, 0); background: transparent;\"><strong style=\"margin: 0px; padding: 0px; border: 0px; outline: 0px; vertical-align: top; background: transparent;\">Detachable wheel, adjustable pedal set and modular product ecosystem<\/strong><\/span><\/p>\n<p style=\"margin: 20px 0px 0px; padding: 0px; border: 0px; outline: 0px; vertical-align: top; font-size: 12px; line-height: normal; color: rgb(153, 153, 153); font-family: Arial, Arial, Helvetica, sans-serif; background: rgb(245, 245, 245);\">\n<span style=\"margin: 0px; padding: 0px; border: 0px; outline: 0px; vertical-align: baseline; color: rgb(0, 0, 0); background: transparent;\">The T300 RS includes a detachable wheel, featuring the Thrustmaster Quick Release system: the wheel measures 28 cm \/ 11 inches in diameter, with brushed metal central spokes. Its official PS4 buttons (PS, SHARE, OPTIONS) let users access the system\u2019s new social functions at any time. The T300 RS weighs in at approximately 1.2 kg \/ 2.6 lbs, for ultra-realistic inertia and Force Feedback. The wheel\u2019s entire circumference features reinforced textured rubber cladding, for the ultimate in comfort. 2 large sequential paddle shifters are attached to the wheel: they\u2019re 13 cm \/ 5 inches in height for easy access, and 100% metal. The wheel\u2019s angle of rotation can be adjusted from 270\u00b0 to 1080\u00b0, depending on the type of vehicle being driven in the game! What\u2019s more, the wheel is interchangable with other Thrustmaster wheels (the Ferrari F1 Wheel Add-on*, Ferrari GTE Wheel Add-on* and T500 RS* GT Wheel). The T300 RS\u2019s pedal set features metal pedals with a long range of travel, which are fully adjustable in both height and spacing \u2013 with 6 different possible positions per pedal. The brake pedal even features progressive resistance.<\/span><\/p>\n<p style=\"margin: 20px 0px 0px; padding: 0px; border: 0px; outline: 0px; vertical-align: top; font-size: 12px; line-height: normal; color: rgb(153, 153, 153); font-family: Arial, Arial, Helvetica, sans-serif; background: rgb(245, 245, 245);\">\n<span style=\"margin: 0px; padding: 0px; border: 0px; outline: 0px; vertical-align: baseline; color: rgb(0, 0, 0); background: transparent;\">The T300 RS is also compatible with the Base Fixed Paddle Shifters kit* (allowing users to install stationary paddle shifters on the wheel\u2019s base), Thrustmaster\u2019s 3-pedal pedal sets (T3PA* and T500 RS*), and the TH8A* and TH8RS* shifters.<\/span><\/p>","protected":false},"excerpt":{"rendered":"<p>Thrustmaster T300 RS Racing Wheel PS4 PS3<\/p>","protected":false},"featured_media":2109,"comment_status":"closed","ping_status":"open","template":"","meta":[],"yoast_head":"<!-- This site is optimized with the Yoast SEO plugin v16.3 - https:\/\/yoast.com\/wordpress\/plugins\/seo\/ -->\n<title>Thrustmaster T300 RS Racing Wheel PS4 PS3 -<\/title>\n<meta name=\"robots\" content=\"index, follow, max-snippet:-1, max-image-preview:large, max-video-preview:-1\" \/>\n<link rel=\"canonical\" href=\"http:\/\/simracing.si\/en_us\/product\/thrustmaster-t300-rs-racing-wheel-ps4-ps3\/\" \/>\n<meta property=\"og:locale\" content=\"en_US\" \/>\n<meta property=\"og:type\" content=\"article\" \/>\n<meta property=\"og:title\" content=\"Thrustmaster T300 RS Racing Wheel PS4 PS3 -\" \/>\n<meta property=\"og:description\" content=\"Thrustmaster T300 RS Racing Wheel PS4 PS3\" \/>\n<meta property=\"og:url\" content=\"http:\/\/simracing.si\/en_us\/product\/thrustmaster-t300-rs-racing-wheel-ps4-ps3\/\" \/>\n<meta property=\"article:modified_time\" content=\"2020-05-19T14:03:10+00:00\" \/>\n<meta property=\"og:image\" content=\"https:\/\/simracing.si\/wp-content\/uploads\/2020\/04\/ht1.jpg\" \/>\n\t<meta property=\"og:image:width\" content=\"600\" \/>\n\t<meta property=\"og:image:height\" content=\"600\" \/>\n<meta name=\"twitter:card\" content=\"summary_large_image\" \/>\n<meta name=\"twitter:label1\" content=\"Est. reading time\">\n\t<meta name=\"twitter:data1\" content=\"2 minutes\">\n<script type=\"application\/ld+json\" class=\"yoast-schema-graph\">{\"@context\":\"https:\/\/schema.org\",\"@graph\":[{\"@type\":\"WebSite\",\"@id\":\"https:\/\/simracing.si\/#website\",\"url\":\"https:\/\/simracing.si\/\",\"name\":\"\",\"description\":\"\",\"potentialAction\":[{\"@type\":\"SearchAction\",\"target\":\"https:\/\/simracing.si\/?s={search_term_string}\",\"query-input\":\"required name=search_term_string\"}],\"inLanguage\":\"en-US\"},{\"@type\":\"ImageObject\",\"@id\":\"http:\/\/simracing.si\/en_us\/product\/thrustmaster-t300-rs-racing-wheel-ps4-ps3\/#primaryimage\",\"inLanguage\":\"en-US\",\"url\":\"https:\/\/simracing.si\/wp-content\/uploads\/2020\/04\/ht1.jpg\",\"contentUrl\":\"https:\/\/simracing.si\/wp-content\/uploads\/2020\/04\/ht1.jpg\",\"width\":600,\"height\":600},{\"@type\":\"WebPage\",\"@id\":\"http:\/\/simracing.si\/en_us\/product\/thrustmaster-t300-rs-racing-wheel-ps4-ps3\/#webpage\",\"url\":\"http:\/\/simracing.si\/en_us\/product\/thrustmaster-t300-rs-racing-wheel-ps4-ps3\/\",\"name\":\"Thrustmaster T300 RS Racing Wheel PS4 PS3 -\",\"isPartOf\":{\"@id\":\"https:\/\/simracing.si\/#website\"},\"primaryImageOfPage\":{\"@id\":\"http:\/\/simracing.si\/en_us\/product\/thrustmaster-t300-rs-racing-wheel-ps4-ps3\/#primaryimage\"},\"datePublished\":\"2020-04-30T17:27:52+00:00\",\"dateModified\":\"2020-05-19T14:03:10+00:00\",\"breadcrumb\":{\"@id\":\"http:\/\/simracing.si\/en_us\/product\/thrustmaster-t300-rs-racing-wheel-ps4-ps3\/#breadcrumb\"},\"inLanguage\":\"en-US\",\"potentialAction\":[{\"@type\":\"ReadAction\",\"target\":[\"http:\/\/simracing.si\/en_us\/product\/thrustmaster-t300-rs-racing-wheel-ps4-ps3\/\"]}]},{\"@type\":\"BreadcrumbList\",\"@id\":\"http:\/\/simracing.si\/en_us\/product\/thrustmaster-t300-rs-racing-wheel-ps4-ps3\/#breadcrumb\",\"itemListElement\":[{\"@type\":\"ListItem\",\"position\":1,\"item\":{\"@type\":\"WebPage\",\"@id\":\"https:\/\/simracing.si\/\",\"url\":\"https:\/\/simracing.si\/\",\"name\":\"Home\"}},{\"@type\":\"ListItem\",\"position\":2,\"item\":{\"@type\":\"WebPage\",\"@id\":\"https:\/\/simracing.si\/home\/product-category\/\",\"url\":\"https:\/\/simracing.si\/home\/product-category\/\",\"name\":\"Izdelki\"}},{\"@type\":\"ListItem\",\"position\":3,\"item\":{\"@id\":\"http:\/\/simracing.si\/en_us\/product\/thrustmaster-t300-rs-racing-wheel-ps4-ps3\/#webpage\"}}]}]}<\/script>\n<!-- \/ Yoast SEO plugin. -->","_links":{"self":[{"href":"https:\/\/simracing.si\/en_us\/wp-json\/wp\/v2\/product\/1927"}],"collection":[{"href":"https:\/\/simracing.si\/en_us\/wp-json\/wp\/v2\/product"}],"about":[{"href":"https:\/\/simracing.si\/en_us\/wp-json\/wp\/v2\/types\/product"}],"replies":[{"embeddable":true,"href":"https:\/\/simracing.si\/en_us\/wp-json\/wp\/v2\/comments?post=1927"}],"version-history":[{"count":1,"href":"https:\/\/simracing.si\/en_us\/wp-json\/wp\/v2\/product\/1927\/revisions"}],"predecessor-version":[{"id":2438,"href":"https:\/\/simracing.si\/en_us\/wp-json\/wp\/v2\/product\/1927\/revisions\/2438"}],"wp:featuredmedia":[{"embeddable":true,"href":"https:\/\/simracing.si\/en_us\/wp-json\/wp\/v2\/media\/2109"}],"wp:attachment":[{"href":"https:\/\/simracing.si\/en_us\/wp-json\/wp\/v2\/media?parent=1927"}],"curies":[{"name":"wp","href":"https:\/\/api.w.org\/{rel}","templated":true}]}}