{"id":1926,"date":"2020-04-30T18:27:52","date_gmt":"2020-04-30T17:27:52","guid":{"rendered":"https:\/\/simracing.si\/product\/thrustmaster-t80-racing-wheel-ps4-officially-licensed-uradni-volan-za-ps4-playstation4\/"},"modified":"2021-02-23T09:58:01","modified_gmt":"2021-02-23T07:58:01","slug":"thrustmaster-t80-racing-wheel-ps4-officially-licensed-uradni-volan-za-ps4-playstation4","status":"publish","type":"product","link":"https:\/\/simracing.si\/en_us\/product\/thrustmaster-t80-racing-wheel-ps4-officially-licensed-uradni-volan-za-ps4-playstation4\/","title":{"rendered":"Thrustmaster T80 Racing Wheel \u2013 PS4 OFFICIALLY LICENSED"},"content":{"rendered":"<p style=\"margin: 20px 0px 0px;padding: 0px;border: 0px;vertical-align: top;font-size: 12px;line-height: normal;color: #999999;font-family: Arial, Arial, Helvetica, sans-serif;background: #f5f5f5\"><span style=\"color: #000000\"><strong>Nov model volana, sestavlejn in testiran na PS4 igralni konzoli oz serija narejna za PS4 igralno konzolo, za najnovej\u0161e igre, katere \u0161ele pridejo.<\/strong><\/span><\/p>\n<p style=\"margin: 20px 0px 0px;padding: 0px;border: 0px;vertical-align: top;font-size: 12px;line-height: normal;color: #999999;font-family: Arial, Arial, Helvetica, sans-serif;background: #f5f5f5\"><span style=\"color: #000000\"><strong>Volan ima na sebi 11 tipk, 25 cm veli\u010dine obro\u010d volana, primeren za vse za\u010detnike, cenovno ugoden in zanimiv volan.<\/strong><\/span><\/p>\n<p style=\"margin: 20px 0px 0px;padding: 0px;border: 0px;vertical-align: top;font-size: 12px;line-height: normal;color: #999999;font-family: Arial, Arial, Helvetica, sans-serif;background: #f5f5f5\">\n<p style=\"margin: 20px 0px 0px;padding: 0px;border: 0px;vertical-align: top;font-size: 12px;line-height: normal;color: #999999;font-family: Arial, Arial, Helvetica, sans-serif;background: #f5f5f5\"><span style=\"color: #000000\"><strong>24 mese\u010dna garancija<\/strong><\/span><\/p>\n<p style=\"margin: 20px 0px 0px;padding: 0px;border: 0px;vertical-align: top;font-size: 12px;line-height: normal;color: #999999;font-family: Arial, Arial, Helvetica, sans-serif;background: #f5f5f5\"><span style=\"color: #000000\"><strong>Opis ANG in Slo spodaj, sicer slab prevod.<\/strong><\/span><\/p>\n<p style=\"margin: 20px 0px 0px;padding: 0px;border: 0px;vertical-align: top;font-size: 12px;line-height: normal;color: #999999;font-family: Arial, Arial, Helvetica, sans-serif;background: #f5f5f5\"><span style=\"color: #000000\"><strong>\u200b<\/strong><\/span><\/p>\n<p style=\"margin: 20px 0px 0px;padding: 0px;border: 0px;vertical-align: top;font-size: 12px;line-height: normal;color: #999999;font-family: Arial, Arial, Helvetica, sans-serif;background: #f5f5f5\"><span style=\"margin: 0px;padding: 0px;border: 0px;vertical-align: baseline;color: #000000;background: transparent\">A racing wheel designed by Thrustmaster has two purposes \u2013 to enable users to experience sensations that are even more realistic than with a controller and to provide them with a device that will hone their racing performance. The T80 Racing Wheel fully complies with this approach.\u00a0<\/span><\/p>\n<p style=\"margin: 20px 0px 0px;padding: 0px;border: 0px;vertical-align: top;font-size: 12px;line-height: normal;color: #999999;font-family: Arial, Arial, Helvetica, sans-serif;background: #f5f5f5\"><span style=\"margin: 0px;padding: 0px;border: 0px;vertical-align: baseline;color: #000000;background: transparent\">Designed for the PS4 system and compatible with the PS3 System the T80 Racing Wheel offers Plug &amp; Play connectivity with the forthcoming next-gen console, and provides specific features such as official SHARE, OPTIONS and PS buttons, directly accessible on the racing wheel. In addition, Thrustmaster&#8217;s considerable experience with the PS3 ensures the same high level of gameplay with this system.<\/span><\/p>\n<p style=\"margin: 20px 0px 0px;padding: 0px;border: 0px;vertical-align: top;font-size: 12px;line-height: normal;color: #999999;font-family: Arial, Arial, Helvetica, sans-serif;background: #f5f5f5\"><span style=\"margin: 0px;padding: 0px;border: 0px;vertical-align: baseline;color: #000000;background: transparent\">\u00a0<\/span><\/p>\n<p style=\"margin: 20px 0px 0px;padding: 0px;border: 0px;vertical-align: top;font-size: 12px;line-height: normal;color: #999999;font-family: Arial, Arial, Helvetica, sans-serif;background: #f5f5f5\"><span style=\"margin: 0px;padding: 0px;border: 0px;vertical-align: baseline;color: #000000;background: transparent\"><strong style=\"margin: 0px;padding: 0px;border: 0px;vertical-align: top;background: transparent\">All the equipment you need to close the fastest laps:<\/strong><\/span><\/p>\n<p style=\"margin: 20px 0px 0px;padding: 0px;border: 0px;vertical-align: top;font-size: 12px;line-height: normal;color: #999999;font-family: Arial, Arial, Helvetica, sans-serif;background: #f5f5f5\">\n<p style=\"margin: 20px 0px 0px;padding: 0px;border: 0px;vertical-align: top;font-size: 12px;line-height: normal;color: #999999;font-family: Arial, Arial, Helvetica, sans-serif;background: #f5f5f5\"><span style=\"margin: 0px;padding: 0px;border: 0px;vertical-align: baseline;color: #000000;background: transparent\">The T80 Racing Wheel combines great comfort with comprehensive equipment. The device&#8217;s 25 cm \/ 12 in. diameter wheel and rubber-textured cladding offer superior grip \u2013 a feature that all players will enjoy during long-lasting racing sessions. The racing wheel is also equipped with 11 action buttons, a D-pad, wheel-mounted sequential paddle shifters and a large pedal set with adjustable pedals.<\/span><\/p>\n<p style=\"margin: 20px 0px 0px;padding: 0px;border: 0px;vertical-align: top;font-size: 12px;line-height: normal;color: #999999;font-family: Arial, Arial, Helvetica, sans-serif;background: #f5f5f5\"><span style=\"margin: 0px;padding: 0px;border: 0px;vertical-align: baseline;color: #000000;background: transparent\">\u00a0<\/span><\/p>\n<p style=\"margin: 20px 0px 0px;padding: 0px;border: 0px;vertical-align: top;font-size: 12px;line-height: normal;color: #999999;font-family: Arial, Arial, Helvetica, sans-serif;background: #f5f5f5\"><span style=\"margin: 0px;padding: 0px;border: 0px;vertical-align: baseline;color: #000000;background: transparent\">The T80 Racing Wheel&#8217;s adjustable sensitivity ensures a more precise control, whatever the driving style. The handling remains smooth in all circumstances, thanks to the racing wheel&#8217;s realistic linear resistance, delivered by Thrustmaster&#8217;s exclusive Bungee Cord technology and the automatic re-centering feature.<\/span><\/p>\n<p>&nbsp;<\/p>\n<p>Racing VOLAN je\u00a0\u00a0zasnoval THRUSTMASTER , kateri ima dva namena &#8211; omogo\u010diti uporabnikom, da izkusijo ob\u010dutke, ki so \u0161e bolj realisti\u010dni, kot s krmilnikom in jih zagotavljajo z napravo, ki bo Brusimo svoje dirka\u0161ko u\u010dinkovitost.T80 Racing Wheel je popolnoma v skladu s tem pristopom.<br \/>\nOblikovan za sistem PS4 in zdru\u017eljiva s sistemom PS3 T80 Racing Wheel ponuja Plug &amp; Play povezljivost s prihodnjim naslednje gen konzolo, in zagotavlja posebne funkcije, kot so uradni dele\u017e, mo\u017enosti in PS gumbi, neposredno dostopni na dirkalni volan. Poleg tega THRUSTMASTER je precej\u0161nje izku\u0161nje s PS3 zagotavlja enako visoko raven igranja s tem sistemom.<\/p>\n<p>Vse naprave morate zapreti najhitrej\u0161e kroge:<\/p>\n<p>T80 Racing Wheel zdru\u017euje veliko udobja s celovito opremo. Naprava je 25 cm \/ 12 v premer koles in gume teksturo obloge ponudba superior grip -. Funkcija, da bodo vsi igralci u\u017eivajo med dolgotrajnimi racing sejah.Racing kolo je opremljen tudi z 11 akcijskih gumbov, D-pad, kolesa name\u0161\u010dena zaporedno veslo preklopniki in velik pedal nastavite z nastavljivimi stopalkami.<\/p>\n<p>V T80 Racing Wheel je nastavljiva ob\u010dutljivost zagotavlja bolj natan\u010den nadzor, ne glede na stil vo\u017enje.Ravnanje ostane gladka v vseh okoli\u0161\u010dinah, zahvaljujo\u010d realisti\u010dno linearnega upora Racing platisca, ki jih ekskluzivno tehnologijo Bungee Cord THRUSTMASTER je in samodejno ponovno centriranje funkcijo dostavljeno.<\/p>","protected":false},"excerpt":{"rendered":"<p>Thrustmaster T80 Racing Wheel \u2013 PS4 OFFICIALLY LICENSED<\/p>","protected":false},"featured_media":2108,"comment_status":"closed","ping_status":"closed","template":"","meta":[],"yoast_head":"<!-- This site is optimized with the Yoast SEO plugin v16.3 - https:\/\/yoast.com\/wordpress\/plugins\/seo\/ -->\n<title>Thrustmaster T80 Racing Wheel - PS4 OFFICIALLY LICENSED Uradni volan za PS4 Playstation4 -<\/title>\n<meta name=\"robots\" content=\"index, follow, max-snippet:-1, max-image-preview:large, max-video-preview:-1\" \/>\n<link rel=\"canonical\" href=\"https:\/\/simracing.si\/en_us\/product\/thrustmaster-t80-racing-wheel-ps4-officially-licensed-uradni-volan-za-ps4-playstation4\/\" \/>\n<meta property=\"og:locale\" content=\"en_US\" \/>\n<meta property=\"og:type\" content=\"article\" \/>\n<meta property=\"og:title\" content=\"Thrustmaster T80 Racing Wheel - PS4 OFFICIALLY LICENSED Uradni volan za PS4 Playstation4 -\" \/>\n<meta property=\"og:description\" content=\"Thrustmaster T80 Racing Wheel - PS4 OFFICIALLY LICENSED Uradni volan za PS4 Playstation4\" \/>\n<meta property=\"og:url\" content=\"https:\/\/simracing.si\/en_us\/product\/thrustmaster-t80-racing-wheel-ps4-officially-licensed-uradni-volan-za-ps4-playstation4\/\" \/>\n<meta property=\"article:modified_time\" content=\"2021-02-23T07:58:01+00:00\" \/>\n<meta property=\"og:image\" content=\"https:\/\/simracing.si\/wp-content\/uploads\/2020\/04\/LK5.jpg\" \/>\n\t<meta property=\"og:image:width\" content=\"600\" \/>\n\t<meta property=\"og:image:height\" content=\"600\" \/>\n<meta name=\"twitter:card\" content=\"summary_large_image\" \/>\n<meta name=\"twitter:label1\" content=\"Est. reading time\">\n\t<meta name=\"twitter:data1\" content=\"2 minutes\">\n<script type=\"application\/ld+json\" class=\"yoast-schema-graph\">{\"@context\":\"https:\/\/schema.org\",\"@graph\":[{\"@type\":\"WebSite\",\"@id\":\"https:\/\/simracing.si\/#website\",\"url\":\"https:\/\/simracing.si\/\",\"name\":\"\",\"description\":\"\",\"potentialAction\":[{\"@type\":\"SearchAction\",\"target\":\"https:\/\/simracing.si\/?s={search_term_string}\",\"query-input\":\"required name=search_term_string\"}],\"inLanguage\":\"en-US\"},{\"@type\":\"ImageObject\",\"@id\":\"https:\/\/simracing.si\/sl_si\/izdelek\/thrustmaster-t80-racing-wheel-ps4-officially-licensed-uradni-volan-za-ps4-playstation4\/#primaryimage\",\"inLanguage\":\"en-US\",\"url\":\"https:\/\/simracing.si\/wp-content\/uploads\/2020\/04\/LK5.jpg\",\"contentUrl\":\"https:\/\/simracing.si\/wp-content\/uploads\/2020\/04\/LK5.jpg\",\"width\":600,\"height\":600},{\"@type\":\"WebPage\",\"@id\":\"https:\/\/simracing.si\/sl_si\/izdelek\/thrustmaster-t80-racing-wheel-ps4-officially-licensed-uradni-volan-za-ps4-playstation4\/#webpage\",\"url\":\"https:\/\/simracing.si\/sl_si\/izdelek\/thrustmaster-t80-racing-wheel-ps4-officially-licensed-uradni-volan-za-ps4-playstation4\/\",\"name\":\"Thrustmaster T80 Racing Wheel - PS4 OFFICIALLY LICENSED Uradni volan za PS4 Playstation4 -\",\"isPartOf\":{\"@id\":\"https:\/\/simracing.si\/#website\"},\"primaryImageOfPage\":{\"@id\":\"https:\/\/simracing.si\/sl_si\/izdelek\/thrustmaster-t80-racing-wheel-ps4-officially-licensed-uradni-volan-za-ps4-playstation4\/#primaryimage\"},\"datePublished\":\"2020-04-30T17:27:52+00:00\",\"dateModified\":\"2021-02-23T07:58:01+00:00\",\"breadcrumb\":{\"@id\":\"https:\/\/simracing.si\/sl_si\/izdelek\/thrustmaster-t80-racing-wheel-ps4-officially-licensed-uradni-volan-za-ps4-playstation4\/#breadcrumb\"},\"inLanguage\":\"en-US\",\"potentialAction\":[{\"@type\":\"ReadAction\",\"target\":[\"https:\/\/simracing.si\/sl_si\/izdelek\/thrustmaster-t80-racing-wheel-ps4-officially-licensed-uradni-volan-za-ps4-playstation4\/\"]}]},{\"@type\":\"BreadcrumbList\",\"@id\":\"https:\/\/simracing.si\/sl_si\/izdelek\/thrustmaster-t80-racing-wheel-ps4-officially-licensed-uradni-volan-za-ps4-playstation4\/#breadcrumb\",\"itemListElement\":[{\"@type\":\"ListItem\",\"position\":1,\"item\":{\"@type\":\"WebPage\",\"@id\":\"https:\/\/simracing.si\/\",\"url\":\"https:\/\/simracing.si\/\",\"name\":\"Home\"}},{\"@type\":\"ListItem\",\"position\":2,\"item\":{\"@type\":\"WebPage\",\"@id\":\"https:\/\/simracing.si\/home\/product-category\/\",\"url\":\"https:\/\/simracing.si\/home\/product-category\/\",\"name\":\"Izdelki\"}},{\"@type\":\"ListItem\",\"position\":3,\"item\":{\"@id\":\"https:\/\/simracing.si\/sl_si\/izdelek\/thrustmaster-t80-racing-wheel-ps4-officially-licensed-uradni-volan-za-ps4-playstation4\/#webpage\"}}]}]}<\/script>\n<!-- \/ Yoast SEO plugin. -->","_links":{"self":[{"href":"https:\/\/simracing.si\/en_us\/wp-json\/wp\/v2\/product\/1926"}],"collection":[{"href":"https:\/\/simracing.si\/en_us\/wp-json\/wp\/v2\/product"}],"about":[{"href":"https:\/\/simracing.si\/en_us\/wp-json\/wp\/v2\/types\/product"}],"replies":[{"embeddable":true,"href":"https:\/\/simracing.si\/en_us\/wp-json\/wp\/v2\/comments?post=1926"}],"version-history":[{"count":2,"href":"https:\/\/simracing.si\/en_us\/wp-json\/wp\/v2\/product\/1926\/revisions"}],"predecessor-version":[{"id":2550,"href":"https:\/\/simracing.si\/en_us\/wp-json\/wp\/v2\/product\/1926\/revisions\/2550"}],"wp:featuredmedia":[{"embeddable":true,"href":"https:\/\/simracing.si\/en_us\/wp-json\/wp\/v2\/media\/2108"}],"wp:attachment":[{"href":"https:\/\/simracing.si\/en_us\/wp-json\/wp\/v2\/media?parent=1926"}],"curies":[{"name":"wp","href":"https:\/\/api.w.org\/{rel}","templated":true}]}}