{"id":1921,"date":"2020-04-30T18:27:52","date_gmt":"2020-04-30T17:27:52","guid":{"rendered":"https:\/\/simracing.si\/product\/volan-logitech-g25-rabljen\/"},"modified":"2020-05-19T16:00:49","modified_gmt":"2020-05-19T14:00:49","slug":"volan-logitech-g25-rabljen","status":"publish","type":"product","link":"https:\/\/simracing.si\/en_us\/product\/volan-logitech-g25-rabljen\/","title":{"rendered":"Used Logitech G25 Steering Wheel"},"content":{"rendered":"<p><strong>Odli\u010den volan za prave dirka\u010de, volan je primeren za naslednje igralne konzole: Playstation2 in PS3 Playstation3, PS4, PC osebni ra\u010dunalnik, volan ima tudi prestavno ro\u010dico, ter sklopko, najbolj popularen volan.<\/strong><\/p>\n<p>&nbsp;<\/p>\n<p><strong>Odli\u010dne volan za igre kot so: Gran Trusimo 5 in 6, iRacing, Asseto Corsa, RACE07 -RaceON,GTR1,2,3 , &nbsp;rFactor..itd<\/strong><\/p>\n<p>&nbsp;<\/p>\n<p><strong>3 mese\u010dna garancija, volan je lepo ohranjen.<\/strong><\/p>\n<p>&nbsp;<\/p>\n<ul class=\"a-vertical a-spacing-none\" style=\"box-sizing: border-box; margin-top: 0px; margin-right: 0px; margin-left: 18px; color: rgb(170, 170, 170); padding-right: 0px; padding-left: 0px; font-family: Arial, sans-serif; line-height: 19px; margin-bottom: 0px !important;\">\n<li style=\"box-sizing: border-box; list-style: disc; word-wrap: break-word; margin: 0px;\"><span class=\"a-list-item\" style=\"box-sizing: border-box; color: rgb(51, 51, 51);\">Handcrafted components, including real leather on the steering wheel, provide an authentic feel<\/span><\/li>\n<li style=\"box-sizing: border-box; list-style: disc; word-wrap: break-word; margin: 0px;\"><span class=\"a-list-item\" style=\"box-sizing: border-box; color: rgb(51, 51, 51);\">Dual-motor force feedback transmission delivers powerful, high-fidelity force effects<\/span><\/li>\n<li style=\"box-sizing: border-box; list-style: disc; word-wrap: break-word; margin: 0px;\"><span class=\"a-list-item\" style=\"box-sizing: border-box; color: rgb(51, 51, 51);\">Change speeds with the six-speed shifter with push-down reverse gear<\/span><\/li>\n<li style=\"box-sizing: border-box; list-style: disc; word-wrap: break-word; margin: 0px;\"><span class=\"a-list-item\" style=\"box-sizing: border-box; color: rgb(51, 51, 51);\">Sequential shift mode provides backward compatibility<\/span><\/li>\n<li style=\"box-sizing: border-box; list-style: disc; word-wrap: break-word; margin: 0px;\"><span class=\"a-list-item\" style=\"box-sizing: border-box; color: rgb(51, 51, 51);\">Exclusive carpet grip system provides a realistic experience when the G25 is placed on the floor<\/span><\/li>\n<\/ul>","protected":false},"excerpt":{"rendered":"<p>Used Logitech G25 Steering Wheel<\/p>","protected":false},"featured_media":2103,"comment_status":"closed","ping_status":"open","template":"","meta":[],"yoast_head":"<!-- This site is optimized with the Yoast SEO plugin v16.3 - https:\/\/yoast.com\/wordpress\/plugins\/seo\/ -->\n<title>Volan Logitech G25 Rabljen -<\/title>\n<meta name=\"robots\" content=\"index, follow, max-snippet:-1, max-image-preview:large, max-video-preview:-1\" \/>\n<link rel=\"canonical\" href=\"https:\/\/simracing.si\/en_us\/product\/volan-logitech-g25-rabljen\/\" \/>\n<meta property=\"og:locale\" content=\"en_US\" \/>\n<meta property=\"og:type\" content=\"article\" \/>\n<meta property=\"og:title\" content=\"Volan Logitech G25 Rabljen -\" \/>\n<meta property=\"og:description\" content=\"Volan Logitech G25 Rabljen\" \/>\n<meta property=\"og:url\" content=\"https:\/\/simracing.si\/en_us\/product\/volan-logitech-g25-rabljen\/\" \/>\n<meta property=\"article:modified_time\" content=\"2020-05-19T14:00:49+00:00\" \/>\n<meta property=\"og:image\" content=\"https:\/\/simracing.si\/wp-content\/uploads\/2020\/04\/logig25.jpg\" \/>\n\t<meta property=\"og:image:width\" content=\"400\" \/>\n\t<meta property=\"og:image:height\" content=\"400\" \/>\n<meta name=\"twitter:card\" content=\"summary_large_image\" \/>\n<meta name=\"twitter:label1\" content=\"Est. reading time\">\n\t<meta name=\"twitter:data1\" content=\"1 minute\">\n<script type=\"application\/ld+json\" class=\"yoast-schema-graph\">{\"@context\":\"https:\/\/schema.org\",\"@graph\":[{\"@type\":\"WebSite\",\"@id\":\"https:\/\/simracing.si\/#website\",\"url\":\"https:\/\/simracing.si\/\",\"name\":\"\",\"description\":\"\",\"potentialAction\":[{\"@type\":\"SearchAction\",\"target\":\"https:\/\/simracing.si\/?s={search_term_string}\",\"query-input\":\"required name=search_term_string\"}],\"inLanguage\":\"en-US\"},{\"@type\":\"ImageObject\",\"@id\":\"https:\/\/simracing.si\/en_us\/product\/volan-logitech-g25-rabljen\/#primaryimage\",\"inLanguage\":\"en-US\",\"url\":\"https:\/\/simracing.si\/wp-content\/uploads\/2020\/04\/logig25.jpg\",\"contentUrl\":\"https:\/\/simracing.si\/wp-content\/uploads\/2020\/04\/logig25.jpg\",\"width\":400,\"height\":400},{\"@type\":\"WebPage\",\"@id\":\"https:\/\/simracing.si\/en_us\/product\/volan-logitech-g25-rabljen\/#webpage\",\"url\":\"https:\/\/simracing.si\/en_us\/product\/volan-logitech-g25-rabljen\/\",\"name\":\"Volan Logitech G25 Rabljen -\",\"isPartOf\":{\"@id\":\"https:\/\/simracing.si\/#website\"},\"primaryImageOfPage\":{\"@id\":\"https:\/\/simracing.si\/en_us\/product\/volan-logitech-g25-rabljen\/#primaryimage\"},\"datePublished\":\"2020-04-30T17:27:52+00:00\",\"dateModified\":\"2020-05-19T14:00:49+00:00\",\"breadcrumb\":{\"@id\":\"https:\/\/simracing.si\/en_us\/product\/volan-logitech-g25-rabljen\/#breadcrumb\"},\"inLanguage\":\"en-US\",\"potentialAction\":[{\"@type\":\"ReadAction\",\"target\":[\"https:\/\/simracing.si\/en_us\/product\/volan-logitech-g25-rabljen\/\"]}]},{\"@type\":\"BreadcrumbList\",\"@id\":\"https:\/\/simracing.si\/en_us\/product\/volan-logitech-g25-rabljen\/#breadcrumb\",\"itemListElement\":[{\"@type\":\"ListItem\",\"position\":1,\"item\":{\"@type\":\"WebPage\",\"@id\":\"https:\/\/simracing.si\/\",\"url\":\"https:\/\/simracing.si\/\",\"name\":\"Home\"}},{\"@type\":\"ListItem\",\"position\":2,\"item\":{\"@type\":\"WebPage\",\"@id\":\"https:\/\/simracing.si\/home\/product-category\/\",\"url\":\"https:\/\/simracing.si\/home\/product-category\/\",\"name\":\"Izdelki\"}},{\"@type\":\"ListItem\",\"position\":3,\"item\":{\"@id\":\"https:\/\/simracing.si\/en_us\/product\/volan-logitech-g25-rabljen\/#webpage\"}}]}]}<\/script>\n<!-- \/ Yoast SEO plugin. -->","_links":{"self":[{"href":"https:\/\/simracing.si\/en_us\/wp-json\/wp\/v2\/product\/1921"}],"collection":[{"href":"https:\/\/simracing.si\/en_us\/wp-json\/wp\/v2\/product"}],"about":[{"href":"https:\/\/simracing.si\/en_us\/wp-json\/wp\/v2\/types\/product"}],"replies":[{"embeddable":true,"href":"https:\/\/simracing.si\/en_us\/wp-json\/wp\/v2\/comments?post=1921"}],"version-history":[{"count":1,"href":"https:\/\/simracing.si\/en_us\/wp-json\/wp\/v2\/product\/1921\/revisions"}],"predecessor-version":[{"id":2431,"href":"https:\/\/simracing.si\/en_us\/wp-json\/wp\/v2\/product\/1921\/revisions\/2431"}],"wp:featuredmedia":[{"embeddable":true,"href":"https:\/\/simracing.si\/en_us\/wp-json\/wp\/v2\/media\/2103"}],"wp:attachment":[{"href":"https:\/\/simracing.si\/en_us\/wp-json\/wp\/v2\/media?parent=1921"}],"curies":[{"name":"wp","href":"https:\/\/api.w.org\/{rel}","templated":true}]}}