{"id":984,"date":"2016-10-21T10:00:11","date_gmt":"2016-10-21T09:00:11","guid":{"rendered":"https:\/\/www.cssigniter.com\/vip\/mavika\/?page_id=984"},"modified":"2020-08-25T10:13:31","modified_gmt":"2020-08-25T08:13:31","slug":"about","status":"publish","type":"page","link":"https:\/\/simracing.si\/en_us\/about\/","title":{"rendered":"ABOUT"},"content":{"rendered":"<div data-elementor-type=\"wp-page\" data-elementor-id=\"984\" class=\"elementor elementor-984\" data-elementor-settings=\"[]\">\n\t\t\t\t\t\t<div class=\"elementor-inner\">\n\t\t\t\t\t\t\t<div class=\"elementor-section-wrap\">\n\t\t\t\t\t\t\t<section class=\"elementor-section elementor-top-section elementor-element elementor-element-957adbc elementor-section-boxed elementor-section-height-default elementor-section-height-default\" data-id=\"957adbc\" data-element_type=\"section\">\n\t\t\t\t\t\t<div class=\"elementor-container elementor-column-gap-default\">\n\t\t\t\t\t\t\t<div class=\"elementor-row\">\n\t\t\t\t\t<div class=\"elementor-column elementor-col-100 elementor-top-column elementor-element elementor-element-3586bd3\" data-id=\"3586bd3\" data-element_type=\"column\">\n\t\t\t<div class=\"elementor-column-wrap elementor-element-populated\">\n\t\t\t\t\t\t\t<div class=\"elementor-widget-wrap\">\n\t\t\t\t\t\t<div class=\"elementor-element elementor-element-57b757e elementor-widget elementor-widget-text-editor\" data-id=\"57b757e\" data-element_type=\"widget\" data-widget_type=\"text-editor.default\">\n\t\t\t\t<div class=\"elementor-widget-container\">\n\t\t\t\t\t\t\t\t<div class=\"elementor-text-editor elementor-clearfix\">\n\t\t\t\t\t<h3 style=\"font-family: Raleway, sans-serif; line-height: 1.1; color: rgb(0, 0, 0); margin-bottom: 10px; font-size: 14px; letter-spacing: 1px;\">Podjetje: Trgovina in storitve z igralnimi konzolami, Damjan \u0160imenc s.p.<br>Dule 23<br>8351 Stra\u017ea<br>D\u0161: 54648190<br>Zavezanec za DDV: DA<br>Mati\u010dna \u0161tevilka: 3752356000 (AJPES &#8211; Agencija Republike Slovenije za javnopravne evidence in storitve)<br>TRR: 02970-0258708574 pri NLB<\/h3><p style=\"margin-bottom: 10px; color: rgb(102, 102, 102); font-family: Raleway, sans-serif; font-size: 13px; letter-spacing: 1px;\">Glavna dejavnost podjetnika:<br>-\u0161ifra podrazreda po SKD: 47.910<br>-naziv podrazreda: Trgovina na drobno po po\u0161ti ali po internetu<br>\u0161ifra SKIS: 14100<br>Naziv institucionalnega sektorja: Delodajalci<\/p><p style=\"margin-bottom: 10px; color: rgb(102, 102, 102); font-family: Raleway, sans-serif; font-size: 13px; letter-spacing: 1px;\">Vpis v poslovni register dne 21.06.2010, \u0161tevilka registra 316-10-00751-2010\/2, zveza 0109-81-20100621-000131<\/p><p style=\"margin-bottom: 10px; color: rgb(102, 102, 102); font-family: Raleway, sans-serif; font-size: 13px; letter-spacing: 1px;\">Smo edina trgovina v Sloveniji, ki se ukvarja izklju\u010dno samo s prodajo igralnih konzol. Ob koncu leta 2013 pa smo raz\u0161iri ponudbo tudi na Gaming perfirefijo. Na\u0161a trgovina se nahaja v okolici Stra\u017ee pri Novem mestu (4km iz Novega mesta). Kljub temu, da smo precej oddaljeni od sredi\u0161\u010da Slovenije uvajamo dostavo po celi Sloveniji ter predstavitve na Va\u0161em domu.<\/p><p style=\"margin-bottom: 10px; color: rgb(102, 102, 102); font-family: Raleway, sans-serif; font-size: 13px; letter-spacing: 1px;\">Na\u0161 cilj je postati najbolj uspe\u0161na trgovina z igralnimi konzolami v Sloveniji, zato zagotavljamo vsem na\u0161im strankam najbolj\u0161e in najbolj konkuren\u010dne izdelke, tako po kakovosti kot tudi po ceni.<\/p><p style=\"margin-bottom: 10px; color: rgb(102, 102, 102); font-family: Raleway, sans-serif; font-size: 13px; letter-spacing: 1px;\">Na\u0161 naslov: Trgovina in storitve z igralnimi konzolami Damjan \u0160imenc s.p. Dule 23 8351 Stra\u017ea<\/p><p style=\"margin-bottom: 10px; color: rgb(102, 102, 102); font-family: Raleway, sans-serif; font-size: 13px; letter-spacing: 1px;\">Phone<br>031 434 225 &#8211; Damjan ( vpra\u0161anja o konzolah, ki se nahajajo na www.playgame.si)<\/p><p style=\"margin-bottom: 10px; color: rgb(102, 102, 102); font-family: Raleway, sans-serif; font-size: 13px; letter-spacing: 1px;\">Podatki za nakazilo iz Slovenije, na na\u0161 TRR ra\u010dun.<\/p><p style=\"margin-bottom: 10px; color: rgb(102, 102, 102); font-size: 13px; letter-spacing: 1px; font-family: arial, sans-serif;\"><span style=\"color: rgb(0, 0, 0);\">Trgovina in storitve z igralnimi konzolami<\/span><\/p><p style=\"margin-bottom: 10px; color: rgb(102, 102, 102); font-size: 13px; letter-spacing: 1px; font-family: arial, sans-serif;\"><span style=\"color: rgb(0, 0, 0);\">Damjan \u0160imenc s.p.<\/span><\/p><p style=\"margin-bottom: 10px; color: rgb(102, 102, 102); font-size: 13px; letter-spacing: 1px; font-family: arial, sans-serif;\"><span style=\"color: rgb(0, 0, 0);\">Dule 23<\/span><\/p><p style=\"margin-bottom: 10px; color: rgb(102, 102, 102); font-size: 13px; letter-spacing: 1px; font-family: arial, sans-serif;\"><span style=\"color: rgb(0, 0, 0);\">8351 Stra\u017ea<\/span><\/p><p style=\"margin-bottom: 10px; color: rgb(102, 102, 102); font-size: 13px; letter-spacing: 1px; font-family: arial, sans-serif;\"><span style=\"color: rgb(0, 0, 0);\">TRR: 02970-0258708574 pri NLB<\/span><\/p><p style=\"margin-bottom: 10px; color: rgb(102, 102, 102); font-family: Raleway, sans-serif; font-size: 13px; letter-spacing: 1px;\">&nbsp;<\/p><p style=\"margin-bottom: 10px; color: rgb(102, 102, 102); font-family: Raleway, sans-serif; font-size: 13px; letter-spacing: 1px;\">Podatki za nakazilo iz tujine, na na\u0161 TRR ra\u010dun.<\/p><p style=\"margin-bottom: 10px; color: rgb(102, 102, 102); font-size: 13px; letter-spacing: 1px; font-family: arial, sans-serif;\"><span style=\"color: rgb(0, 0, 0);\">Trgovina in storitve z igralnimi konzolami<\/span><\/p><p style=\"margin-bottom: 10px; color: rgb(102, 102, 102); font-size: 13px; letter-spacing: 1px; font-family: arial, sans-serif;\"><span style=\"color: rgb(0, 0, 0);\">Damjan \u0160imenc s.p.<\/span><\/p><p style=\"margin-bottom: 10px; color: rgb(102, 102, 102); font-size: 13px; letter-spacing: 1px; font-family: arial, sans-serif;\"><span style=\"color: rgb(0, 0, 0);\">Dule 23<\/span><\/p><p style=\"margin-bottom: 10px; color: rgb(102, 102, 102); font-size: 13px; letter-spacing: 1px; font-family: arial, sans-serif;\"><span style=\"color: rgb(0, 0, 0);\">8351 Stra\u017ea<\/span><\/p><p style=\"margin-bottom: 10px; color: rgb(102, 102, 102); font-size: 13px; letter-spacing: 1px; font-family: arial, sans-serif;\"><span style=\"color: rgb(0, 0, 0);\">ID za DDV : SI54648190<\/span><\/p><p style=\"margin-bottom: 10px; color: rgb(102, 102, 102); font-size: 13px; letter-spacing: 1px; font-family: arial, sans-serif;\"><span style=\"color: rgb(0, 0, 0);\">TRR ali IBAN: SI56 0297 0025 8708 574 NLB<\/span><\/p><p style=\"margin-bottom: 10px; color: rgb(102, 102, 102); font-size: 13px; letter-spacing: 1px; font-family: arial, sans-serif;\"><span style=\"color: rgb(0, 0, 0);\">Banka: NLB d.d. Seidlova c. 3, 8000 Novo mesto<\/span><\/p><p style=\"margin-bottom: 10px; color: rgb(102, 102, 102); font-size: 13px; letter-spacing: 1px; font-family: arial, sans-serif;\"><span style=\"color: rgb(0, 0, 0);\">BIC\/SWIFT: LJBASI2X<\/span><\/p>\t\t\t\t\t<\/div>\n\t\t\t\t\t\t<\/div>\n\t\t\t\t<\/div>\n\t\t\t\t\t\t<\/div>\n\t\t\t\t\t<\/div>\n\t\t<\/div>\n\t\t\t\t\t\t\t\t<\/div>\n\t\t\t\t\t<\/div>\n\t\t<\/section>\n\t\t\t\t\t\t<\/div>\n\t\t\t\t\t\t<\/div>\n\t\t\t\t\t<\/div>","protected":false},"excerpt":{"rendered":"<p>Podjetje: Trgovina in storitve z igralnimi konzolami, Damjan \u0160imenc s.p.Dule 238351 Stra\u017eaD\u0161: 54648190Zavezanec za DDV: DAMati\u010dna \u0161tevilka: 3752356000 (AJPES &#8211; Agencija Republike Slovenije za javnopravne evidence in storitve)TRR: 02970-0258708574 pri NLB Glavna dejavnost podjetnika:-\u0161ifra podrazreda po SKD: 47.910-naziv podrazreda: Trgovina na drobno po po\u0161ti ali po internetu\u0161ifra SKIS: 14100Naziv institucionalnega sektorja: Delodajalci Vpis v poslovni [&hellip;]<\/p>","protected":false},"author":1,"featured_media":0,"parent":0,"menu_order":0,"comment_status":"closed","ping_status":"closed","template":"template-fullwidth.php","meta":[],"yoast_head":"<!-- This site is optimized with the Yoast SEO plugin v16.3 - https:\/\/yoast.com\/wordpress\/plugins\/seo\/ -->\n<title>O nas -<\/title>\n<meta name=\"robots\" content=\"index, follow, max-snippet:-1, max-image-preview:large, max-video-preview:-1\" \/>\n<link rel=\"canonical\" href=\"https:\/\/simracing.si\/en_us\/about\/\" \/>\n<meta property=\"og:locale\" content=\"en_US\" \/>\n<meta property=\"og:type\" content=\"article\" \/>\n<meta property=\"og:title\" content=\"O nas -\" \/>\n<meta property=\"og:description\" content=\"Podjetje: Trgovina in storitve z igralnimi konzolami, Damjan \u0160imenc s.p.Dule 238351 Stra\u017eaD\u0161: 54648190Zavezanec za DDV: DAMati\u010dna \u0161tevilka: 3752356000 (AJPES &#8211; Agencija Republike Slovenije za javnopravne evidence in storitve)TRR: 02970-0258708574 pri NLB Glavna dejavnost podjetnika:-\u0161ifra podrazreda po SKD: 47.910-naziv podrazreda: Trgovina na drobno po po\u0161ti ali po internetu\u0161ifra SKIS: 14100Naziv institucionalnega sektorja: Delodajalci Vpis v poslovni [&hellip;]\" \/>\n<meta property=\"og:url\" content=\"https:\/\/simracing.si\/en_us\/about\/\" \/>\n<meta property=\"article:modified_time\" content=\"2020-08-25T08:13:31+00:00\" \/>\n<meta name=\"twitter:card\" content=\"summary_large_image\" \/>\n<meta name=\"twitter:label1\" content=\"Est. reading time\">\n\t<meta name=\"twitter:data1\" content=\"1 minute\">\n<script type=\"application\/ld+json\" class=\"yoast-schema-graph\">{\"@context\":\"https:\/\/schema.org\",\"@graph\":[{\"@type\":\"WebSite\",\"@id\":\"https:\/\/simracing.si\/#website\",\"url\":\"https:\/\/simracing.si\/\",\"name\":\"\",\"description\":\"\",\"potentialAction\":[{\"@type\":\"SearchAction\",\"target\":\"https:\/\/simracing.si\/?s={search_term_string}\",\"query-input\":\"required name=search_term_string\"}],\"inLanguage\":\"en-US\"},{\"@type\":\"WebPage\",\"@id\":\"https:\/\/simracing.si\/about\/#webpage\",\"url\":\"https:\/\/simracing.si\/about\/\",\"name\":\"O nas -\",\"isPartOf\":{\"@id\":\"https:\/\/simracing.si\/#website\"},\"datePublished\":\"2016-10-21T09:00:11+00:00\",\"dateModified\":\"2020-08-25T08:13:31+00:00\",\"breadcrumb\":{\"@id\":\"https:\/\/simracing.si\/about\/#breadcrumb\"},\"inLanguage\":\"en-US\",\"potentialAction\":[{\"@type\":\"ReadAction\",\"target\":[\"https:\/\/simracing.si\/about\/\"]}]},{\"@type\":\"BreadcrumbList\",\"@id\":\"https:\/\/simracing.si\/about\/#breadcrumb\",\"itemListElement\":[{\"@type\":\"ListItem\",\"position\":1,\"item\":{\"@type\":\"WebPage\",\"@id\":\"https:\/\/simracing.si\/\",\"url\":\"https:\/\/simracing.si\/\",\"name\":\"Home\"}},{\"@type\":\"ListItem\",\"position\":2,\"item\":{\"@id\":\"https:\/\/simracing.si\/about\/#webpage\"}}]}]}<\/script>\n<!-- \/ Yoast SEO plugin. -->","_links":{"self":[{"href":"https:\/\/simracing.si\/en_us\/wp-json\/wp\/v2\/pages\/984"}],"collection":[{"href":"https:\/\/simracing.si\/en_us\/wp-json\/wp\/v2\/pages"}],"about":[{"href":"https:\/\/simracing.si\/en_us\/wp-json\/wp\/v2\/types\/page"}],"author":[{"embeddable":true,"href":"https:\/\/simracing.si\/en_us\/wp-json\/wp\/v2\/users\/1"}],"replies":[{"embeddable":true,"href":"https:\/\/simracing.si\/en_us\/wp-json\/wp\/v2\/comments?post=984"}],"version-history":[{"count":3,"href":"https:\/\/simracing.si\/en_us\/wp-json\/wp\/v2\/pages\/984\/revisions"}],"predecessor-version":[{"id":2482,"href":"https:\/\/simracing.si\/en_us\/wp-json\/wp\/v2\/pages\/984\/revisions\/2482"}],"wp:attachment":[{"href":"https:\/\/simracing.si\/en_us\/wp-json\/wp\/v2\/media?parent=984"}],"curies":[{"name":"wp","href":"https:\/\/api.w.org\/{rel}","templated":true}]}}