{"id":1833,"date":"2017-01-24T11:42:28","date_gmt":"2017-01-24T10:42:28","guid":{"rendered":"https:\/\/www.cssigniter.com\/preview\/neto\/?page_id=1833"},"modified":"2022-04-11T03:19:39","modified_gmt":"2022-04-11T01:19:39","slug":"home","status":"publish","type":"page","link":"https:\/\/simracing.si\/en_us\/","title":{"rendered":"Home"},"content":{"rendered":"<p><\/p>\n\n\n\n<p><\/p>\n\n\n\n<p><\/p>\n\n\n\n<p><\/p>\n\n\n<div\n\tid=\"maxslider-2444\"\n\tclass=\"maxslider\"\n\tdata-autoslide=\"true\" data-effect=\"fade\" data-slide-speed=\"5000\" data-height=\"500\" data-navigation=\"all\" data-navigation_fg_color=\"#ffffff\" data-navigation_bg_color=\"\" data-image_size=\"full\" data-arrows=\"\" data-arrows_fg_color=\"#ffffff\" data-arrows_bg_color=\"\" >\n\t\t<div class=\"maxslider-slide maxslider-2444-slide-0\">\n\t\t<div class=\"maxslider-slide-content maxslider-align-left maxslider-align-top\">\n\t\t\t<div class=\"maxslider-slide-content-pad\">\n\t\t\t\t\n\t\t\t\t\n\t\t\t\t\t\t\t<\/div>\n\t\t<\/div>\n\t<\/div>\n\t<div class=\"maxslider-slide maxslider-2444-slide-1\">\n\t\t<div class=\"maxslider-slide-content maxslider-align-center maxslider-align-middle\">\n\t\t\t<div class=\"maxslider-slide-content-pad\">\n\t\t\t\t\n\t\t\t\t\n\t\t\t\t\t\t\t<\/div>\n\t\t<\/div>\n\t<\/div>\n\t<div class=\"maxslider-slide maxslider-2444-slide-2\">\n\t\t<div class=\"maxslider-slide-content maxslider-align-center maxslider-align-middle\">\n\t\t\t<div class=\"maxslider-slide-content-pad\">\n\t\t\t\t\n\t\t\t\t\n\t\t\t\t\t\t\t<\/div>\n\t\t<\/div>\n\t<\/div>\n\t<div class=\"maxslider-slide maxslider-2444-slide-3\">\n\t\t<div class=\"maxslider-slide-content maxslider-align-center maxslider-align-middle\">\n\t\t\t<div class=\"maxslider-slide-content-pad\">\n\t\t\t\t\n\t\t\t\t\n\t\t\t\t\t\t\t<\/div>\n\t\t<\/div>\n\t<\/div>\n\t<div class=\"maxslider-slide maxslider-2444-slide-4\">\n\t\t<div class=\"maxslider-slide-content maxslider-align-center maxslider-align-middle\">\n\t\t\t<div class=\"maxslider-slide-content-pad\">\n\t\t\t\t\n\t\t\t\t\n\t\t\t\t\t\t\t<\/div>\n\t\t<\/div>\n\t<\/div>\n\t<div class=\"maxslider-slide maxslider-2444-slide-5\">\n\t\t<div class=\"maxslider-slide-content maxslider-align-center maxslider-align-middle\">\n\t\t\t<div class=\"maxslider-slide-content-pad\">\n\t\t\t\t\n\t\t\t\t\n\t\t\t\t\t\t\t<\/div>\n\t\t<\/div>\n\t<\/div>\n\t<div class=\"maxslider-slide maxslider-2444-slide-6\">\n\t\t<div class=\"maxslider-slide-content maxslider-align-center maxslider-align-middle\">\n\t\t\t<div class=\"maxslider-slide-content-pad\">\n\t\t\t\t\n\t\t\t\t\n\t\t\t\t\t\t\t<\/div>\n\t\t<\/div>\n\t<\/div>\n<\/div>\n\n<p>\t\t\t\t\t\t\t\t\t\t\t\t<img src=\"https:\/\/simracing.si\/wp-content\/uploads\/elementor\/thumbs\/package-p7ceuagkqksmv28nmxf21qm7gxzrhkbhud5s5y1zi8.png\" title=\"package\" alt=\"package\">\t\t\t\t\t\t\t\t\t\t\t\t\t\t<\/p>\n<h2>Ekspresna dostava<\/h2>\n<p>\t\t\t\t\t\t\t\t\t\t\t\t<img src=\"https:\/\/simracing.si\/wp-content\/uploads\/elementor\/thumbs\/wheel-p7ceue7xhwxs5i370z1kbpo1uhh8ccqf6vrq31wetc.png\" title=\"wheel\" alt=\"wheel\">\t\t\t\t\t\t\t\t\t\t\t\t\t\t<\/p>\n<h2>Vsi racing izdelki na enem mestu<\/h2>\n<p>\t\t\t\t\t\t\t\t\t\t\t\t<img src=\"https:\/\/simracing.si\/wp-content\/uploads\/elementor\/thumbs\/safe-p7ceucc948v7ia5xby8b6q54npqhwyiyimgr4hz75s.png\" title=\"safe\" alt=\"safe\">\t\t\t\t\t\t\t\t\t\t\t\t\t\t<\/p>\n<h2>Varen nakup<\/h2>\n<h1>Pridru\u017ei se dirkam strani granturismo.si<\/h1>\n<h4>Na spletni strani www.granturismo.si se lahko udele\u017ei\u0161 tedenskih dirk in si prislu\u017ei\u0161 brezpla\u010dne igre, konzole in mnogo ve\u010d.<\/h4>\n<p>\t\t\t<a href=\"http:\/\/www.granturismo.si\" role=\"button\"><br>\n\t\t\t\t\t\tPridru\u017ei se!<br>\n\t\t\t\t\t<\/a><br>\n\t\t\t\t\t\t\t\t\t\t\t\t<img width=\"750\" height=\"750\" src=\"https:\/\/simracing.si\/wp-content\/uploads\/2021\/05\/granturismo.png\" alt=\"\" loading=\"lazy\">\t\t\t\t\t\t\t\t\t\t\t\t\t\t<\/p>\n<h1>Aktualni izdelki<\/h1>\n<div class=\"woocommerce columns-4\"><div class=\"row row-items row-equal\"><div class=\"col-lg-3 col-md-4 col-sm-6 col-xs-12\">\n\n\t<div class=\"item item-product product type-product post-3441 status-publish first instock product_cat-other product_cat-seats has-post-thumbnail taxable shipping-taxable product-type-simple\">\n\t\t<p class=\"item-eyebrow\"><a href=\"https:\/\/simracing.si\/en_us\/products\/other\/\" rel=\"tag\">Other<\/a>, <a href=\"https:\/\/simracing.si\/en_us\/products\/seats\/\" rel=\"tag\">Seats<\/a><\/p>\t<\/div>\n\n<\/div>\n<div class=\"col-lg-3 col-md-4 col-sm-6 col-xs-12\">\n\n\t<div class=\"item item-product product type-product post-3555 status-publish instock product_cat-seats has-post-thumbnail taxable shipping-taxable purchasable product-type-simple\">\n\t\t<p class=\"item-eyebrow\"><a href=\"https:\/\/simracing.si\/en_us\/products\/seats\/\" rel=\"tag\">Seats<\/a><\/p>\t<\/div>\n\n<\/div>\n<div class=\"col-lg-3 col-md-4 col-sm-6 col-xs-12\">\n\n\t<div class=\"item item-product product type-product post-3674 status-publish instock product_cat-seats has-post-thumbnail taxable shipping-taxable purchasable product-type-simple\">\n\t\t<p class=\"item-eyebrow\"><a href=\"https:\/\/simracing.si\/en_us\/products\/seats\/\" rel=\"tag\">Seats<\/a><\/p>\t<\/div>\n\n<\/div>\n<div class=\"col-lg-3 col-md-4 col-sm-6 col-xs-12\">\n\n\t<div class=\"item item-product product type-product post-3842 status-publish last instock product_cat-seats has-post-thumbnail taxable shipping-taxable purchasable product-type-simple\">\n\t\t<p class=\"item-eyebrow\"><a href=\"https:\/\/simracing.si\/en_us\/products\/seats\/\" rel=\"tag\">Seats<\/a><\/p>\t<\/div>\n\n<\/div>\n<div class=\"col-lg-3 col-md-4 col-sm-6 col-xs-12\">\n\n\t<div class=\"item item-product product type-product post-1925 status-publish first instock product_cat-other has-post-thumbnail purchasable product-type-simple\">\n\t\t<p class=\"item-eyebrow\"><a href=\"https:\/\/simracing.si\/en_us\/products\/other\/\" rel=\"tag\">Other<\/a><\/p>\t<\/div>\n\n<\/div>\n<div class=\"col-lg-3 col-md-4 col-sm-6 col-xs-12\">\n\n\t<div class=\"item item-product product type-product post-1963 status-publish instock product_cat-other has-post-thumbnail purchasable product-type-simple\">\n\t\t<p class=\"item-eyebrow\"><a href=\"https:\/\/simracing.si\/en_us\/products\/other\/\" rel=\"tag\">Other<\/a><\/p>\t<\/div>\n\n<\/div>\n<div class=\"col-lg-3 col-md-4 col-sm-6 col-xs-12\">\n\n\t<div class=\"item item-product product type-product post-2010 status-publish instock has-post-thumbnail purchasable product-type-simple\">\n\t\t\t<\/div>\n\n<\/div>\n<div class=\"col-lg-3 col-md-4 col-sm-6 col-xs-12\">\n\n\t<div class=\"item item-product product type-product post-2569 status-publish last instock product_cat-seats has-post-thumbnail taxable shipping-taxable purchasable product-type-simple\">\n\t\t<p class=\"item-eyebrow\"><a href=\"https:\/\/simracing.si\/en_us\/products\/seats\/\" rel=\"tag\">Seats<\/a><\/p>\t<\/div>\n\n<\/div>\n<div class=\"col-lg-3 col-md-4 col-sm-6 col-xs-12\">\n\n\t<div class=\"item item-product product type-product post-2677 status-publish first instock product_cat-seats has-post-thumbnail taxable shipping-taxable purchasable product-type-simple\">\n\t\t<p class=\"item-eyebrow\"><a href=\"https:\/\/simracing.si\/en_us\/products\/seats\/\" rel=\"tag\">Seats<\/a><\/p>\t<\/div>\n\n<\/div>\n<div class=\"col-lg-3 col-md-4 col-sm-6 col-xs-12\">\n\n\t<div class=\"item item-product product type-product post-2799 status-publish instock product_cat-other has-post-thumbnail taxable shipping-taxable purchasable product-type-simple\">\n\t\t<p class=\"item-eyebrow\"><a href=\"https:\/\/simracing.si\/en_us\/products\/other\/\" rel=\"tag\">Other<\/a><\/p>\t<\/div>\n\n<\/div>\n<div class=\"col-lg-3 col-md-4 col-sm-6 col-xs-12\">\n\n\t<div class=\"item item-product product type-product post-2899 status-publish instock product_cat-seats has-post-thumbnail taxable shipping-taxable purchasable product-type-simple\">\n\t\t<p class=\"item-eyebrow\"><a href=\"https:\/\/simracing.si\/en_us\/products\/seats\/\" rel=\"tag\">Seats<\/a><\/p>\t<\/div>\n\n<\/div>\n<div class=\"col-lg-3 col-md-4 col-sm-6 col-xs-12\">\n\n\t<div class=\"item item-product product type-product post-3001 status-publish last instock product_cat-podium product_cat-wheels has-post-thumbnail taxable shipping-taxable purchasable product-type-simple\">\n\t\t<p class=\"item-eyebrow\"><a href=\"https:\/\/simracing.si\/en_us\/products\/wheels\/podium\/\" rel=\"tag\">Podium<\/a>, <a href=\"https:\/\/simracing.si\/en_us\/products\/wheels\/\" rel=\"tag\">Wheels<\/a><\/p>\t<\/div>\n\n<\/div>\n<\/div><\/div>\n<h1>Novosti<\/h1>\n<div class=\"woocommerce columns-4\"><div class=\"row row-items row-equal\"><div class=\"col-lg-3 col-md-4 col-sm-6 col-xs-12\">\n\n\t<div class=\"item item-product product type-product post-4353 status-publish first instock product_cat-joysticks product_cat-thrustmaster has-post-thumbnail taxable shipping-taxable purchasable product-type-simple\">\n\t\t<p class=\"item-eyebrow\"><a href=\"https:\/\/simracing.si\/en_us\/products\/joysticks\/\" rel=\"tag\">Joysticks<\/a>, <a href=\"https:\/\/simracing.si\/en_us\/products\/wheels\/thrustmaster\/\" rel=\"tag\">Thrustmaster<\/a><\/p>\t<\/div>\n\n<\/div>\n<div class=\"col-lg-3 col-md-4 col-sm-6 col-xs-12\">\n\n\t<div class=\"item item-product product type-product post-4281 status-publish instock product_cat-thrustmaster product_cat-wheels has-post-thumbnail taxable shipping-taxable purchasable product-type-simple\">\n\t\t<p class=\"item-eyebrow\"><a href=\"https:\/\/simracing.si\/en_us\/products\/wheels\/thrustmaster\/\" rel=\"tag\">Thrustmaster<\/a>, <a href=\"https:\/\/simracing.si\/en_us\/products\/wheels\/\" rel=\"tag\">Wheels<\/a><\/p>\t<\/div>\n\n<\/div>\n<div class=\"col-lg-3 col-md-4 col-sm-6 col-xs-12\">\n\n\t<div class=\"item item-product product type-product post-4277 status-publish instock product_cat-thrustmaster product_cat-wheels has-post-thumbnail taxable shipping-taxable purchasable product-type-simple\">\n\t\t<p class=\"item-eyebrow\"><a href=\"https:\/\/simracing.si\/en_us\/products\/wheels\/thrustmaster\/\" rel=\"tag\">Thrustmaster<\/a>, <a href=\"https:\/\/simracing.si\/en_us\/products\/wheels\/\" rel=\"tag\">Wheels<\/a><\/p>\t<\/div>\n\n<\/div>\n<div class=\"col-lg-3 col-md-4 col-sm-6 col-xs-12\">\n\n\t<div class=\"item item-product product type-product post-4219 status-publish last instock product_cat-joysticks product_cat-thrustmaster has-post-thumbnail taxable shipping-taxable purchasable product-type-simple\">\n\t\t<p class=\"item-eyebrow\"><a href=\"https:\/\/simracing.si\/en_us\/products\/joysticks\/\" rel=\"tag\">Joysticks<\/a>, <a href=\"https:\/\/simracing.si\/en_us\/products\/wheels\/thrustmaster\/\" rel=\"tag\">Thrustmaster<\/a><\/p>\t<\/div>\n\n<\/div>\n<div class=\"col-lg-3 col-md-4 col-sm-6 col-xs-12\">\n\n\t<div class=\"item item-product product type-product post-4216 status-publish first instock product_cat-joysticks product_cat-thrustmaster has-post-thumbnail taxable shipping-taxable purchasable product-type-simple\">\n\t\t<p class=\"item-eyebrow\"><a href=\"https:\/\/simracing.si\/en_us\/products\/joysticks\/\" rel=\"tag\">Joysticks<\/a>, <a href=\"https:\/\/simracing.si\/en_us\/products\/wheels\/thrustmaster\/\" rel=\"tag\">Thrustmaster<\/a><\/p>\t<\/div>\n\n<\/div>\n<div class=\"col-lg-3 col-md-4 col-sm-6 col-xs-12\">\n\n\t<div class=\"item item-product product type-product post-4203 status-publish instock product_cat-joysticks product_cat-thrustmaster has-post-thumbnail taxable shipping-taxable purchasable product-type-simple\">\n\t\t<p class=\"item-eyebrow\"><a href=\"https:\/\/simracing.si\/en_us\/products\/joysticks\/\" rel=\"tag\">Joysticks<\/a>, <a href=\"https:\/\/simracing.si\/en_us\/products\/wheels\/thrustmaster\/\" rel=\"tag\">Thrustmaster<\/a><\/p>\t<\/div>\n\n<\/div>\n<div class=\"col-lg-3 col-md-4 col-sm-6 col-xs-12\">\n\n\t<div class=\"item item-product product type-product post-4200 status-publish instock product_cat-joysticks product_cat-thrustmaster has-post-thumbnail taxable shipping-taxable purchasable product-type-simple\">\n\t\t<p class=\"item-eyebrow\"><a href=\"https:\/\/simracing.si\/en_us\/products\/joysticks\/\" rel=\"tag\">Joysticks<\/a>, <a href=\"https:\/\/simracing.si\/en_us\/products\/wheels\/thrustmaster\/\" rel=\"tag\">Thrustmaster<\/a><\/p>\t<\/div>\n\n<\/div>\n<div class=\"col-lg-3 col-md-4 col-sm-6 col-xs-12\">\n\n\t<div class=\"item item-product product type-product post-4194 status-publish last instock product_cat-joysticks product_cat-thrustmaster has-post-thumbnail taxable shipping-taxable purchasable product-type-simple\">\n\t\t<p class=\"item-eyebrow\"><a href=\"https:\/\/simracing.si\/en_us\/products\/joysticks\/\" rel=\"tag\">Joysticks<\/a>, <a href=\"https:\/\/simracing.si\/en_us\/products\/wheels\/thrustmaster\/\" rel=\"tag\">Thrustmaster<\/a><\/p>\t<\/div>\n\n<\/div>\n<div class=\"col-lg-3 col-md-4 col-sm-6 col-xs-12\">\n\n\t<div class=\"item item-product product type-product post-4185 status-publish first instock product_cat-joysticks product_cat-thrustmaster has-post-thumbnail taxable shipping-taxable purchasable product-type-simple\">\n\t\t<p class=\"item-eyebrow\"><a href=\"https:\/\/simracing.si\/en_us\/products\/joysticks\/\" rel=\"tag\">Joysticks<\/a>, <a href=\"https:\/\/simracing.si\/en_us\/products\/wheels\/thrustmaster\/\" rel=\"tag\">Thrustmaster<\/a><\/p>\t<\/div>\n\n<\/div>\n<div class=\"col-lg-3 col-md-4 col-sm-6 col-xs-12\">\n\n\t<div class=\"item item-product product type-product post-4182 status-publish instock product_cat-joysticks product_cat-thrustmaster has-post-thumbnail taxable shipping-taxable purchasable product-type-simple\">\n\t\t<p class=\"item-eyebrow\"><a href=\"https:\/\/simracing.si\/en_us\/products\/joysticks\/\" rel=\"tag\">Joysticks<\/a>, <a href=\"https:\/\/simracing.si\/en_us\/products\/wheels\/thrustmaster\/\" rel=\"tag\">Thrustmaster<\/a><\/p>\t<\/div>\n\n<\/div>\n<div class=\"col-lg-3 col-md-4 col-sm-6 col-xs-12\">\n\n\t<div class=\"item item-product product type-product post-4178 status-publish instock product_cat-seats has-post-thumbnail taxable shipping-taxable purchasable product-type-simple\">\n\t\t<p class=\"item-eyebrow\"><a href=\"https:\/\/simracing.si\/en_us\/products\/seats\/\" rel=\"tag\">Seats<\/a><\/p>\t<\/div>\n\n<\/div>\n<div class=\"col-lg-3 col-md-4 col-sm-6 col-xs-12\">\n\n\t<div class=\"item item-product product type-product post-3845 status-publish last instock product_cat-seats has-post-thumbnail taxable shipping-taxable purchasable product-type-simple\">\n\t\t<p class=\"item-eyebrow\"><a href=\"https:\/\/simracing.si\/en_us\/products\/seats\/\" rel=\"tag\">Seats<\/a><\/p>\t<\/div>\n\n<\/div>\n<\/div><\/div>\n<h2>Playgame.si &#8211; igre, konzole, dodatki<\/h2>\n<p>\t\t\t\t\t\t\t\t\t\t\t\t\t<a href=\"http:\/\/playgame.si\"><br>\n\t\t\t\t\t\t\t<img width=\"750\" height=\"750\" src=\"https:\/\/simracing.si\/wp-content\/uploads\/2021\/05\/playgame.jpg\" alt=\"\" loading=\"lazy\">\t\t\t\t\t\t\t\t<\/a><\/p>\n<h2>Playstation5.si &#8211; Vse za PS5<\/h2>\n<p>\t\t\t\t\t\t\t\t\t\t\t\t\t<a href=\"http:\/\/playstation5.si\"><br>\n\t\t\t\t\t\t\t<img width=\"750\" height=\"750\" src=\"https:\/\/simracing.si\/wp-content\/uploads\/2021\/05\/ps5.jpg\" alt=\"\" loading=\"lazy\">\t\t\t\t\t\t\t\t<\/a><\/p>\n<h2>Xboxseries.si &#8211; Vse za Xbox<\/h2>\n<p>\t\t\t\t\t\t\t\t\t\t\t\t\t<a href=\"http:\/\/xboxseries.si\"><br>\n\t\t\t\t\t\t\t<img width=\"750\" height=\"750\" src=\"https:\/\/simracing.si\/wp-content\/uploads\/2021\/05\/xbox.jpg\" alt=\"\" loading=\"lazy\">\t\t\t\t\t\t\t\t<\/a><\/p>","protected":false},"excerpt":{"rendered":"<p>Ekspresna dostava Vsi racing izdelki na enem mestu Varen nakup Pridru\u017ei se dirkam strani granturismo.si Na spletni strani www.granturismo.si se lahko udele\u017ei\u0161 tedenskih dirk in si prislu\u017ei\u0161 brezpla\u010dne igre, konzole in mnogo ve\u010d. Pridru\u017ei se! Aktualni izdelki Novosti Playgame.si &#8211; igre, konzole, dodatki Playstation5.si &#8211; Vse za PS5 Xboxseries.si &#8211; Vse za Xbox<\/p>","protected":false},"author":1,"featured_media":0,"parent":0,"menu_order":0,"comment_status":"closed","ping_status":"closed","template":"template-builder.php","meta":[],"yoast_head":"<!-- This site is optimized with the Yoast SEO plugin v16.3 - https:\/\/yoast.com\/wordpress\/plugins\/seo\/ -->\n<title>Domov -<\/title>\n<meta name=\"robots\" content=\"index, follow, max-snippet:-1, max-image-preview:large, max-video-preview:-1\" \/>\n<link rel=\"canonical\" href=\"https:\/\/simracing.si\/en_us\/\" \/>\n<meta property=\"og:locale\" content=\"en_US\" \/>\n<meta property=\"og:type\" content=\"article\" \/>\n<meta property=\"og:title\" content=\"Domov -\" \/>\n<meta property=\"og:description\" content=\"Ekspresna dostava Vsi racing izdelki na enem mestu Varen nakup Pridru\u017ei se dirkam strani granturismo.si Na spletni strani www.granturismo.si se lahko udele\u017ei\u0161 tedenskih dirk in si prislu\u017ei\u0161 brezpla\u010dne igre, konzole in mnogo ve\u010d. Pridru\u017ei se! Aktualni izdelki Novosti Playgame.si &#8211; igre, konzole, dodatki Playstation5.si &#8211; Vse za PS5 Xboxseries.si &#8211; Vse za Xbox\" \/>\n<meta property=\"og:url\" content=\"https:\/\/simracing.si\/en_us\/\" \/>\n<meta property=\"article:modified_time\" content=\"2022-04-11T01:19:39+00:00\" \/>\n<meta property=\"og:image\" content=\"https:\/\/simracing.si\/wp-content\/uploads\/elementor\/thumbs\/package-p7ceuagkqksmv28nmxf21qm7gxzrhkbhud5s5y1zi8.png\" \/>\n<meta name=\"twitter:card\" content=\"summary_large_image\" \/>\n<script type=\"application\/ld+json\" class=\"yoast-schema-graph\">{\"@context\":\"https:\/\/schema.org\",\"@graph\":[{\"@type\":\"WebSite\",\"@id\":\"https:\/\/simracing.si\/#website\",\"url\":\"https:\/\/simracing.si\/\",\"name\":\"\",\"description\":\"\",\"potentialAction\":[{\"@type\":\"SearchAction\",\"target\":\"https:\/\/simracing.si\/?s={search_term_string}\",\"query-input\":\"required name=search_term_string\"}],\"inLanguage\":\"en-US\"},{\"@type\":\"ImageObject\",\"@id\":\"https:\/\/simracing.si\/#primaryimage\",\"inLanguage\":\"en-US\",\"url\":\"https:\/\/simracing.si\/wp-content\/uploads\/elementor\/thumbs\/package-p7ceuagkqksmv28nmxf21qm7gxzrhkbhud5s5y1zi8.png\",\"contentUrl\":\"https:\/\/simracing.si\/wp-content\/uploads\/elementor\/thumbs\/package-p7ceuagkqksmv28nmxf21qm7gxzrhkbhud5s5y1zi8.png\"},{\"@type\":\"WebPage\",\"@id\":\"https:\/\/simracing.si\/#webpage\",\"url\":\"https:\/\/simracing.si\/\",\"name\":\"Domov -\",\"isPartOf\":{\"@id\":\"https:\/\/simracing.si\/#website\"},\"primaryImageOfPage\":{\"@id\":\"https:\/\/simracing.si\/#primaryimage\"},\"datePublished\":\"2017-01-24T10:42:28+00:00\",\"dateModified\":\"2022-04-11T01:19:39+00:00\",\"breadcrumb\":{\"@id\":\"https:\/\/simracing.si\/#breadcrumb\"},\"inLanguage\":\"en-US\",\"potentialAction\":[{\"@type\":\"ReadAction\",\"target\":[\"https:\/\/simracing.si\/\"]}]},{\"@type\":\"BreadcrumbList\",\"@id\":\"https:\/\/simracing.si\/#breadcrumb\",\"itemListElement\":[{\"@type\":\"ListItem\",\"position\":1,\"item\":{\"@type\":\"WebPage\",\"@id\":\"https:\/\/simracing.si\/\",\"url\":\"https:\/\/simracing.si\/\",\"name\":\"Home\"}},{\"@type\":\"ListItem\",\"position\":2,\"item\":{\"@id\":\"https:\/\/simracing.si\/#webpage\"}}]}]}<\/script>\n<!-- \/ Yoast SEO plugin. -->","_links":{"self":[{"href":"https:\/\/simracing.si\/en_us\/wp-json\/wp\/v2\/pages\/1833"}],"collection":[{"href":"https:\/\/simracing.si\/en_us\/wp-json\/wp\/v2\/pages"}],"about":[{"href":"https:\/\/simracing.si\/en_us\/wp-json\/wp\/v2\/types\/page"}],"author":[{"embeddable":true,"href":"https:\/\/simracing.si\/en_us\/wp-json\/wp\/v2\/users\/1"}],"replies":[{"embeddable":true,"href":"https:\/\/simracing.si\/en_us\/wp-json\/wp\/v2\/comments?post=1833"}],"version-history":[{"count":60,"href":"https:\/\/simracing.si\/en_us\/wp-json\/wp\/v2\/pages\/1833\/revisions"}],"predecessor-version":[{"id":4039,"href":"https:\/\/simracing.si\/en_us\/wp-json\/wp\/v2\/pages\/1833\/revisions\/4039"}],"wp:attachment":[{"href":"https:\/\/simracing.si\/en_us\/wp-json\/wp\/v2\/media?parent=1833"}],"curies":[{"name":"wp","href":"https:\/\/api.w.org\/{rel}","templated":true}]}}