{"id":4216,"date":"2023-06-28T09:41:33","date_gmt":"2023-06-28T07:41:33","guid":{"rendered":"https:\/\/simracing.si\/?post_type=product&#038;p=4216"},"modified":"2024-12-02T13:39:51","modified_gmt":"2024-12-02T11:39:51","slug":"thrustmaster-warthog-flight-stick","status":"publish","type":"product","link":"http:\/\/simracing.si\/sl_si\/izdelek\/thrustmaster-warthog-flight-stick\/","title":{"rendered":"THRUSTMASTER WARTHOG FLIGHT STICK"},"content":{"rendered":"<p style=\"font-weight: 400;\">THRUSTMASTER WARTHOG FLIGHT STICK joystick za osebni ra\u010dunalnik podjetja Thrustmaster je replika igralne letalske palice A-10C letal ZDA. Ima snemljiv kovinski ro\u010daj in snemljivo kovinsko plo\u0161\u010do za uporabo na namizju ali v kokpitu. Tako gumb kot spro\u017eilec sta ob\u010dutljiva na pritisk, karomogo\u010da realisti\u010dno izku\u0161njo simulacije letenja. Skupno je 19 akcijskih gumbov eno HAT stikalo za 8 smeri. Flight stick ima USB priklju\u010dek in nadgradljivo vdelano programsko opremo. Prav tako je obte\u017een za ve\u010djo stabilnost.<\/p>\n<p style=\"font-weight: 400;\">Ker ima krmilna palica za letenje tehnologijo Hall EffectAccuRate (H.E.A.R.T), to pomeni, da ima krmilna palica vgrajene 3D magnetnesenzorje, ki se jim tudi \u010dez \u010das ne bo zmanj\u0161ala natan\u010dnost in odzivnost.Sistem vzmeti s petimi navitji zagotavlja napetost, ki je \u010dvrsta, linearna ingladka. Flight stick je zdru\u017eljiv tudi z brezpla\u010dno programsko opremo, ki vam omogo\u010da testiranje, konfiguracijo in programiranje krmilnika ter izbiro drugih krmilnikov Thrustmaster.<\/p>\n<p style=\"font-weight: 400;\">Lastnosti:<\/p>\n<ul style=\"font-weight: 400;\">\n<li style=\"font-weight: 400;\">Zdru\u017eljiv tudi s HOTAS Cougar (in obratno)<\/li>\n<li style=\"font-weight: 400;\">Oblika replike letalske palice A-10C<\/li>\n<li style=\"font-weight: 400;\">Snemljiva kovinska plo\u0161\u010da za uporabo na namizju ali vkokpitu<\/li>\n<li style=\"font-weight: 400;\">Gumbi in spro\u017eilec, ob\u010dutljivi na pritisk<\/li>\n<li style=\"font-weight: 400;\">Skupno 19 akcijskih gumbov + en klobuk za 8 smeri:<\/li>\n<li style=\"font-weight: 400;\">1 x 8-smerno stikalo HAT &#8220;to\u010dka pogleda&#8221;.<\/li>\n<li style=\"font-weight: 400;\">2 x 8-smerni stikali<\/li>\n<li style=\"font-weight: 400;\">1 x 4-smerni gumb s pritiskom na gumb<\/li>\n<li style=\"font-weight: 400;\">1 x kovinski dvojni spro\u017eilec<\/li>\n<li style=\"font-weight: 400;\">2 x gumba<\/li>\n<li style=\"font-weight: 400;\">2 x gumba za mezinec<\/li>\n<li style=\"font-weight: 400;\">USB priklju\u010dek in nadgradljiva vdelana programska oprema<\/li>\n<li style=\"font-weight: 400;\">Krmilna palica je obte\u017eena zaradi stabilnosti<\/li>\n<li style=\"font-weight: 400;\">H.E.A.R.T<\/li>\n<li style=\"font-weight: 400;\">3D magnetni senzorji (Hallov u\u010dinek): kirur\u0161ka natan\u010dnost,ki se s\u010dasoma ne zmanj\u0161a<\/li>\n<li style=\"font-weight: 400;\">16-bitna lo\u010dljivost (65536 x 65536 vrednosti)<\/li>\n<li style=\"font-weight: 400;\">Sistem s petimi navojnimi vzmeti za trdno, linearno ingladko napetost &#8211; brez mrtvih con<\/li>\n<li style=\"font-weight: 400;\">Brezpla\u010den prenos programske opreme<\/li>\n<li style=\"font-weight: 400;\">Zdru\u017eljiva programska oprema T.A.R.G.E.T (ThrustmasterAdvanced pRogramming Graphical Editor), na voljo brezpla\u010dno za prenos:<\/li>\n<li style=\"font-weight: 400;\">Omogo\u010da testiranje, konfiguracijo in programiranjenaslednjih krmilnikov Thrustmaster: HOTAS Warthog, MFD Cougar, HOTAS Cougar,T.16000M in HOTAS Warthog Flight Stick<\/li>\n<li style=\"font-weight: 400;\">Triravni programiranja: osnovna, napredna in skriptna<\/li>\n<\/ul>\n","protected":false},"excerpt":{"rendered":"<p>THRUSTMASTER WARTHOG FLIGHT STICK joystick za osebni ra\u010dunalnik podjetja Thrustmaster je replika igralne letalske palice A-10C letal ZDA. Ima snemljiv kovinski ro\u010daj in snemljivo kovinsko plo\u0161\u010do za uporabo na namizju ali v kokpitu. Tako gumb kot spro\u017eilec sta ob\u010dutljiva na pritisk, karomogo\u010da realisti\u010dno izku\u0161njo simulacije letenja. Skupno je 19 akcijskih gumbov eno HAT stikalo za [&hellip;]<\/p>\n","protected":false},"featured_media":4217,"comment_status":"open","ping_status":"closed","template":"","meta":[],"yoast_head":"<!-- This site is optimized with the Yoast SEO plugin v16.3 - https:\/\/yoast.com\/wordpress\/plugins\/seo\/ -->\n<title>THRUSTMASTER WARTHOG FLIGHT STICK -<\/title>\n<meta name=\"robots\" content=\"index, follow, max-snippet:-1, max-image-preview:large, max-video-preview:-1\" \/>\n<link rel=\"canonical\" href=\"http:\/\/simracing.si\/sl_si\/izdelek\/thrustmaster-warthog-flight-stick\/\" \/>\n<meta property=\"og:locale\" content=\"sl_SI\" \/>\n<meta property=\"og:type\" content=\"article\" \/>\n<meta property=\"og:title\" content=\"THRUSTMASTER WARTHOG FLIGHT STICK -\" \/>\n<meta property=\"og:description\" content=\"THRUSTMASTER WARTHOG FLIGHT STICK joystick za osebni ra\u010dunalnik podjetja Thrustmaster je replika igralne letalske palice A-10C letal ZDA. Ima snemljiv kovinski ro\u010daj in snemljivo kovinsko plo\u0161\u010do za uporabo na namizju ali v kokpitu. Tako gumb kot spro\u017eilec sta ob\u010dutljiva na pritisk, karomogo\u010da realisti\u010dno izku\u0161njo simulacije letenja. Skupno je 19 akcijskih gumbov eno HAT stikalo za [&hellip;]\" \/>\n<meta property=\"og:url\" content=\"http:\/\/simracing.si\/sl_si\/izdelek\/thrustmaster-warthog-flight-stick\/\" \/>\n<meta property=\"article:modified_time\" content=\"2024-12-02T11:39:51+00:00\" \/>\n<meta property=\"og:image\" content=\"https:\/\/simracing.si\/wp-content\/uploads\/2023\/06\/THRUSTMASTER-WARTHOG-FLIGHT-STICK.jpeg\" \/>\n\t<meta property=\"og:image:width\" content=\"550\" \/>\n\t<meta property=\"og:image:height\" content=\"550\" \/>\n<meta name=\"twitter:card\" content=\"summary_large_image\" \/>\n<meta name=\"twitter:label1\" content=\"Est. reading time\">\n\t<meta name=\"twitter:data1\" content=\"2 minuti\">\n<script type=\"application\/ld+json\" class=\"yoast-schema-graph\">{\"@context\":\"https:\/\/schema.org\",\"@graph\":[{\"@type\":\"WebSite\",\"@id\":\"https:\/\/simracing.si\/#website\",\"url\":\"https:\/\/simracing.si\/\",\"name\":\"\",\"description\":\"\",\"potentialAction\":[{\"@type\":\"SearchAction\",\"target\":\"https:\/\/simracing.si\/?s={search_term_string}\",\"query-input\":\"required name=search_term_string\"}],\"inLanguage\":\"sl-SI\"},{\"@type\":\"ImageObject\",\"@id\":\"https:\/\/simracing.si\/izdelek\/thrustmaster-warthog-flight-stick\/#primaryimage\",\"inLanguage\":\"sl-SI\",\"url\":\"https:\/\/simracing.si\/wp-content\/uploads\/2023\/06\/THRUSTMASTER-WARTHOG-FLIGHT-STICK.jpeg\",\"contentUrl\":\"https:\/\/simracing.si\/wp-content\/uploads\/2023\/06\/THRUSTMASTER-WARTHOG-FLIGHT-STICK.jpeg\",\"width\":550,\"height\":550},{\"@type\":\"WebPage\",\"@id\":\"https:\/\/simracing.si\/izdelek\/thrustmaster-warthog-flight-stick\/#webpage\",\"url\":\"https:\/\/simracing.si\/izdelek\/thrustmaster-warthog-flight-stick\/\",\"name\":\"THRUSTMASTER WARTHOG FLIGHT STICK -\",\"isPartOf\":{\"@id\":\"https:\/\/simracing.si\/#website\"},\"primaryImageOfPage\":{\"@id\":\"https:\/\/simracing.si\/izdelek\/thrustmaster-warthog-flight-stick\/#primaryimage\"},\"datePublished\":\"2023-06-28T07:41:33+00:00\",\"dateModified\":\"2024-12-02T11:39:51+00:00\",\"breadcrumb\":{\"@id\":\"https:\/\/simracing.si\/izdelek\/thrustmaster-warthog-flight-stick\/#breadcrumb\"},\"inLanguage\":\"sl-SI\",\"potentialAction\":[{\"@type\":\"ReadAction\",\"target\":[\"https:\/\/simracing.si\/izdelek\/thrustmaster-warthog-flight-stick\/\"]}]},{\"@type\":\"BreadcrumbList\",\"@id\":\"https:\/\/simracing.si\/izdelek\/thrustmaster-warthog-flight-stick\/#breadcrumb\",\"itemListElement\":[{\"@type\":\"ListItem\",\"position\":1,\"item\":{\"@type\":\"WebPage\",\"@id\":\"https:\/\/simracing.si\/\",\"url\":\"https:\/\/simracing.si\/\",\"name\":\"Home\"}},{\"@type\":\"ListItem\",\"position\":2,\"item\":{\"@type\":\"WebPage\",\"@id\":\"https:\/\/simracing.si\/home\/product-category\/\",\"url\":\"https:\/\/simracing.si\/home\/product-category\/\",\"name\":\"Izdelki\"}},{\"@type\":\"ListItem\",\"position\":3,\"item\":{\"@id\":\"https:\/\/simracing.si\/izdelek\/thrustmaster-warthog-flight-stick\/#webpage\"}}]}]}<\/script>\n<!-- \/ Yoast SEO plugin. -->","_links":{"self":[{"href":"http:\/\/simracing.si\/sl_si\/wp-json\/wp\/v2\/product\/4216"}],"collection":[{"href":"http:\/\/simracing.si\/sl_si\/wp-json\/wp\/v2\/product"}],"about":[{"href":"http:\/\/simracing.si\/sl_si\/wp-json\/wp\/v2\/types\/product"}],"replies":[{"embeddable":true,"href":"http:\/\/simracing.si\/sl_si\/wp-json\/wp\/v2\/comments?post=4216"}],"version-history":[{"count":1,"href":"http:\/\/simracing.si\/sl_si\/wp-json\/wp\/v2\/product\/4216\/revisions"}],"predecessor-version":[{"id":4218,"href":"http:\/\/simracing.si\/sl_si\/wp-json\/wp\/v2\/product\/4216\/revisions\/4218"}],"wp:featuredmedia":[{"embeddable":true,"href":"http:\/\/simracing.si\/sl_si\/wp-json\/wp\/v2\/media\/4217"}],"wp:attachment":[{"href":"http:\/\/simracing.si\/sl_si\/wp-json\/wp\/v2\/media?parent=4216"}],"curies":[{"name":"wp","href":"https:\/\/api.w.org\/{rel}","templated":true}]}}